{"id":2701,"date":"2019-07-29T15:34:33","date_gmt":"2019-07-29T13:34:33","guid":{"rendered":"https:\/\/labeltech.ch\/produkt\/etiquette-pour-vin\/"},"modified":"2025-07-25T13:48:11","modified_gmt":"2025-07-25T11:48:11","slug":"etiquettes-de-vin","status":"publish","type":"product","link":"https:\/\/labeltech.ch\/fr\/produkt\/etiquettes-de-vin\/","title":{"rendered":"\u00c9tiquettes de vin"},"content":{"rendered":"<p>Les \u00e9tiquettes de vin en rouleaux rendent le bon vin encore meilleur. Pour tous les frontaux Labeltech utilis\u00e9s pour l&#8217;\u00e9tiquetage du vin, nous garantissons un \u00e9tiquetage facile sur des surfaces froides et humides. Cela augmente la r\u00e9sistance des fibres de papier aux variations de temp\u00e9rature et d&#8217;humidit\u00e9 et emp\u00eache le froissement et la formation de bulles lors de l&#8217;\u00e9tiquetage ou du stockage. Les \u00e9tiquettes pour les vins et les spiritueux sont souvent con\u00e7ues de mani\u00e8re artistique, g\u00e9n\u00e9ralement imprim\u00e9es en offset avec une qualit\u00e9 d&#8217;impression sup\u00e9rieure sur des papiers couch\u00e9s, textur\u00e9s ou m\u00e9tallis\u00e9s. Faites sortir vos meilleurs vins de la masse. Soulignez vos vins nobles avec une \u00e9tiquette exclusive. Testez notre toute derni\u00e8re technologie en mati\u00e8re d&#8217;ennoblissement d&#8217;\u00e9tiquettes de vin, la Cuv\u00e9e Sp\u00e9ciale !<\/p>\n<h2>Les \u00e9tiquettes de vin d&#8217;un autre type existaient d\u00e9j\u00e0 autrefois<\/h2>\n<p>Avant m\u00eame l&#8217;\u00c9gypte antique, des d\u00e9couvertes arch\u00e9ologiques attestent que les amphores remplies de vin \u00e9taient grav\u00e9es afin d&#8217;en identifier clairement le contenu. En effet, les amphores ne contenaient pas seulement du vin, mais aussi, entre autres, des huiles, des jus et des fruits. Chez les anciens \u00c9gyptiens, le vin \u00e9tait r\u00e9serv\u00e9 \u00e0 une classe privil\u00e9gi\u00e9e. Bien que la vigne ne soit pas originaire de ce pays, elle y a \u00e9t\u00e9 cultiv\u00e9e avec succ\u00e8s.  <\/p>\n<p>Si vous avez d\u00e9j\u00e0 particip\u00e9 \u00e0 une croisi\u00e8re sur le Nil ou pass\u00e9 des vacances baln\u00e9aires et culturelles en \u00c9gypte, vous trouverez \u00e9galement des vins \u00e9gyptiens sur la carte des boissons propos\u00e9es. Contrairement aux vignes locales, les vignes poussent tr\u00e8s pr\u00e8s du sol et d\u00e9veloppent de tr\u00e8s grosses grappes. Dans l&#8217;\u00c9gypte ancienne, les amphores \u00e0 vin \u00e9taient marqu\u00e9es d&#8217;un sceau \u00e0 roulettes pour \u00e9viter toute confusion. Contrairement aux Romains et aux Grecs, les Egyptiens de l&#8217;Antiquit\u00e9 consommaient toujours le vin sans le diluer.   <\/p>\n<p>Chez les Romains et les Grecs, le vin \u00e9tait dans la plupart des cas coup\u00e9 d&#8217;eau. Les amphores \u00e0 vin \u00e9taient marqu\u00e9es d&#8217;un pendentif ressemblant \u00e0 celui d&#8217;un tr\u00e8s ancien vinaigrier balsamique. Ces \u00e9tiquettes pr\u00e9cieuses ont \u00e9t\u00e9 utilis\u00e9es pour le vin jusqu&#8217;au Moyen \u00c2ge. La premi\u00e8re \u00e9tiquette en papier pour le vin n&#8217;est document\u00e9e qu&#8217;en 1822. La bouteille de vin F.M. Schloss Johannisberger Cabinets est \u00e0 ce jour la premi\u00e8re bouteille \u00e0 avoir \u00e9t\u00e9 dot\u00e9e d&#8217;une \u00e9tiquette en papier.    <\/p>\n<h2>Chaque bouteille de vin doit porter une \u00e9tiquette<\/h2>\n<p>Outre les mentions l\u00e9gales obligatoires, de nombreuses \u00e9tiquettes comportent des informations facultatives fournies par le viticulteur afin de rendre le jus de raisin encore plus attrayant pour le consommateur. L&#8217;\u00e9tiquetage est obligatoire pour les r\u00e9cipients de vin d&#8217;une contenance inf\u00e9rieure \u00e0 soixante litres. L&#8217;\u00e9tiquette principale d&#8217;une bouteille de vin est la contre-\u00e9tiquette. L&#8217;\u00e9tiquette de la face avant est d\u00e9termin\u00e9e par les logos et les slogans publicitaires du viticulteur. De nombreuses bouteilles de vin portent des \u00e9tiquettes avec des armoiries familiales qui sugg\u00e8rent qu&#8217;il s&#8217;agit d&#8217;une ancienne entreprise viticole.    <\/p>\n<h2>Les informations obligatoires sur la contre-\u00e9tiquette<\/h2>\n<ul>\n<li><strong>le niveau de qualit\u00e9 :<\/strong> par exemple : vin de qualit\u00e9, vin pr\u00e9dicat, Kabinett, Sp\u00e4tlese, Beerenauslese, Auslese ou Landwein, avec indication de l&#8217;origine<\/li>\n<li><strong>La d\u00e9nomination de vente :<\/strong> par exemple : Vin, vin p\u00e9tillant<\/li>\n<li><strong>L&#8217;indication g\u00e9ographique : <\/strong>si le vin a atteint un certain niveau de qualit\u00e9, l&#8217;indication de l&#8217;origine g\u00e9ographique doit \u00eatre mentionn\u00e9e.<\/li>\n<li><strong>L&#8217;embouteilleur : <\/strong>cette mention doit obligatoirement indiquer le lieu o\u00f9 l&#8217;embouteilleur a son \u00e9tablissement. En r\u00e8gle g\u00e9n\u00e9rale, il s&#8217;agit du viticulteur lui-m\u00eame. <\/li>\n<li><strong>le titre alcoom\u00e9trique du vin :<\/strong> il doit \u00eatre indiqu\u00e9 en pourcentage de volume (% vol)<\/li>\n<li><strong>La contenance nominale :<\/strong> le volume du contenu de la bouteille de vin est exprim\u00e9 en litres. La grande majorit\u00e9 des bouteilles de vin ont un volume de 0,7 litre. <\/li>\n<li><strong>Le num\u00e9ro de contr\u00f4le officiel :<\/strong> les vins de qualit\u00e9, les vins pr\u00e9dicats et les vins mousseux sont soumis \u00e0 un contr\u00f4le de qualit\u00e9. S&#8217;ils ont pass\u00e9 avec succ\u00e8s l&#8217;examen analytique, sensoriel et g\u00e9ographique, ils re\u00e7oivent un num\u00e9ro de contr\u00f4le officiel. <\/li>\n<\/ul>\n<h2>Informations facultatives sur les \u00e9tiquettes de vin<\/h2>\n<p>De nombreuses \u00e9tiquettes de vin comportent aujourd&#8217;hui des codes QR qui, lorsqu&#8217;ils sont scann\u00e9s, m\u00e8nent au site web du viticulteur, lequel fournit au consommateur des informations suppl\u00e9mentaires sur le produit. Le mill\u00e9sime d&#8217;un vin ne peut \u00eatre indiqu\u00e9 que si au moins 85 % des raisins ont \u00e9t\u00e9 r\u00e9colt\u00e9s cette ann\u00e9e-l\u00e0. Le m\u00eame pourcentage, 85 %, doit \u00eatre atteint lorsqu&#8217;il s&#8217;agit d&#8217;indiquer le c\u00e9page. L&#8217;indication du go\u00fbt du vin est \u00e9galement une d\u00e9claration facultative pour le consommateur.   <\/p>\n<ul>\n<li><strong>Sec<\/strong>: Le vin a un maximum de 9 grammes de sucre r\u00e9siduel par litre.<\/li>\n<li><strong>Demi-sec<\/strong>: Le vin a un maximum de 18 grammes de sucre r\u00e9siduel par litre.<\/li>\n<li><strong>Doux<\/strong>: le vin a au maximum 45 grammes de sucre r\u00e9siduel par litre.<\/li>\n<li><strong>Doux<\/strong>: le vin a plus de 45 grammes de sucre r\u00e9siduel par litre.<\/li>\n<\/ul>\n<p>Sur certaines \u00e9tiquettes de vin, on trouve des recommandations de plats pour lesquels le vin est le plus appropri\u00e9. Mais la r\u00e8gle g\u00e9n\u00e9rale simple : vin rouge avec les viandes rouges, vin blanc avec les viandes blanches, n&#8217;a plus qu&#8217;une valeur limit\u00e9e. Les plats v\u00e9g\u00e9tariens ou asiatiques n\u00e9cessitent un vin ad\u00e9quat. Les diff\u00e9rents c\u00e9pages assurent une diversit\u00e9 d&#8217;ar\u00f4mes qui permet aujourd&#8217;hui de proposer plusieurs vins adapt\u00e9s \u00e0 chaque plat. Pour obtenir une harmonie \u00e9quilibr\u00e9e entre la boisson et le plat, il ne faut pas oublier que l&#8217;alcool pr\u00e9sent dans la boisson renforce l&#8217;effet des \u00e9pices et du sucre.    <\/p>\n<p>Une autre indication facultative sur les \u00e9tiquettes de vin est la temp\u00e9rature de d\u00e9gustation recommand\u00e9e.<\/p>\n<p>Voici un aper\u00e7u des temp\u00e9ratures de consommation les plus courantes :<\/p>\n<ul>\n<li><strong>Vin mousseux<\/strong>: (6-8 degr\u00e9s Celsius)<\/li>\n<li><strong>Vin blanc<\/strong>: simple, l\u00e9ger (9-11 degr\u00e9s Celsius), puissant, cors\u00e9, complexe (12 degr\u00e9s Celsius)<\/li>\n<li><strong>Vin rouge<\/strong>: doux, vin de dessert (12-14 degr\u00e9s Celsius), l\u00e9ger, fruit\u00e9 (14-15 degr\u00e9s Celsius), moyennement cors\u00e9, vin de tous les jours (16-18 degr\u00e9s Celsius), puissant, cors\u00e9, complexe (18 degr\u00e9s Celsius)<\/li>\n<\/ul>\n<p>&nbsp;<\/p>\n","protected":false},"excerpt":{"rendered":"<p>Les \u00e9tiquettes de vin en rouleaux rendent le bon vin  [&#8230;]<\/p>\n","protected":false},"featured_media":1863,"comment_status":"closed","ping_status":"closed","template":"","meta":[],"product_brand":[],"product_cat":[78],"product_tag":[],"class_list":{"0":"post-2701","1":"product","2":"type-product","3":"status-publish","4":"has-post-thumbnail","6":"product_cat-etiquettes","8":"first","9":"instock","10":"shipping-taxable","11":"product-type-simple"},"_links":{"self":[{"href":"https:\/\/labeltech.ch\/fr\/wp-json\/wp\/v2\/product\/2701","targetHints":{"allow":["GET"]}}],"collection":[{"href":"https:\/\/labeltech.ch\/fr\/wp-json\/wp\/v2\/product"}],"about":[{"href":"https:\/\/labeltech.ch\/fr\/wp-json\/wp\/v2\/types\/product"}],"replies":[{"embeddable":true,"href":"https:\/\/labeltech.ch\/fr\/wp-json\/wp\/v2\/comments?post=2701"}],"wp:featuredmedia":[{"embeddable":true,"href":"https:\/\/labeltech.ch\/fr\/wp-json\/wp\/v2\/media\/1863"}],"wp:attachment":[{"href":"https:\/\/labeltech.ch\/fr\/wp-json\/wp\/v2\/media?parent=2701"}],"wp:term":[{"taxonomy":"product_brand","embeddable":true,"href":"https:\/\/labeltech.ch\/fr\/wp-json\/wp\/v2\/product_brand?post=2701"},{"taxonomy":"product_cat","embeddable":true,"href":"https:\/\/labeltech.ch\/fr\/wp-json\/wp\/v2\/product_cat?post=2701"},{"taxonomy":"product_tag","embeddable":true,"href":"https:\/\/labeltech.ch\/fr\/wp-json\/wp\/v2\/product_tag?post=2701"}],"curies":[{"name":"wp","href":"https:\/\/api.w.org\/{rel}","templated":true}]}}