{"id":2705,"date":"2019-07-29T15:41:58","date_gmt":"2019-07-29T13:41:58","guid":{"rendered":"https:\/\/labeltech.ch\/produkt\/codesoft\/"},"modified":"2026-04-17T17:01:04","modified_gmt":"2026-04-17T15:01:04","slug":"codesoft","status":"publish","type":"product","link":"https:\/\/labeltech.ch\/fr\/produkt\/codesoft\/","title":{"rendered":"Codesoft"},"content":{"rendered":"<h2>Codesoft : le logiciel d&#8217;\u00e9tiquetage, de codes \u00e0 barres et d&#8217;\u00e9tiquettes de Teklynx<\/h2>\n<p>CODESOFT est un logiciel utilis\u00e9 par des entreprises de toutes tailles dans le monde entier pour la conception professionnelle d&#8217;\u00e9tiquettes, l&#8217;impression fiable d&#8217;\u00e9tiquettes et l&#8217;int\u00e9gration de processus d&#8217;\u00e9tiquetage complexes. En tant que solution phare de <a title=\"Visitez le site web du fabricant Teklynx\" href=\"https:\/\/www.teklynx.com\/\" target=\"_blank\" rel=\"noopener noreferrer nofollow\">Teklynx<\/a>, CODESOFT offre des fonctionnalit\u00e9s flexibles, \u00e9volutives et hautement personnalisables pour r\u00e9pondre aux besoins les plus exigeants en mati\u00e8re de codes \u00e0 barres, de RFID et d&#8217;\u00e9tiquetage dans les processus d&#8217;entreprise modernes. <\/p>\n<p>Le logiciel CODESOFT de Teklynx s&#8217;est impos\u00e9 comme le logiciel central d&#8217;\u00e9tiquetage, en particulier dans les environnements de production, de logistique et de conformit\u00e9. Il aide les entreprises \u00e0 concevoir des processus d&#8217;\u00e9tiquetage plus efficaces, \u00e0 minimiser les erreurs et \u00e0 garantir la conformit\u00e9 l\u00e9gale. Ce logiciel d&#8217;\u00e9tiquetage convient aussi bien aux \u00e9tiquettes simples avec texte et graphiques qu&#8217;aux produits complexes \u00e9tiquet\u00e9s par RFID ou codes \u00e0 barres.  <\/p>\n<h2>Interface utilisateur intuitive pour une conception d&#8217;\u00e9tiquettes plus rapide<\/h2>\n<p>L&#8217;un des points forts de CODESOFT est son interface utilisateur intuitive qui permet aux utilisateurs de cr\u00e9er des \u00e9tiquettes plus facilement et plus rapidement qu&#8217;avec de nombreuses autres applications du march\u00e9. La conception claire et les assistants int\u00e9gr\u00e9s facilitent la prise en main, ce qui permet aux utilisateurs sans connaissances approfondies de concevoir des \u00e9tiquettes de produits ou des \u00e9tiquettes de codes \u00e0 barres de mani\u00e8re professionnelle. <\/p>\n<p>Ce logiciel offre des outils intelligents tels que le Form Designer et d&#8217;autres assistants utiles qui acc\u00e9l\u00e8rent la s\u00e9lection, la cr\u00e9ation et la personnalisation des \u00e9tiquettes. Les utilisateurs peuvent int\u00e9grer des donn\u00e9es dans les \u00e9tiquettes via des connexions \u00e0 des bases de donn\u00e9es (par ex. Excel, SQL, etc.), ce qui permet d&#8217;imprimer automatiquement des contenus variables. <\/p>\n<h2>Compatibilit\u00e9 et support d&#8217;impression<\/h2>\n<p>CODESOFT se distingue par une prise en charge \u00e9tendue des pilotes. Le logiciel contient plus de 4000 pilotes d&#8217;impression natifs qui permettent de piloter presque toutes les imprimantes d&#8217;\u00e9tiquettes disponibles sur le march\u00e9, sans effort suppl\u00e9mentaire. Cette compatibilit\u00e9 \u00e9tendue vous permet d&#8217;int\u00e9grer facilement de nouvelles imprimantes dans votre environnement et de b\u00e9n\u00e9ficier de r\u00e9sultats d&#8217;impression toujours coh\u00e9rents.  <\/p>\n<p>Gr\u00e2ce au d\u00e9veloppement des pilotes d&#8217;imprimante de Teklynx, vous pouvez \u00e9galement utiliser CODESOFT avec des imprimantes thermiques modernes, des imprimantes compatibles RFID et des installations en r\u00e9seau. Cette large prise en charge est particuli\u00e8rement avantageuse pour les entreprises qui disposent de plusieurs sites, parcs d&#8217;imprimantes et types de produits. <\/p>\n<h2>Code-barres, RFID &amp; donn\u00e9es variables : un seul et m\u00eame fournisseur<\/h2>\n<p>La cr\u00e9ation d&#8217;\u00e9tiquettes \u00e0 codes-barres est l&#8217;une des fonctions principales du logiciel de codes-barres CODESOFT. L&#8217;application prend en charge plus de 100 symbologies de codes-barres, y compris les codes 1D et 2D, ce qui facilite la conformit\u00e9 aux normes internationales et l&#8217;int\u00e9gration aux processus m\u00e9tier existants. <\/p>\n<p>En outre, CODESOFT offre un support natif pour la conception et l&#8217;encodage d&#8217;\u00e9tiquettes RFID. Cela signifie que vous pouvez non seulement concevoir et imprimer des \u00e9tiquettes visuelles, mais aussi encoder des \u00e9tiquettes RFID bas\u00e9es sur la radio pour rendre l&#8217;inventaire, le suivi des actifs ou les processus de la cha\u00eene d&#8217;approvisionnement plus efficaces. La combinaison des fonctions de code \u00e0 barres et de RFID fait de CODESOFT une solution d&#8217;avenir pour les besoins d&#8217;\u00e9tiquetage modernes.  <\/p>\n<p>Les donn\u00e9es variables peuvent \u00eatre int\u00e9gr\u00e9es dynamiquement dans les \u00e9tiquettes via des connexions de base de donn\u00e9es, ce qui offre d&#8217;\u00e9normes avantages, en particulier pour la production en s\u00e9rie, le suivi des lots ou l&#8217;\u00e9tiquetage individuel des produits. Ces fonctions variables de CODESOFT augmentent non seulement la pr\u00e9cision, mais aussi la flexibilit\u00e9 de vos processus d&#8217;impression. <\/p>\n<h2>Int\u00e9gration dans les processus d&#8217;entreprise existants<\/h2>\n<p>Un autre avantage important de ce logiciel est sa capacit\u00e9 \u00e0 s&#8217;int\u00e9grer de mani\u00e8re transparente dans les infrastructures informatiques de l&#8217;entreprise. CODESOFT se connecte \u00e0 diff\u00e9rents syst\u00e8mes d&#8217;entreprise tels que les syst\u00e8mes de planification des ressources d&#8217;entreprise (ERP), les syst\u00e8mes de gestion d&#8217;entrep\u00f4t (WMS) et d&#8217;autres bases de donn\u00e9es. L&#8217;impression et le marquage des \u00e9tiquettes peuvent ainsi \u00eatre g\u00e9r\u00e9s directement \u00e0 partir des processus existants.  <\/p>\n<p>En tant que d\u00e9veloppement bas\u00e9 sur le cloud, nous recommandons <a href=\"https:\/\/labeltech.ch\/fr\/produkt\/nice-label-cloud\/\" title=\"NiceLabel Cloud - Logiciel d&#039;impression d&#039;\u00e9tiquettes en mode Cloud\">NiceLabel Cloud<\/a> pour la conception et la gestion centralis\u00e9es d&#8217;\u00e9tiquettes sur plusieurs sites.<\/p>\n<p>Cette int\u00e9gration est particuli\u00e8rement importante pour les entreprises qui souhaitent automatiser leurs processus et r\u00e9duire la saisie manuelle des donn\u00e9es. La connexion directe \u00e0 SAP ou \u00e0 d&#8217;autres syst\u00e8mes ERP facilite \u00e9galement le respect des exigences de conformit\u00e9, par exemple pour l&#8217;\u00e9tiquetage des produits ou dans les secteurs r\u00e9glement\u00e9s. <\/p>\n<h2>Mod\u00e8les de licence \u00e9volutifs et virtualisation<\/h2>\n<p>Teklynx propose CODESOFT sous diff\u00e9rents mod\u00e8les de licence, adapt\u00e9s aux utilisateurs uniques, aux environnements r\u00e9seau multi-utilisateurs et aux configurations d&#8217;ex\u00e9cution sp\u00e9cialis\u00e9es. Les entreprises peuvent ainsi choisir l&#8217;\u00e9dition la plus adapt\u00e9e \u00e0 leurs besoins en mati\u00e8re d&#8217;impression d&#8217;\u00e9tiquettes, de connexion \u00e0 la base de donn\u00e9es et de taille d&#8217;\u00e9quipe. <\/p>\n<p>Une licence sp\u00e9ciale CODESOFT VM est disponible pour les environnements de machines virtuelles. Elle est enti\u00e8rement test\u00e9e pour une utilisation sur les plates-formes de virtualisation courantes, ce qui permet aux entreprises d&#8217;utiliser CODESOFT de mani\u00e8re fiable dans des environnements de serveurs virtualis\u00e9s. <\/p>\n<p>Outre les licences permanentes, il est souvent possible de louer CODESOFT de mani\u00e8re flexible. Cette option de location peut \u00eatre particuli\u00e8rement int\u00e9ressante pour les entreprises qui ont temporairement besoin de fonctionnalit\u00e9s avanc\u00e9es ou qui recherchent un d\u00e9marrage rapide sans engagement \u00e0 long terme. <\/p>\n<h2>Fonctions avanc\u00e9es de productivit\u00e9 et d&#8217;automatisation<\/h2>\n<p>Le logiciel offre de nombreux outils qui vont au-del\u00e0 de la simple cr\u00e9ation et impression d&#8217;\u00e9tiquettes. Par exemple, PortWatch peut \u00eatre utilis\u00e9 pour g\u00e9n\u00e9rer automatiquement des \u00e9tiquettes pour des quantit\u00e9s \u00e0 partir de balances ou d&#8217;autres sources de donn\u00e9es. Cela acc\u00e9l\u00e8re les processus de production et r\u00e9duit les erreurs humaines lors de la saisie des donn\u00e9es.  <\/p>\n<p>Un autre outil puissant au sein de CODESOFT est GridField, qui permet d&#8217;ajouter plusieurs enregistrements \u00e0 un mod\u00e8le, ce qui permet de gagner du temps, en particulier pour les travaux d&#8217;impression volumineux, et de maintenir une productivit\u00e9 \u00e9lev\u00e9e gr\u00e2ce \u00e0 des fonctionnalit\u00e9s avanc\u00e9es.<\/p>\n<p>L&#8217;int\u00e9gration d&#8217;un Form Designer permet de cr\u00e9er des formulaires d&#8217;\u00e9tiquettes personnalis\u00e9s \u00e0 partir desquels les utilisateurs peuvent s\u00e9lectionner des donn\u00e9es et les imprimer directement, sans avoir \u00e0 modifier individuellement le fichier d&#8217;\u00e9tiquette \u00e0 chaque fois.<\/p>\n<h2>Tra\u00e7abilit\u00e9 et gestion centralis\u00e9e<\/h2>\n<p>La tra\u00e7abilit\u00e9 des \u00e9tiquettes est de plus en plus importante, en particulier dans les secteurs r\u00e9glement\u00e9s. En combinaison avec d&#8217;autres solutions Teklynx telles que Label Archive, il est possible de mettre en place une tra\u00e7abilit\u00e9 compl\u00e8te de toutes les donn\u00e9es et conceptions d&#8217;\u00e9tiquettes. Cet archivage centralis\u00e9 permet de g\u00e9rer les versions d&#8217;\u00e9tiquettes, de les stocker de mani\u00e8re \u00e0 ce qu&#8217;elles puissent \u00eatre r\u00e9vis\u00e9es et de r\u00e9pondre aux exigences d&#8217;audit.  <\/p>\n<p>CODESOFT s&#8217;int\u00e8gre \u00e9galement \u00e0 des solutions d&#8217;entreprise Teklynx plus avanc\u00e9es, telles que SENTINEL ou Teklynx Central, afin de mettre en \u0153uvre l&#8217;automatisation de l&#8217;impression sur diff\u00e9rents sites et de fournir un contr\u00f4le centralis\u00e9 sur l&#8217;ensemble de l&#8217;\u00e9cosyst\u00e8me d&#8217;\u00e9tiquetage.<\/p>\n<h2>Impression d&#8217;\u00e9tiquettes efficace avec le logiciel Codesoft de Teklynx<\/h2>\n<p>Combinant une grande souplesse d&#8217;utilisation, une large prise en charge des imprimantes et de la RFID, des liens puissants avec les bases de donn\u00e9es et une int\u00e9gration transparente dans les processus d&#8217;entreprise, CODESOFT est l&#8217;une des solutions leaders dans le domaine des logiciels d&#8217;\u00e9tiquetage de codes \u00e0 barres et de RFID. Ce logiciel aide les entreprises \u00e0 optimiser les processus d&#8217;\u00e9tiquetage, \u00e0 r\u00e9duire les erreurs et \u00e0 augmenter durablement la productivit\u00e9. <\/p>\n<p>Que vous souhaitiez concevoir et imprimer des <a title=\"Vers nos \u00e9tiquettes\" href=\"https:\/\/labeltech.ch\/fr\/produits\/etiquettes\/\">\u00e9tiquettes<\/a> simples ou int\u00e9grer des <a title=\"Vers nos syst\u00e8mes d&#039;impression RFID\" href=\"https:\/\/labeltech.ch\/fr\/produits\/systemes-dimpression\/rfid\/\">marquages RFID<\/a> tr\u00e8s complexes dans un syst\u00e8me ERP, CODESOFT est le logiciel qu&#8217;il vous faut : CODESOFT est le logiciel qui vous offre une solution fiable et performante dans tous les sc\u00e9narios.<\/p>\n","protected":false},"excerpt":{"rendered":"<p>Codesoft : le logiciel d&#8217;\u00e9tiquetage, de codes \u00e0 barres et  [&#8230;]<\/p>\n","protected":false},"featured_media":1874,"comment_status":"closed","ping_status":"closed","template":"","meta":[],"product_brand":[],"product_cat":[85],"product_tag":[],"class_list":{"0":"post-2705","1":"product","2":"type-product","3":"status-publish","4":"has-post-thumbnail","6":"product_cat-logiciels","8":"first","9":"instock","10":"shipping-taxable","11":"product-type-external"},"_links":{"self":[{"href":"https:\/\/labeltech.ch\/fr\/wp-json\/wp\/v2\/product\/2705","targetHints":{"allow":["GET"]}}],"collection":[{"href":"https:\/\/labeltech.ch\/fr\/wp-json\/wp\/v2\/product"}],"about":[{"href":"https:\/\/labeltech.ch\/fr\/wp-json\/wp\/v2\/types\/product"}],"replies":[{"embeddable":true,"href":"https:\/\/labeltech.ch\/fr\/wp-json\/wp\/v2\/comments?post=2705"}],"wp:featuredmedia":[{"embeddable":true,"href":"https:\/\/labeltech.ch\/fr\/wp-json\/wp\/v2\/media\/1874"}],"wp:attachment":[{"href":"https:\/\/labeltech.ch\/fr\/wp-json\/wp\/v2\/media?parent=2705"}],"wp:term":[{"taxonomy":"product_brand","embeddable":true,"href":"https:\/\/labeltech.ch\/fr\/wp-json\/wp\/v2\/product_brand?post=2705"},{"taxonomy":"product_cat","embeddable":true,"href":"https:\/\/labeltech.ch\/fr\/wp-json\/wp\/v2\/product_cat?post=2705"},{"taxonomy":"product_tag","embeddable":true,"href":"https:\/\/labeltech.ch\/fr\/wp-json\/wp\/v2\/product_tag?post=2705"}],"curies":[{"name":"wp","href":"https:\/\/api.w.org\/{rel}","templated":true}]}}