{"id":2710,"date":"2019-07-29T15:43:04","date_gmt":"2019-07-29T13:43:04","guid":{"rendered":"https:\/\/labeltech.ch\/produkt\/label-archive\/"},"modified":"2026-04-17T17:07:41","modified_gmt":"2026-04-17T15:07:41","slug":"label-archive","status":"publish","type":"product","link":"https:\/\/labeltech.ch\/fr\/produkt\/label-archive\/","title":{"rendered":"Archives des labels"},"content":{"rendered":"<h2>Label Archive. Un logiciel de partage d&#8217;\u00e9tiquettes, de versionnage et de tra\u00e7abilit\u00e9 compl\u00e8te des \u00e9tiquettes <\/h2>\n<p>Dans de nombreuses entreprises, une seule \u00e9tiquette d\u00e9termine si les marchandises sont livr\u00e9es correctement, si les lots restent tra\u00e7ables de mani\u00e8re fiable et si les audits se d\u00e9roulent sans probl\u00e8me. D\u00e8s que plusieurs services, sites ou partenaires externes sont impliqu\u00e9s, les exigences de contr\u00f4le et de transparence augmentent. Quelle est la version actuelle, qui l&#8217;a cr\u00e9\u00e9e, qui l&#8217;a v\u00e9rifi\u00e9e et qu&#8217;est-ce qui a \u00e9t\u00e9 d\u00e9finitivement valid\u00e9. C&#8217;est pr\u00e9cis\u00e9ment l\u00e0 qu&#8217;intervient Label Archive. Le logiciel associe le stockage s\u00e9curis\u00e9 des \u00e9tiquettes \u00e0 la validation, \u00e0 la documentation et \u00e0 un processus clair \u00e0 chaque \u00e9tape, afin que vos \u00e9tiquettes restent coh\u00e9rentes et tra\u00e7ables.    <\/p>\n<p>&nbsp;<\/p>\n<h2>Stockage centralis\u00e9 des \u00e9tiquettes au lieu d&#8217;une gestion confuse des fichiers<\/h2>\n<p>Label Archive permet d&#8217;organiser les \u00e9tiquettes et les fichiers associ\u00e9s et d&#8217;\u00e9viter la dispersion des mises en page individuelles sur plusieurs ordinateurs. Au lieu de g\u00e9rer des fichiers fragment\u00e9s, elle cr\u00e9e un r\u00e9f\u00e9rentiel central qui sert de source fiable pour les \u00e9tiquettes. Le risque d&#8217;erreur est ainsi minimis\u00e9, car les collaborateurs ne travaillent plus par inadvertance avec des versions obsol\u00e8tes. Label Archive s&#8217;int\u00e8gre parfaitement dans les processus existants, car il facilite le passage des fichiers locaux \u00e0 une gestion r\u00e9glement\u00e9e et structure clairement la collaboration.   <\/p>\n<p>Selon le concept informatique, l&#8217;utilisation peut se faire dans un environnement central, souvent bas\u00e9 sur un serveur, tandis que les utilisateurs continuent \u00e0 travailler efficacement sur leur bureau. L&#8217;essentiel est que toutes les personnes concern\u00e9es aient acc\u00e8s \u00e0 la m\u00eame base partag\u00e9e et qu&#8217;une \u00e9tiquette reste clairement identifiable dans votre syst\u00e8me. <\/p>\n<p>&nbsp;<\/p>\n<h2>Un logiciel de validation et de v\u00e9rification pour s&#8217;assurer que seules les bonnes \u00e9tiquettes sont imprim\u00e9es.<\/h2>\n<p>L&#8217;un des principaux avantages r\u00e9side dans le contr\u00f4le de la validation. Seules les \u00e9tiquettes approuv\u00e9es doivent \u00eatre imprim\u00e9es, afin d&#8217;\u00e9viter que les brouillons ne passent inaper\u00e7us lors de la production. Label Archive facilite le contr\u00f4le gr\u00e2ce \u00e0 des proc\u00e9dures d\u00e9finies, des notifications, des commentaires et des valeurs de statut tra\u00e7ables. Il en r\u00e9sulte un processus de validation standardis\u00e9 qui convient aux \u00e9quipes dont les r\u00f4les sont clairement d\u00e9finis et qui reste stable m\u00eame lorsque les responsabilit\u00e9s changent.   <\/p>\n<p>&nbsp;<\/p>\n<h3>Aper\u00e7u des principales fonctionnalit\u00e9s<\/h3>\n<ul>\n<li>Stockage d&#8217;\u00e9tiquettes s\u00e9curis\u00e9 pour des \u00e9tiquettes avec une structure et une recherche claires<\/li>\n<li>Validation et v\u00e9rification avec d\u00e9cisions document\u00e9es<\/li>\n<li>Tra\u00e7abilit\u00e9 : versions de vos \u00e9tiquettes avec historique, pour pouvoir revenir en arri\u00e8re \u00e0 tout moment.<\/li>\n<li>les r\u00e9visions et l&#8217;historique des impressions sont enregistr\u00e9s de mani\u00e8re transparente<\/li>\n<li>Droits d&#8217;utilisateur, acc\u00e8s limit\u00e9 par r\u00f4le et protection par mot de passe en option<\/li>\n<li>Prise en charge d&#8217;un processus d&#8217;impression d&#8217;\u00e9tiquettes stable avec moins de sources d&#8217;erreurs<\/li>\n<\/ul>\n<p>&nbsp;<\/p>\n<p>Dans la pratique, les fonctions de Label Archive garantissent avant tout une chose : la fiabilit\u00e9. Lorsque les validations sont tra\u00e7ables et que seules les versions v\u00e9rifi\u00e9es restent disponibles, les demandes de renseignements, les boucles de correction et les arr\u00eats inutiles diminuent. <\/p>\n<p>&nbsp;<\/p>\n<p>En tant que solution cloud moderne, <a href=\"https:\/\/labeltech.ch\/fr\/produkt\/nice-label-cloud\/\" title=\"NiceLabel Cloud - Solution moderne d'archivage et d'impression en nuage\">NiceLabel Cloud<\/a> offre une gestion centralis\u00e9e des \u00e9tiquettes avec un contr\u00f4le de version int\u00e9gr\u00e9 et un partage multi-utilisateurs.<\/p>\n<h2>Tra\u00e7abilit\u00e9 et historique des impressions pour des audits et une qualit\u00e9 s\u00fbrs<\/h2>\n<p>Pour l&#8217;assurance qualit\u00e9, la production et la logistique, il est essentiel de savoir quand telle ou telle \u00e9tiquette a \u00e9t\u00e9 utilis\u00e9e. Label Archive enregistre les modifications, les versions et l&#8217;historique d&#8217;impression, cr\u00e9ant ainsi une s\u00e9curit\u00e9 et une base compl\u00e8te pour les preuves. C&#8217;est utile si vous devez r\u00e9agir rapidement en cas de r\u00e9clamation ou si vous voulez montrer en audit que la conformit\u00e9 aux normes n&#8217;est pas laiss\u00e9e au hasard. Dans les environnements r\u00e9glement\u00e9s, des protocoles clairs aident \u00e0 respecter les exigences internes et externes.   <\/p>\n<p>&nbsp;<\/p>\n<h2>Conformit\u00e9, normes sectorielles et exigences internationales<\/h2>\n<p>Qu&#8217;il s&#8217;agisse de produits pharmaceutiques, chimiques, alimentaires, m\u00e9dicaux ou de fabrication industrielle : De nombreuses entreprises doivent se conformer aux normes du secteur et rendre leurs processus v\u00e9rifiables. Label Archive facilite la conformit\u00e9 gr\u00e2ce \u00e0 des approbations structur\u00e9es, des contr\u00f4les document\u00e9s et des autorisations contr\u00f4l\u00e9es. Cela est particuli\u00e8rement pertinent lorsque des exigences de l&#8217;UE doivent \u00eatre prises en compte ou lorsque des directives s&#8217;orientent vers la FDA. Dans ce contexte, le terme Food and Drug Administration est souvent mentionn\u00e9, car l&#8217;\u00e9tiquetage et la documentation y sont \u00e9valu\u00e9s de mani\u00e8re particuli\u00e8rement stricte. Une approche syst\u00e9matique permet d&#8217;attribuer clairement les responsabilit\u00e9s et de garantir de mani\u00e8re stable la qualit\u00e9 de l&#8217;\u00e9tiquetage.    <\/p>\n<p>&nbsp;<\/p>\n<h2>Int\u00e9gration, connexion et support Label Archive au quotidien<\/h2>\n<p>Dans de nombreux projets, il ne s&#8217;agit pas seulement de la conception de l&#8217;\u00e9tiquette, mais aussi de la connexion \u00e0 la production et aux sources de donn\u00e9es. Il est important qu&#8217;une \u00e9tiquette soit g\u00e9r\u00e9e proprement dans votre syst\u00e8me, que le processus se d\u00e9roule sur un seul site ou qu&#8217;il soit r\u00e9parti entre plusieurs \u00e9quipes. Pour les op\u00e9rations courantes, le support et des responsabilit\u00e9s claires jouent un r\u00f4le important. Si vous mettez en place un support structur\u00e9 pour Label Archive, les utilisateurs b\u00e9n\u00e9ficieront d&#8217;un acc\u00e8s rapide aux questions et les administrateurs d&#8217;une gestion stable des droits et des r\u00f4les.   <\/p>\n<p>&nbsp;<\/p>\n<h2>Vers le fabricant<\/h2>\n<p>En tant qu&#8217;\u00e9diteur, <a title=\"Voir le site du fabricant\" href=\"https:\/\/www.teklynx.com\/de-EMEA\/\" target=\"_blank\" rel=\"noopener noreferrer nofollow\">TEKLYNX<\/a> d\u00e9veloppe des archives d&#8217;\u00e9tiquettes dans le cadre de ses solutions de gestion d&#8217;\u00e9tiquettes. L&#8217;accent est mis sur les validations contr\u00f4l\u00e9es, la gestion centralis\u00e9e et l&#8217;historique tra\u00e7able, afin que les processus d&#8217;\u00e9tiquetage restent s\u00fbrs et auditables. Dans les sc\u00e9narios r\u00e9glement\u00e9s, un Validation Accelerator Pack, souvent appel\u00e9 VAP, peut \u00eatre ajout\u00e9 \u00e0 l&#8217;environnement TEKLYNX pour aider \u00e0 g\u00e9rer syst\u00e9matiquement les t\u00e2ches de validation.  <\/p>\n<p>&nbsp;<\/p>\n<h2>Commander maintenant chez Labeltech<\/h2>\n<p>Nous vous aidons \u00e0 mettre en place Label Archive en fonction de votre environnement d&#8217;\u00e9tiquetage. Nous vous conseillons sur les logiciels, les syst\u00e8mes d&#8217;impression et les consommables. Si vous souhaitez organiser votre processus d&#8217;impression d&#8217;\u00e9tiquettes de mani\u00e8re fiable et minimiser les risques d&#8217;erreur, contactez-nous. <a title=\"Vers notre page de contact\" href=\"https:\/\/labeltech.ch\/fr\/contact\/\">Cliquez ici<\/a> pour acc\u00e9der \u00e0 notre page de contact.  <\/p>\n","protected":false},"excerpt":{"rendered":"<p>Label Archive. Un logiciel de partage d&#8217;\u00e9tiquettes, de versionnage et  [&#8230;]<\/p>\n","protected":false},"featured_media":1876,"comment_status":"closed","ping_status":"closed","template":"","meta":[],"product_brand":[],"product_cat":[85],"product_tag":[],"class_list":{"0":"post-2710","1":"product","2":"type-product","3":"status-publish","4":"has-post-thumbnail","6":"product_cat-logiciels","8":"first","9":"instock","10":"shipping-taxable","11":"product-type-external"},"_links":{"self":[{"href":"https:\/\/labeltech.ch\/fr\/wp-json\/wp\/v2\/product\/2710","targetHints":{"allow":["GET"]}}],"collection":[{"href":"https:\/\/labeltech.ch\/fr\/wp-json\/wp\/v2\/product"}],"about":[{"href":"https:\/\/labeltech.ch\/fr\/wp-json\/wp\/v2\/types\/product"}],"replies":[{"embeddable":true,"href":"https:\/\/labeltech.ch\/fr\/wp-json\/wp\/v2\/comments?post=2710"}],"wp:featuredmedia":[{"embeddable":true,"href":"https:\/\/labeltech.ch\/fr\/wp-json\/wp\/v2\/media\/1876"}],"wp:attachment":[{"href":"https:\/\/labeltech.ch\/fr\/wp-json\/wp\/v2\/media?parent=2710"}],"wp:term":[{"taxonomy":"product_brand","embeddable":true,"href":"https:\/\/labeltech.ch\/fr\/wp-json\/wp\/v2\/product_brand?post=2710"},{"taxonomy":"product_cat","embeddable":true,"href":"https:\/\/labeltech.ch\/fr\/wp-json\/wp\/v2\/product_cat?post=2710"},{"taxonomy":"product_tag","embeddable":true,"href":"https:\/\/labeltech.ch\/fr\/wp-json\/wp\/v2\/product_tag?post=2710"}],"curies":[{"name":"wp","href":"https:\/\/api.w.org\/{rel}","templated":true}]}}