{"id":2714,"date":"2019-07-29T15:42:31","date_gmt":"2019-07-29T13:42:31","guid":{"rendered":"https:\/\/labeltech.ch\/produkt\/sentinel\/"},"modified":"2026-04-17T16:31:47","modified_gmt":"2026-04-17T14:31:47","slug":"sentinel","status":"publish","type":"product","link":"https:\/\/labeltech.ch\/fr\/produkt\/sentinel\/","title":{"rendered":"Sentinel"},"content":{"rendered":"<p>TEKLYNX Sentinel est un logiciel d&#8217;impression d&#8217;\u00e9tiquettes c\u00f4t\u00e9 serveur qui fonctionne en arri\u00e8re-plan de mani\u00e8re automatis\u00e9e et ne n\u00e9cessite quasiment aucune maintenance. Il permet d&#8217;imprimer simultan\u00e9ment sur des centaines d&#8217;imprimantes en r\u00e9seau, sans aucune intervention manuelle. Une fois que Sentinel a re\u00e7u les donn\u00e9es de conception d&#8217;\u00e9tiquettes, le logiciel g\u00e8re de mani\u00e8re autonome tout le reste du processus d&#8217;impression. TEKLYNX Sentinel est donc le bon choix pour les entreprises qui souhaitent int\u00e9grer compl\u00e8tement l&#8217;impression d&#8217;\u00e9tiquettes dans leurs syst\u00e8mes informatiques existants tout en r\u00e9duisant au minimum les t\u00e2ches administratives. En compl\u00e9ment, <a title=\"Logiciel d'\u00e9tiquetage Loftware NiceLabel\" href=\"https:\/\/labeltech.ch\/fr\/produkt\/loftware-nicelabel\/\">Loftware NiceLabel<\/a> convient aux entreprises qui pr\u00e9f\u00e8rent une plate-forme bas\u00e9e sur un navigateur et une gestion forte des \u00e9tiquettes.    <\/p>\n<blockquote>\n<p><a title=\"Vous avez des questions ? Nous vous aidons.\" href=\"https:\/\/labeltech.ch\/fr\/contact\/\">Vous avez des questions ? Nous vous aidons. <\/a><\/p>\n<\/blockquote>\n<h2>Serveur d&#8217;impression central pour l&#8217;ensemble du r\u00e9seau<\/h2>\n<p>Le c\u0153ur de TEKLYNX Sentinel est sa capacit\u00e9 \u00e0 agir comme un serveur d&#8217;impression central pour n&#8217;importe quel nombre d&#8217;imprimantes sur le r\u00e9seau de l&#8217;entreprise. Une fois configur\u00e9, Sentinel imprime de mani\u00e8re enti\u00e8rement automatique, sans que le personnel informatique n&#8217;ait \u00e0 intervenir pour chaque travail. Cela permet de gagner du temps, de r\u00e9duire les sources d&#8217;erreur et de d\u00e9charger durablement le service informatique des t\u00e2ches de routine li\u00e9es \u00e0 l&#8217;impression d&#8217;\u00e9tiquettes.  <\/p>\n<p>Parall\u00e8lement, Sentinel offre une saisie de donn\u00e9es illimit\u00e9e : le logiciel traite pratiquement tout type de fichier texte standard, convertit les donn\u00e9es qu&#8217;il contient et contr\u00f4le ainsi l&#8217;impression. Des syst\u00e8mes tiers tels que SAP ou Oracle peuvent \u00eatre directement connect\u00e9s via des transferts de donn\u00e9es automatis\u00e9s, de sorte que le contenu des \u00e9tiquettes passe du syst\u00e8me ERP au processus d&#8217;impression sans intervention manuelle. <\/p>\n<h2>Outil flexible de mappage des donn\u00e9es (mapper)<\/h2>\n<p>L&#8217;outil unique de mappage de donn\u00e9es de Sentinel se charge du d\u00e9codage et du mappage de n&#8217;importe quelle structure de donn\u00e9es. Les textes, codes \u00e0 barres et graphiques sont automatiquement affect\u00e9s aux champs appropri\u00e9s sur l&#8217;\u00e9tiquette, sans qu&#8217;il soit n\u00e9cessaire de programmer une configuration distincte pour chaque source de donn\u00e9es. Cela rend Sentinel particuli\u00e8rement flexible lorsqu&#8217;il s&#8217;agit d&#8217;int\u00e9grer diff\u00e9rents syst\u00e8mes sources et permet de remplir automatiquement des mises en page d&#8217;\u00e9tiquettes complexes avec le contenu correct.  <\/p>\n<p>Pour les entreprises qui recherchent une gestion des \u00e9tiquettes bas\u00e9e sur le cloud en plus de l&#8217;automatisation, Labeltech propose <a title=\"Logiciel d'\u00e9tiquetage NiceLabel Cloud\" href=\"https:\/\/labeltech.ch\/fr\/produkt\/nice-label-cloud\/\">NiceLabel Cloud<\/a>, une plateforme SaaS compl\u00e9mentaire qui centralise la gestion des mod\u00e8les d&#8217;\u00e9tiquettes et les rend accessibles de partout.<\/p>\n<h2>Contr\u00f4le et redondance bas\u00e9s sur le web<\/h2>\n<p>Le module r\u00e9seau Sentinel permet de contr\u00f4ler le logiciel \u00e0 partir de n&#8217;importe quel navigateur, depuis n&#8217;importe quel endroit du monde. Les r\u00f4les des utilisateurs et les droits d&#8217;acc\u00e8s peuvent \u00eatre configur\u00e9s avec pr\u00e9cision, ce qui permet \u00e0 diff\u00e9rents groupes d&#8217;utilisateurs de surveiller et de contr\u00f4ler les processus d&#8217;\u00e9tiquetage sans avoir besoin d&#8217;acc\u00e9der \u00e0 l&#8217;ensemble de l&#8217;infrastructure informatique. La s\u00e9curit\u00e9 et la tra\u00e7abilit\u00e9 sont toujours garanties.  <\/p>\n<p>Pour un fonctionnement dans des conditions de haute disponibilit\u00e9, Sentinel offre une sauvegarde des donn\u00e9es par duplication compl\u00e8te de toutes les donn\u00e9es de configuration sur un second serveur. En cas de mises \u00e0 niveau ou de fen\u00eatres de maintenance programm\u00e9e, les op\u00e9rations peuvent \u00eatre redirig\u00e9es de mani\u00e8re transparente vers le serveur de secours sans interrompre le processus d&#8217;\u00e9tiquetage. <\/p>\n<p>Vous trouverez un aper\u00e7u complet de toutes les solutions logicielles d&#8217;impression d&#8217;\u00e9tiquettes de diff\u00e9rents fabricants dans notre <a href=\"https:\/\/labeltech.ch\/fr\/produits\/logiciel\/\" title=\"Aper\u00e7u de toutes les solutions logicielles d'impression d'\u00e9tiquettes chez Labeltech AG\">aper\u00e7u des logiciels<\/a> chez Labeltech AG.<\/p>\n<h2>Certifi\u00e9 Microsoft et \u00e9prouv\u00e9 sur le terrain<\/h2>\n<p>TEKLYNX est un partenaire certifi\u00e9 Microsoft Gold et Microsoft Front Runner. Sentinel est un logiciel de code-barres de sixi\u00e8me g\u00e9n\u00e9ration qui a prouv\u00e9 sa qualit\u00e9 dans des milliers d&#8217;installations \u00e0 travers le monde. Le logiciel s&#8217;int\u00e8gre parfaitement avec CODESOFT et les autres solutions TEKLYNX, offrant ainsi une plateforme ferm\u00e9e et totalement compatible pour l&#8217;ensemble de l&#8217;environnement d&#8217;\u00e9tiquetage.  <\/p>\n<h2>Conclusion : le logiciel d&#8217;\u00e9tiquetage TEKLYNX Sentinel &#8211; automatis\u00e9, \u00e9volutif, s\u00e9curis\u00e9<\/h2>\n<p>TEKLYNX Sentinel est la solution pour les entreprises qui souhaitent automatiser compl\u00e8tement leur impression d&#8217;\u00e9tiquettes, l&#8217;int\u00e9grer \u00e0 leurs syst\u00e8mes ERP existants et l&#8217;exploiter avec un minimum d&#8217;effort informatique. Nous serons heureux de vous montrer comment Sentinel s&#8217;int\u00e8gre dans votre environnement syst\u00e8me.   <a title=\"Contacter Labeltech AG\" href=\"https:\/\/labeltech.ch\/fr\/contact\/\">Demandez maintenant sans engagement.<\/a><\/p>\n","protected":false},"excerpt":{"rendered":"<p>TEKLYNX Sentinel est un logiciel d&#8217;impression d&#8217;\u00e9tiquettes c\u00f4t\u00e9 serveur qui  [&#8230;]<\/p>\n","protected":false},"featured_media":1875,"comment_status":"closed","ping_status":"closed","template":"","meta":[],"product_brand":[],"product_cat":[85],"product_tag":[],"class_list":{"0":"post-2714","1":"product","2":"type-product","3":"status-publish","4":"has-post-thumbnail","6":"product_cat-logiciels","8":"first","9":"instock","10":"shipping-taxable","11":"product-type-external"},"_links":{"self":[{"href":"https:\/\/labeltech.ch\/fr\/wp-json\/wp\/v2\/product\/2714","targetHints":{"allow":["GET"]}}],"collection":[{"href":"https:\/\/labeltech.ch\/fr\/wp-json\/wp\/v2\/product"}],"about":[{"href":"https:\/\/labeltech.ch\/fr\/wp-json\/wp\/v2\/types\/product"}],"replies":[{"embeddable":true,"href":"https:\/\/labeltech.ch\/fr\/wp-json\/wp\/v2\/comments?post=2714"}],"wp:featuredmedia":[{"embeddable":true,"href":"https:\/\/labeltech.ch\/fr\/wp-json\/wp\/v2\/media\/1875"}],"wp:attachment":[{"href":"https:\/\/labeltech.ch\/fr\/wp-json\/wp\/v2\/media?parent=2714"}],"wp:term":[{"taxonomy":"product_brand","embeddable":true,"href":"https:\/\/labeltech.ch\/fr\/wp-json\/wp\/v2\/product_brand?post=2714"},{"taxonomy":"product_cat","embeddable":true,"href":"https:\/\/labeltech.ch\/fr\/wp-json\/wp\/v2\/product_cat?post=2714"},{"taxonomy":"product_tag","embeddable":true,"href":"https:\/\/labeltech.ch\/fr\/wp-json\/wp\/v2\/product_tag?post=2714"}],"curies":[{"name":"wp","href":"https:\/\/api.w.org\/{rel}","templated":true}]}}