{"id":2718,"date":"2019-07-29T14:00:42","date_gmt":"2019-07-29T12:00:42","guid":{"rendered":"https:\/\/labeltech.ch\/produkt\/tsc-alpha-3r\/"},"modified":"2025-08-22T09:23:37","modified_gmt":"2025-08-22T07:23:37","slug":"tsc-alpha-3r","status":"publish","type":"product","link":"https:\/\/labeltech.ch\/fr\/produkt\/tsc-alpha-3r\/","title":{"rendered":"TSC Alpha 3R"},"content":{"rendered":"<h2>TSC Alpha 3R Imprimante mobile pour l&#8217;impression flexible d&#8217;\u00e9tiquettes en d\u00e9placement<\/h2>\n<p>L&#8217;Alpha 3R de TSC est une imprimante mobile compacte qui utilise la technologie thermique directe et qui a \u00e9t\u00e9 sp\u00e9cialement con\u00e7ue pour une utilisation mobile. Ce mod\u00e8le est adapt\u00e9 \u00e0 l&#8217;impression d&#8217;\u00e9tiquettes et de re\u00e7us directement sur le lieu d&#8217;utilisation. Avec sa structure robuste, sa longue dur\u00e9e de vie de la batterie et ses interfaces modernes, elle constitue une solution fiable pour les utilisateurs dans l&#8217;entrep\u00f4t, le transport, le service ext\u00e9rieur ou le commerce de d\u00e9tail.  <\/p>\n<h2>TSC Alpha 3R comme imprimante d&#8217;\u00e9tiquettes et de re\u00e7us directement sur site<\/h2>\n<p>L&#8217;imprimante offre une r\u00e9solution claire de 203 dpi, ce qui permet aux codes \u00e0 barres, au texte et aux symboles de rester lisibles \u00e0 tout moment. La largeur d&#8217;impression maximale est de 72 mm et la largeur du support peut atteindre 80 mm, ce qui permet de couvrir une large gamme de supports d&#8217;impression. Avec une vitesse d&#8217;impression allant jusqu&#8217;\u00e0 102 millim\u00e8tres par seconde, l&#8217;Alpha 3R est suffisamment rapide pour les t\u00e2ches quotidiennes, sans pour autant sacrifier la qualit\u00e9.  <\/p>\n<p>Un capteur de marque noire int\u00e9gr\u00e9 assure une alimentation pr\u00e9cise du support et un d\u00e9marrage fiable de l&#8217;impression au bon endroit. Les re\u00e7us et les \u00e9tiquettes peuvent ainsi \u00eatre cr\u00e9\u00e9s directement l\u00e0 o\u00f9 ils sont n\u00e9cessaires &#8211; sur les \u00e9tag\u00e8res, dans les v\u00e9hicules ou \u00e0 la r\u00e9ception des marchandises. <\/p>\n<h2>Mod\u00e8le TSC Alpha 3R de conception robuste<\/h2>\n<p>Le bo\u00eetier est en plastique solide et renforc\u00e9 par un rev\u00eatement en caoutchouc. Avec la housse de protection en option, l&#8217;Alpha 3R est conforme \u00e0 la norme IP54 et est donc prot\u00e9g\u00e9 contre la poussi\u00e8re et les projections d&#8217;eau. De plus, il est con\u00e7u pour r\u00e9sister \u00e0 des chutes de 1,5 m\u00e8tre de hauteur. Il est donc adapt\u00e9 aux environnements exigeants dans lesquels les appareils sont soumis \u00e0 une forte pression.   <\/p>\n<p>Gr\u00e2ce \u00e0 son faible poids, l&#8217;Alpha 3R reste maniable et portable. Gr\u00e2ce \u00e0 un clip ceinture, il peut \u00eatre port\u00e9 sur le corps et \u00eatre ainsi toujours pr\u00eat \u00e0 l&#8217;emploi &#8211; un avantage, notamment dans le cadre d&#8217;un travail mobile. <\/p>\n<h2>S\u00e9rie Alpha : mobilit\u00e9 et performances<\/h2>\n<p>L&#8217;Alpha 3R est \u00e9quip\u00e9e d&#8217;une batterie lithium-ion rechargeable de 2500 mAh qui lui conf\u00e8re une autonomie de plus de 12 heures. L&#8217;imprimante reste ainsi op\u00e9rationnelle pendant toute une \u00e9quipe, sans qu&#8217;il soit n\u00e9cessaire de la recharger entre-temps. <\/p>\n<p>Un processeur RISC 32 bits, soutenu par 4 Mo de m\u00e9moire flash et 8 Mo de m\u00e9moire vive, assure un traitement rapide. Les travaux d&#8217;impression peuvent ainsi \u00eatre ex\u00e9cut\u00e9s sans probl\u00e8me. Un grand bac \u00e0 rouleaux accepte des rouleaux de papier de grand diam\u00e8tre, ce qui r\u00e9duit les interruptions dues aux changements de rouleaux.  <\/p>\n<h2>Accessoires et interfaces pour des applications flexibles<\/h2>\n<p>Le TSC Alpha-3R est \u00e9quip\u00e9 de nombreuses interfaces. Il s&#8217;agit notamment de l&#8217;USB 2.0, d&#8217;autres applications USB, du RS-232 et d&#8217;options sans fil comme le Bluetooth et le WLAN (802.11 b\/g\/n). L&#8217;imprimante peut ainsi \u00eatre int\u00e9gr\u00e9e dans des environnements tr\u00e8s diff\u00e9rents, du poste de travail fixe \u00e0 l&#8217;utilisation mobile dans un v\u00e9hicule ou via un smartphone.  <\/p>\n<p>De plus, l&#8217;Alpha 3R prend en charge plusieurs langages d&#8217;impression, dont CPCL, ZPLII\/ZPL2 et EPLII\/EPL2. Cela facilite l&#8217;int\u00e9gration dans les syst\u00e8mes existants et assure la compatibilit\u00e9 avec les logiciels courants. <\/p>\n<p>Les accessoires comprennent des adaptateurs secteur et de bureau, des chargeurs, des supports pour v\u00e9hicules et des solutions de transport. Les utilisateurs peuvent ainsi adapter l&#8217;imprimante \u00e0 leur environnement de travail. <\/p>\n<h2>Applications et domaines d&#8217;utilisation<\/h2>\n<p>L&#8217;Alpha 3R est polyvalent :<\/p>\n<ul>\n<li>Dans le domaine de la logistique, il sert \u00e0 l&#8217;identification mobile des envois et des colis.<\/li>\n<li>Dans le transport, il assure l&#8217;impression rapide des re\u00e7us et des tickets pendant la livraison.<\/li>\n<li>Dans le commerce de d\u00e9tail, elle est utilis\u00e9e pour imprimer des \u00e9tiquettes de prix ou de rayon directement sur place.<\/li>\n<li>Sur le terrain, il aide les agents de service ou les artisans qui doivent cr\u00e9er des re\u00e7us et des \u00e9tiquettes directement sur le lieu de travail.<\/li>\n<\/ul>\n<p>La combinaison d&#8217;un design robuste, d&#8217;une longue dur\u00e9e de vie de la batterie et d&#8217;interfaces flexibles fait de l&#8217;imprimante d&#8217;\u00e9tiquettes tsc alpha-3r un compagnon fiable dans le travail mobile quotidien.<\/p>\n<h2>L&#8217;Alpha 3R, membre de la famille d&#8217;imprimantes TSC<\/h2>\n<p>L&#8217;Alpha 3R est le premier mod\u00e8le de la famille d&#8217;imprimantes portables de <a title=\"Vers le fabricant TSC\" href=\"https:\/\/emea.tscprinters.com\/de\" target=\"_blank\" rel=\"noopener noreferrer nofollow\">TSC<\/a> et combine un bo\u00eetier robuste avec une technologie moderne. En tant que fabricant international, TSC jouit d&#8217;une bonne r\u00e9putation pour la qualit\u00e9 et la constance de ses lignes de produits. Avec l&#8217;Alpha 3R, TSC propose une <a title=\"Vers nos imprimantes \u00e0 transfert thermique\" href=\"https:\/\/labeltech.ch\/fr\/produits\/transfert-thermique\/\">imprimante thermique directe<\/a> sp\u00e9cialement con\u00e7ue pour une utilisation mobile et offre aux utilisateurs du monde entier une solution \u00e9conomique.  <\/p>\n","protected":false},"excerpt":{"rendered":"<p>TSC Alpha 3R Imprimante mobile pour l&#8217;impression flexible d&#8217;\u00e9tiquettes en  [&#8230;]<\/p>\n","protected":false},"featured_media":1817,"comment_status":"closed","ping_status":"closed","template":"","meta":[],"product_brand":[],"product_cat":[73,72,99],"product_tag":[],"class_list":{"0":"post-2718","1":"product","2":"type-product","3":"status-publish","4":"has-post-thumbnail","6":"product_cat-desktop-fr","7":"product_cat-imprimantes","8":"product_cat-tsc-fr","10":"first","11":"instock","12":"shipping-taxable","13":"product-type-external"},"_links":{"self":[{"href":"https:\/\/labeltech.ch\/fr\/wp-json\/wp\/v2\/product\/2718","targetHints":{"allow":["GET"]}}],"collection":[{"href":"https:\/\/labeltech.ch\/fr\/wp-json\/wp\/v2\/product"}],"about":[{"href":"https:\/\/labeltech.ch\/fr\/wp-json\/wp\/v2\/types\/product"}],"replies":[{"embeddable":true,"href":"https:\/\/labeltech.ch\/fr\/wp-json\/wp\/v2\/comments?post=2718"}],"wp:featuredmedia":[{"embeddable":true,"href":"https:\/\/labeltech.ch\/fr\/wp-json\/wp\/v2\/media\/1817"}],"wp:attachment":[{"href":"https:\/\/labeltech.ch\/fr\/wp-json\/wp\/v2\/media?parent=2718"}],"wp:term":[{"taxonomy":"product_brand","embeddable":true,"href":"https:\/\/labeltech.ch\/fr\/wp-json\/wp\/v2\/product_brand?post=2718"},{"taxonomy":"product_cat","embeddable":true,"href":"https:\/\/labeltech.ch\/fr\/wp-json\/wp\/v2\/product_cat?post=2718"},{"taxonomy":"product_tag","embeddable":true,"href":"https:\/\/labeltech.ch\/fr\/wp-json\/wp\/v2\/product_tag?post=2718"}],"curies":[{"name":"wp","href":"https:\/\/api.w.org\/{rel}","templated":true}]}}