{"id":2722,"date":"2019-07-29T14:01:37","date_gmt":"2019-07-29T12:01:37","guid":{"rendered":"https:\/\/labeltech.ch\/produkt\/tsc-alpha-4l\/"},"modified":"2026-04-17T16:33:16","modified_gmt":"2026-04-17T14:33:16","slug":"tsc-alpha-4l","status":"publish","type":"product","link":"https:\/\/labeltech.ch\/fr\/produkt\/tsc-alpha-4l\/","title":{"rendered":"TSC Alpha 4L"},"content":{"rendered":"<p>La TSC Alpha 4L est une imprimante d&#8217;\u00e9tiquettes mobile de la classe des 4 pouces, con\u00e7ue pour \u00eatre utilis\u00e9e en dehors des stations d&#8217;impression fixes. L&#8217;appareil imprime directement sur le lieu de cr\u00e9ation, que ce soit sur une \u00e9tag\u00e8re, dans un entrep\u00f4t, sur un quai de chargement ou sur le terrain. Gr\u00e2ce \u00e0 un bo\u00eetier en plastique recouvert de caoutchouc, l&#8217;Alpha 4L r\u00e9siste \u00e0 des chutes de 1,5 m\u00e8tre sans coque de protection et de 1,8 m\u00e8tre avec la coque de protection en option, ce qui en fait un compagnon fiable dans les environnements quotidiens difficiles. Le <a title=\"Imprimante industrielle Toshiba B-EX4T3\" href=\"https:\/\/labeltech.ch\/fr\/produkt\/toshiba-b-ex4t3\/\">Toshiba B-EX4T3<\/a> est disponible en tant que compl\u00e9ment fixe pour des volumes d&#8217;impression plus importants.   <\/p>\n<blockquote>\n<p><a title=\"Vous avez des questions ? Nous vous aidons.\" href=\"https:\/\/labeltech.ch\/fr\/contact\/\">Vous avez des questions ? Nous vous aidons. <\/a><\/p>\n<\/blockquote>\n<h2>Impression mobile avec une connectivit\u00e9 compl\u00e8te<\/h2>\n<p>L&#8217;Alpha 4L prend en charge la transmission de donn\u00e9es c\u00e2bl\u00e9es et sans fil. L&#8217;USB 2.0 et le RS-232 sont disponibles pour les connexions fixes, tandis que le Bluetooth et le WLAN 802.11 b\/g\/n permettent une connexion enti\u00e8rement sans fil aux appareils mobiles, aux scanners portables et aux syst\u00e8mes de gestion des stocks. La vitesse d&#8217;impression, qui peut atteindre 102 mm\/s, est tr\u00e8s \u00e9lev\u00e9e pour une imprimante mobile de cette cat\u00e9gorie et garantit la fluidit\u00e9 des processus, m\u00eame en cas de volumes d&#8217;\u00e9tiquetage plus importants.  <\/p>\n<p>La batterie lithium-ion haute capacit\u00e9 de 5800 mAh fournit suffisamment d&#8217;\u00e9nergie pour un poste de travail complet, sans avoir \u00e0 pr\u00e9voir de recharge. C&#8217;est essentiel dans les environnements o\u00f9 les possibilit\u00e9s de chargement sont limit\u00e9es ou les interruptions perturberaient le flux des processus. <\/p>\n<p>Pour les t\u00e2ches d&#8217;impression mobiles plus l\u00e9g\u00e8res avec une largeur d&#8217;impression de 3 pouces, la <a href=\"https:\/\/labeltech.ch\/fr\/produkt\/tsc-alpha-3r\/\" title=\"TSC Alpha 3R - Imprimante thermique mobile compacte de 3 pouces de TSC chez Labeltech\">TSC Alpha 3R<\/a> offre une alternative plus compacte de la m\u00eame famille d&#8217;imprimantes mobiles TSC.<\/p>\n<h2>Impression linerless et grande capacit\u00e9 de rouleaux<\/h2>\n<p>Un point fort particulier de la TSC Alpha 4L est sa capacit\u00e9 \u00e0 imprimer sans liner. Les \u00e9tiquettes auto-adh\u00e9sives sans support ne posent pas de probl\u00e8me de d\u00e9chets de support et r\u00e9duisent consid\u00e9rablement la consommation de mat\u00e9riau par \u00e9tiquette. Dans les processus logistiques avec de gros volumes d&#8217;\u00e9tiquetage, c&#8217;est un avantage \u00e9conomique important. En m\u00eame temps, l&#8217;Alpha 4L peut contenir de gros rouleaux de papier, ce qui rend les pauses de rechargement rares.   <\/p>\n<p>Un processeur puissant et une grande m\u00e9moire interne permettent de traiter rapidement les mises en page d&#8217;\u00e9tiquettes complexes avec des graphiques, des codes QR et des codes \u00e0 barres. Les temps d&#8217;attente entre les travaux d&#8217;impression restent minimes, m\u00eame si les mod\u00e8les d&#8217;\u00e9tiquettes sont volumineux. Pour ceux qui recherchent une imprimante de bureau performante pour des positions fixes, la <a title=\"Imprimante d'\u00e9tiquettes de la s\u00e9rie TSC TDP-247\" href=\"https:\/\/labeltech.ch\/fr\/produkt\/tsc-tdp-247-serie\/\">s\u00e9rie TSC TDP-247<\/a> est un compl\u00e9ment id\u00e9al dans la gamme Labeltech.  <\/p>\n<h2>Domaines d&#8217;application du TSC Alpha 4L<\/h2>\n<p>L&#8217;Alpha 4L est pr\u00e9destin\u00e9e \u00e0 l&#8217;\u00e9tiquetage mobile dans les entrep\u00f4ts, sur les surfaces de vente du commerce de d\u00e9tail, \u00e0 l&#8217;entr\u00e9e et \u00e0 la sortie des marchandises ainsi que sur le terrain. Partout o\u00f9 les \u00e9tiquettes doivent \u00eatre imprim\u00e9es de mani\u00e8re d\u00e9centralis\u00e9e, directement sur l&#8217;objet ou dans des environnements changeants, l&#8217;Alpha 4L rend des services fiables. La garantie de deux ans souligne la robustesse et la long\u00e9vit\u00e9 de l&#8217;appareil.  <\/p>\n<h2>Conclusion : TSC Alpha 4L imprimante d&#8217;\u00e9tiquettes mobile &#8211; robuste, sans fil, pr\u00eate \u00e0 l&#8217;emploi<\/h2>\n<p>L&#8217;Alpha 4L de TSC offre tout ce dont une imprimante d&#8217;\u00e9tiquettes mobile professionnelle a besoin : protection contre les chutes, longue dur\u00e9e de vie de la batterie, connectivit\u00e9 sans fil et capacit\u00e9 &#8220;linerless&#8221;. Nous nous ferons un plaisir de vous conseiller pour savoir si l&#8217;Alpha 4L est la bonne solution pour vos besoins en mati\u00e8re d&#8217;utilisation mobile.   <a title=\"Contacter Labeltech AG\" href=\"https:\/\/labeltech.ch\/fr\/contact\/\">Demandez maintenant.<\/a><\/p>\n","protected":false},"excerpt":{"rendered":"<p>La TSC Alpha 4L est une imprimante d&#8217;\u00e9tiquettes mobile de  [&#8230;]<\/p>\n","protected":false},"featured_media":1818,"comment_status":"closed","ping_status":"closed","template":"","meta":[],"product_brand":[],"product_cat":[73,72,99],"product_tag":[],"class_list":{"0":"post-2722","1":"product","2":"type-product","3":"status-publish","4":"has-post-thumbnail","6":"product_cat-desktop-fr","7":"product_cat-imprimantes","8":"product_cat-tsc-fr","10":"first","11":"instock","12":"shipping-taxable","13":"product-type-external"},"_links":{"self":[{"href":"https:\/\/labeltech.ch\/fr\/wp-json\/wp\/v2\/product\/2722","targetHints":{"allow":["GET"]}}],"collection":[{"href":"https:\/\/labeltech.ch\/fr\/wp-json\/wp\/v2\/product"}],"about":[{"href":"https:\/\/labeltech.ch\/fr\/wp-json\/wp\/v2\/types\/product"}],"replies":[{"embeddable":true,"href":"https:\/\/labeltech.ch\/fr\/wp-json\/wp\/v2\/comments?post=2722"}],"wp:featuredmedia":[{"embeddable":true,"href":"https:\/\/labeltech.ch\/fr\/wp-json\/wp\/v2\/media\/1818"}],"wp:attachment":[{"href":"https:\/\/labeltech.ch\/fr\/wp-json\/wp\/v2\/media?parent=2722"}],"wp:term":[{"taxonomy":"product_brand","embeddable":true,"href":"https:\/\/labeltech.ch\/fr\/wp-json\/wp\/v2\/product_brand?post=2722"},{"taxonomy":"product_cat","embeddable":true,"href":"https:\/\/labeltech.ch\/fr\/wp-json\/wp\/v2\/product_cat?post=2722"},{"taxonomy":"product_tag","embeddable":true,"href":"https:\/\/labeltech.ch\/fr\/wp-json\/wp\/v2\/product_tag?post=2722"}],"curies":[{"name":"wp","href":"https:\/\/api.w.org\/{rel}","templated":true}]}}