{"id":2726,"date":"2019-07-29T13:59:10","date_gmt":"2019-07-29T11:59:10","guid":{"rendered":"https:\/\/labeltech.ch\/produkt\/tsc-da200-serie\/"},"modified":"2026-04-17T16:58:38","modified_gmt":"2026-04-17T14:58:38","slug":"tsc-da200-serie","status":"publish","type":"product","link":"https:\/\/labeltech.ch\/fr\/produkt\/tsc-da200-serie\/","title":{"rendered":"S\u00e9rie TSC DA200"},"content":{"rendered":"<h2 data-start=\"134\" data-end=\"206\">S\u00e9rie TSC DA200 : des imprimantes thermiques directes \u00e9conomiques et fiables<\/h2>\n<p data-start=\"208\" data-end=\"707\">La s\u00e9rie TSC DA200 offre une solution d&#8217;impression de bureau compacte pour les entreprises qui ont besoin d&#8217;une impression thermique directe fiable. Ces appareils sont particuli\u00e8rement adapt\u00e9s \u00e0 l&#8217;identification des produits, \u00e0 l&#8217;\u00e9tiquetage dans le commerce, au point de vente et aux \u00e9tiquettes d&#8217;exp\u00e9dition et de bureau. Ils offrent une excellente qualit\u00e9 pour le prix et r\u00e9pondent m\u00eame aux exigences les plus \u00e9lev\u00e9es, avec une largeur d&#8217;impression maximale de 108 mm et des vitesses d&#8217;impression allant jusqu&#8217;\u00e0 127 mm\/sec.  <\/p>\n<h2 data-start=\"714\" data-end=\"758\">TSC : des imprimantes thermiques directes robustes pour le quotidien<\/h2>\n<p data-start=\"760\" data-end=\"1252\">Les imprimantes DA200 sont dot\u00e9es d&#8217;un bo\u00eetier robuste \u00e0 charni\u00e8re et d&#8217;un m\u00e9canisme \u00e0 <strong data-start=\"796\" data-end=\"842\">ressort<\/strong> qui facilite le remplacement des rouleaux d&#8217;\u00e9tiquettes. Des rouleaux d&#8217;un diam\u00e8tre ext\u00e9rieur allant jusqu&#8217;\u00e0 127 mm peuvent \u00eatre utilis\u00e9s sans probl\u00e8me. Cette conception bien pens\u00e9e permet une manipulation efficace et contribue \u00e0 \u00e9conomiser du temps et de l&#8217;espace sur le lieu de travail. Gr\u00e2ce \u00e0 sa conception compacte, cette s\u00e9rie convient parfaitement aux environnements o\u00f9 l&#8217;espace de travail est limit\u00e9, sans pour autant compromettre les performances d&#8217;impression.   <\/p>\n<h2 data-start=\"1259\" data-end=\"1293\">TSC DA200 : le mod\u00e8le de bureau performant<\/h2>\n<p data-start=\"1295\" data-end=\"1741\">La s\u00e9rie DA200 permet d&#8217;imprimer \u00e0 des vitesses allant jusqu&#8217;\u00e0 127 mm\/s (5 ips). Elle prend en charge des r\u00e9solutions de 203 dpi \u00e0 300 dpi. Les appareils fonctionnent avec une puissance de 60 watts et fournissent des r\u00e9sultats d&#8217;impression fiables et pr\u00e9cis pour les travaux rapides. Gr\u00e2ce \u00e0 l&#8217;impression thermique directe, il est possible d&#8217;imprimer des \u00e9tiquettes sans avoir besoin de films suppl\u00e9mentaires. Cela permet de r\u00e9duire les co\u00fbts et de simplifier les op\u00e9rations. Ces imprimantes conviennent donc aussi bien aux petits qu&#8217;aux moyens volumes d&#8217;impression.     <\/p>\n<p data-start=\"1295\" data-end=\"1741\">La s\u00e9rie TSC DA200 se caract\u00e9rise par une grande facilit\u00e9 d&#8217;utilisation et une grande flexibilit\u00e9, deux avantages qui m\u00e9ritent d&#8217;\u00eatre soulign\u00e9s. Ces appareils d\u00e9montrent leur force dans les environnements de travail modernes, o\u00f9 les formats d&#8217;\u00e9tiquettes sont multiples et les travaux d&#8217;impression variables. L&#8217;utilisation intuitive, le remplacement rapide des consommables et le temps de formation r\u00e9duit rendent la s\u00e9rie attrayante pour les \u00e9quipes ne disposant pas de connaissances techniques approfondies. De plus, leur conception robuste garantit un fonctionnement fiable des imprimantes, m\u00eame lorsqu&#8217;elles sont fortement utilis\u00e9es. La s\u00e9rie DA200 est un investissement \u00e0 l&#8217;\u00e9preuve du temps pour les entreprises qui privil\u00e9gient l&#8217;efficacit\u00e9 et la durabilit\u00e9, gr\u00e2ce \u00e0 sa facilit\u00e9 d&#8217;utilisation, sa flexibilit\u00e9 et sa stabilit\u00e9.    <\/p>\n<h2 data-start=\"1748\" data-end=\"1781\">S\u00e9rie : Capteurs et reconnaissance des mat\u00e9riaux<\/h2>\n<p data-start=\"1783\" data-end=\"2156\">La s\u00e9rie DA200 garantit une impression pr\u00e9cise gr\u00e2ce \u00e0 des capteurs int\u00e9gr\u00e9s. Les espaces, les marques noires et les encoches sont identifi\u00e9s de mani\u00e8re fiable, ce qui garantit que le d\u00e9but de l&#8217;\u00e9tiquette est toujours d\u00e9tect\u00e9 correctement. Un capteur de t\u00eate d&#8217;impression r\u00e9duit le risque d&#8217;erreur de manipulation. Ces fonctions garantissent des r\u00e9sultats d&#8217;impression stables et r\u00e9duisent les pannes quotidiennes.   <\/p>\n<p>En tant que successeur dans le portefeuille de produits de bureau TSC, la <a href=\"https:\/\/labeltech.ch\/fr\/produkt\/serie-tsc-tx\/\" title=\"S\u00e9rie TSC TX - Successeur de la TSC DA200 dans le segment des ordinateurs de bureau\">s\u00e9rie TSC TX<\/a> remplace la ligne DA200 avec des interfaces modernis\u00e9es et une compatibilit\u00e9 m\u00e9dia \u00e9tendue.<\/p>\n<h2 data-start=\"2163\" data-end=\"2198\">Interfaces et connectivit\u00e9 de l&#8217;imprimante d&#8217;\u00e9tiquettes<\/h2>\n<p data-start=\"2200\" data-end=\"2614\">Les imprimantes de la s\u00e9rie DA200 sont \u00e9quip\u00e9es en usine d&#8217;une interface USB 2.0. Un port Ethernet, un port s\u00e9rie RS-232 ou un port h\u00f4te USB-A sont disponibles en option. Les modules Bluetooth et sans fil 802.11b\/g\/n peuvent \u00eatre utilis\u00e9s pour un fonctionnement sans fil. Les imprimantes peuvent ainsi \u00eatre int\u00e9gr\u00e9es de mani\u00e8re flexible dans des syst\u00e8mes existants et utilis\u00e9es dans les environnements de travail les plus divers.   <\/p>\n<h2 data-start=\"2621\" data-end=\"2651\">M\u00e9moire et compatibilit\u00e9 de la s\u00e9rie Da200<\/h2>\n<p data-start=\"2653\" data-end=\"3065\">Avec 128 Mo de m\u00e9moire flash et 64 Mo de m\u00e9moire SDRAM, les mod\u00e8les DA200 disposent de suffisamment de m\u00e9moire pour les polices, les caract\u00e8res internationaux et les graphiques. Les imprimantes sont compatibles avec les \u00e9mulations industrielles courantes telles que Eltron\u00ae et Zebra\u00ae, ce qui permet de remplacer facilement les anciennes imprimantes sans avoir \u00e0 modifier les travaux d&#8217;impression existants ou le logiciel. Il est ainsi beaucoup plus facile de s&#8217;int\u00e9grer dans des flux de travail d\u00e9j\u00e0 existants.  <\/p>\n<h2 data-start=\"3072\" data-end=\"3098\">Applications multiples des \u00e9tiquettes<\/h2>\n<p data-start=\"3100\" data-end=\"3601\">La s\u00e9rie TSC DA200 peut \u00eatre utilis\u00e9e dans de nombreuses applications diff\u00e9rentes. Elle permet d&#8217;imprimer de mani\u00e8re fiable des \u00e9tiquettes d&#8217;exp\u00e9dition et de colis, des \u00e9tiquettes de produits dans le commerce de d\u00e9tail, des \u00e9tiquettes de bureau et des \u00e9tiquettes de point de vente. M\u00eame les travaux d&#8217;impression volumineux peuvent \u00eatre r\u00e9alis\u00e9s efficacement gr\u00e2ce \u00e0 une qualit\u00e9 d&#8217;impression fiable, une conception robuste et une grande facilit\u00e9 d&#8217;utilisation. Une imprimante thermique directe \u00e9conomique qui dure et qui s&#8217;utilise de mani\u00e8re flexible facilite le travail quotidien et apporte des avantages aux entreprises.   <\/p>\n<h2 data-start=\"3608\" data-end=\"3616\">TSC DA200 Imprimante d&#8217;\u00e9tiquettes s\u00e9rie<\/h2>\n<p data-start=\"3618\" data-end=\"4102\">La s\u00e9rie<a title=\"Visitez le site web du fabricant TSC\" href=\"https:\/\/emea.tscprinters.com\/de\" target=\"_blank\" rel=\"noopener noreferrer nofollow\"> TSC<\/a> DA200 offre une combinaison de fiabilit\u00e9, de performance et de flexibilit\u00e9, et ce \u00e0 un prix attractif. Elle est id\u00e9ale pour les t\u00e2ches d&#8217;impression de bureau professionnelles gr\u00e2ce \u00e0 son bo\u00eetier pliable robuste, sa vitesse d&#8217;impression \u00e9lev\u00e9e, ses capteurs pr\u00e9cis et sa manipulation ais\u00e9e des \u00e9tiquettes. Que ce soit pour le commerce de d\u00e9tail, la logistique ou les applications de bureau : La s\u00e9rie DA200 offre des r\u00e9sultats d&#8217;impression rapides, pr\u00e9cis et durables, ce qui en fait une imprimante thermique directe \u00e9prouv\u00e9e dans le domaine du bureau.  <\/p>\n<p data-start=\"3618\" data-end=\"4102\">Vous avez des questions sur cette imprimante ou sur notre autre gamme de produits ? Nous nous ferons un plaisir de vous r\u00e9pondre personnellement. Contactez-nous <a title=\"Vers notre page de contact\" href=\"https:\/\/labeltech.ch\/fr\/contact\/\">ici<\/a>.  <\/p>\n","protected":false},"excerpt":{"rendered":"<p>S\u00e9rie TSC DA200 : des imprimantes thermiques directes \u00e9conomiques et  [&#8230;]<\/p>\n","protected":false},"featured_media":1816,"comment_status":"closed","ping_status":"closed","template":"","meta":[],"product_brand":[],"product_cat":[73,72,99],"product_tag":[],"class_list":{"0":"post-2726","1":"product","2":"type-product","3":"status-publish","4":"has-post-thumbnail","6":"product_cat-desktop-fr","7":"product_cat-imprimantes","8":"product_cat-tsc-fr","10":"first","11":"instock","12":"shipping-taxable","13":"product-type-external"},"_links":{"self":[{"href":"https:\/\/labeltech.ch\/fr\/wp-json\/wp\/v2\/product\/2726","targetHints":{"allow":["GET"]}}],"collection":[{"href":"https:\/\/labeltech.ch\/fr\/wp-json\/wp\/v2\/product"}],"about":[{"href":"https:\/\/labeltech.ch\/fr\/wp-json\/wp\/v2\/types\/product"}],"replies":[{"embeddable":true,"href":"https:\/\/labeltech.ch\/fr\/wp-json\/wp\/v2\/comments?post=2726"}],"wp:featuredmedia":[{"embeddable":true,"href":"https:\/\/labeltech.ch\/fr\/wp-json\/wp\/v2\/media\/1816"}],"wp:attachment":[{"href":"https:\/\/labeltech.ch\/fr\/wp-json\/wp\/v2\/media?parent=2726"}],"wp:term":[{"taxonomy":"product_brand","embeddable":true,"href":"https:\/\/labeltech.ch\/fr\/wp-json\/wp\/v2\/product_brand?post=2726"},{"taxonomy":"product_cat","embeddable":true,"href":"https:\/\/labeltech.ch\/fr\/wp-json\/wp\/v2\/product_cat?post=2726"},{"taxonomy":"product_tag","embeddable":true,"href":"https:\/\/labeltech.ch\/fr\/wp-json\/wp\/v2\/product_tag?post=2726"}],"curies":[{"name":"wp","href":"https:\/\/api.w.org\/{rel}","templated":true}]}}