{"id":2733,"date":"2019-07-29T13:05:09","date_gmt":"2019-07-29T11:05:09","guid":{"rendered":"https:\/\/labeltech.ch\/produkt\/tsc-tc-serie\/"},"modified":"2026-04-17T16:58:19","modified_gmt":"2026-04-17T14:58:19","slug":"tsc-tc-serie","status":"publish","type":"product","link":"https:\/\/labeltech.ch\/fr\/produkt\/tsc-tc-serie\/","title":{"rendered":"S\u00e9rie TSC TC"},"content":{"rendered":"<h2 data-start=\"182\" data-end=\"254\">Imprimantes d&#8217;\u00e9tiquettes TSC s\u00e9rie TC : solutions de bureau de TC200 \u00e0 TC310<\/h2>\n<p data-start=\"256\" data-end=\"951\">La s\u00e9rie TSC TC propose des imprimantes de bureau \u00e0 transfert thermique tr\u00e8s performantes, con\u00e7ues pour \u00eatre polyvalentes, fiables et pour imprimer des \u00e9tiquettes de mani\u00e8re efficace. Les mod\u00e8les TC200, TC210, TC300 et TC310 sont particuli\u00e8rement adapt\u00e9s aux entreprises de vente au d\u00e9tail, de logistique et de production qui ont besoin d&#8217;un marquage rapide et pr\u00e9cis. Ces imprimantes de bureau sont capables d&#8217;imprimer des \u00e9tiquettes, des tags ou des re\u00e7us d&#8217;une largeur de 4 pouces et peuvent atteindre une vitesse d&#8217;impression de 6 ips (152 mm\/s). Elles conviennent donc aussi bien aux petits qu&#8217;aux moyens volumes d&#8217;impression et garantissent un flux de travail continu et sans interruption.   <\/p>\n<h2 data-start=\"958\" data-end=\"996\">Puissance et m\u00e9moire de la s\u00e9rie TSC TC<\/h2>\n<p data-start=\"998\" data-end=\"1603\">La s\u00e9rie TC se caract\u00e9rise par une vitesse d&#8217;impression \u00e9lev\u00e9e, un mat\u00e9riel robuste et des performances fiables. M\u00eame les travaux d&#8217;impression volumineux peuvent \u00eatre facilement r\u00e9alis\u00e9s avec une m\u00e9moire standard de 128 Mo de Flash et 64 Mo de SDRAM. Gr\u00e2ce \u00e0 leur compatibilit\u00e9 avec diff\u00e9rents rouleaux, types et codes d&#8217;\u00e9tiquettes, les appareils peuvent \u00eatre utilis\u00e9s de mani\u00e8re polyvalente, des \u00e9tiquettes d&#8217;exp\u00e9dition et d&#8217;entrep\u00f4t aux \u00e9tiquettes de produits, panneaux et re\u00e7us, en passant par les \u00e9tiquettes \u00e0 codes \u00e0 barres. Gr\u00e2ce \u00e0 leur bo\u00eetier robuste, les imprimantes sont durables et fiables, m\u00eame en cas d&#8217;utilisation intensive.   <\/p>\n<h2 data-start=\"1610\" data-end=\"1661\">Facilit\u00e9 d&#8217;utilisation et design compact<\/h2>\n<p data-start=\"1663\" data-end=\"2204\">La conception pliable de bureau des imprimantes de la s\u00e9rie TC permet de changer rapidement les rouleaux d&#8217;\u00e9tiquettes et les films \u00e0 transfert thermique. La conception compacte permet d&#8217;\u00e9conomiser de l&#8217;espace et d&#8217;am\u00e9liorer la convivialit\u00e9. Il en r\u00e9sulte en outre un r\u00e9el gain de temps. Les appareils sont conviviaux, construits de mani\u00e8re stable et con\u00e7us pour une grande fiabilit\u00e9 dans le travail quotidien. Ils sont donc parfaitement adapt\u00e9s aux travaux dans des endroits o\u00f9 l&#8217;espace est limit\u00e9 et o\u00f9 la rapidit\u00e9 et l&#8217;efficacit\u00e9 sont essentielles.    <\/p>\n<h2 data-start=\"2211\" data-end=\"2246\">Mise en r\u00e9seau et interfaces<\/h2>\n<p data-start=\"2248\" data-end=\"2859\">Les imprimantes TC sont dot\u00e9es d&#8217;interfaces modernes telles que l&#8217;USB 2.0, le port parall\u00e8le et le RS-232, ainsi que d&#8217;un module Ethernet interne qui facilite l&#8217;int\u00e9gration dans les r\u00e9seaux existants. De plus, certains mod\u00e8les offrent une connectivit\u00e9 sans fil, ce qui permet des solutions d&#8217;impression flexibles dans diff\u00e9rents environnements de travail. La prise en charge de langages de programmation modernes et la compatibilit\u00e9 avec les syst\u00e8mes de gestion d&#8217;impression d&#8217;entreprise permettent une int\u00e9gration ais\u00e9e dans les syst\u00e8mes informatiques existants et am\u00e9liorent l&#8217;efficacit\u00e9 pour les volumes d&#8217;impression importants.  <\/p>\n<p>En tant que successeur direct dans la ligne de produits de bureau TSC, la <a href=\"https:\/\/labeltech.ch\/fr\/produkt\/serie-tsc-tx\/\" title=\"TSC TX Series - Imprimante d'\u00e9tiquettes de bureau moderne par TSC\">s\u00e9rie TSC TX<\/a> offre des interfaces am\u00e9lior\u00e9es et une qualit\u00e9 de fabrication plus moderne.<\/p>\n<h2 data-start=\"2866\" data-end=\"2902\">Mod\u00e8les de la s\u00e9rie TSC TC<\/h2>\n<p data-start=\"2904\" data-end=\"3417\">Les TC200 et TC210 sont des mod\u00e8les compacts d&#8217;entr\u00e9e de gamme qui conviennent parfaitement aux \u00e9tiquettes standard, aux \u00e9tiquettes d&#8217;exp\u00e9dition et aux applications simples de codes \u00e0 barres. Les TC300 et TC310 pr\u00e9sentent une r\u00e9solution plus \u00e9lev\u00e9e et conviennent aux graphiques complexes, aux codes \u00e0 barres plus d\u00e9taill\u00e9s et aux volumes d&#8217;impression plus importants. La s\u00e9rie TC comprend des appareils qui se distinguent par un bo\u00eetier solide, une vitesse d&#8217;impression \u00e9lev\u00e9e, une facilit\u00e9 d&#8217;utilisation et des performances fiables. Elles sont donc id\u00e9ales pour presque toutes les applications d&#8217;\u00e9tiquetage professionnel.   <\/p>\n<h2 data-start=\"3424\" data-end=\"3462\">Efficacit\u00e9 \u00e9nerg\u00e9tique et d\u00e9veloppement durable<\/h2>\n<p data-start=\"3464\" data-end=\"3840\">Les imprimantes de la s\u00e9rie TC sont certifi\u00e9es ENERGY STAR\u00ae, ce qui leur permet d&#8217;\u00eatre particuli\u00e8rement \u00e9conomes en \u00e9nergie et de r\u00e9duire les co\u00fbts d&#8217;exploitation. Bien que la consommation d&#8217;\u00e9nergie soit faible, la performance d&#8217;impression reste \u00e9lev\u00e9e, ce qui n&#8217;affecte pas la vitesse d&#8217;impression et la fiabilit\u00e9. La s\u00e9rie TC se distingue donc non seulement par ses hautes performances, mais aussi par sa durabilit\u00e9 et sa rentabilit\u00e9.  <\/p>\n<h2 data-start=\"3847\" data-end=\"3873\">Des applications multiples<\/h2>\n<p data-start=\"3875\" data-end=\"4416\">Gr\u00e2ce \u00e0 leur flexibilit\u00e9, ces imprimantes conviennent \u00e0 une grande vari\u00e9t\u00e9 d&#8217;applications d&#8217;\u00e9tiquetage. Dans le commerce de d\u00e9tail, elles sont utilis\u00e9es pour les \u00e9tiquettes de prix, les \u00e9tiquettes de produits et les bons de r\u00e9duction. Dans la logistique, elles simplifient la cr\u00e9ation d&#8217;\u00e9tiquettes d&#8217;exp\u00e9dition et de stockage. Dans la production, elles garantissent un marquage pr\u00e9cis des produits, des emballages ou des composants. Elles r\u00e9pondent \u00e0 tous les besoins d&#8217;impression de bureau et \u00e0 transfert thermique, car elles prennent en charge diff\u00e9rents types d&#8217;\u00e9tiquettes, de labels et de tags.    <\/p>\n<h2 data-start=\"4423\" data-end=\"4431\">S\u00e9rie TSC TC : des solutions de transfert thermique efficaces pour chaque application<\/h2>\n<p data-start=\"4433\" data-end=\"5180\">La s\u00e9rie<a title=\"Voir le site web du fabricant\" href=\"https:\/\/emea.tscprinters.com\/de\" target=\"_blank\" rel=\"noopener noreferrer nofollow\"> TSC<\/a> TC se distingue par sa combinaison de compacit\u00e9, de bo\u00eetier robuste, de volume d&#8217;impression \u00e9lev\u00e9, de design \u00e0 clapet, d&#8217;Ethernet et de m\u00e9moire int\u00e9gr\u00e9e (128 Mo Flash, 64 Mo SDRAM). Les mod\u00e8les TC200, TC210, TC300 et TC310 offrent une solution adapt\u00e9e \u00e0 chaque application, de l&#8217;\u00e9tiquette standard au code \u00e0 barres complexe. La s\u00e9rie TC est l&#8217;une des solutions d&#8217;impression de bureau et de transfert thermique les plus attrayantes du segment de march\u00e9 en raison de sa fiabilit\u00e9, de sa facilit\u00e9 d&#8217;utilisation, de son efficacit\u00e9 \u00e9nerg\u00e9tique et de son bon rapport qualit\u00e9\/prix. Elle s&#8217;appuie sur des normes \u00e9prouv\u00e9es, telles que la s\u00e9rie TTP-245C, et les associe \u00e0 des am\u00e9liorations contemporaines pour garantir une impression d&#8217;\u00e9tiquettes rapide, pr\u00e9cise et professionnelle.   <\/p>\n<p data-start=\"4433\" data-end=\"5180\">Vous avez des questions ? Vous trouverez plus d&#8217;informations <a title=\"Vers notre contact\" href=\"https:\/\/labeltech.ch\/fr\/contact\/\">ici<\/a>. <\/p>\n","protected":false},"excerpt":{"rendered":"<p>Imprimantes d&#8217;\u00e9tiquettes TSC s\u00e9rie TC : solutions de bureau de  [&#8230;]<\/p>\n","protected":false},"featured_media":1807,"comment_status":"closed","ping_status":"closed","template":"","meta":[],"product_brand":[],"product_cat":[73,104,72],"product_tag":[],"class_list":{"0":"post-2733","1":"product","2":"type-product","3":"status-publish","4":"has-post-thumbnail","6":"product_cat-desktop-fr","7":"product_cat-epson-fr","8":"product_cat-imprimantes","10":"first","11":"instock","12":"shipping-taxable","13":"product-type-external"},"_links":{"self":[{"href":"https:\/\/labeltech.ch\/fr\/wp-json\/wp\/v2\/product\/2733","targetHints":{"allow":["GET"]}}],"collection":[{"href":"https:\/\/labeltech.ch\/fr\/wp-json\/wp\/v2\/product"}],"about":[{"href":"https:\/\/labeltech.ch\/fr\/wp-json\/wp\/v2\/types\/product"}],"replies":[{"embeddable":true,"href":"https:\/\/labeltech.ch\/fr\/wp-json\/wp\/v2\/comments?post=2733"}],"wp:featuredmedia":[{"embeddable":true,"href":"https:\/\/labeltech.ch\/fr\/wp-json\/wp\/v2\/media\/1807"}],"wp:attachment":[{"href":"https:\/\/labeltech.ch\/fr\/wp-json\/wp\/v2\/media?parent=2733"}],"wp:term":[{"taxonomy":"product_brand","embeddable":true,"href":"https:\/\/labeltech.ch\/fr\/wp-json\/wp\/v2\/product_brand?post=2733"},{"taxonomy":"product_cat","embeddable":true,"href":"https:\/\/labeltech.ch\/fr\/wp-json\/wp\/v2\/product_cat?post=2733"},{"taxonomy":"product_tag","embeddable":true,"href":"https:\/\/labeltech.ch\/fr\/wp-json\/wp\/v2\/product_tag?post=2733"}],"curies":[{"name":"wp","href":"https:\/\/api.w.org\/{rel}","templated":true}]}}