{"id":2737,"date":"2019-07-29T13:17:54","date_gmt":"2019-07-29T11:17:54","guid":{"rendered":"https:\/\/labeltech.ch\/produkt\/tsc-tdp-225-serie\/"},"modified":"2025-09-30T13:44:35","modified_gmt":"2025-09-30T11:44:35","slug":"tsc-tdp-225-serie","status":"publish","type":"product","link":"https:\/\/labeltech.ch\/fr\/produkt\/tsc-tdp-225-serie\/","title":{"rendered":"S\u00e9rie TSC TDP-225"},"content":{"rendered":"<h2>Imprimante d&#8217;\u00e9tiquettes TSC s\u00e9rie TDP-225 : Imprimante de bureau thermique directe compacte 203 dpi, USB et Ethernet<\/h2>\n<p data-start=\"445\" data-end=\"843\">La s\u00e9rie TSC TDP-225 associe un format de bureau compact \u00e0 une technologie performante pour l&#8217;impression d&#8217;\u00e9tiquettes. L&#8217;imprimante thermique directe, avec une largeur d&#8217;impression maximale de 60 mm et une r\u00e9solution d&#8217;impression de 203 dpi, est parfaitement adapt\u00e9e \u00e0 une utilisation dans le commerce, la vente au d\u00e9tail, l&#8217;industrie et les administrations, ainsi que dans le secteur de la sant\u00e9. Gr\u00e2ce \u00e0 sa conception compacte, elle peut \u00eatre utilis\u00e9e sans probl\u00e8me dans des environnements de travail \u00e9troits, comme directement aux caisses ou dans de petits entrep\u00f4ts. De plus, l&#8217;imprimante est tr\u00e8s \u00e9conome en \u00e9nergie et a \u00e9t\u00e9 con\u00e7ue pour fonctionner de mani\u00e8re fiable pendant de nombreuses ann\u00e9es sans n\u00e9cessiter de maintenance importante.   <\/p>\n<h2 data-start=\"845\" data-end=\"892\">TDP-225 avec vitesse d&#8217;impression rapide<\/h2>\n<p data-start=\"893\" data-end=\"1228\">L&#8217;imprimante TDP-225 fonctionne \u00e0 une r\u00e9solution de 203 dpi et atteint la vitesse d&#8217;impression de 127 mm\/s. Pour les graphiques haute r\u00e9solution, les logos ou les petits codes \u00e0 barres, la TDP-324 offre une solution \u00e0 300 dpi et 102 mm\/s. Les deux mod\u00e8les sont con\u00e7us pour \u00eatre robustes, fiables et compacts. Gr\u00e2ce \u00e0 une qualit\u00e9 d&#8217;impression constante, m\u00eame les plus petits caract\u00e8res et codes \u00e0 barres sont lisibles avec pr\u00e9cision \u00e0 tout moment. Les utilisateurs qui ont besoin d&#8217;un grand nombre d&#8217;\u00e9tiquettes en peu de temps b\u00e9n\u00e9ficient de la vitesse \u00e9lev\u00e9e dans leur travail quotidien. M\u00eame pour des mises en page d&#8217;\u00e9tiquettes complexes avec des donn\u00e9es variables, une impression sans retard est possible. Cela est particuli\u00e8rement important dans les environnements \u00e0 haut d\u00e9bit.      <\/p>\n<h2 data-start=\"1230\" data-end=\"1278\">Connectivit\u00e9 USB, RS-232 et Ethernet\/LAN<\/h2>\n<p data-start=\"1279\" data-end=\"1674\">La s\u00e9rie TSC TDP-225 est \u00e9quip\u00e9e en standard d&#8217;USB 2.0, RS-232 et d&#8217;un adaptateur Ethernet\/LAN int\u00e9gr\u00e9. Cela permet une int\u00e9gration flexible des imprimantes d&#8217;\u00e9tiquettes dans les syst\u00e8mes existants. Gr\u00e2ce \u00e0 la prise en charge de TSPL-EZ et des \u00e9mulations industrielles courantes comme EPL et ZPL, les appareils sont imm\u00e9diatement compatibles avec les standards de langage Zebra ou Eltron. Il n&#8217;est donc pas n\u00e9cessaire de reprogrammer les applications existantes, ce qui permet une int\u00e9gration transparente des appareils dans les flux de travail existants. Cette polyvalence constitue un avantage d\u00e9cisif, notamment pour les entreprises qui utilisent d\u00e9j\u00e0 diff\u00e9rents syst\u00e8mes d&#8217;impression. La capacit\u00e9 de mise en r\u00e9seau permet en outre un acc\u00e8s simultan\u00e9 depuis plusieurs postes de travail, ce qui augmente encore la productivit\u00e9.     <\/p>\n<h2 data-start=\"1676\" data-end=\"1712\">\u00c9cran LCD pour les messages d&#8217;\u00e9tat<\/h2>\n<p data-start=\"1713\" data-end=\"1984\">L&#8217;\u00e9cran LCD int\u00e9gr\u00e9 permet d&#8217;afficher clairement les messages d&#8217;\u00e9tat et facilite l&#8217;utilisation quotidienne. L&#8217;\u00e9cran LCD en option peut encore am\u00e9liorer le confort, en particulier pour les travaux d&#8217;impression volumineux ou en mode autonome. Dans le stress du travail quotidien, il est particuli\u00e8rement avantageux que les messages d&#8217;erreur ou les indications soient imm\u00e9diatement et clairement visibles, car les probl\u00e8mes tels que les bourrages papier ou le faible stock d&#8217;\u00e9tiquettes peuvent \u00eatre r\u00e9solus plus rapidement. L&#8217;\u00e9cran facilite consid\u00e9rablement l&#8217;utilisation en mode autonome sans PC connect\u00e9, car l&#8217;utilisateur peut effectuer des r\u00e9glages importants directement sur l&#8217;appareil.   <\/p>\n<h2 data-start=\"1986\" data-end=\"2044\">Applications et domaines d&#8217;utilisation de la s\u00e9rie TSC TDP-225<\/h2>\n<p data-start=\"2045\" data-end=\"2468\">Les imprimantes d&#8217;\u00e9tiquettes TSC TDP-225 sont id\u00e9ales pour le marquage des \u00e9tag\u00e8res, les \u00e9tiquettes d&#8217;inventaire, les \u00e9tiquettes d&#8217;exp\u00e9dition et les applications dans les petits entrep\u00f4ts. La conception pliable, le support \u00e0 ressort et la facilit\u00e9 de changement de support permettent d&#8217;utiliser des rouleaux d&#8217;\u00e9tiquettes d&#8217;un diam\u00e8tre ext\u00e9rieur allant jusqu&#8217;\u00e0 127 mm. Le d\u00e9but du support peut \u00eatre identifi\u00e9 de mani\u00e8re fiable par un espace, une marque noire ou une encoche. Cela conf\u00e8re \u00e0 l&#8217;imprimante une flexibilit\u00e9 particuli\u00e8re, car elle peut traiter diff\u00e9rents types d&#8217;\u00e9tiquettes, des simples \u00e9tiquettes en papier aux mat\u00e9riaux sp\u00e9ciaux \u00e0 haute r\u00e9sistance. Les applications typiques sont l&#8217;\u00e9tiquetage de marchandises dans le commerce de d\u00e9tail, les bracelets des patients dans les h\u00f4pitaux ou les \u00e9tiquettes d&#8217;exp\u00e9dition dans le commerce en ligne. La TDP-225 est id\u00e9ale pour les laboratoires et l&#8217;industrie pharmaceutique en raison de sa capacit\u00e9 \u00e0 imprimer avec pr\u00e9cision des \u00e9tiquettes de petite taille.     <\/p>\n<h2 data-start=\"2470\" data-end=\"2513\">M\u00e9moire, performances et syst\u00e8mes d&#8217;exploitation<\/h2>\n<p data-start=\"2514\" data-end=\"2848\">Un puissant processeur de 200 MHz, 4 Mo de m\u00e9moire flash, 8 Mo de SDRAM et un emplacement pour carte MicroSD d&#8217;une capacit\u00e9 maximale de 4 Go garantissent des performances suffisantes pour les travaux d&#8217;impression volumineux. Les imprimantes sont compatibles avec Windows 7, Windows 8, Windows 10, Windows 11 et Windows Server. Des logiciels et des pilotes gratuits sont fournis avec l&#8217;imprimante.  <\/p>\n<h2 data-start=\"2850\" data-end=\"2915\">Imprimante de bureau compacte pour des applications polyvalentes<\/h2>\n<p data-start=\"2916\" data-end=\"3274\">La s\u00e9rie <a title=\"Visitez le site web du fabricant TSC\" href=\"https:\/\/emea.tscprinters.com\/de\" target=\"_blank\" rel=\"noopener noreferrer nofollow\">TSC<\/a> TDP-225 se caract\u00e9rise par son design compact, sa facilit\u00e9 d&#8217;utilisation et ses hautes performances. Les imprimantes d&#8217;\u00e9tiquettes offrent 203 dpi, une sortie rapide en mm\/s, une largeur de support flexible et des connexions USB et Ethernet avanc\u00e9es. Elles constituent la solution id\u00e9ale pour les entreprises qui privil\u00e9gient la fiabilit\u00e9, la robustesse et l&#8217;efficacit\u00e9.  <\/p>\n<p data-start=\"2916\" data-end=\"3274\">Vous avez des questions sur cette imprimante ou sur notre autre gamme de produits ? Nous nous ferons un plaisir de vous r\u00e9pondre personnellement. Contactez-nous <a title=\"Vers notre page de contact\" href=\"https:\/\/labeltech.ch\/fr\/contact\/\">ici<\/a>.  <\/p>\n<p data-start=\"2916\" data-end=\"3274\">\n","protected":false},"excerpt":{"rendered":"<p>Imprimante d&#8217;\u00e9tiquettes TSC s\u00e9rie TDP-225 : Imprimante de bureau thermique  [&#8230;]<\/p>\n","protected":false},"featured_media":1815,"comment_status":"closed","ping_status":"closed","template":"","meta":[],"product_brand":[],"product_cat":[73,72,99],"product_tag":[],"class_list":{"0":"post-2737","1":"product","2":"type-product","3":"status-publish","4":"has-post-thumbnail","6":"product_cat-desktop-fr","7":"product_cat-imprimantes","8":"product_cat-tsc-fr","10":"first","11":"instock","12":"shipping-taxable","13":"product-type-external"},"_links":{"self":[{"href":"https:\/\/labeltech.ch\/fr\/wp-json\/wp\/v2\/product\/2737","targetHints":{"allow":["GET"]}}],"collection":[{"href":"https:\/\/labeltech.ch\/fr\/wp-json\/wp\/v2\/product"}],"about":[{"href":"https:\/\/labeltech.ch\/fr\/wp-json\/wp\/v2\/types\/product"}],"replies":[{"embeddable":true,"href":"https:\/\/labeltech.ch\/fr\/wp-json\/wp\/v2\/comments?post=2737"}],"wp:featuredmedia":[{"embeddable":true,"href":"https:\/\/labeltech.ch\/fr\/wp-json\/wp\/v2\/media\/1815"}],"wp:attachment":[{"href":"https:\/\/labeltech.ch\/fr\/wp-json\/wp\/v2\/media?parent=2737"}],"wp:term":[{"taxonomy":"product_brand","embeddable":true,"href":"https:\/\/labeltech.ch\/fr\/wp-json\/wp\/v2\/product_brand?post=2737"},{"taxonomy":"product_cat","embeddable":true,"href":"https:\/\/labeltech.ch\/fr\/wp-json\/wp\/v2\/product_cat?post=2737"},{"taxonomy":"product_tag","embeddable":true,"href":"https:\/\/labeltech.ch\/fr\/wp-json\/wp\/v2\/product_tag?post=2737"}],"curies":[{"name":"wp","href":"https:\/\/api.w.org\/{rel}","templated":true}]}}