{"id":2746,"date":"2019-07-29T13:14:31","date_gmt":"2019-07-29T11:14:31","guid":{"rendered":"https:\/\/labeltech.ch\/produkt\/tsc-tdp-247-serie\/"},"modified":"2025-09-29T15:43:12","modified_gmt":"2025-09-29T13:43:12","slug":"tsc-tdp-247-serie","status":"publish","type":"product","link":"https:\/\/labeltech.ch\/fr\/produkt\/tsc-tdp-247-serie\/","title":{"rendered":"S\u00e9rie TSC TDP-247"},"content":{"rendered":"<h2 data-start=\"216\" data-end=\"304\">TSC TDP-247 Imprimante d&#8217;\u00e9tiquettes : imprimante de bureau compacte avec USB, Ethernet et RS232<\/h2>\n<p data-start=\"306\" data-end=\"952\">Les imprimantes d&#8217;\u00e9tiquettes thermiques directes de la s\u00e9rie TSC TDP-247 sont consid\u00e9r\u00e9es comme les gagnantes du prix dans leur cat\u00e9gorie en raison de leurs performances \u00e9lev\u00e9es, de leur facilit\u00e9 d&#8217;utilisation et de leur conception compacte. Toutes les imprimantes de bureau de cette s\u00e9rie se distinguent par la vitesse d&#8217;impression la plus \u00e9lev\u00e9e de leur cat\u00e9gorie et des caract\u00e9ristiques de haute r\u00e9solution, combin\u00e9es aux caract\u00e9ristiques exceptionnelles de toute la gamme d&#8217;imprimantes TSC : durabilit\u00e9 et fiabilit\u00e9. Les imprimantes d&#8217;\u00e9tiquettes thermiques directes de la s\u00e9rie TDP-247 offrent une solution d&#8217;impression adapt\u00e9e \u00e0 tous ceux qui souhaitent acheter une imprimante d&#8217;\u00e9tiquettes rapide et fiable.  <\/p>\n<h2 data-start=\"959\" data-end=\"1023\">TSC TDP-247 : imprimante d&#8217;\u00e9tiquettes de bureau rapide 203dpi<\/h2>\n<p data-start=\"1025\" data-end=\"1650\">La s\u00e9rie TDP-247 propose deux mod\u00e8les rapides : la TDP-247 et la TDP-345, id\u00e9ales pour le marquage de produits, l&#8217;exp\u00e9dition, la vente au d\u00e9tail et de nombreuses autres applications d&#8217;\u00e9tiquetage. Le mod\u00e8le TDP-247 est une imprimante de bureau offrant une vitesse d&#8217;impression allant jusqu&#8217;\u00e0 178 mm\/s, une r\u00e9solution de 203 dpi et un format d&#8217;impression de 4 pouces. Le mod\u00e8le TDP-345 offre une r\u00e9solution sup\u00e9rieure de 300 dpi et une vitesse allant jusqu&#8217;\u00e0 127 mm\/s. Cette s\u00e9rie convient donc parfaitement aux utilisateurs qui recherchent la rapidit\u00e9 ou des images imprim\u00e9es particuli\u00e8rement pr\u00e9cises.    <\/p>\n<h2 data-start=\"1657\" data-end=\"1726\">La s\u00e9rie TSC TDP-247 : des imprimantes fiables avec USB et Ethernet<\/h2>\n<p data-start=\"1728\" data-end=\"2209\">Les ports USB, parall\u00e8le et s\u00e9rie sont disponibles en standard sur les deux appareils. Un adaptateur Ethernet en option est \u00e9galement disponible pour permettre l&#8217;int\u00e9gration dans n&#8217;importe quel r\u00e9seau. En plus de l&#8217;USB, du RS-232 et du port parall\u00e8le, cette interface garantit que les imprimantes s&#8217;int\u00e8grent facilement dans toute application. Un clavier individuel est \u00e9galement disponible, ainsi que des accessoires tels que des unit\u00e9s de coupe.   <\/p>\n<h2 data-start=\"2216\" data-end=\"2278\">TSC TDP-247 avec interface s\u00e9rie (RS-232) et USB<\/h2>\n<p data-start=\"2280\" data-end=\"2809\">La conception de la charni\u00e8re centrale est \u00e9galement un point fort. Cette conception facilite le chargement, ce qui permet de changer rapidement et facilement les rouleaux d&#8217;\u00e9tiquettes. L&#8217;imprimante peut accepter un grand rouleau de support et d\u00e9tecte automatiquement le d\u00e9but du support \u00e0 l&#8217;aide d&#8217;un capteur d&#8217;espace, d&#8217;un marqueur noir ou d&#8217;une encoche. L&#8217;impression d&#8217;\u00e9tiquettes est ainsi particuli\u00e8rement efficace. Gr\u00e2ce \u00e0 son design compact, cette s\u00e9rie convient \u00e9galement aux espaces restreints, tels que les petits bureaux ou les comptoirs de vente au d\u00e9tail.    <\/p>\n<h2 data-start=\"2816\" data-end=\"2865\">Qualit\u00e9 d&#8217;impression 203 dpi pour des \u00e9tiquettes pr\u00e9cises<\/h2>\n<p data-start=\"2867\" data-end=\"3386\">Les caract\u00e9ristiques techniques sont \u00e9galement convaincantes. Un processeur de 200 M Hz, 4 Mo de m\u00e9moire flash, 8 Mo de SDRAM et l&#8217;option d&#8217;extension de la m\u00e9moire \u00e0 4 Go offrent performance et flexibilit\u00e9. M\u00eame les graphiques complexes et les travaux d&#8217;impression volumineux peuvent ainsi \u00eatre trait\u00e9s de mani\u00e8re fiable. Les deux mod\u00e8les prennent en charge les \u00e9mulations industrielles standard, y compris la prise en charge des langues Eltron\u00ae et Zebra\u00ae. Cela signifie que les environnements logiciels existants peuvent souvent \u00eatre r\u00e9utilis\u00e9s sans modification.    <\/p>\n<h2 data-start=\"3393\" data-end=\"3472\">S\u00e9rie TSC TDP-247 compacte : imprimantes de bureau pour l&#8217;exp\u00e9dition et la vente au d\u00e9tail<\/h2>\n<p data-start=\"3474\" data-end=\"3981\">La s\u00e9rie TDP-247 a prouv\u00e9 qu&#8217;elle \u00e9tait adapt\u00e9e \u00e0 une grande vari\u00e9t\u00e9 d&#8217;applications. Elle est parfaite pour l&#8217;\u00e9tiquetage de produits, l&#8217;exp\u00e9dition, l&#8217;\u00e9tiquetage de d\u00e9tail ou l&#8217;utilisation dans les petites entreprises. Dans ce contexte, il est possible de g\u00e9rer de gros volumes d&#8217;impression en proc\u00e9dant \u00e0 7 pouces par seconde. Que ce soit \u00e0 178 mm\/s avec la TDP-247 ou \u00e0 une vitesse inf\u00e9rieure avec plus de d\u00e9tails avec la TDP-345, la s\u00e9rie offre la solution id\u00e9ale pour chaque besoin.   <\/p>\n<p data-start=\"3983\" data-end=\"4433\">Un avantage \u00e9vident est la compatibilit\u00e9 avec les syst\u00e8mes d&#8217;exploitation Windows. L&#8217;installation est simple avec des pilotes pour Windows 7, Windows 8, Windows 10 et Windows 11. Il est \u00e9galement possible d&#8217;utiliser Windows Server, ce qui garantit une int\u00e9gration transparente des imprimantes dans les structures informatiques existantes. Les utilisateurs peuvent se lancer directement et cr\u00e9er des \u00e9tiquettes selon leur propre conception gr\u00e2ce au logiciel d&#8217;\u00e9tiquetage gratuit pour Windows fourni avec l&#8217;imprimante.  <\/p>\n<h2 data-start=\"4440\" data-end=\"4515\">Pourquoi l&#8217;imprimante d&#8217;\u00e9tiquettes TSC TDP-247 est id\u00e9ale pour de nombreuses applications<\/h2>\n<p>La s\u00e9rie TDP-247 de <a title=\"Visitez le site web du fabricant TSC\" href=\"https:\/\/emea.tscprinters.com\/de\" target=\"_blank\" rel=\"noopener noreferrer nofollow\">TSC<\/a> est un excellent choix pour ceux qui recherchent la fiabilit\u00e9, une utilisation intuitive et des options d&#8217;utilisation polyvalentes. Outre leur rapidit\u00e9 et leur efficacit\u00e9, elles se distinguent par leur robustesse et leur \u00e9volutivit\u00e9. Qu&#8217;il s&#8217;agisse d&#8217;une connexion USB, RS232, Ethernet ou parall\u00e8le, les imprimantes offrent un \u00e9quipement complet et donc une flexibilit\u00e9 maximale.  <\/p>\n<p>Les mod\u00e8les TDP-247 et TDP-345 sont d&#8217;excellentes options pour une imprimante d&#8217;\u00e9tiquettes de bureau qui combine une vitesse d&#8217;impression \u00e9lev\u00e9e et des caract\u00e9ristiques de haute r\u00e9solution. Leur durabilit\u00e9 et leur fiabilit\u00e9, leur conception avec remplissage facile, leur large \u00e9ventail d&#8217;applications et l&#8217;option d&#8217;achat en ligne en font un investissement \u00e0 l&#8217;\u00e9preuve du temps pour les entreprises de toutes tailles. <\/p>\n<p>Vous avez des questions sur cette imprimante d&#8217;\u00e9tiquettes ou sur notre gamme de produits ? Nous sommes \u00e0 votre disposition pour r\u00e9pondre \u00e0 vos questions ou vous conseiller personnellement. Contactez-nous simplement <a href=\"https:\/\/labeltech.ch\/fr\/contact\/\">ici<\/a>.  <\/p>\n","protected":false},"excerpt":{"rendered":"<p>TSC TDP-247 Imprimante d&#8217;\u00e9tiquettes : imprimante de bureau compacte avec  [&#8230;]<\/p>\n","protected":false},"featured_media":4530,"comment_status":"closed","ping_status":"closed","template":"","meta":[],"product_brand":[],"product_cat":[73,104,72],"product_tag":[],"class_list":{"0":"post-2746","1":"product","2":"type-product","3":"status-publish","4":"has-post-thumbnail","6":"product_cat-desktop-fr","7":"product_cat-epson-fr","8":"product_cat-imprimantes","10":"first","11":"instock","12":"shipping-taxable","13":"product-type-external"},"_links":{"self":[{"href":"https:\/\/labeltech.ch\/fr\/wp-json\/wp\/v2\/product\/2746","targetHints":{"allow":["GET"]}}],"collection":[{"href":"https:\/\/labeltech.ch\/fr\/wp-json\/wp\/v2\/product"}],"about":[{"href":"https:\/\/labeltech.ch\/fr\/wp-json\/wp\/v2\/types\/product"}],"replies":[{"embeddable":true,"href":"https:\/\/labeltech.ch\/fr\/wp-json\/wp\/v2\/comments?post=2746"}],"wp:featuredmedia":[{"embeddable":true,"href":"https:\/\/labeltech.ch\/fr\/wp-json\/wp\/v2\/media\/4530"}],"wp:attachment":[{"href":"https:\/\/labeltech.ch\/fr\/wp-json\/wp\/v2\/media?parent=2746"}],"wp:term":[{"taxonomy":"product_brand","embeddable":true,"href":"https:\/\/labeltech.ch\/fr\/wp-json\/wp\/v2\/product_brand?post=2746"},{"taxonomy":"product_cat","embeddable":true,"href":"https:\/\/labeltech.ch\/fr\/wp-json\/wp\/v2\/product_cat?post=2746"},{"taxonomy":"product_tag","embeddable":true,"href":"https:\/\/labeltech.ch\/fr\/wp-json\/wp\/v2\/product_tag?post=2746"}],"curies":[{"name":"wp","href":"https:\/\/api.w.org\/{rel}","templated":true}]}}