{"id":2754,"date":"2019-07-29T13:08:46","date_gmt":"2019-07-29T11:08:46","guid":{"rendered":"https:\/\/labeltech.ch\/produkt\/tsc-ttp-225-serie\/"},"modified":"2026-04-17T16:58:24","modified_gmt":"2026-04-17T14:58:24","slug":"tsc-ttp-225-serie","status":"publish","type":"product","link":"https:\/\/labeltech.ch\/fr\/produkt\/tsc-ttp-225-serie\/","title":{"rendered":"S\u00e9rie TSC TTP-225"},"content":{"rendered":"<h2>S\u00e9rie TSC TTP-225 &#8211; Imprimante d&#8217;\u00e9tiquettes de bureau compacte avec de fortes performances dans un espace r\u00e9duit<\/h2>\n<p>La s\u00e9rie TSC TTP-225 est le choix id\u00e9al pour tous ceux qui recherchent une imprimante d&#8217;\u00e9tiquettes de bureau \u00e0 la fois puissante et compacte pour des applications exigeantes. Que ce soit dans le commerce de d\u00e9tail, l&#8217;administration ou le secteur de la sant\u00e9, la TSC TTP-225 se distingue par sa facilit\u00e9 d&#8217;utilisation, son efficacit\u00e9 et sa technologie fiable. Avec une vitesse d&#8217;impression maximale de 127 mm par seconde, une r\u00e9solution d&#8217;impression de 203dpi et 300dpi et des caract\u00e9ristiques telles que l&#8217;USB 2.0 et le port s\u00e9rie, elles offrent tout ce dont les applications d&#8217;impression modernes ont besoin.  <\/p>\n<h2>TSC TTP-225 compacte, pr\u00e9cise et rapide &#8211; adapt\u00e9e \u00e0 de multiples applications<\/h2>\n<p>Avec une largeur d&#8217;impression maximale de 54 mm, la TSC TTP-225 est id\u00e9ale pour les \u00e9tiquettes \u00e9troites et le marquage de produits. Gr\u00e2ce \u00e0 la fiabilit\u00e9 de la technologie thermique directe et du transfert thermique en option, elle garantit une impression nette et durable. L&#8217;impression s&#8217;effectue \u00e0 une vitesse pouvant atteindre 127 mm par seconde, ce qui est exceptionnel pour une imprimante d&#8217;\u00e9tiquettes de cette cat\u00e9gorie. Le choix entre 203dpi et 300dpi permet de s&#8217;adapter avec pr\u00e9cision \u00e0 chaque application, qu&#8217;il s&#8217;agisse de simples codes \u00e0 barres ou d&#8217;impressions d&#8217;\u00e9tiquettes d\u00e9taill\u00e9es avec des logos ou de petites polices.   <\/p>\n<h2>Conception pliable facile \u00e0 utiliser avec porte-\u00e9tiquette \u00e0 ressort<\/h2>\n<p>L&#8217;imprimante d&#8217;\u00e9tiquettes TSC TTP-225 ne marque pas seulement des points avec une technologie puissante, mais aussi avec un design intelligent \u00e0 charni\u00e8re qui rend le changement d&#8217;\u00e9tiquettes et de film particuli\u00e8rement facile. Le porte-\u00e9tiquette mont\u00e9 sur ressort assure une tension optimale et un transport stable des \u00e9tiquettes, m\u00eame \u00e0 une fr\u00e9quence d&#8217;impression \u00e9lev\u00e9e. La capacit\u00e9 d&#8217;\u00e9tiquettes peut atteindre \u00d8127 mm, ce qui prolonge le fonctionnement en cours et minimise les temps d&#8217;arr\u00eat. La capacit\u00e9 de film de 90 m offre en outre une couverture suffisante pour les volumes d&#8217;impression courants dans les activit\u00e9s quotidiennes.   <\/p>\n<h2>Int\u00e9gration facile gr\u00e2ce \u00e0 l&#8217;USB et au port s\u00e9rie<\/h2>\n<p>L&#8217;imprimante d&#8217;\u00e9tiquettes TSC TTP-225 s&#8217;int\u00e8gre facilement dans les syst\u00e8mes existants gr\u00e2ce \u00e0 l&#8217;USB 2.0 et \u00e0 l&#8217;interface s\u00e9rie. Le clavier en option ou un \u00e9cran LCD int\u00e9gr\u00e9 permettent d&#8217;ex\u00e9cuter des commandes d&#8217;impression sans acc\u00e8s direct \u00e0 un PC &#8211; id\u00e9al pour les solutions autonomes ou les postes de travail limit\u00e9s. <\/p>\n<p>En tant qu&#8217;\u00e9volution de la s\u00e9rie TTP, la <a href=\"https:\/\/labeltech.ch\/fr\/produkt\/serie-tsc-tx\/\" title=\"S\u00e9rie TSC TX - Imprimante d'\u00e9tiquettes de bureau de derni\u00e8re g\u00e9n\u00e9ration\">s\u00e9rie TSC TX<\/a> est recommand\u00e9e pour les nouvelles acquisitions, avec une m\u00e9canique r\u00e9vis\u00e9e et une connectivit\u00e9 USB\/LAN standard.<\/p>\n<h2>Une puissance compacte avec de nombreuses fonctionnalit\u00e9s<\/h2>\n<p>Les mod\u00e8les de la s\u00e9rie TTP-225 offrent des performances \u00e9lev\u00e9es malgr\u00e9 leur taille compacte : la m\u00e9moire flash de 4 Mo et la m\u00e9moire interne permettent d&#8217;enregistrer durablement des mises en page d&#8217;\u00e9tiquettes, des polices ou des logos. C&#8217;est particuli\u00e8rement utile lorsque des mod\u00e8les r\u00e9currents doivent \u00eatre imprim\u00e9s r\u00e9guli\u00e8rement. Le logiciel d&#8217;\u00e9tiquetage et le pilote Windows gratuits facilitent l&#8217;installation et l&#8217;utilisation intuitive de l&#8217;imprimante permet une utilisation quotidienne sans probl\u00e8me. Gr\u00e2ce \u00e0 sa conception innovante et conviviale, cette imprimante convient \u00e9galement aux espaces restreints et aux applications vari\u00e9es.   <\/p>\n<p>L&#8217;imprimante est facile \u00e0 utiliser gr\u00e2ce \u00e0 son design \u00e0 charni\u00e8re, sa grande capacit\u00e9 de support (127 mm de diam\u00e8tre ext\u00e9rieur), son alignement central et sa vitesse d&#8217;impression rapide de 127 mm par seconde. Il vous suffit d&#8217;ouvrir le capot et de placer vos \u00e9tiquettes sur le support \u00e0 ressort. La d\u00e9tection du d\u00e9but du support par capteur d&#8217;espace, marque noire ou encoche est standard et le capteur de marque noire est enti\u00e8rement r\u00e9glable.  <\/p>\n<p>La TTP-225 offre une \u00e9lectronique avanc\u00e9e avec un processeur de 200 MHz, une m\u00e9moire standard de 4 Mo FLASH, 8 Mo SDRAM et un emplacement de carte pour une extension de m\u00e9moire MicroSD FLASH jusqu&#8217;\u00e0 4 Go. L&#8217;imprimante prend en charge les \u00e9mulations industrielles standard &#8216;out of the box&#8217;, y compris la prise en charge des langues Eltron\u00ae et Zebra\u00ae. <\/p>\n<p>L&#8217;imprimante d&#8217;\u00e9tiquettes TSC TTP-225 est donc la solution parfaite pour tous ceux qui recherchent une imprimante d&#8217;\u00e9tiquettes compacte, mais rapide et performante. Avec ses 203 DPI ou, au choix, 300 DPI, elle imprime des \u00e9tiquettes, des logos ou des bracelets d&#8217;une grande nettet\u00e9, tout en ayant une capacit\u00e9 de film de 90 m, ce qui correspond \u00e0 un volume d&#8217;impression courant dans le travail quotidien. Parfait pour ceux qui souhaitent traiter leurs travaux rapidement !  <\/p>\n<h2>TSC Printronix Auto ID<\/h2>\n<p>TSC Printronix Auto ID est un leader mondial dans le d\u00e9veloppement et la fourniture de solutions innovantes d&#8217;impression thermique, d&#8217;identification automatique, de capture de donn\u00e9es et d&#8217;impression d&#8217;\u00e9tiquettes thermiques. <a title=\"Visitez le site web du fabricant TSC\" href=\"https:\/\/emea.tscprinters.com\/de\" target=\"_blank\" rel=\"noopener noreferrer nofollow\">TSC<\/a> propose des imprimantes de bureau \u00e9conomiques pour des solutions industrielles puissantes, y compris des imprimantes mobiles robustes. Printronix Auto ID propose des applications haut de gamme au niveau de l&#8217;entreprise avec un choix de fonctionnalit\u00e9s haut de gamme, y compris l&#8217;encodage RFID et la v\u00e9rification int\u00e9gr\u00e9e des codes \u00e0 barres. Fond\u00e9e en 1991, la soci\u00e9t\u00e9 poss\u00e8de des usines certifi\u00e9es ISO et des bureaux dans le monde entier, au service de clients dans plus de 100 pays.  <\/p>\n<p>Vous avez des questions sur cette imprimante ou sur nos autres produits ? Nous nous ferons un plaisir de vous conseiller ou de r\u00e9pondre \u00e0 vos questions. Contactez-nous <a href=\"https:\/\/labeltech.ch\/fr\/contact\/\">ici<\/a>.  <\/p>\n","protected":false},"excerpt":{"rendered":"<p>S\u00e9rie TSC TTP-225 &#8211; Imprimante d&#8217;\u00e9tiquettes de bureau compacte avec  [&#8230;]<\/p>\n","protected":false},"featured_media":1810,"comment_status":"closed","ping_status":"closed","template":"","meta":[],"product_brand":[],"product_cat":[73,104,72],"product_tag":[],"class_list":{"0":"post-2754","1":"product","2":"type-product","3":"status-publish","4":"has-post-thumbnail","6":"product_cat-desktop-fr","7":"product_cat-epson-fr","8":"product_cat-imprimantes","10":"first","11":"instock","12":"shipping-taxable","13":"product-type-external"},"_links":{"self":[{"href":"https:\/\/labeltech.ch\/fr\/wp-json\/wp\/v2\/product\/2754","targetHints":{"allow":["GET"]}}],"collection":[{"href":"https:\/\/labeltech.ch\/fr\/wp-json\/wp\/v2\/product"}],"about":[{"href":"https:\/\/labeltech.ch\/fr\/wp-json\/wp\/v2\/types\/product"}],"replies":[{"embeddable":true,"href":"https:\/\/labeltech.ch\/fr\/wp-json\/wp\/v2\/comments?post=2754"}],"wp:featuredmedia":[{"embeddable":true,"href":"https:\/\/labeltech.ch\/fr\/wp-json\/wp\/v2\/media\/1810"}],"wp:attachment":[{"href":"https:\/\/labeltech.ch\/fr\/wp-json\/wp\/v2\/media?parent=2754"}],"wp:term":[{"taxonomy":"product_brand","embeddable":true,"href":"https:\/\/labeltech.ch\/fr\/wp-json\/wp\/v2\/product_brand?post=2754"},{"taxonomy":"product_cat","embeddable":true,"href":"https:\/\/labeltech.ch\/fr\/wp-json\/wp\/v2\/product_cat?post=2754"},{"taxonomy":"product_tag","embeddable":true,"href":"https:\/\/labeltech.ch\/fr\/wp-json\/wp\/v2\/product_tag?post=2754"}],"curies":[{"name":"wp","href":"https:\/\/api.w.org\/{rel}","templated":true}]}}