{"id":2760,"date":"2019-07-29T13:07:22","date_gmt":"2019-07-29T11:07:22","guid":{"rendered":"https:\/\/labeltech.ch\/produkt\/tsc-ttp-243-pro-serie\/"},"modified":"2026-04-17T16:58:22","modified_gmt":"2026-04-17T14:58:22","slug":"tsc-ttp-243-pro-serie","status":"publish","type":"product","link":"https:\/\/labeltech.ch\/fr\/produkt\/tsc-ttp-243-pro-serie\/","title":{"rendered":"TSC TTP-243 S\u00e9rie Pro"},"content":{"rendered":"<h2>TSC TTP-243 Pro Series : Imprimante d&#8217;\u00e9tiquettes de bureau haute performance<\/h2>\n<p>La s\u00e9rie TSC TTP-243 Pro est l&#8217;un des mod\u00e8les les plus renomm\u00e9s et les plus r\u00e9ussis d&#8217;imprimantes d&#8217;\u00e9tiquettes \u00e0 transfert thermique de bureau. Son m\u00e9lange de performances, de fiabilit\u00e9 et d&#8217;adaptabilit\u00e9 lui a valu une r\u00e9putation d&#8217;imprimante fiable dans sa cat\u00e9gorie, dans l&#8217;industrie, les administrations, le commerce et le bureau. <\/p>\n<h2>Imprimantes TSC compactes et puissantes<\/h2>\n<p>Les imprimantes TSC de la s\u00e9rie TTP-243 Pro sont con\u00e7ues comme des imprimantes d&#8217;\u00e9tiquettes de bureau qui offrent des performances exceptionnelles, m\u00eame dans un format compact. Ce mod\u00e8le de la s\u00e9rie se caract\u00e9rise par une vitesse d&#8217;impression \u00e9lev\u00e9e et une \u00e9lectronique de pointe. L&#8217;imprimante peut traiter de grandes quantit\u00e9s de donn\u00e9es sans perte de vitesse, gr\u00e2ce \u00e0 un processeur 32 bits.  <\/p>\n<h2>Aper\u00e7u de la vitesse et de la r\u00e9solution<\/h2>\n<p>L&#8217;imprimante d&#8217;\u00e9tiquettes TTP-243 Pro peut atteindre des vitesses allant jusqu&#8217;\u00e0 76,2 mm\/s \u00e0 une r\u00e9solution de 203 dpi. Pour les utilisateurs qui ont besoin d&#8217;une r\u00e9solution encore plus \u00e9lev\u00e9e, le deuxi\u00e8me mod\u00e8le de la gamme, la TTP-342 Pro, est id\u00e9al. Il fournit 300 dpi \u00e0 une vitesse allant jusqu&#8217;\u00e0 50,8 mm\/s. Cette s\u00e9rie convient donc aussi bien pour des codes-barres d\u00e9taill\u00e9s que pour des \u00e9tiquettes d&#8217;une grande nettet\u00e9.   <\/p>\n<h2>S\u00e9rie Pro de TSC : flexibilit\u00e9 des \u00e9tiquettes et des supports<\/h2>\n<p>La s\u00e9rie Pro se distingue \u00e9galement par sa grande compatibilit\u00e9 avec les supports. Le m\u00e9canisme int\u00e9gr\u00e9 est adapt\u00e9 aux films \u00e0 transfert thermique de 300 m\u00e8tres de long et aux rouleaux d&#8217;\u00e9tiquettes de grand diam\u00e8tre. Cela permet de traiter facilement des \u00e9tiquettes continues, pr\u00e9d\u00e9coup\u00e9es, encoch\u00e9es, enroul\u00e9es vers l&#8217;ext\u00e9rieur ou avec une marque noire. Gr\u00e2ce \u00e0 cette flexibilit\u00e9, les appareils peuvent \u00eatre utilis\u00e9s pour une multitude d&#8217;applications, de l&#8217;impression d&#8217;\u00e9tiquettes classique aux solutions d&#8217;exp\u00e9dition et de logistique, en passant par l&#8217;identification de produits.   <\/p>\n<h2>M\u00e9moire et \u00e9lectronique en action<\/h2>\n<p>La configuration standard du TTP-243 Pro Series comprend 4 Mo de m\u00e9moire flash et 8 Mo de SDRAM. Un slot pour carte SD en option permet d&#8217;\u00e9tendre la m\u00e9moire jusqu&#8217;\u00e0 4 Go. De nombreux mod\u00e8les d&#8217;impression, polices et logos peuvent ainsi \u00eatre stock\u00e9s directement dans l&#8217;imprimante, ce qui permet de traiter les travaux d&#8217;impression r\u00e9currents de mani\u00e8re particuli\u00e8rement efficace et de gagner du temps. Les donn\u00e9es peuvent \u00eatre stock\u00e9es localement et r\u00e9cup\u00e9r\u00e9es rapidement, sans avoir besoin d&#8217;un p\u00e9riph\u00e9rique externe.   <\/p>\n<h2>Interfaces et extensions pour chaque application<\/h2>\n<p>Gr\u00e2ce \u00e0 leur \u00e9lectronique de pointe, les imprimantes fonctionnent de mani\u00e8re fiable, m\u00eame en cas d&#8217;affluence. Pour un confort d&#8217;utilisation suppl\u00e9mentaire, un clavier avec \u00e9cran est disponible en option, ce qui permet une utilisation ind\u00e9pendante de l&#8217;ordinateur. <\/p>\n<p>Dans l&#8217;utilisation quotidienne, l&#8217;interface est cruciale. Les imprimantes TSC sont \u00e9quip\u00e9es de RS-232 et USB 2.0, ce qui est la norme. En outre, il est possible de commander une carte m\u00e8re avec une interface parall\u00e8le, ce qui est id\u00e9al pour les entreprises qui souhaitent continuer \u00e0 utiliser du mat\u00e9riel ancien.  <\/p>\n<p>La <a href=\"https:\/\/labeltech.ch\/fr\/produkt\/serie-tsc-tx\/\" title=\"S\u00e9rie TSC TX - Successeur de la s\u00e9rie TSC TTP Pro\">s\u00e9rie TSC TX<\/a> est le successeur actuel dans la cat\u00e9gorie des ordinateurs de bureau TSC et offre des performances am\u00e9lior\u00e9es dans le m\u00eame facteur de forme.<\/p>\n<p>Les applications modernes peuvent \u00eatre \u00e9quip\u00e9es d&#8217;extensions en option : un module Bluetooth pour l&#8217;impression sans fil, un m\u00e9canisme de coupe ou un porte-\u00e9tiquette externe. La TTP-243 Pro Series peut ainsi \u00eatre adapt\u00e9e de mani\u00e8re flexible aux besoins individuels. <\/p>\n<h2 data-start=\"2770\" data-end=\"3080\">Facilit\u00e9 d&#8217;utilisation avec le logiciel Windows<\/h2>\n<p data-start=\"2770\" data-end=\"3080\">L&#8217;imprimante est livr\u00e9e avec des pilotes pour Windows\u00ae et un logiciel d&#8217;\u00e9tiquetage gratuit. Ce dernier permet une conception rapide et facile des \u00e9tiquettes. La s\u00e9rie prend \u00e9galement en charge les langages d&#8217;impression TSPL et TPLE (Translation Printer Language Eltron\u00ae), ce qui permet une int\u00e9gration facile des appareils dans les syst\u00e8mes existants. De cette mani\u00e8re, les entreprises peuvent int\u00e9grer l&#8217;imprimante de mani\u00e8re flexible dans leur flux de travail et profiter d&#8217;une grande compatibilit\u00e9 avec diff\u00e9rentes solutions logicielles.   <\/p>\n<h2 data-start=\"2770\" data-end=\"3080\">Domaines d&#8217;application dans l&#8217;industrie et les administrations<\/h2>\n<p data-start=\"2770\" data-end=\"3080\">La s\u00e9rie TTP-243 Pro est utilis\u00e9e dans l&#8217;industrie, les administrations, le commerce de d\u00e9tail et la logistique. L&#8217;imprimante d&#8217;\u00e9tiquettes \u00e0 transfert thermique de bureau permet de cr\u00e9er des \u00e9tiquettes et des codes \u00e0 barres pour les envois, les produits ou les documents. L&#8217;imprimante d&#8217;\u00e9tiquettes TTP-243 Pro est m\u00eame utilis\u00e9e dans le secteur de la sant\u00e9. Les appareils TTP-243 Pro Series sont disponibles en ligne aupr\u00e8s de partenaires tels que Labeltech AG.   <\/p>\n<h2 data-start=\"2770\" data-end=\"3080\">Extension avec les mod\u00e8les Plus<\/h2>\n<p data-start=\"2770\" data-end=\"3080\">En plus de la s\u00e9rie <a title=\"Visitez le site web du fabricant TSC\" href=\"https:\/\/emea.tscprinters.com\/de\" target=\"_blank\" rel=\"noopener noreferrer nofollow\">TSC<\/a> TTP-243 Pro classique, d&#8217;autres mod\u00e8les sont disponibles, comme la TTP-247, qui offrent des caract\u00e9ristiques de performance suppl\u00e9mentaires. Ces variantes avec une vitesse encore plus \u00e9lev\u00e9e et un design avanc\u00e9 s&#8217;adressent aux utilisateurs qui misent sur une augmentation de la productivit\u00e9. En plus d&#8217;une vitesse d&#8217;impression plus \u00e9lev\u00e9e, ils offrent des options de stockage \u00e9tendues, une connectivit\u00e9 am\u00e9lior\u00e9e et des interfaces suppl\u00e9mentaires qui permettent une utilisation plus flexible dans diff\u00e9rents environnements de travail. Les mod\u00e8les Plus conviennent parfaitement aux entreprises qui doivent r\u00e9guli\u00e8rement imprimer de grandes quantit\u00e9s d&#8217;\u00e9tiquettes, car ils acc\u00e9l\u00e8rent le flux de travail, augmentent l&#8217;efficacit\u00e9 et permettent une int\u00e9gration ais\u00e9e dans les environnements syst\u00e8me existants. Gr\u00e2ce \u00e0 ces fonctionnalit\u00e9s avanc\u00e9es, la gamme offre une solution puissante pour les t\u00e2ches d&#8217;impression d&#8217;\u00e9tiquettes les plus exigeantes.    <\/p>\n<p data-start=\"2770\" data-end=\"3080\">Vous avez des questions sur ce produit ou sur le reste de notre gamme ? Nous sommes \u00e0 votre disposition pour vous conseiller ou r\u00e9pondre \u00e0 vos questions. Contactez-nous <a href=\"https:\/\/labeltech.ch\/fr\/contact\/\">ici<\/a>.  <\/p>\n","protected":false},"excerpt":{"rendered":"<p>TSC TTP-243 Pro Series : Imprimante d&#8217;\u00e9tiquettes de bureau haute  [&#8230;]<\/p>\n","protected":false},"featured_media":1809,"comment_status":"closed","ping_status":"closed","template":"","meta":[],"product_brand":[],"product_cat":[73,104,72],"product_tag":[],"class_list":{"0":"post-2760","1":"product","2":"type-product","3":"status-publish","4":"has-post-thumbnail","6":"product_cat-desktop-fr","7":"product_cat-epson-fr","8":"product_cat-imprimantes","10":"first","11":"instock","12":"shipping-taxable","13":"product-type-external"},"_links":{"self":[{"href":"https:\/\/labeltech.ch\/fr\/wp-json\/wp\/v2\/product\/2760","targetHints":{"allow":["GET"]}}],"collection":[{"href":"https:\/\/labeltech.ch\/fr\/wp-json\/wp\/v2\/product"}],"about":[{"href":"https:\/\/labeltech.ch\/fr\/wp-json\/wp\/v2\/types\/product"}],"replies":[{"embeddable":true,"href":"https:\/\/labeltech.ch\/fr\/wp-json\/wp\/v2\/comments?post=2760"}],"wp:featuredmedia":[{"embeddable":true,"href":"https:\/\/labeltech.ch\/fr\/wp-json\/wp\/v2\/media\/1809"}],"wp:attachment":[{"href":"https:\/\/labeltech.ch\/fr\/wp-json\/wp\/v2\/media?parent=2760"}],"wp:term":[{"taxonomy":"product_brand","embeddable":true,"href":"https:\/\/labeltech.ch\/fr\/wp-json\/wp\/v2\/product_brand?post=2760"},{"taxonomy":"product_cat","embeddable":true,"href":"https:\/\/labeltech.ch\/fr\/wp-json\/wp\/v2\/product_cat?post=2760"},{"taxonomy":"product_tag","embeddable":true,"href":"https:\/\/labeltech.ch\/fr\/wp-json\/wp\/v2\/product_tag?post=2760"}],"curies":[{"name":"wp","href":"https:\/\/api.w.org\/{rel}","templated":true}]}}