{"id":2768,"date":"2019-07-29T13:01:00","date_gmt":"2019-07-29T11:01:00","guid":{"rendered":"https:\/\/labeltech.ch\/produkt\/tsc-ttp-247-serie\/"},"modified":"2026-04-17T16:58:15","modified_gmt":"2026-04-17T14:58:15","slug":"tsc-ttp-247-serie","status":"publish","type":"product","link":"https:\/\/labeltech.ch\/fr\/produkt\/tsc-ttp-247-serie\/","title":{"rendered":"S\u00e9rie TSC TTP-247"},"content":{"rendered":"<h2 data-start=\"518\" data-end=\"583\">TSC TTP-247 Series : Imprimante d&#8217;\u00e9tiquettes de bureau 203 dpi avec Ethernet, TSPL-EZ<\/h2>\n<p data-start=\"585\" data-end=\"1085\">La s\u00e9rie TSC TTP-247 comprend des imprimantes d&#8217;\u00e9tiquettes robustes con\u00e7ues pour les entreprises qui recherchent la rapidit\u00e9, la pr\u00e9cision et la fiabilit\u00e9. Il s&#8217;agit d&#8217;une imprimante de bureau \u00e0 transfert thermique compacte et puissante qui offre une efficacit\u00e9 maximale \u00e0 un prix attractif. La s\u00e9rie TSC TTP-247 combine en un seul appareil une m\u00e9canique robuste, des interfaces polyvalentes et un design convivial, ce qui la rend adapt\u00e9e \u00e0 une utilisation commerciale et industrielle.  <\/p>\n<h2 data-start=\"1087\" data-end=\"1139\">Imprimante de bureau haute performance<\/h2>\n<p data-start=\"1141\" data-end=\"1643\">Avec une vitesse d&#8217;impression pouvant atteindre 177,8 mm\/s et une r\u00e9solution de 203 dpi, la TSC TTP-247 est une imprimante tr\u00e8s performante. La TTP-345, le deuxi\u00e8me mod\u00e8le de la s\u00e9rie, permet une impression haute r\u00e9solution de 300 dpi \u00e0 une vitesse de 127 mm\/s. Les deux mod\u00e8les sont \u00e9quip\u00e9s de 8 Mo de SDRAM et de 4 Mo de m\u00e9moire flash. Un lecteur de carte SDHC int\u00e9gr\u00e9 \u00e0 la carte m\u00e8re permet d&#8217;\u00e9tendre la m\u00e9moire flash afin de traiter facilement les gros travaux d&#8217;impression.   <\/p>\n<h2 data-start=\"1645\" data-end=\"1696\">Impression \u00e0 203dpi<\/h2>\n<p data-start=\"1698\" data-end=\"2280\">La s\u00e9rie TTP-247 est \u00e9quip\u00e9e d&#8217;interfaces USB 2.0, parall\u00e8le et s\u00e9rie, une interface Ethernet \u00e9tant disponible en option. Cela permet de l&#8217;utiliser dans une grande vari\u00e9t\u00e9 d&#8217;environnements. L&#8217;imprimante de bureau s&#8217;int\u00e8gre facilement dans les syst\u00e8mes existants via le port s\u00e9rie RS-232 ou USB 2.0. Le langage de commande d&#8217;imprimante TSPL-EZ\u00ae est compatible avec d&#8217;autres langages de commande d&#8217;imprimante et offre les langages de traduction d&#8217;imprimante TPLE et TPLZ, ce qui permet de traiter avec pr\u00e9cision chaque format d&#8217;\u00e9tiquette envoy\u00e9 \u00e0 l&#8217;imprimante.   <\/p>\n<h2 data-start=\"2282\" data-end=\"2326\">Impression rapide<\/h2>\n<p data-start=\"2328\" data-end=\"3077\">L&#8217;imprimante est facile \u00e0 utiliser gr\u00e2ce \u00e0 sa conception \u00e0 clapet conviviale. Le chargement du film d&#8217;impression, des films d&#8217;impression m\u00e9triques et des rouleaux d&#8217;\u00e9tiquettes est extr\u00eamement simple. Le m\u00e9canisme le plus robuste garantit une longue dur\u00e9e de vie et r\u00e9duit le bruit pendant le fonctionnement. Les films d&#8217;impression ont une capacit\u00e9 d&#8217;accueil de 300 m\u00e8tres lin\u00e9aires, ce qui est plus de quatre fois sup\u00e9rieur \u00e0 la norme industrielle pour les imprimantes de bureau. L&#8217;imprimante peut \u00e9galement g\u00e9rer facilement des rouleaux d&#8217;\u00e9tiquettes d&#8217;un diam\u00e8tre ext\u00e9rieur allant jusqu&#8217;\u00e0 127 mm. Un porte-rouleau d&#8217;\u00e9tiquettes en option permet d&#8217;utiliser des rouleaux d&#8217;\u00e9tiquettes de plus grand diam\u00e8tre ext\u00e9rieur, ce qui permet d&#8217;effectuer des travaux d&#8217;impression volumineux sans interruption.     <\/p>\n<p>La <a href=\"https:\/\/labeltech.ch\/fr\/produkt\/serie-tsc-tx\/\" title=\"TSC TX Series - Imprimante d'\u00e9tiquettes de bureau moderne\">s\u00e9rie TSC TX<\/a> est la derni\u00e8re g\u00e9n\u00e9ration d&#8217;imprimantes de bureau \u00e0 transfert thermique TSC.<\/p>\n<h2 data-start=\"3079\" data-end=\"3128\">Imprimante de bureau avec USB 2.0, Ethernet et TSPL-EZ<\/h2>\n<p data-start=\"3130\" data-end=\"3656\">La TTP-247 et la TTP-345 se distinguent par une vitesse d&#8217;impression plus \u00e9lev\u00e9e, des fonctionnalit\u00e9s suppl\u00e9mentaires et la m\u00e9canique la plus robuste de leur cat\u00e9gorie. De plus, le logiciel d&#8217;impression TSPL-EZ\u00ae inclut des polices internes True Type gr\u00e2ce au gestionnaire de polices Monotype\u00ae, qui n&#8217;est normalement disponible que sur des imprimantes plus co\u00fbteuses. Les imprimantes traduisent tous les formats et les impriment de mani\u00e8re fiable, ce qui les rend particuli\u00e8rement flexibles pour diverses applications de codes \u00e0 barres et d&#8217;\u00e9tiquettes.  <\/p>\n<h2 data-start=\"3658\" data-end=\"3700\">TSPL-EZ Contr\u00f4leur d&#8217;impression pour la s\u00e9rie TSC TTP-247<\/h2>\n<p data-start=\"3702\" data-end=\"4177\">Les films d&#8217;impression et les rouleaux d&#8217;\u00e9tiquettes de la s\u00e9rie TTP-247 ont une longueur de 300 m\u00e8tres chacun, ce qui permet de g\u00e9rer de gros volumes d&#8217;impression sans avoir \u00e0 les recharger fr\u00e9quemment. L&#8217;imprimante peut utiliser des rouleaux d&#8217;\u00e9tiquettes d&#8217;un diam\u00e8tre ext\u00e9rieur maximal de 127 mm, tandis que le support de rouleau d&#8217;\u00e9tiquettes en option permet d&#8217;utiliser des rouleaux d&#8217;\u00e9tiquettes d&#8217;un diam\u00e8tre maximal de 213,4 mm. L&#8217;imprimante de bureau TSC TTP-247 est donc adapt\u00e9e aux entrep\u00f4ts, \u00e0 la logistique, \u00e0 la vente au d\u00e9tail et \u00e0 la fabrication.   <\/p>\n<h2 data-start=\"4179\" data-end=\"4217\">Imprimante de bureau compacte \u00e0 transfert thermique<\/h2>\n<p data-start=\"141\" data-end=\"1028\">La s\u00e9rie TSC TTP-247 est une sp\u00e9cialiste des syst\u00e8mes de codes \u00e0 barres. Elle offre toutes les conditions n\u00e9cessaires pour une impression efficace : une vitesse d&#8217;impression \u00e9lev\u00e9e, des interfaces flexibles, une utilisation conviviale et l&#8217;option d&#8217;utiliser des films d&#8217;impression de plusieurs m\u00e8tres de long ainsi que des rouleaux d&#8217;\u00e9tiquettes. L&#8217;interface Ethernet en option permet de connecter l&#8217;imprimante \u00e0 des r\u00e9seaux, tandis que les interfaces USB 2.0 et s\u00e9rie permettent une int\u00e9gration facile dans les syst\u00e8mes existants. Gr\u00e2ce \u00e0 ces diverses options, l&#8217;imprimante peut \u00eatre utilis\u00e9e sans probl\u00e8me dans les petites comme dans les grandes entreprises. Sa conception robuste et sa facilit\u00e9 d&#8217;utilisation en font un outil fiable au quotidien. Elle est donc id\u00e9ale pour les environnements qui exigent des performances d&#8217;impression \u00e9lev\u00e9es et constantes.     <\/p>\n<h2 data-start=\"4721\" data-end=\"4767\">TSC TTP-247 Imprimante d&#8217;\u00e9tiquettes : polyvalente &amp; fiable<\/h2>\n<p data-start=\"4769\" data-end=\"5357\">La s\u00e9rie<a title=\"Visitez le site web du fabricant TSC\" href=\"https:\/\/emea.tscprinters.com\/de\" target=\"_blank\" rel=\"noopener noreferrer nofollow\"> TSC<\/a> TTP-247 est une imprimante de bureau \u00e0 transfert thermique extr\u00eamement performante et compacte. Elle est la solution id\u00e9ale pour toutes les entreprises qui ont besoin d&#8217;une imprimante d&#8217;\u00e9tiquettes de bureau fiable : Les deux mod\u00e8les offrent une m\u00e9canique robuste, une dur\u00e9e de vie plus longue et un bruit de fonctionnement r\u00e9duit, ainsi que de grandes capacit\u00e9s de films et d&#8217;\u00e9tiquettes et des interfaces flexibles. La s\u00e9rie TSC TTP-247 est l&#8217;imprimante leader de sa cat\u00e9gorie dans le domaine des imprimantes de bureau \u00e0 transfert thermique compactes, gr\u00e2ce \u00e0 la combinaison de la vitesse, de la pr\u00e9cision et de la facilit\u00e9 d&#8217;utilisation.  <\/p>\n<p data-start=\"4769\" data-end=\"5357\">Vous avez des questions sur cette imprimante ou sur notre autre gamme de produits ? Nous nous ferons un plaisir de vous r\u00e9pondre personnellement. Contactez-nous <a href=\"https:\/\/labeltech.ch\/fr\/contact\/\">ici<\/a>.  <\/p>\n","protected":false},"excerpt":{"rendered":"<p>TSC TTP-247 Series : Imprimante d&#8217;\u00e9tiquettes de bureau 203 dpi  [&#8230;]<\/p>\n","protected":false},"featured_media":1806,"comment_status":"closed","ping_status":"closed","template":"","meta":[],"product_brand":[],"product_cat":[73,104,72],"product_tag":[],"class_list":{"0":"post-2768","1":"product","2":"type-product","3":"status-publish","4":"has-post-thumbnail","6":"product_cat-desktop-fr","7":"product_cat-epson-fr","8":"product_cat-imprimantes","10":"first","11":"instock","12":"shipping-taxable","13":"product-type-external"},"_links":{"self":[{"href":"https:\/\/labeltech.ch\/fr\/wp-json\/wp\/v2\/product\/2768","targetHints":{"allow":["GET"]}}],"collection":[{"href":"https:\/\/labeltech.ch\/fr\/wp-json\/wp\/v2\/product"}],"about":[{"href":"https:\/\/labeltech.ch\/fr\/wp-json\/wp\/v2\/types\/product"}],"replies":[{"embeddable":true,"href":"https:\/\/labeltech.ch\/fr\/wp-json\/wp\/v2\/comments?post=2768"}],"wp:featuredmedia":[{"embeddable":true,"href":"https:\/\/labeltech.ch\/fr\/wp-json\/wp\/v2\/media\/1806"}],"wp:attachment":[{"href":"https:\/\/labeltech.ch\/fr\/wp-json\/wp\/v2\/media?parent=2768"}],"wp:term":[{"taxonomy":"product_brand","embeddable":true,"href":"https:\/\/labeltech.ch\/fr\/wp-json\/wp\/v2\/product_brand?post=2768"},{"taxonomy":"product_cat","embeddable":true,"href":"https:\/\/labeltech.ch\/fr\/wp-json\/wp\/v2\/product_cat?post=2768"},{"taxonomy":"product_tag","embeddable":true,"href":"https:\/\/labeltech.ch\/fr\/wp-json\/wp\/v2\/product_tag?post=2768"}],"curies":[{"name":"wp","href":"https:\/\/api.w.org\/{rel}","templated":true}]}}