{"id":2772,"date":"2019-07-29T12:58:57","date_gmt":"2019-07-29T10:58:57","guid":{"rendered":"https:\/\/labeltech.ch\/produkt\/tsc-tx200-serie\/"},"modified":"2026-04-17T16:58:12","modified_gmt":"2026-04-17T14:58:12","slug":"serie-tsc-tx","status":"publish","type":"product","link":"https:\/\/labeltech.ch\/fr\/produkt\/serie-tsc-tx\/","title":{"rendered":"S\u00e9rie TSC TX"},"content":{"rendered":"<h1>La nouvelle g\u00e9n\u00e9ration d&#8217;imprimantes d&#8217;\u00e9tiquettes haute performance<\/h1>\n<p>La s\u00e9rie TSC TX propose de puissantes imprimantes de codes \u00e0 barres de bureau, sp\u00e9cialement con\u00e7ues pour r\u00e9pondre de mani\u00e8re efficace et fiable \u00e0 une multitude de t\u00e2ches d&#8217;impression exigeantes. Ces appareils avanc\u00e9s conviennent parfaitement aux applications de production, de transport &amp; logistique et de sant\u00e9 et garantissent une qualit\u00e9 \u00e9lev\u00e9e tout en \u00e9tant faciles \u00e0 utiliser. <\/p>\n<h2>Polyvalence et facilit\u00e9 d&#8217;utilisation de la s\u00e9rie TSC TX<\/h2>\n<p>Les imprimantes de la s\u00e9rie TSC TX se distinguent par leur impressionnante facilit\u00e9 d&#8217;utilisation. Le chargement des supports et des films est rapide et facile. Les machines utilisent des films d&#8217;une longueur de 300 m\u00e8tres sur un noyau d&#8217;un pouce, ce qui permet de gagner du temps et de r\u00e9duire les co\u00fbts. De plus, un \u00e9cran LED standard, facile \u00e0 lire, rend l&#8217;utilisation intuitive. Un \u00e9cran LCD couleur est \u00e9galement disponible en option, ce qui am\u00e9liore encore le confort.    <\/p>\n<h2>Vitesse d&#8217;impression puissante et haute r\u00e9solution<\/h2>\n<p>La s\u00e9rie TSC TX se distingue par sa vitesse d&#8217;impression impressionnante, jusqu&#8217;\u00e0 203 mm par seconde. Cela permet de traiter rapidement de gros travaux d&#8217;impression, des \u00e9tiquettes d&#8217;exp\u00e9dition aux \u00e9tiquettes de s\u00e9curit\u00e9 en passant par les petites \u00e9tiquettes d\u00e9coratives d\u00e9taill\u00e9es. Gr\u00e2ce \u00e0 la possibilit\u00e9 d&#8217;imprimer des graphiques et des marquages haute r\u00e9solution jusqu&#8217;\u00e0 600 dpi, la s\u00e9rie TSC TX r\u00e9pond facilement aux besoins les plus exigeants.  <\/p>\n<h2>Conception robuste pour une utilisation durable<\/h2>\n<p>Un bo\u00eetier en plastique \u00e0 double paroi, des charni\u00e8res ADF solides et un moteur hybride de qualit\u00e9 industrielle font de la s\u00e9rie TSC TX une solution robuste et durable pour les environnements de travail exigeants. Cette conception robuste garantit une qualit\u00e9 d&#8217;impression constante et une pr\u00e9cision fiable sur le long terme. <\/p>\n<h2>Multi-connectivit\u00e9 pour une int\u00e9gration optimale<\/h2>\n<p>La s\u00e9rie TSC TX offre une connectivit\u00e9 impressionnante, y compris l&#8217;Ethernet standard et le Wi-Fi 802.11 a\/b\/g\/n\/ac en option avec Bluetooth 4.2 et Bluetooth 5.0 certifi\u00e9 MFi, ce qui permet une int\u00e9gration flexible dans les syst\u00e8mes et r\u00e9seaux existants et assure des processus de travail fluides. <\/p>\n<h2>Des fonctions innovantes pour des r\u00e9sultats d&#8217;impression fiables<\/h2>\n<p>Gr\u00e2ce au m\u00e9canisme TPH avanc\u00e9, la s\u00e9rie TSC TX offre un dispositif de ligne de chauffe qui prend en charge les mat\u00e9riaux les plus divers. Une fonction d&#8217;autodiagnostic appel\u00e9e TPH Care scanne en temps r\u00e9el et d\u00e9tecte les \u00e9ventuelles d\u00e9faillances des points de pression, garantissant ainsi des r\u00e9sultats constants et de qualit\u00e9. <\/p>\n<h2>Gestion dynamique de l&#8217;impression \u00e0 distance<\/h2>\n<p>Les imprimantes de la s\u00e9rie TSC TX prennent en charge la maintenance et la gestion dynamiques \u00e0 distance gr\u00e2ce \u00e0 l&#8217;int\u00e9gration de SOTI Connect via Ethernet ou Wi-Fi. De plus, la puissante Console TSC garantit un contr\u00f4le confortable et efficace de l&#8217;imprimante, ce qui augmente consid\u00e9rablement la productivit\u00e9 et l&#8217;efficacit\u00e9 de vos processus d&#8217;impression. <\/p>\n<p>Pour les besoins industriels avec des volumes d&#8217;impression plus \u00e9lev\u00e9s, la <a href=\"https:\/\/labeltech.ch\/fr\/produkt\/serie-tsc-mh241\/\" title=\"S\u00e9rie TSC MH241 - Imprimante industrielle \u00e0 transfert thermique\">s\u00e9rie TSC MH241<\/a> est l&#8217;\u00e9tape suivante recommand\u00e9e du portefeuille de TSC.<\/p>\n<h2>Des applications polyvalentes pour de nombreux secteurs<\/h2>\n<h3>La s\u00e9rie TSC TX trouve de nombreuses applications dans diff\u00e9rents secteurs :<\/h3>\n<ul>\n<li>Production : marquage des produits, marquage de conformit\u00e9, contr\u00f4le des stocks<\/li>\n<li>Transport et logistique : \u00c9tiquettes d&#8217;exp\u00e9dition et de r\u00e9ception<\/li>\n<li>le secteur de la sant\u00e9 : \u00c9tiquetage d&#8217;\u00e9chantillons, \u00e9tiquetage de m\u00e9dicaments, suivi des patients<\/li>\n<li>La polyvalence de ces imprimantes en fait un choix id\u00e9al pour les entreprises des secteurs les plus divers.<\/li>\n<li>Sp\u00e9cifications techniques de la s\u00e9rie TSC TX<\/li>\n<\/ul>\n<p>La s\u00e9rie TSC TX est disponible en trois mod\u00e8les : TX210 (203 DPI), TX310 (300 DPI) et TX610 (600 DPI). Tous les mod\u00e8les utilisent le transfert thermique et l&#8217;impression thermique directe et offrent des largeurs d&#8217;impression allant jusqu&#8217;\u00e0 108 mm. La longueur d&#8217;impression maximale varie de 2.540 mm pour la TX610 \u00e0 un impressionnant 25.400 mm pour la TX210. <\/p>\n<p>Avec une m\u00e9moire flash de 128 Mo et une m\u00e9moire SDRAM de 128 Mo, ainsi qu&#8217;un emplacement pour carte m\u00e9moire MicroSD permettant d&#8217;\u00e9tendre la m\u00e9moire jusqu&#8217;\u00e0 32 Go, les imprimantes offrent suffisamment d&#8217;espace et de vitesse pour les projets d&#8217;impression \u00e0 grande \u00e9chelle.<\/p>\n<h2>S\u00e9curit\u00e9 et durabilit\u00e9<\/h2>\n<p>La s\u00e9rie TSC TX est conforme \u00e0 toutes les normes de s\u00e9curit\u00e9 pertinentes, telles que FCC classe B, CE classe B, RCM, UL, cUL, T\u00dcV\/Safety, CCC, BIS, EAC et ENERGY STAR\u00ae, et r\u00e9pond aux exigences environnementales telles que RoHS et WEEE. Ces certifications confirment la gestion responsable des ressources et la s\u00e9curit\u00e9 des appareils. <\/p>\n<h2>S\u00e9rie TSC TX : le choix optimal pour vos besoins d&#8217;impression de codes \u00e0 barres<\/h2>\n<p>La s\u00e9rie TSC TX combine robustesse, facilit\u00e9 d&#8217;utilisation, vitesse et pr\u00e9cision en un seul appareil et constitue ainsi la solution optimale pour les besoins professionnels d&#8217;impression de codes \u00e0 barres. Faites confiance \u00e0 la qualit\u00e9 \u00e9prouv\u00e9e et \u00e0 l&#8217;innovation technologique de TSC pour optimiser vos processus d&#8217;impression de mani\u00e8re durable et efficace. <\/p>\n<p>&nbsp;<\/p>\n<ul class=\"csc-bulletlist csc-bulletlist-0\">\n<li class=\"odd\">Largeur d&#8217;impression maximale 108mm<\/li>\n<li class=\"even\">Vitesse d&#8217;impression jusqu&#8217;\u00e0 203mm\/s<\/li>\n<li class=\"odd\">R\u00e9solution 203, 300 ou 600dpi<\/li>\n<li class=\"even\">Capacit\u00e9 du film 300m<\/li>\n<li class=\"odd\">Capacit\u00e9 d&#8217;\u00e9tiquetage jusqu&#8217;\u00e0 \u00d8-127mm<\/li>\n<li class=\"even\">Interfaces : S\u00e9rie, Ethernet interne, USB 2.0 &amp; USB Host<\/li>\n<li class=\"odd\">Conception pliante \u00e0 double paroi facile \u00e0 utiliser<\/li>\n<li class=\"even\">\u00c9cran couleur 3.5&#8243; TFT (standard pour TX600, option pour TX200 &amp; TX300)<\/li>\n<li class=\"odd\">Logiciel d&#8217;\u00e9tiquetage et pilotes gratuits (Windows)<\/li>\n<\/ul>\n","protected":false},"excerpt":{"rendered":"<p>La nouvelle g\u00e9n\u00e9ration d&#8217;imprimantes d&#8217;\u00e9tiquettes haute performance La s\u00e9rie TSC  [&#8230;]<\/p>\n","protected":false},"featured_media":8390,"comment_status":"closed","ping_status":"closed","template":"","meta":[],"product_brand":[],"product_cat":[73,104,72,99],"product_tag":[],"class_list":{"0":"post-2772","1":"product","2":"type-product","3":"status-publish","4":"has-post-thumbnail","6":"product_cat-desktop-fr","7":"product_cat-epson-fr","8":"product_cat-imprimantes","9":"product_cat-tsc-fr","11":"first","12":"instock","13":"shipping-taxable","14":"product-type-external"},"_links":{"self":[{"href":"https:\/\/labeltech.ch\/fr\/wp-json\/wp\/v2\/product\/2772","targetHints":{"allow":["GET"]}}],"collection":[{"href":"https:\/\/labeltech.ch\/fr\/wp-json\/wp\/v2\/product"}],"about":[{"href":"https:\/\/labeltech.ch\/fr\/wp-json\/wp\/v2\/types\/product"}],"replies":[{"embeddable":true,"href":"https:\/\/labeltech.ch\/fr\/wp-json\/wp\/v2\/comments?post=2772"}],"wp:featuredmedia":[{"embeddable":true,"href":"https:\/\/labeltech.ch\/fr\/wp-json\/wp\/v2\/media\/8390"}],"wp:attachment":[{"href":"https:\/\/labeltech.ch\/fr\/wp-json\/wp\/v2\/media?parent=2772"}],"wp:term":[{"taxonomy":"product_brand","embeddable":true,"href":"https:\/\/labeltech.ch\/fr\/wp-json\/wp\/v2\/product_brand?post=2772"},{"taxonomy":"product_cat","embeddable":true,"href":"https:\/\/labeltech.ch\/fr\/wp-json\/wp\/v2\/product_cat?post=2772"},{"taxonomy":"product_tag","embeddable":true,"href":"https:\/\/labeltech.ch\/fr\/wp-json\/wp\/v2\/product_tag?post=2772"}],"curies":[{"name":"wp","href":"https:\/\/api.w.org\/{rel}","templated":true}]}}