{"id":2776,"date":"2019-07-29T14:06:19","date_gmt":"2019-07-29T12:06:19","guid":{"rendered":"https:\/\/labeltech.ch\/produkt\/novexx-64-0x\/"},"modified":"2026-04-17T16:58:44","modified_gmt":"2026-04-17T14:58:44","slug":"novexx-64-0x","status":"publish","type":"product","link":"https:\/\/labeltech.ch\/fr\/produkt\/novexx-64-0x\/","title":{"rendered":"NOVEXX 64-0x"},"content":{"rendered":"<p>Imprimante industrielle r\u00e9sistante et performante<\/p>\n<ul class=\"csc-bulletlist csc-bulletlist-0\">\n<li class=\"odd\">Largeur d&#8217;impression maximale 213mm<\/li>\n<li class=\"even\">Vitesse d&#8217;impression jusqu&#8217;\u00e0 400mm\/s<\/li>\n<li class=\"odd\">R\u00e9solution 203 et 300dpi<\/li>\n<li class=\"even\">Capacit\u00e9 de film 600m<\/li>\n<li class=\"odd\">Capacit\u00e9 d&#8217;\u00e9tiquetage jusqu&#8217;\u00e0 \u00d8-210mm<\/li>\n<li class=\"even\">Interfaces : S\u00e9rie, USB 2.0 &amp; Ethernet interne<\/li>\n<li class=\"odd\">\u00c9conomiseur de film automatique<\/li>\n<li class=\"even\">Pr\u00eat pour la RFID<\/li>\n<li class=\"odd\">Logiciel d&#8217;\u00e9tiquetage et pilotes gratuits (Windows)<\/li>\n<\/ul>\n<p>&nbsp;<\/p>\n<p class=\"bodytext\">La puissante imprimante \u00e0 transfert thermique 64-0x est jusqu&#8217;\u00e0 20 fois plus rapide que ses concurrentes<br \/>et reste donc toujours sur la voie rapide. Qu&#8217;il s&#8217;agisse d&#8217;\u00e9tiquettes de codes \u00e0 barres, d&#8217;\u00e9tiquettes d&#8217;identification ou d&#8217;\u00e9tiquettes de production<br \/>, ce concentr\u00e9 d&#8217;\u00e9nergie infatigable brille \u00e9galement par de nombreuses autres<br \/>caract\u00e9ristiques d\u00e9cisives pour l&#8217;utilisation industrielle continue. <\/p>\n<p>L&#8217;imprimante 64-0x r\u00e9alise tous les travaux d&#8217;impression en haute r\u00e9solution. Il est d&#8217;une pr\u00e9cision impressionnante et d&#8217;une intelligence \u00e9tonnante. Elle \u00e9vite les erreurs en amont, consomme tr\u00e8s peu de film et se distingue par sa simplicit\u00e9 d&#8217;utilisation. En outre, ce concentr\u00e9 de puissance compact est durable et robuste, tout simplement parce qu&#8217;il est fabriqu\u00e9 en Allemagne.   <\/p>\n<p>En tant que successeur modernis\u00e9, le <a href=\"https:\/\/labeltech.ch\/fr\/produkt\/novexx-xlp-60x\/\" title=\"Novexx XLP 60X - Successeur avec la fonction Ribbonspar\">Novexx XLP 60X<\/a> offre une fonction de sauvegarde de ruban int\u00e9gr\u00e9e et des possibilit\u00e9s d&#8217;encodage RFID am\u00e9lior\u00e9es.<\/p>\n<p>Le processeur puissant est au c\u0153ur de l&#8217;\u00e9quipement de s\u00e9rie, compl\u00e9t\u00e9 par une biblioth\u00e8que individuelle de polices et de codes-barres : agrandissement, repr\u00e9sentation bidimensionnelle et rotation pratiquement continue des polices \u00e9volutives sont les caract\u00e9ristiques obligatoires. Si tout cela ne suffit pas, l&#8217;imprimante standard de 8 Mo peut m\u00eame \u00eatre \u00e9tendue \u00e0 32 Mo. Cela permet notamment une plus grande flexibilit\u00e9 en termes de longueur d&#8217;\u00e9tiquette et de vitesse.  <\/p>\n<p>Le 64-0x &#8211; un investissement dans des performances in\u00e9gal\u00e9es<\/p>\n<p>Rapide<br \/>Un transfert de donn\u00e9es \u00e9clair et un syst\u00e8me d&#8217;exploitation multit\u00e2che permettent de gagner beaucoup de temps et d&#8217;imprimer jusqu&#8217;\u00e0 400 mm\/s \u00e0 une r\u00e9solution de 300 ppp.<\/p>\n<p>Intelligent<br \/>Le Dot Check int\u00e9gr\u00e9 signale m\u00eame la d\u00e9faillance d&#8217;un seul point et \u00e9vite ainsi les erreurs de mani\u00e8re absolument fiable.<\/p>\n<p>Pratique<br \/>La fonction Quick Change facilite le remplacement de la t\u00eate d&#8217;impression et \u00e9limine m\u00eame le besoin d&#8217;outils.<\/p>\n<p>\u00c9conomique<br \/>L&#8217;\u00e9conomiseur de film automatique utilise chaque zone non imprim\u00e9e \u00e0 partir d&#8217;une taille de 6 mm et garantit une utilisation maximale du film.<\/p>\n<p>\u00c9conomique<br \/>L&#8217;important stock de film, qui peut atteindre 600 m de long, permet de r\u00e9duire le temps et les co\u00fbts de pr\u00e9paration.<\/p>\n<p>Personnalis\u00e9<br \/>Le concept modulaire comprend des accessoires interchangeables tels que des lames, des r\u00e9enrouleurs ou des distributeurs et prend en charge tous les types de traitement.<\/p>\n<p>Modules compl\u00e9mentaires<\/p>\n<p>Couteau<br \/>Ce qui a fait ses preuves &#8211; pour une coupe nette et tranchante. Avec la fonction de double coupe pour des contours visuellement attrayants. <\/p>\n<p>R\u00e9enrouleur<br \/>Le plus pratique &#8211; r\u00e9enroule les \u00e9tiquettes imprim\u00e9es dans le sens de rotation droit ou gauche, ce qui facilite la manipulation ult\u00e9rieure.<\/p>\n<p class=\"bodytext\">Distributeur<br \/>Le fiable &#8211; avec sortie 1:1 traite les mat\u00e9riaux et les formats les plus divers. De plus, un applicateur est disponible pour \u00e9tiqueter automatiquement vos marchandises. <\/p>\n","protected":false},"excerpt":{"rendered":"<p>Imprimante industrielle r\u00e9sistante et performante Largeur d&#8217;impression maximale 213mm Vitesse  [&#8230;]<\/p>\n","protected":false},"featured_media":7286,"comment_status":"closed","ping_status":"closed","template":"","meta":[],"product_brand":[],"product_cat":[72,75,134,76],"product_tag":[],"class_list":{"0":"post-2776","1":"product","2":"type-product","3":"status-publish","4":"has-post-thumbnail","6":"product_cat-imprimantes","7":"product_cat-industrial","8":"product_cat-novexx-fr","9":"product_cat-rfid-fr","11":"first","12":"instock","13":"shipping-taxable","14":"product-type-external"},"_links":{"self":[{"href":"https:\/\/labeltech.ch\/fr\/wp-json\/wp\/v2\/product\/2776","targetHints":{"allow":["GET"]}}],"collection":[{"href":"https:\/\/labeltech.ch\/fr\/wp-json\/wp\/v2\/product"}],"about":[{"href":"https:\/\/labeltech.ch\/fr\/wp-json\/wp\/v2\/types\/product"}],"replies":[{"embeddable":true,"href":"https:\/\/labeltech.ch\/fr\/wp-json\/wp\/v2\/comments?post=2776"}],"wp:featuredmedia":[{"embeddable":true,"href":"https:\/\/labeltech.ch\/fr\/wp-json\/wp\/v2\/media\/7286"}],"wp:attachment":[{"href":"https:\/\/labeltech.ch\/fr\/wp-json\/wp\/v2\/media?parent=2776"}],"wp:term":[{"taxonomy":"product_brand","embeddable":true,"href":"https:\/\/labeltech.ch\/fr\/wp-json\/wp\/v2\/product_brand?post=2776"},{"taxonomy":"product_cat","embeddable":true,"href":"https:\/\/labeltech.ch\/fr\/wp-json\/wp\/v2\/product_cat?post=2776"},{"taxonomy":"product_tag","embeddable":true,"href":"https:\/\/labeltech.ch\/fr\/wp-json\/wp\/v2\/product_tag?post=2776"}],"curies":[{"name":"wp","href":"https:\/\/api.w.org\/{rel}","templated":true}]}}