{"id":2784,"date":"2019-07-29T14:22:09","date_gmt":"2019-07-29T12:22:09","guid":{"rendered":"https:\/\/labeltech.ch\/produkt\/toshiba-b-ex4t1\/"},"modified":"2026-04-17T16:31:50","modified_gmt":"2026-04-17T14:31:50","slug":"toshiba-b-ex4t1","status":"publish","type":"product","link":"https:\/\/labeltech.ch\/fr\/produkt\/toshiba-b-ex4t1\/","title":{"rendered":"Toshiba B-EX4T1"},"content":{"rendered":"<p>La Toshiba B-EX4T1 est le successeur logique de la s\u00e9rie B-SX \u00e9prouv\u00e9e et combine ses caract\u00e9ristiques \u00e9prouv\u00e9es dans la pratique avec des performances perfectionn\u00e9es et des \u00e9quipements modernes. Avec une vitesse d&#8217;impression maximale de 355,6 mm\/s, une r\u00e9solution de 203 ou 305 dpi au choix et une capacit\u00e9 de film de 600 m, la B-EX4T1 \u00e9tablit clairement la norme dans la cat\u00e9gorie industrielle 4 pouces. La B-EX4T1 est dot\u00e9e de fonctionnalit\u00e9s haut de gamme en standard, ce qui permet de maintenir le co\u00fbt d&#8217;achat \u00e0 un niveau bas par rapport \u00e0 l&#8217;\u00e9quipement et de p\u00e9renniser l&#8217;investissement. Labeltech propose \u00e9galement la <a title=\"Toshiba B-SX8T Imprimante industrielle grand format\" href=\"https:\/\/labeltech.ch\/fr\/produkt\/toshiba-b-sx8t\/\">Toshiba B-SX8T<\/a>, une alternative grand format de la m\u00eame gamme de produits Toshiba, pour des \u00e9tiquettes d&#8217;une largeur maximale de 213 mm.   <\/p>\n<blockquote>\n<p><a title=\"Vous avez des questions ? Nous vous aidons.\" href=\"https:\/\/labeltech.ch\/fr\/contact\/\">Vous avez des questions ? Nous vous aidons. <\/a><\/p>\n<\/blockquote>\n<h2>Performance maximale : vitesse d&#8217;impression de 355,6 mm\/s<\/h2>\n<p>355,6 mm\/s correspondent \u00e0 14 pouces par seconde, ce qui fait de la B-EX4T1 l&#8217;une des imprimantes industrielles 4 pouces les plus rapides de son segment. Dans les environnements \u00e0 haut volume tels que les centres d&#8217;exp\u00e9dition, les cha\u00eenes de production ou les entrep\u00f4ts automatis\u00e9s, cette vitesse signifie que l&#8217;imprimante ne devient jamais un goulot d&#8217;\u00e9tranglement, m\u00eame en fonctionnement continu. La premi\u00e8re page est imprim\u00e9e en quelques secondes, ce qui permet de r\u00e9pondre sans d\u00e9lai aux besoins des processus en flux tendu.  <\/p>\n<p>Les deux r\u00e9solutions disponibles, 203 dpi et 305 dpi, r\u00e9pondent \u00e0 des besoins diff\u00e9rents. Pour les \u00e9tiquettes logistiques standard avec de grands codes \u00e0 barres, 203 dpi \u00e0 la vitesse maximale suffit, tandis que 305 dpi est le bon choix pour les petites \u00e9tiquettes, les polices fines ou les codes pharmaceutiques. Les deux t\u00eates d&#8217;impression sont rapidement interchangeables et peuvent \u00eatre remplac\u00e9es par l&#8217;utilisateur lui-m\u00eame.  <\/p>\n<h2>Capacit\u00e9 de film de 600 m pour un fonctionnement ininterrompu<\/h2>\n<p>La capacit\u00e9 de film de 600 m r\u00e9duit les interruptions de changement au minimum. Associ\u00e9e \u00e0 une vitesse d&#8217;impression \u00e9lev\u00e9e et \u00e0 une capacit\u00e9 de rouleau d&#8217;\u00e9tiquettes d&#8217;un diam\u00e8tre ext\u00e9rieur allant jusqu&#8217;\u00e0 200 mm, la B-EX4T1 offre des temps de fonctionnement tr\u00e8s longs sans intervention manuelle. Cela est particuli\u00e8rement important dans les lignes automatis\u00e9es, o\u00f9 un changement de film interrompt bri\u00e8vement toute la production.  <\/p>\n<p>Les interfaces Ethernet 10\/100 BaseT et USB 2.0 permettent une connexion facile au r\u00e9seau et au PC. Pour les applications exigeant une pr\u00e9cision d&#8217;impression maximale pour les \u00e9tiquettes les plus petites, la <a title=\"Toshiba B-EX4T3 Imprimante 600 ppp\" href=\"https:\/\/labeltech.ch\/fr\/produkt\/toshiba-b-ex4t3\/\">Toshiba B-EX4T3<\/a> de 600 dpi vient compl\u00e9ter la gamme Labeltech. <\/p>\n<h2>Construction robuste pour une utilisation industrielle continue<\/h2>\n<p>Le B-EX4T1 a \u00e9t\u00e9 con\u00e7u pour un fonctionnement continu dans des environnements de production et de logistique. Sa conception robuste, ses longs intervalles de maintenance et l&#8217;acc\u00e8s facile aux pi\u00e8ces d&#8217;usure minimisent les temps d&#8217;arr\u00eat et r\u00e9duisent le co\u00fbt total de possession. L&#8217;imprimante s&#8217;int\u00e8gre en toute transparence dans les environnements syst\u00e8me existants de Toshiba et est compatible avec les solutions accessoires courantes de la gamme B-SX, ce qui facilite les projets de migration.  <\/p>\n<p>Dernier n\u00e9 de la gamme de produits d&#8217;identification automatique de Toshiba, le <a href=\"https:\/\/labeltech.ch\/fr\/produkt\/toshiba-ba410t\/\" title=\"Toshiba BA410T - Imprimante industrielle moderne 4 pouces de Toshiba chez Labeltech\">BA410T de Toshiba<\/a> est un ajout r\u00e9cent avec une connectivit\u00e9 \u00e9tendue et une architecture mat\u00e9rielle modernis\u00e9e.<\/p>\n<h2>Conclusion : Imprimante industrielle Toshiba B-EX4T1 &#8211; Successeur avec une valeur ajout\u00e9e \u00e9vidente<\/h2>\n<p>La Toshiba B-EX4T1 vous s\u00e9duira par la combinaison d&#8217;une vitesse d&#8217;impression \u00e9lev\u00e9e, d&#8217;une longue capacit\u00e9 de transparents et d&#8217;un \u00e9quipement qui ne laisse rien \u00e0 d\u00e9sirer dans cette cat\u00e9gorie. Contactez-nous et nous verrons ensemble quelle configuration de la B-EX4T1 convient le mieux \u00e0 votre entreprise.   <a title=\"Contacter Labeltech AG\" href=\"https:\/\/labeltech.ch\/fr\/contact\/\">Demandez maintenant.<\/a><\/p>\n","protected":false},"excerpt":{"rendered":"<p>La Toshiba B-EX4T1 est le successeur logique de la s\u00e9rie  [&#8230;]<\/p>\n","protected":false},"featured_media":9422,"comment_status":"closed","ping_status":"closed","template":"","meta":[],"product_brand":[],"product_cat":[72,75,135],"product_tag":[],"class_list":{"0":"post-2784","1":"product","2":"type-product","3":"status-publish","4":"has-post-thumbnail","6":"product_cat-imprimantes","7":"product_cat-industrial","8":"product_cat-toshiba-fr","10":"first","11":"instock","12":"shipping-taxable","13":"product-type-external"},"_links":{"self":[{"href":"https:\/\/labeltech.ch\/fr\/wp-json\/wp\/v2\/product\/2784","targetHints":{"allow":["GET"]}}],"collection":[{"href":"https:\/\/labeltech.ch\/fr\/wp-json\/wp\/v2\/product"}],"about":[{"href":"https:\/\/labeltech.ch\/fr\/wp-json\/wp\/v2\/types\/product"}],"replies":[{"embeddable":true,"href":"https:\/\/labeltech.ch\/fr\/wp-json\/wp\/v2\/comments?post=2784"}],"wp:featuredmedia":[{"embeddable":true,"href":"https:\/\/labeltech.ch\/fr\/wp-json\/wp\/v2\/media\/9422"}],"wp:attachment":[{"href":"https:\/\/labeltech.ch\/fr\/wp-json\/wp\/v2\/media?parent=2784"}],"wp:term":[{"taxonomy":"product_brand","embeddable":true,"href":"https:\/\/labeltech.ch\/fr\/wp-json\/wp\/v2\/product_brand?post=2784"},{"taxonomy":"product_cat","embeddable":true,"href":"https:\/\/labeltech.ch\/fr\/wp-json\/wp\/v2\/product_cat?post=2784"},{"taxonomy":"product_tag","embeddable":true,"href":"https:\/\/labeltech.ch\/fr\/wp-json\/wp\/v2\/product_tag?post=2784"}],"curies":[{"name":"wp","href":"https:\/\/api.w.org\/{rel}","templated":true}]}}