{"id":2788,"date":"2019-07-29T14:03:54","date_gmt":"2019-07-29T12:03:54","guid":{"rendered":"https:\/\/labeltech.ch\/produkt\/toshiba-b-ex4t3\/"},"modified":"2025-08-06T11:39:35","modified_gmt":"2025-08-06T09:39:35","slug":"toshiba-b-ex4t3","status":"publish","type":"product","link":"https:\/\/labeltech.ch\/fr\/produkt\/toshiba-b-ex4t3\/","title":{"rendered":"Toshiba B-EX4T3"},"content":{"rendered":"<h1>Toshiba B-EX4T3 &#8211; Imprimante industrielle de haute performance et de haute pr\u00e9cision<\/h1>\n<p>La Toshiba B-EX4T3 est une imprimante industrielle exceptionnelle, sp\u00e9cialement con\u00e7ue pour les environnements de production et de logistique les plus exigeants. Cette imprimante thermique de codes \u00e0 barres est un appareil de pr\u00e9cision qui allie vitesse, efficacit\u00e9 et haute pr\u00e9cision pour imprimer en toute s\u00e9curit\u00e9 et avec pr\u00e9cision les \u00e9tiquettes les plus petites. <\/p>\n<h2>Aper\u00e7u du produit : Toshiba B-EX4T3<\/h2>\n<p>La Toshiba B-EX4T3 est une imprimante thermique de codes \u00e0 barres haute performance qui offre fiabilit\u00e9, robustesse et facilit\u00e9 d&#8217;utilisation. Sa construction robuste est parfaitement adapt\u00e9e aux environnements industriels difficiles. Son concept d&#8217;utilisation simple et son interface utilisateur intuitive garantissent une int\u00e9gration facile et une maintenance ais\u00e9e.  <\/p>\n<h2>Caract\u00e9ristiques cl\u00e9s du Toshiba B-EX4T3<\/h2>\n<h3>Une qualit\u00e9 d&#8217;impression de premier ordre<\/h3>\n<p>La Toshiba B-EX4T3 offre une r\u00e9solution d&#8217;impression exceptionnelle de 600 dpi en standard, ce qui garantit des textes d&#8217;une clart\u00e9 cristalline et des graphiques nets. Les \u00e9tiquettes les plus petites, \u00e0 partir d&#8217;une hauteur de 3 mm seulement, sont imprim\u00e9es, positionn\u00e9es et distribu\u00e9es avec pr\u00e9cision. <\/p>\n<h3>Haute vitesse d&#8217;impression<\/h3>\n<p>Avec une vitesse d&#8217;impression maximale de 152 mm par seconde (6 ips), la Toshiba B-EX4T3 garantit un traitement rapide et efficace des grands travaux d&#8217;impression.<\/p>\n<h3>Conception robuste<\/h3>\n<p>Le Toshiba B-EX4T3 a \u00e9t\u00e9 con\u00e7u pour les environnements industriels difficiles. Son bo\u00eetier robuste et ses composants de haute qualit\u00e9 garantissent une fiabilit\u00e9 \u00e0 long terme et r\u00e9duisent les temps d&#8217;arr\u00eat au minimum. <\/p>\n<h3>Compatibilit\u00e9 polyvalente avec les m\u00e9dias<\/h3>\n<p>Gr\u00e2ce au guidage central du support, l&#8217;imprimante produit une impression homog\u00e8ne et de haute qualit\u00e9, quelle que soit la taille des \u00e9tiquettes et l&#8217;\u00e9paisseur du support (0,13 \u00e0 0,17 mm).<\/p>\n<h2>Sp\u00e9cifications techniques du Toshiba B-EX4T3<\/h2>\n<h3>Technologie d&#8217;impression et t\u00eate d&#8217;impression<\/h3>\n<ul>\n<li>Technologie d&#8217;impression : Transfert thermique<\/li>\n<li>Type de t\u00eate d&#8217;impression : Flat head<\/li>\n<li>R\u00e9solution : 600 dpi (23,6 dots\/mm)<\/li>\n<\/ul>\n<h3>Performance et vitesse<\/h3>\n<ul>\n<li>Max. Vitesse d&#8217;impression : 152 mm\/seconde (6 ips)<\/li>\n<li>Max. Largeur d&#8217;impression : 104 mm<\/li>\n<li>Max. Longueur d&#8217;impression : 498 mm<\/li>\n<\/ul>\n<h3>Mat\u00e9riel et m\u00e9moire<\/h3>\n<ul>\n<li>Panneau de commande : LCD graphique, 2 LED, 10 touches de fonction<\/li>\n<li>Dimensions (L x H x P) : 278 x 310 x 460 mm<\/li>\n<li>Poids : 17 kg<\/li>\n<\/ul>\n<h3>Connexions et interfaces<\/h3>\n<p>Interfaces standard : USB 2.0, LAN (10\/100Base-T), RS232, Centronics (en option)<br \/>\nInterfaces en option : Interface marche\/arr\u00eat, interface h\u00f4te USB + horloge en temps r\u00e9el (RTC)<\/p>\n<h3>Alimentation \u00e9lectrique et conditions de fonctionnement<\/h3>\n<ul>\n<li>Alimentation \u00e9lectrique : AC 100-240 V, 50\/60 Hz<\/li>\n<li>Temp\u00e9rature de fonctionnement : 5\u00b0C \u00e0 40\u00b0C<\/li>\n<li>Humidit\u00e9 : 25 \u00e0 85% (sans condensation)<\/li>\n<\/ul>\n<h2>Avantages et utilisations du Toshiba B-EX4T3<\/h2>\n<p>La B-EX4T3 de Toshiba am\u00e9liore consid\u00e9rablement l&#8217;efficacit\u00e9 des processus d&#8217;\u00e9tiquetage et de suivi dans l&#8217;industrie. Gr\u00e2ce \u00e0 un \u00e9tiquetage rapide et pr\u00e9cis, il permet des op\u00e9rations transparentes dans la production, la logistique et l&#8217;entreposage. Les applications typiques comprennent  <\/p>\n<ul>\n<li>Fabrication et production<\/li>\n<li>Entreposage et logistique<\/li>\n<li>Industrie pharmaceutique<\/li>\n<li>Industrie alimentaire<\/li>\n<li>Industrie automobile<\/li>\n<\/ul>\n<h2>R\u00e9duction des co\u00fbts et augmentation de la productivit\u00e9<\/h2>\n<p>La technologie innovante de Toshiba, notamment le double contr\u00f4le moteur du ruban et les t\u00eates d&#8217;impression encliquetables, permet une maintenance ais\u00e9e et r\u00e9duit ainsi les co\u00fbts d&#8217;exploitation. Avec les rubans Toshiba d&#8217;origine, vous minimisez l&#8217;usure suppl\u00e9mentaire et optimisez ainsi davantage la dur\u00e9e de vie de l&#8217;imprimante. <\/p>\n<h2>Comparaison et avantages concurrentiels<\/h2>\n<p>Compar\u00e9e aux autres imprimantes thermiques de codes \u00e0 barres du march\u00e9, la Toshiba B-EX4T3 se distingue par une r\u00e9solution d&#8217;impression et une pr\u00e9cision exceptionnelles pour les \u00e9tiquettes de petite taille. Sa conception robuste et sa vitesse d&#8217;impression \u00e9lev\u00e9e en font un choix de premier ordre pour les applications industrielles exigeantes. <\/p>\n<h3>Caract\u00e9ristiques uniques du Toshiba B-EX4T3 :<\/h3>\n<ul>\n<li>Pr\u00e9cision : pr\u00e9cision de positionnement jusqu&#8217;\u00e0 0,4 mm horizontalement et 0,3 mm verticalement \u00e0 2 ips.<\/li>\n<li>Haute r\u00e9solution de 600 dpi en standard.<\/li>\n<li>Conception robuste pour les conditions industrielles les plus exigeantes.<\/li>\n<li>Des interfaces polyvalentes pour une int\u00e9gration flexible.<\/li>\n<li>Fonctionnement \u00e9conomique gr\u00e2ce \u00e0 une gestion efficace du ruban.<\/li>\n<\/ul>\n<h2>Toshiba B-EX4T3 &#8211; Le choix optimal pour les besoins d&#8217;impression industrielle<\/h2>\n<p>Avec sa combinaison unique de vitesse, de pr\u00e9cision et de durabilit\u00e9, la Toshiba B-EX4T3 est l&#8217;imprimante id\u00e9ale pour les applications industrielles exigeant la plus haute qualit\u00e9. Optez pour la fiabilit\u00e9 et l&#8217;efficacit\u00e9 &#8211; choisissez la Toshiba B-EX4T3. <\/p>\n<ul class=\"csc-bulletlist csc-bulletlist-0\">\n<li class=\"odd\">Largeur d&#8217;impression maximale 104 mm<\/li>\n<li class=\"even\">Vitesse d&#8217;impression jusqu&#8217;\u00e0 152,4 mm\/s<\/li>\n<li class=\"odd\">R\u00e9solution de 600 dpi<\/li>\n<li class=\"even\">Capacit\u00e9 de film 300 m<\/li>\n<li class=\"odd\">Capacit\u00e9 d&#8217;\u00e9tiquetage jusqu&#8217;\u00e0 \u00d8-200mm<\/li>\n<li class=\"even\">Interfaces : Ethernet 10\/100 BaseT, USB 2.0<\/li>\n<\/ul>\n<div>\n<p class=\"bodytext\">\n<\/div>\n","protected":false},"excerpt":{"rendered":"<p>Toshiba B-EX4T3 &#8211; Imprimante industrielle de haute performance et de  [&#8230;]<\/p>\n","protected":false},"featured_media":1819,"comment_status":"closed","ping_status":"closed","template":"","meta":[],"product_brand":[],"product_cat":[72,75,135],"product_tag":[],"class_list":{"0":"post-2788","1":"product","2":"type-product","3":"status-publish","4":"has-post-thumbnail","6":"product_cat-imprimantes","7":"product_cat-industrial","8":"product_cat-toshiba-fr","10":"first","11":"instock","12":"shipping-taxable","13":"product-type-external"},"_links":{"self":[{"href":"https:\/\/labeltech.ch\/fr\/wp-json\/wp\/v2\/product\/2788","targetHints":{"allow":["GET"]}}],"collection":[{"href":"https:\/\/labeltech.ch\/fr\/wp-json\/wp\/v2\/product"}],"about":[{"href":"https:\/\/labeltech.ch\/fr\/wp-json\/wp\/v2\/types\/product"}],"replies":[{"embeddable":true,"href":"https:\/\/labeltech.ch\/fr\/wp-json\/wp\/v2\/comments?post=2788"}],"wp:featuredmedia":[{"embeddable":true,"href":"https:\/\/labeltech.ch\/fr\/wp-json\/wp\/v2\/media\/1819"}],"wp:attachment":[{"href":"https:\/\/labeltech.ch\/fr\/wp-json\/wp\/v2\/media?parent=2788"}],"wp:term":[{"taxonomy":"product_brand","embeddable":true,"href":"https:\/\/labeltech.ch\/fr\/wp-json\/wp\/v2\/product_brand?post=2788"},{"taxonomy":"product_cat","embeddable":true,"href":"https:\/\/labeltech.ch\/fr\/wp-json\/wp\/v2\/product_cat?post=2788"},{"taxonomy":"product_tag","embeddable":true,"href":"https:\/\/labeltech.ch\/fr\/wp-json\/wp\/v2\/product_tag?post=2788"}],"curies":[{"name":"wp","href":"https:\/\/api.w.org\/{rel}","templated":true}]}}