{"id":2796,"date":"2019-07-29T14:23:03","date_gmt":"2019-07-29T12:23:03","guid":{"rendered":"https:\/\/labeltech.ch\/produkt\/toshiba-b-sx8t\/"},"modified":"2026-04-17T16:33:19","modified_gmt":"2026-04-17T14:33:19","slug":"toshiba-b-sx8t","status":"publish","type":"product","link":"https:\/\/labeltech.ch\/fr\/produkt\/toshiba-b-sx8t\/","title":{"rendered":"Toshiba B-SX8T"},"content":{"rendered":"<p>La Toshiba B-SX8T est une imprimante d&#8217;\u00e9tiquettes industrielle grand format tr\u00e8s performante qui fournit des r\u00e9sultats fiables et rapides, m\u00eame pour l&#8217;impression d&#8217;\u00e9tiquettes jusqu&#8217;au format A4. Avec une largeur d&#8217;impression maximale de 213,3 mm, une r\u00e9solution de 300 dpi et une vitesse d&#8217;impression pouvant atteindre 203,2 mm\/s, elle est con\u00e7ue pour les t\u00e2ches d&#8217;\u00e9tiquetage industriel exigeantes. Son bo\u00eetier m\u00e9tallique et son m\u00e9canisme interne robuste, qui ont fait leurs preuves dans la pratique, garantissent des r\u00e9sultats d&#8217;impression stables et reproductibles, m\u00eame en cas de sollicitation permanente. La <a title=\"Imprimante industrielle Toshiba B-EX4T1\" href=\"https:\/\/labeltech.ch\/fr\/produkt\/toshiba-b-ex4t1\/\">Toshiba B-EX4T1<\/a> est le successeur direct de cette gamme et offre des fonctionnalit\u00e9s avanc\u00e9es pour des applications encore plus exigeantes.   <\/p>\n<blockquote>\n<p><a title=\"Vous avez des questions ? Nous vous aidons.\" href=\"https:\/\/labeltech.ch\/fr\/contact\/\">Vous avez des questions ? Nous vous aidons. <\/a><\/p>\n<\/blockquote>\n<h2>Format large jusqu&#8217;\u00e0 213 mm &#8211; de la logistique \u00e0 l&#8217;\u00e9tiquette grand format<\/h2>\n<p>La largeur d&#8217;impression maximale de 213,3 mm ouvre \u00e0 la B-SX8T des domaines d&#8217;application inaccessibles aux imprimantes plus \u00e9troites. Les \u00e9tiquettes d&#8217;exp\u00e9dition de largeur A5, les identifications d&#8217;emplacements de stockage, les \u00e9tiquettes de produits grand format avec un contenu textuel important et les codes \u00e0 barres combin\u00e9s peuvent \u00eatre imprim\u00e9s en une seule fois, sans avoir \u00e0 les couper, \u00e0 les coller ou \u00e0 les modifier ult\u00e9rieurement. Cela permet de gagner du temps et d&#8217;\u00e9liminer les sources d&#8217;erreur dans l&#8217;\u00e9tiquetage.  <\/p>\n<p>La m\u00e9moire int\u00e9gr\u00e9e peut contenir des mod\u00e8les d&#8217;\u00e9tiquettes complexes, ce qui permet \u00e0 l&#8217;imprimante de fonctionner sans bourrage de donn\u00e9es ni retard de premi\u00e8re page. Dans les processus o\u00f9 le temps est un facteur critique, comme la fabrication en flux tendu ou l&#8217;exp\u00e9dition dans des d\u00e9lais serr\u00e9s, cela se traduit par des avantages mesurables. <\/p>\n<h2>Impression WEB et fonctions r\u00e9seau SNMP<\/h2>\n<p>La Toshiba B-SX8T est dot\u00e9e de la fonctionnalit\u00e9 WEB-Printing, qui permet de lancer des travaux d&#8217;impression directement via un navigateur, sans avoir \u00e0 installer de pilotes sp\u00e9cifiques \u00e0 l&#8217;imprimante sur l&#8217;ordinateur initiateur. Cela facilite l&#8217;int\u00e9gration dans des environnements r\u00e9seau h\u00e9t\u00e9rog\u00e8nes et permet une utilisation dans des sc\u00e9narios o\u00f9 plusieurs utilisateurs ou syst\u00e8mes doivent acc\u00e9der \u00e0 la m\u00eame imprimante. Les puissantes fonctions r\u00e9seau SNMP permettent une surveillance centralis\u00e9e et une configuration \u00e0 distance sur le r\u00e9seau.  <\/p>\n<p>La B-SX8T offre une connectivit\u00e9 flexible via Ethernet 10\/100 BaseT et USB 2.0. Des \u00e9tiquettes d&#8217;un diam\u00e8tre de rouleau allant jusqu&#8217;\u00e0 200 mm et une capacit\u00e9 de film de 300 m permettent de longues dur\u00e9es de fonctionnement sans changement de rouleau, ce qui augmente la productivit\u00e9, en particulier pour les volumes d&#8217;impression \u00e9lev\u00e9s. <\/p>\n<p>Compl\u00e9ment plus compact de la gamme de produits d&#8217;identification automatique de Toshiba, le <a href=\"https:\/\/labeltech.ch\/fr\/produkt\/toshiba-ba410t\/\" title=\"Toshiba BA410T - Imprimante industrielle moderne 4 pouces de Toshiba chez Labeltech\">BA410T de Toshiba<\/a> offre une alternative actuelle avec une connectivit\u00e9 moderne et un facteur de forme compact.<\/p>\n<h2>M\u00e9canisme de t\u00eate d&#8217;impression pr\u00e9cis pour une qualit\u00e9 constante<\/h2>\n<p>Le m\u00e9canisme de la t\u00eate d&#8217;impression de la B-SX8T est con\u00e7u pour offrir une qualit\u00e9 d&#8217;impression \u00e9lev\u00e9e avec un minimum de friction et une alimentation en papier pr\u00e9cise. Cela minimise l&#8217;usure de la t\u00eate d&#8217;impression et allonge les intervalles de maintenance. Dans des secteurs tels que la pharmacie, la chimie ou l&#8217;agroalimentaire, o\u00f9 la lisibilit\u00e9 des codes \u00e0 barres et des textes sur les \u00e9tiquettes est contr\u00f4l\u00e9e dans le cadre d&#8217;audits, cette qualit\u00e9 constante est une exigence essentielle.  <\/p>\n<p>Le successeur de cette s\u00e9rie robuste est le <a title=\"Toshiba B-EX4T3 Imprimante industrielle de haute pr\u00e9cision\" href=\"https:\/\/labeltech.ch\/fr\/produkt\/toshiba-b-ex4t3\/\">Toshiba B-EX4T3<\/a> de 600 dpi, dot\u00e9 d&#8217;une technologie de contr\u00f4le modernis\u00e9e, pour les applications n\u00e9cessitant une r\u00e9solution encore plus \u00e9lev\u00e9e.<\/p>\n<h2>Champs d&#8217;application typiques du Toshiba B-SX8T<\/h2>\n<ul>\n<li>\u00c9tiquettes d&#8217;exp\u00e9dition et de logistique grand format jusqu&#8217;\u00e0 la largeur A4<\/li>\n<li>Identification des emplacements de stockage et marquage des rayonnages en grandes largeurs<\/li>\n<li>\u00c9tiquetage de produits dans l&#8217;industrie avec un contenu de donn\u00e9es \u00e9tendu<\/li>\n<li>Impression en r\u00e9seau dans des environnements de production distribu\u00e9s<\/li>\n<\/ul>\n<h2>Conclusion : Imprimante industrielle Toshiba B-SX8T &#8211; puissante en format large<\/h2>\n<p>La Toshiba B-SX8T est un choix \u00e9prouv\u00e9 pour les applications d&#8217;\u00e9tiquetage industriel qui doivent combiner impression grand format, int\u00e9gration r\u00e9seau et fiabilit\u00e9 \u00e0 long terme. Contactez-nous et nous vous indiquerons si la B-SX8T ou un mod\u00e8le successeur actuel r\u00e9pond le mieux \u00e0 vos besoins.   <a title=\"Contacter Labeltech AG\" href=\"https:\/\/labeltech.ch\/fr\/contact\/\">Demandez maintenant.<\/a><\/p>\n","protected":false},"excerpt":{"rendered":"<p>La Toshiba B-SX8T est une imprimante d&#8217;\u00e9tiquettes industrielle grand format  [&#8230;]<\/p>\n","protected":false},"featured_media":1832,"comment_status":"closed","ping_status":"closed","template":"","meta":[],"product_brand":[],"product_cat":[72,75,135],"product_tag":[],"class_list":{"0":"post-2796","1":"product","2":"type-product","3":"status-publish","4":"has-post-thumbnail","6":"product_cat-imprimantes","7":"product_cat-industrial","8":"product_cat-toshiba-fr","10":"first","11":"instock","12":"shipping-taxable","13":"product-type-external"},"_links":{"self":[{"href":"https:\/\/labeltech.ch\/fr\/wp-json\/wp\/v2\/product\/2796","targetHints":{"allow":["GET"]}}],"collection":[{"href":"https:\/\/labeltech.ch\/fr\/wp-json\/wp\/v2\/product"}],"about":[{"href":"https:\/\/labeltech.ch\/fr\/wp-json\/wp\/v2\/types\/product"}],"replies":[{"embeddable":true,"href":"https:\/\/labeltech.ch\/fr\/wp-json\/wp\/v2\/comments?post=2796"}],"wp:featuredmedia":[{"embeddable":true,"href":"https:\/\/labeltech.ch\/fr\/wp-json\/wp\/v2\/media\/1832"}],"wp:attachment":[{"href":"https:\/\/labeltech.ch\/fr\/wp-json\/wp\/v2\/media?parent=2796"}],"wp:term":[{"taxonomy":"product_brand","embeddable":true,"href":"https:\/\/labeltech.ch\/fr\/wp-json\/wp\/v2\/product_brand?post=2796"},{"taxonomy":"product_cat","embeddable":true,"href":"https:\/\/labeltech.ch\/fr\/wp-json\/wp\/v2\/product_cat?post=2796"},{"taxonomy":"product_tag","embeddable":true,"href":"https:\/\/labeltech.ch\/fr\/wp-json\/wp\/v2\/product_tag?post=2796"}],"curies":[{"name":"wp","href":"https:\/\/api.w.org\/{rel}","templated":true}]}}