{"id":2800,"date":"2019-07-29T14:13:16","date_gmt":"2019-07-29T12:13:16","guid":{"rendered":"https:\/\/labeltech.ch\/produkt\/tsc-me240-serie\/"},"modified":"2026-04-17T16:58:48","modified_gmt":"2026-04-17T14:58:48","slug":"tsc-ml240p-serie","status":"publish","type":"product","link":"https:\/\/labeltech.ch\/fr\/produkt\/tsc-ml240p-serie\/","title":{"rendered":"S\u00e9rie TSC ML240P"},"content":{"rendered":"<p>Imprimante d&#8217;\u00e9tiquettes rapide et peu encombrante<\/p>\n<ul>\n<li>Vitesse d&#8217;impression jusqu&#8217;\u00e0 152 mm (6&#8243;) par seconde<\/li>\n<li>\u00c9cran LCD couleur intuitif de 2,3&#8243; avec menu \u00e0 6 touches (ML240P\/ ML340P)<\/li>\n<li>Disponible en r\u00e9solution 203 dpi et 300 dpi<\/li>\n<li>Capacit\u00e9s de m\u00e9moire de 128 Mo de Flash et 64 Mo de SDRAM<\/li>\n<li>Capacit\u00e9 de film de 450 m\u00e8tres<\/li>\n<li>Micrologiciel TSPL-EZD pour une utilisation plug-n-play facile<\/li>\n<\/ul>\n<p>La s\u00e9rie ML240P est une toute nouvelle g\u00e9n\u00e9ration d&#8217;imprimantes industrielles de codes \u00e0 barres \u00e0 haute performance &#8211; avec un maximum de flexibilit\u00e9 \u00e0 tous les niveaux. Elle se caract\u00e9rise notamment par un faible encombrement, un design convivial, un \u00e9cran couleur intuitif au design GUI, un fonctionnement silencieux et le syst\u00e8me d&#8217;autodiagnostic TPH sp\u00e9cialement d\u00e9velopp\u00e9 par TSC. Les mod\u00e8les \u00e0 transfert thermique disponibles, ML240P et ML340P, offrent une r\u00e9solution d&#8217;impression de 203 et 300 dpi. Tous deux sont parfaitement con\u00e7us pour r\u00e9pondre aux besoins d&#8217;impression les plus exigeants dans les environnements de travail industriels, gr\u00e2ce \u00e0 leur bo\u00eetier robuste moul\u00e9 sous pression. La configuration et l&#8217;utilisation sont simples et confortables.    <\/p>\n<p><strong>Un design fin, peu encombrant et attrayant<\/strong><br \/>Par rapport \u00e0 notre best-seller compact, la s\u00e9rie ME240, nous avons r\u00e9duit les dimensions de la nouvelle s\u00e9rie ML240P de 34%. Par rapport \u00e0 la s\u00e9rie TTP-244M Pro, nous obtenons une r\u00e9duction de 23%. L&#8217;encombrement r\u00e9duit et le design fin font de notre nouveau produit un outil polyvalent et flexible qui trouve sa place dans les environnements de travail les plus exigus.  <\/p>\n<p>Pour passer \u00e0 une solution industrielle encore plus robuste, nous recommandons la <a href=\"https:\/\/labeltech.ch\/fr\/produkt\/serie-tsc-mh241\/\" title=\"S\u00e9rie TSC MH241 - Une mise \u00e0 niveau puissante pour la ligne ML240P\">s\u00e9rie TSC MH241<\/a> avec m\u00e9canisme de t\u00eate d&#8217;impression autonettoyant.<\/p>\n<p><strong>Construction robuste et durable pour un fonctionnement optimal \u00e0 long terme<\/strong><br \/>La combinaison d&#8217;un bo\u00eetier robuste moul\u00e9 sous pression, d&#8217;une base modularis\u00e9e et d&#8217;un module TPH ajustable garantit un fonctionnement optimal \u00e0 long terme, m\u00eame en mode haute performance et pour les t\u00e2ches d&#8217;impression complexes.<\/p>\n<p><strong>Les am\u00e9liorations apport\u00e9es par TSC \u00e0 la conception de l&#8217;imprimante et \u00e0 l&#8217;algorithme d&#8217;impression garantissent une impression tr\u00e8s silencieuse.<\/strong><\/p>\n<p>La s\u00e9rie ML240 imprime tr\u00e8s silencieusement, m\u00eame en cas d&#8217;utilisation continue.<\/p>\n<p><strong>Le nouveau module d&#8217;autodiagnostic TPH de TSC <\/strong><br \/>Ce m\u00e9canisme ing\u00e9nieux d\u00e9tecte en temps r\u00e9el l&#8217;\u00e9tat actuel de la t\u00eate d&#8217;impression, garantissant ainsi une qualit\u00e9 d&#8217;impression \u00e9lev\u00e9e permanente et une rentabilit\u00e9 maximale. En effet, notre nouvel outil intelligent d\u00e9tecte les erreurs d&#8217;impression et arr\u00eate automatiquement le processus d&#8217;impression. Le syst\u00e8me contribue donc de mani\u00e8re significative \u00e0 minimiser les erreurs d&#8217;impression et donc les d\u00e9chets d&#8217;\u00e9tiquettes.  <\/p>\n<p><strong>Facilit\u00e9 d&#8217;utilisation et vue d&#8217;ensemble parfaite <\/strong><br \/>Un large acc\u00e8s au moteur d&#8217;impression simplifie consid\u00e9rablement la manipulation des supports. L&#8217;\u00e9cran couleur 2.3&#8243; clair et intuitif au design GUI attrayant ainsi que l&#8217;affichage LED en temps r\u00e9el rendent l&#8217;utilisation de l&#8217;imprimante extr\u00eamement confortable et particuli\u00e8rement facile. <\/p>\n<p><strong>Maintenance simplifi\u00e9e en une seule \u00e9tape<\/strong><br \/>Aucun outil n&#8217;est n\u00e9cessaire pour remplacer la t\u00eate d&#8217;impression et le cylindre, ni pour la maintenance. Toutes les op\u00e9rations n\u00e9cessaires peuvent \u00eatre effectu\u00e9es rapidement et sans effort. <\/p>\n","protected":false},"excerpt":{"rendered":"<p>Imprimante d&#8217;\u00e9tiquettes rapide et peu encombrante Vitesse d&#8217;impression jusqu&#8217;\u00e0 152  [&#8230;]<\/p>\n","protected":false},"featured_media":5232,"comment_status":"closed","ping_status":"closed","template":"","meta":[],"product_brand":[],"product_cat":[72,75,99],"product_tag":[],"class_list":{"0":"post-2800","1":"product","2":"type-product","3":"status-publish","4":"has-post-thumbnail","6":"product_cat-imprimantes","7":"product_cat-industrial","8":"product_cat-tsc-fr","10":"first","11":"instock","12":"shipping-taxable","13":"product-type-external"},"_links":{"self":[{"href":"https:\/\/labeltech.ch\/fr\/wp-json\/wp\/v2\/product\/2800","targetHints":{"allow":["GET"]}}],"collection":[{"href":"https:\/\/labeltech.ch\/fr\/wp-json\/wp\/v2\/product"}],"about":[{"href":"https:\/\/labeltech.ch\/fr\/wp-json\/wp\/v2\/types\/product"}],"replies":[{"embeddable":true,"href":"https:\/\/labeltech.ch\/fr\/wp-json\/wp\/v2\/comments?post=2800"}],"wp:featuredmedia":[{"embeddable":true,"href":"https:\/\/labeltech.ch\/fr\/wp-json\/wp\/v2\/media\/5232"}],"wp:attachment":[{"href":"https:\/\/labeltech.ch\/fr\/wp-json\/wp\/v2\/media?parent=2800"}],"wp:term":[{"taxonomy":"product_brand","embeddable":true,"href":"https:\/\/labeltech.ch\/fr\/wp-json\/wp\/v2\/product_brand?post=2800"},{"taxonomy":"product_cat","embeddable":true,"href":"https:\/\/labeltech.ch\/fr\/wp-json\/wp\/v2\/product_cat?post=2800"},{"taxonomy":"product_tag","embeddable":true,"href":"https:\/\/labeltech.ch\/fr\/wp-json\/wp\/v2\/product_tag?post=2800"}],"curies":[{"name":"wp","href":"https:\/\/api.w.org\/{rel}","templated":true}]}}