{"id":2804,"date":"2019-07-29T14:09:32","date_gmt":"2019-07-29T12:09:32","guid":{"rendered":"https:\/\/labeltech.ch\/produkt\/tsc-mh240-serie\/"},"modified":"2026-04-17T16:30:07","modified_gmt":"2026-04-17T14:30:07","slug":"serie-tsc-mh241","status":"publish","type":"product","link":"https:\/\/labeltech.ch\/fr\/produkt\/serie-tsc-mh241\/","title":{"rendered":"S\u00e9rie TSC MH241"},"content":{"rendered":"<p>La s\u00e9rie TSC MH241 est la ligne principale de TSC dans le segment des imprimantes industrielles d&#8217;\u00e9tiquettes de codes \u00e0 barres et repr\u00e9sente l&#8217;\u00e9volution logique de la s\u00e9rie MH240 \u00e9prouv\u00e9e. Avec des vitesses d&#8217;impression allant jusqu&#8217;\u00e0 355,6 mm\/s (14 pouces par seconde), des r\u00e9solutions au choix de 203, 300 et m\u00eame 600 dpi ainsi qu&#8217;une base de connectivit\u00e9 moderne Wi-Fi et Bluetooth, elle pose de nouveaux jalons l\u00e0 o\u00f9 des volumes \u00e9lev\u00e9s, des marquages pr\u00e9cis et des processus sans interruption sont r\u00e9unis. La <a title=\"TSC MB241 Imprimante d'\u00e9tiquettes codes \u00e0 barres\" href=\"https:\/\/labeltech.ch\/fr\/produkt\/serie-tsc-mb241\/\">TSC MB241<\/a> de la m\u00eame ligne de produits compl\u00e8te l&#8217;offre pour les utilisateurs ayant des exigences d&#8217;espace plus compactes.  <\/p>\n<blockquote>\n<p><a title=\"Vous avez des questions ? Nous vous aidons.\" href=\"https:\/\/labeltech.ch\/fr\/contact\/\">Vous avez des questions ? Nous vous aidons. <\/a><\/p>\n<\/blockquote>\n<h2>R\u00e9solution s\u00e9lectionnable de mani\u00e8re flexible &#8211; jusqu&#8217;\u00e0 600 dpi<\/h2>\n<p>Une caract\u00e9ristique particuli\u00e8re de la s\u00e9rie MH241 est sa t\u00eate d&#8217;impression interchangeable : disponible en 203, 300 et 600 dpi, elle peut \u00eatre chang\u00e9e en fonction des besoins sans avoir \u00e0 remplacer l&#8217;ensemble de l&#8217;appareil. Cela donne aux entreprises la flexibilit\u00e9 d&#8217;utiliser la m\u00eame imprimante pour l&#8217;impression d&#8217;\u00e9tiquettes logistiques grossi\u00e8res et pour l&#8217;impression haute r\u00e9solution de num\u00e9ros de s\u00e9rie ou de codes \u00e0 barres. La version 600 ppp est particuli\u00e8rement adapt\u00e9e aux \u00e9tiquettes de petite taille, aux codes pharmaceutiques et aux codes bidimensionnels qui n\u00e9cessitent une pr\u00e9cision absolue.  <\/p>\n<h2>Connectivit\u00e9 sans fil pour une installation flexible<\/h2>\n<p>Le module combin\u00e9 Wi-Fi 802.11 a\/b\/g\/n\/ac et Bluetooth 4.2 en option permet une int\u00e9gration sans fil dans le r\u00e9seau. Cela simplifie consid\u00e9rablement le placement des imprimantes dans les ateliers de production, les entrep\u00f4ts ou les stations d&#8217;emballage, car il n&#8217;est pas n\u00e9cessaire d&#8217;installer des c\u00e2bles r\u00e9seau. La gestion \u00e0 distance via la console TSC et SOTI Connect permet de configurer, de surveiller l&#8217;\u00e9tat et de mettre \u00e0 jour le logiciel de toutes les imprimantes du r\u00e9seau de mani\u00e8re centralis\u00e9e, sans avoir \u00e0 intervenir physiquement sur chaque appareil.  <\/p>\n<p>Le mod\u00e8le est disponible en deux variantes d&#8217;affichage : avec un \u00e9cran LCD couleur de 3,5 pouces pour le mod\u00e8le standard et un \u00e9cran LCD tactile de 4,3 pouces pour le mod\u00e8le avanc\u00e9. La variante tactile simplifie les op\u00e9rations manuelles sur site et est recommand\u00e9e pour les environnements o\u00f9 les changements de t\u00e2ches d&#8217;impression sont fr\u00e9quents. <\/p>\n<p>Pour les largeurs d&#8217;impression jusqu&#8217;\u00e0 6 pouces, la <a href=\"https:\/\/labeltech.ch\/fr\/produkt\/tsc-mh261-serie\/\" title=\"TSC MH261 Series - Imprimante d'\u00e9tiquettes industrielles 6 pouces de TSC chez Labeltech\">s\u00e9rie TSC MH261<\/a> offre l&#8217;option d&#8217;extension directe dans la ligne de produits TSC MH et est \u00e9galement disponible chez Labeltech AG.<\/p>\n<h2>T\u00eate d&#8217;impression autocontr\u00f4l\u00e9e et maintenance facile<\/h2>\n<p>La s\u00e9rie MH241 est dot\u00e9e d&#8217;un m\u00e9canisme d&#8217;entretien TPH autocontr\u00f4l\u00e9 qui prot\u00e8ge activement la t\u00eate d&#8217;impression contre une usure pr\u00e9matur\u00e9e. La t\u00eate d&#8217;impression et le rouleau d&#8217;impression peuvent \u00eatre remplac\u00e9s par l&#8217;utilisateur lui-m\u00eame, ce qui r\u00e9duit au minimum les visites d&#8217;entretien co\u00fbteuses. L&#8217;enrouleur de support int\u00e9gr\u00e9 pour des rouleaux d&#8217;un diam\u00e8tre ext\u00e9rieur allant jusqu&#8217;\u00e0 8 pouces et le concept de capteur optimis\u00e9 pour les marquages noirs sur le dessus et le dessous rendent l&#8217;imprimante particuli\u00e8rement polyvalente dans l&#8217;utilisation de diff\u00e9rents supports d&#8217;\u00e9tiquettes.  <\/p>\n<h2>Certifi\u00e9 ENERGY STAR<\/h2>\n<p>La s\u00e9rie TSC MH241 porte la certification ENERGY STAR. C&#8217;est non seulement un atout pour le bilan environnemental, mais aussi un argument pour les entreprises qui ont des politiques d&#8217;achat ax\u00e9es sur le d\u00e9veloppement durable. La faible consommation d&#8217;\u00e9nergie en mode veille et en mode actif r\u00e9duit sensiblement les co\u00fbts d&#8217;exploitation sur toute la dur\u00e9e de vie de l&#8217;appareil.  <\/p>\n<h2>Conclusion : Imprimante industrielle TSC MH241 &#8211; Puissante, en r\u00e9seau, facile \u00e0 entretenir<\/h2>\n<p>La s\u00e9rie TSC MH241 combine une vitesse d&#8217;impression \u00e9lev\u00e9e, une r\u00e9solution flexible, une connectivit\u00e9 avanc\u00e9e et une maintenance facile dans un bo\u00eetier industriel robuste. Elle est le bon choix pour les entreprises qui recherchent une imprimante d&#8217;\u00e9tiquettes codes \u00e0 barres fiable pour un fonctionnement 24h\/24 et 7j\/7. Contactez-nous et nous trouverons ensemble la configuration optimale pour votre application.    <a title=\"Contacter Labeltech AG\" href=\"https:\/\/labeltech.ch\/fr\/contact\/\">Demandez maintenant.<\/a><\/p>\n","protected":false},"excerpt":{"rendered":"<p><br data-mce-bogus=\"1\"><\/p>\n","protected":false},"featured_media":5226,"comment_status":"closed","ping_status":"closed","template":"","meta":[],"product_brand":[],"product_cat":[72,75,99],"product_tag":[],"class_list":{"0":"post-2804","1":"product","2":"type-product","3":"status-publish","4":"has-post-thumbnail","6":"product_cat-imprimantes","7":"product_cat-industrial","8":"product_cat-tsc-fr","10":"first","11":"instock","12":"shipping-taxable","13":"product-type-external"},"_links":{"self":[{"href":"https:\/\/labeltech.ch\/fr\/wp-json\/wp\/v2\/product\/2804","targetHints":{"allow":["GET"]}}],"collection":[{"href":"https:\/\/labeltech.ch\/fr\/wp-json\/wp\/v2\/product"}],"about":[{"href":"https:\/\/labeltech.ch\/fr\/wp-json\/wp\/v2\/types\/product"}],"replies":[{"embeddable":true,"href":"https:\/\/labeltech.ch\/fr\/wp-json\/wp\/v2\/comments?post=2804"}],"wp:featuredmedia":[{"embeddable":true,"href":"https:\/\/labeltech.ch\/fr\/wp-json\/wp\/v2\/media\/5226"}],"wp:attachment":[{"href":"https:\/\/labeltech.ch\/fr\/wp-json\/wp\/v2\/media?parent=2804"}],"wp:term":[{"taxonomy":"product_brand","embeddable":true,"href":"https:\/\/labeltech.ch\/fr\/wp-json\/wp\/v2\/product_brand?post=2804"},{"taxonomy":"product_cat","embeddable":true,"href":"https:\/\/labeltech.ch\/fr\/wp-json\/wp\/v2\/product_cat?post=2804"},{"taxonomy":"product_tag","embeddable":true,"href":"https:\/\/labeltech.ch\/fr\/wp-json\/wp\/v2\/product_tag?post=2804"}],"curies":[{"name":"wp","href":"https:\/\/api.w.org\/{rel}","templated":true}]}}