{"id":2808,"date":"2019-07-29T14:14:58","date_gmt":"2019-07-29T12:14:58","guid":{"rendered":"https:\/\/labeltech.ch\/produkt\/tsc-mx240-serie\/"},"modified":"2026-04-17T16:58:51","modified_gmt":"2026-04-17T14:58:51","slug":"serie-tsc-mx241","status":"publish","type":"product","link":"https:\/\/labeltech.ch\/fr\/produkt\/serie-tsc-mx241\/","title":{"rendered":"S\u00e9rie TSC MX241"},"content":{"rendered":"<ul>\n<li>Bo\u00eetier en aluminium moul\u00e9 par injection pour une utilisation intensive<\/li>\n<li>Vitesse d&#8217;impression rapide jusqu&#8217;\u00e0 457 mm par seconde (18&#8243;)<\/li>\n<li>\u00c9cran tactile TFT couleur 4,3&#8243; avec nouveau design GUI et menu \u00e0 6 touches<\/li>\n<li>203 dpi, 300 dpi et 600 dpi R\u00e9solution au choix<\/li>\n<li>512 Mo de m\u00e9moire Flash et 512 Mo de m\u00e9moire SDRAM<\/li>\n<li>600 m\u00e8tres de prise de film<\/li>\n<li>Firmware TSPL-EZ pour une application plug-n-play facile<\/li>\n<li>Positionnement pr\u00e9cis du mat\u00e9riau en mode d\u00e9chirure (longueur d&#8217;\u00e9tiquette de 3 mm min.)<\/li>\n<li>Interfaces de communication sans fil : supporte MFi Bluetooth\u00ae 5.0 ou module sans fil 802.11 a\/b\/g\/n\/ac en combinaison avec Bluetooth 4.2<\/li>\n<li>Supporte les applications standard GPIO et les \u00e9mulations<\/li>\n<li>SOTI Connect et console TSC pour la gestion des imprimantes<\/li>\n<li>Certification ENERGY STAR<\/li>\n<\/ul>\n<p>Les robustes imprimantes \u00e0 transfert thermique de la s\u00e9rie MX241P comptent parmi les imprimantes industrielles les plus performantes du march\u00e9. Des performances de processeur \u00e9lev\u00e9es, une connectivit\u00e9 optimis\u00e9e et une vitesse d&#8217;impression \u00e9lev\u00e9e maximisent la productivit\u00e9 du processus de marquage. Cela fait des imprimantes MX241P un choix id\u00e9al dans les domaines d&#8217;application exigeants tels que la production, la logistique, l&#8217;exp\u00e9dition et l&#8217;identification des produits.<\/p>\n<p>Pour une performance maximale dans les environnements industriels 24h\/24 et 7j\/7, nous recommandons l&#8217;option de mise \u00e0 niveau <a href=\"https:\/\/labeltech.ch\/fr\/produkt\/tsc-pex-2000\/\" title=\"TSC PEX 2000 - Imprimante industrielle haut de gamme \u00e0 hautes performances\">TSC PEX 2000<\/a> avec des vitesses d&#8217;impression jusqu&#8217;\u00e0 16 ips et un bo\u00eetier m\u00e9tallique.<\/p>\n<p><strong>TSC Sense Care avanc\u00e9<\/strong><br \/>TSC Sense Care scanne et d\u00e9tecte automatiquement les points d\u00e9fectueux de la t\u00eate d&#8217;impression pendant l&#8217;impression et prend en charge \u00e0 la fois le marquage noir sup\u00e9rieur et inf\u00e9rieur, les capteurs d&#8217;encoche pour un changement facile.<\/p>\n<p><strong>Gestion \u00e0 distance flexible<\/strong><br \/>SOTI Connect et la console TSC permettent de g\u00e9rer facilement plusieurs processus, de r\u00e9duire les co\u00fbts de maintenance et d&#8217;\u00e9viter l&#8217;indisponibilit\u00e9 des \u00e9quipements essentiels.<\/p>\n<p><strong>Conception robuste<\/strong><br \/>Le bo\u00eetier robuste moul\u00e9 par injection garantit un flux de mat\u00e9riaux stable et donc une qualit\u00e9 et une pr\u00e9cision d&#8217;impression exceptionnelles. La puissante fonction de pelage peut \u00eatre utilis\u00e9e pour des \u00e9tiquettes de tailles tr\u00e8s diff\u00e9rentes.<\/p>\n<p><strong>Compatibilit\u00e9 compl\u00e8te<\/strong><br \/>Avec son interface GPIO et, en option, un module sans fil 802.11 a\/b\/g\/n\/ac combin\u00e9 \u00e0 Bluetooth 4.2, la s\u00e9rie MX241P fonctionne avec les applications et \u00e9mulations standard les plus courantes.<\/p>\n<p><strong>Hautes performances<\/strong><br \/>Un flux de mat\u00e9riaux nettement am\u00e9lior\u00e9, une qualit\u00e9 d&#8217;impression \u00e9lev\u00e9e, des vitesses rapides allant jusqu&#8217;\u00e0 457 mm\/s et un faible niveau sonore caract\u00e9risent les nouvelles imprimantes industrielles. De plus, un positionnement pr\u00e9cis du mat\u00e9riau est possible en mode d\u00e9chirure (longueur d&#8217;\u00e9tiquette de 3 mm minimum).<\/p>\n","protected":false},"excerpt":{"rendered":"<p>Bo\u00eetier en aluminium moul\u00e9 par injection pour une utilisation intensive  [&#8230;]<\/p>\n","protected":false},"featured_media":5235,"comment_status":"closed","ping_status":"closed","template":"","meta":[],"product_brand":[],"product_cat":[72,75,99],"product_tag":[],"class_list":{"0":"post-2808","1":"product","2":"type-product","3":"status-publish","4":"has-post-thumbnail","6":"product_cat-imprimantes","7":"product_cat-industrial","8":"product_cat-tsc-fr","10":"first","11":"instock","12":"shipping-taxable","13":"product-type-external"},"_links":{"self":[{"href":"https:\/\/labeltech.ch\/fr\/wp-json\/wp\/v2\/product\/2808","targetHints":{"allow":["GET"]}}],"collection":[{"href":"https:\/\/labeltech.ch\/fr\/wp-json\/wp\/v2\/product"}],"about":[{"href":"https:\/\/labeltech.ch\/fr\/wp-json\/wp\/v2\/types\/product"}],"replies":[{"embeddable":true,"href":"https:\/\/labeltech.ch\/fr\/wp-json\/wp\/v2\/comments?post=2808"}],"wp:featuredmedia":[{"embeddable":true,"href":"https:\/\/labeltech.ch\/fr\/wp-json\/wp\/v2\/media\/5235"}],"wp:attachment":[{"href":"https:\/\/labeltech.ch\/fr\/wp-json\/wp\/v2\/media?parent=2808"}],"wp:term":[{"taxonomy":"product_brand","embeddable":true,"href":"https:\/\/labeltech.ch\/fr\/wp-json\/wp\/v2\/product_brand?post=2808"},{"taxonomy":"product_cat","embeddable":true,"href":"https:\/\/labeltech.ch\/fr\/wp-json\/wp\/v2\/product_cat?post=2808"},{"taxonomy":"product_tag","embeddable":true,"href":"https:\/\/labeltech.ch\/fr\/wp-json\/wp\/v2\/product_tag?post=2808"}],"curies":[{"name":"wp","href":"https:\/\/api.w.org\/{rel}","templated":true}]}}