{"id":2820,"date":"2019-07-29T14:18:48","date_gmt":"2019-07-29T12:18:48","guid":{"rendered":"https:\/\/labeltech.ch\/produkt\/tsc-ttp-286mt-series\/"},"modified":"2026-04-17T16:33:18","modified_gmt":"2026-04-17T14:33:18","slug":"tsc-ttp-286mt-series","status":"publish","type":"product","link":"https:\/\/labeltech.ch\/fr\/produkt\/tsc-ttp-286mt-series\/","title":{"rendered":"TSC TTP-286MT S\u00e9rie"},"content":{"rendered":"<p>La s\u00e9rie TSC TTP-286MT est une imprimante d&#8217;\u00e9tiquettes industrielle puissante de la classe 8 pouces qui, avec une largeur d&#8217;impression maximale de 219,5 mm, fait partie des imprimantes \u00e0 transfert thermique les plus larges de cette classe de performance. Son bo\u00eetier en aluminium moul\u00e9 par injection, son \u00e9cran LCD tactile couleur de 4,3 pouces et sa capacit\u00e9 de film pouvant atteindre 600 m font de la TTP-286MT un cheval de bataille fiable dans les environnements de production et de logistique industriels. Pour les applications n\u00e9cessitant des \u00e9tiquettes plus \u00e9troites et une vitesse d&#8217;impression encore plus \u00e9lev\u00e9e, Labeltech propose la <a title=\"TSC TTP-2610MT Imprimante d'\u00e9tiquettes industrielle\" href=\"https:\/\/labeltech.ch\/fr\/produkt\/tsc-ttp-2610mt-series\/\">s\u00e9rie TSC TTP-2610MT<\/a>, une option compl\u00e9mentaire de la m\u00eame gamme de produits.  <\/p>\n<blockquote>\n<p><a title=\"Vous avez des questions ? Nous vous aidons.\" href=\"https:\/\/labeltech.ch\/fr\/contact\/\">Vous avez des questions ? Nous vous aidons. <\/a><\/p>\n<\/blockquote>\n<h2>Largeur d&#8217;impression maximale de 219,5 mm<\/h2>\n<p>La surface d&#8217;impression de 219,5 mm de large de la TTP-286MT couvre un format rarement utilis\u00e9 dans l&#8217;\u00e9tiquetage industriel. Les \u00e9tiquettes de palettes larges, les \u00e9tiquettes d&#8217;exp\u00e9dition de format A5, les \u00e9tiquettes de produits \u00e0 fort contenu ou les codes \u00e0 barres multi-colonnes peuvent \u00eatre imprim\u00e9s en une seule fois sans compromis. Cela \u00e9limine la n\u00e9cessit\u00e9 d&#8217;assembler plusieurs \u00e9tiquettes et r\u00e9duit les erreurs lors de l&#8217;\u00e9tiquetage manuel d&#8217;objets de grande taille.  <\/p>\n<p>La vitesse d&#8217;impression jusqu&#8217;\u00e0 152 mm\/s et les r\u00e9solutions s\u00e9lectionnables de 203 et 300 dpi permettent de choisir entre le d\u00e9bit et la finesse des d\u00e9tails, en fonction des exigences de chaque \u00e9tape de production. La capacit\u00e9 d&#8217;\u00e9tiquettes jusqu&#8217;\u00e0 un diam\u00e8tre de rouleau de 208 mm augmente les temps de fonctionnement et r\u00e9duit les changements de rouleaux au minimum. <\/p>\n<h2>\u00c9cran tactile de 4,3 pouces et bo\u00eetier en aluminium<\/h2>\n<p>L&#8217;\u00e9cran tactile LCD couleur de 4,3 pouces du TTP-286MT permet une utilisation et une configuration directes sur l&#8217;appareil, sans connexion \u00e0 un ordinateur portable ni logiciel de configuration s\u00e9par\u00e9. Les capteurs de support, les param\u00e8tres d&#8217;impression et les interfaces peuvent \u00eatre r\u00e9gl\u00e9s intuitivement via l&#8217;\u00e9cran tactile. C&#8217;est un avantage consid\u00e9rable dans les environnements de production o\u00f9 les temps de changement rapides sont importants.  <\/p>\n<p>Le bo\u00eetier en aluminium moul\u00e9 par injection offre une stabilit\u00e9 m\u00e9canique m\u00eame en cas d&#8217;utilisation prolong\u00e9e dans des conditions industrielles. La poussi\u00e8re, les chocs et les variations de temp\u00e9rature n&#8217;affectent pas la qualit\u00e9 d&#8217;impression. Les interfaces s\u00e9rie, parall\u00e8le, USB 2.0, USB Host et Ethernet interne couvrent tous les sc\u00e9narios d&#8217;int\u00e9gration courants. En option, l&#8217;imprimante peut \u00eatre \u00e9tendue par GPIO, Bluetooth, WLAN externe 802.11 b\/g\/n ainsi que guillotine et mesure haute performance.   <\/p>\n<p>Pour les t\u00e2ches d&#8217;\u00e9tiquetage industriel de 4 pouces, la <a href=\"https:\/\/labeltech.ch\/fr\/produkt\/serie-tsc-mx241\/\" title=\"TSC MX241 Series - Imprimante d'\u00e9tiquettes industrielles 4 pouces tr\u00e8s performante chez Labeltech\">s\u00e9rie TSC MX241<\/a> offre une alternative puissante dans le portefeuille d&#8217;imprimantes industrielles de TSC.<\/p>\n<h2>Logiciel d&#8217;\u00e9tiquetage et pilotes gratuits<\/h2>\n<p>La s\u00e9rie TTP-286MT est fournie avec un logiciel d&#8217;\u00e9tiquetage gratuit pour Windows. Il permet de cr\u00e9er directement des mises en page d&#8217;\u00e9tiquettes, de configurer des connexions \u00e0 des bases de donn\u00e9es et de g\u00e9rer des mod\u00e8les d&#8217;impression sans avoir \u00e0 pr\u00e9voir de frais de logiciel suppl\u00e9mentaires. Cela r\u00e9duit l&#8217;effort initial et permet une mise en service rapide.  <\/p>\n<p>La <a title=\"Toshiba B-EX4T3 Imprimante industrielle 600 ppp\" href=\"https:\/\/labeltech.ch\/fr\/produkt\/toshiba-b-ex4t3\/\">Toshiba B-EX4T3<\/a> est une alternative haute r\u00e9solution pour les exigences de marquage particuli\u00e8rement pr\u00e9cises, avec 600 dpi, lorsque les d\u00e9tails les plus fins des codes \u00e0 barres ou les tailles de caract\u00e8res tr\u00e8s petites sont requis.<\/p>\n<h2>Conclusion : Imprimante d&#8217;\u00e9tiquettes industrielle TSC TTP-286MT &#8211; large, robuste, polyvalente<\/h2>\n<p>La s\u00e9rie TSC TTP-286MT est le bon choix pour les applications d&#8217;\u00e9tiquetage industriel avec de grandes largeurs d&#8217;impression, de grands volumes de films et le besoin d&#8217;une commande directe sur l&#8217;appareil. Nous serions heureux d&#8217;examiner avec vous quel mod\u00e8le de la s\u00e9rie TTP-286MT r\u00e9pond le mieux \u00e0 vos besoins.   <a title=\"Contacter Labeltech AG\" href=\"https:\/\/labeltech.ch\/fr\/contact\/\">Demandez maintenant.<\/a><\/p>\n","protected":false},"excerpt":{"rendered":"<p>La s\u00e9rie TSC TTP-286MT est une imprimante d&#8217;\u00e9tiquettes industrielle puissante  [&#8230;]<\/p>\n","protected":false},"featured_media":1828,"comment_status":"closed","ping_status":"closed","template":"","meta":[],"product_brand":[],"product_cat":[72,75,99],"product_tag":[],"class_list":{"0":"post-2820","1":"product","2":"type-product","3":"status-publish","4":"has-post-thumbnail","6":"product_cat-imprimantes","7":"product_cat-industrial","8":"product_cat-tsc-fr","10":"first","11":"instock","12":"shipping-taxable","13":"product-type-external"},"_links":{"self":[{"href":"https:\/\/labeltech.ch\/fr\/wp-json\/wp\/v2\/product\/2820","targetHints":{"allow":["GET"]}}],"collection":[{"href":"https:\/\/labeltech.ch\/fr\/wp-json\/wp\/v2\/product"}],"about":[{"href":"https:\/\/labeltech.ch\/fr\/wp-json\/wp\/v2\/types\/product"}],"replies":[{"embeddable":true,"href":"https:\/\/labeltech.ch\/fr\/wp-json\/wp\/v2\/comments?post=2820"}],"wp:featuredmedia":[{"embeddable":true,"href":"https:\/\/labeltech.ch\/fr\/wp-json\/wp\/v2\/media\/1828"}],"wp:attachment":[{"href":"https:\/\/labeltech.ch\/fr\/wp-json\/wp\/v2\/media?parent=2820"}],"wp:term":[{"taxonomy":"product_brand","embeddable":true,"href":"https:\/\/labeltech.ch\/fr\/wp-json\/wp\/v2\/product_brand?post=2820"},{"taxonomy":"product_cat","embeddable":true,"href":"https:\/\/labeltech.ch\/fr\/wp-json\/wp\/v2\/product_cat?post=2820"},{"taxonomy":"product_tag","embeddable":true,"href":"https:\/\/labeltech.ch\/fr\/wp-json\/wp\/v2\/product_tag?post=2820"}],"curies":[{"name":"wp","href":"https:\/\/api.w.org\/{rel}","templated":true}]}}