{"id":2824,"date":"2019-07-29T14:39:00","date_gmt":"2019-07-29T12:39:00","guid":{"rendered":"https:\/\/labeltech.ch\/produkt\/logijet-t4-2\/"},"modified":"2026-04-17T16:59:02","modified_gmt":"2026-04-17T14:59:02","slug":"logijet-t4-2","status":"publish","type":"product","link":"https:\/\/labeltech.ch\/fr\/produkt\/logijet-t4-2\/","title":{"rendered":"logiJET T4-2"},"content":{"rendered":"<h2>Large \u00e9ventail de langages d&#8217;impression &#8211; Flexibilit\u00e9 d&#8217;utilisation<\/h2>\n<ul>\n<li>Syst\u00e8me d&#8217;impression thermique robuste pour une utilisation professionnelle<\/li>\n<li>Utilisation flexible pour les applications les plus diverses dans la production et la logistique<\/li>\n<li>Impression par transfert thermique et thermique directe<\/li>\n<li>118 mm de largeur de support &#8211; 106 mm imprimable<\/li>\n<li>R\u00e9solution d&#8217;impression de 300dpi<\/li>\n<li>Vitesse d&#8217;impression de 6 pouces (environ 15 cm) par seconde<\/li>\n<li>Le pilote MICROSOFT WINDOWS pour le langage polyvalent MICROPLEX IDOL est inclus dans l&#8217;imprimante.<\/li>\n<li>Bo\u00eetier m\u00e9tallique robuste.<\/li>\n<li>Vaste \u00e9quipement de base.<\/li>\n<li>RFID disponible en option d&#8217;usine.<\/li>\n<\/ul>\n<p>La compatibilit\u00e9 avec un grand nombre de langages d&#8217;impression rend la LogiJET T4-2 flexible, m\u00eame en remplacement d&#8217;anciens appareils qui ne sont plus disponibles sur le march\u00e9, comme les imprimantes Zebra EPL, Datamax NOVA4, etc.<\/p>\n<h2 class=\"fusion-clearfix\">Informations suppl\u00e9mentaires sur l&#8217;imprimante<\/h2>\n<div class=\"fusion-clearfix\">\n<p>La LogiJET T4-2 de Microplex est \u00e0 la pointe de l&#8217;innovation en mati\u00e8re d&#8217;impression \u00e0 transfert thermique et thermique directe, une solution r\u00e9volutionnaire qui allie pr\u00e9cision, efficacit\u00e9 et adaptabilit\u00e9 dans un design compact. Cette imprimante de pointe a \u00e9t\u00e9 sp\u00e9cialement con\u00e7ue pour les entreprises qui doivent suivre le rythme d&#8217;un monde en constante \u00e9volution, o\u00f9 la fiabilit\u00e9 et la qualit\u00e9 de l&#8217;impression sont essentielles. <\/p>\n<h3><strong>Qualit\u00e9 d&#8217;impression et caract\u00e9ristiques  <\/strong><\/h3>\n<p>Avec la LogiJET T4-2, vous pouvez compter sur des r\u00e9sultats d&#8217;impression exceptionnels. Non seulement cette imprimante produit des \u00e9tiquettes et des codes \u00e0 barres nets et clairs, mais elle le fait \u00e9galement \u00e0 une vitesse impressionnante. La capacit\u00e9 d&#8217;imprimer rapidement sans compromettre la qualit\u00e9 est un avantage d\u00e9cisif dans les environnements o\u00f9 le temps est synonyme d&#8217;argent. Con\u00e7ue pour r\u00e9pondre aux exigences des environnements de production et de distribution modernes, cette imprimante thermique constitue un choix fiable pour tous vos besoins d&#8217;impression.   <\/p>\n<h3><strong>Langages d&#8217;impression (\u00e9mulations)<\/strong><\/h3>\n<ul>\n<li>MICROPLEX IDOL<\/li>\n<li>IGP\/PGL<\/li>\n<li>Datamax<\/li>\n<li>ZPL II<\/li>\n<li>EPL2<\/li>\n<li>Protocole direct d&#8217;Intermec<\/li>\n<li>IBM Proprinter<\/li>\n<li>Epson FX-80 (ESC\/P)<\/li>\n<li>IDS<\/li>\n<li>&#8230;et 15+ autres \u00e9mulations support\u00e9es.<\/li>\n<\/ul>\n<p><a title=\"Que sont les langages d'impression ?\" href=\"https:\/\/labeltech.ch\/fr\/que-sont-les-langages-dimpression\/\"><em>Ce sont des langages d&#8217;impression.<\/em><\/a><\/p>\n<p>Comme successeur actuel de cette ligne de 4 pouces, nous recommandons l&#8217;<a href=\"https:\/\/labeltech.ch\/fr\/produkt\/imprimante-detiquettes-solid-t4-3\/\" title=\"SOLID T4-3 - Successeur de la ligne logiJET T4-2\">imprimante d&#8217;\u00e9tiquettes SOLID T4-3<\/a> qui, avec un facteur de forme compatible, permet un changement en douceur.<\/p>\n<h3><strong>Convivialit\u00e9<\/strong><\/h3>\n<p>L&#8217;un des points forts de la LogiJET T4-2 est son adaptabilit\u00e9. Cette imprimante peut traiter une grande vari\u00e9t\u00e9 de supports, du papier traditionnel aux supports synth\u00e9tiques sp\u00e9ciaux, ce qui la rend adapt\u00e9e \u00e0 un large \u00e9ventail d&#8217;applications. Que vous ayez besoin d&#8217;\u00e9tiquettes robustes pour l&#8217;ext\u00e9rieur ou d&#8217;\u00e9tiquettes fines et d\u00e9taill\u00e9es pour des produits fragiles, la LogiJET T4-2 s&#8217;adapte \u00e0 vos besoins sp\u00e9cifiques. En plus de sa polyvalence, cette imprimante est remarquablement facile \u00e0 utiliser. Un panneau de commande intuitif et un logiciel facile \u00e0 comprendre facilitent la configuration et la maintenance, ce qui signifie que vous pouvez passer moins de temps sur l&#8217;imprimante et plus de temps sur votre activit\u00e9 principale.    <\/p>\n<h3><strong>Fiabilit\u00e9 et long\u00e9vit\u00e9<\/strong><\/h3>\n<p>En termes de fiabilit\u00e9 et de durabilit\u00e9, la LogiJET T4-2 est une r\u00e9f\u00e9rence. Con\u00e7ue pour fonctionner en continu dans les environnements les plus exigeants, cette imprimante est dot\u00e9e d&#8217;un ch\u00e2ssis robuste et de composants de haute qualit\u00e9 qui minimisent les temps d&#8217;arr\u00eat et maximisent la dur\u00e9e de vie de l&#8217;appareil. Les entreprises b\u00e9n\u00e9ficient d&#8217;un fonctionnement sans faille et de la certitude que leur investissement est bien prot\u00e9g\u00e9.  <\/p>\n<h2><strong>RFID<\/strong><\/h2>\n<p>Une imprimante qui int\u00e8gre les technologies RFID est un choix d&#8217;avenir pour les entreprises qui souhaitent moderniser leurs processus. La RFID (identification par radiofr\u00e9quence) permet la transmission sans fil de donn\u00e9es via des champs \u00e9lectromagn\u00e9tiques afin d&#8217;identifier et de suivre automatiquement les codes \u00e0 barres ou les \u00e9tiquettes. Cette technologie ouvre de nouvelles perspectives en mati\u00e8re de gestion d&#8217;entrep\u00f4t, de contr\u00f4le des stocks et de s\u00e9curit\u00e9, en permettant un transfert efficace des donn\u00e9es sans contact. Avec la LogiJET T4-2, les entreprises peuvent tirer parti de la technologie RFID pour am\u00e9liorer l&#8217;efficacit\u00e9 et la pr\u00e9cision de la collecte de donn\u00e9es.   <\/p>\n<h2>Le LogiJET T4-2<\/h2>\n<p>La Microplex LogiJET T4-2 repr\u00e9sente une nouvelle g\u00e9n\u00e9ration de technologies d&#8217;impression qui mettent l&#8217;accent sur la vitesse, la qualit\u00e9 et la flexibilit\u00e9. Que ce soit dans le domaine de la logistique, de la vente au d\u00e9tail, de la fabrication ou de la sant\u00e9, cette imprimante est une solution \u00e9prouv\u00e9e. Si vous recherchez plus d&#8217;informations sur les interfaces, la largeur d&#8217;impression, les fonctionnalit\u00e9s optionnelles, etc. de l&#8217;imprimante d&#8217;\u00e9tiquettes, veuillez utiliser le t\u00e9l\u00e9chargement ci-dessus ou <a title=\"Contact\" href=\"https:\/\/labeltech.ch\/fr\/contact\/\">nous contacter<\/a> pour plus d&#8217;informations. Nous serons heureux de r\u00e9pondre \u00e0 votre demande.   <\/p>\n<\/div>\n","protected":false},"excerpt":{"rendered":"<p>Large \u00e9ventail de langages d&#8217;impression &#8211; Flexibilit\u00e9 d&#8217;utilisation Syst\u00e8me d&#8217;impression  [&#8230;]<\/p>\n","protected":false},"featured_media":8353,"comment_status":"closed","ping_status":"closed","template":"","meta":[],"product_brand":[],"product_cat":[72,83,80,76],"product_tag":[],"class_list":{"0":"post-2824","1":"product","2":"type-product","3":"status-publish","4":"has-post-thumbnail","6":"product_cat-imprimantes","7":"product_cat-imprimantes-thermique","8":"product_cat-microplex-fr","9":"product_cat-rfid-fr","11":"first","12":"instock","13":"shipping-taxable","14":"product-type-external"},"_links":{"self":[{"href":"https:\/\/labeltech.ch\/fr\/wp-json\/wp\/v2\/product\/2824","targetHints":{"allow":["GET"]}}],"collection":[{"href":"https:\/\/labeltech.ch\/fr\/wp-json\/wp\/v2\/product"}],"about":[{"href":"https:\/\/labeltech.ch\/fr\/wp-json\/wp\/v2\/types\/product"}],"replies":[{"embeddable":true,"href":"https:\/\/labeltech.ch\/fr\/wp-json\/wp\/v2\/comments?post=2824"}],"wp:featuredmedia":[{"embeddable":true,"href":"https:\/\/labeltech.ch\/fr\/wp-json\/wp\/v2\/media\/8353"}],"wp:attachment":[{"href":"https:\/\/labeltech.ch\/fr\/wp-json\/wp\/v2\/media?parent=2824"}],"wp:term":[{"taxonomy":"product_brand","embeddable":true,"href":"https:\/\/labeltech.ch\/fr\/wp-json\/wp\/v2\/product_brand?post=2824"},{"taxonomy":"product_cat","embeddable":true,"href":"https:\/\/labeltech.ch\/fr\/wp-json\/wp\/v2\/product_cat?post=2824"},{"taxonomy":"product_tag","embeddable":true,"href":"https:\/\/labeltech.ch\/fr\/wp-json\/wp\/v2\/product_tag?post=2824"}],"curies":[{"name":"wp","href":"https:\/\/api.w.org\/{rel}","templated":true}]}}