{"id":2829,"date":"2019-07-22T15:12:32","date_gmt":"2019-07-22T13:12:32","guid":{"rendered":"https:\/\/labeltech.ch\/produkt\/novexx-alx-92x\/"},"modified":"2025-07-25T13:38:33","modified_gmt":"2025-07-25T11:38:33","slug":"novexx-alx-92x","status":"publish","type":"product","link":"https:\/\/labeltech.ch\/fr\/produkt\/novexx-alx-92x\/","title":{"rendered":"Novexx ALX 92x"},"content":{"rendered":"<ul>\n<li>Syst\u00e8mes d&#8217;impression et de distribution 1:1 puissants avec des vitesses d&#8217;impression allant jusqu&#8217;\u00e0 400 mm\/s<\/li>\n<li>Temps de fonctionnement de la production in\u00e9gal\u00e9 gr\u00e2ce aux grandes bobines de film (1000 m) et \u00e0 la fonction d&#8217;\u00e9conomie de film<\/li>\n<li>Int\u00e9gration flexible dans les lignes de production existantes \u00e0 l&#8217;aide de connexions Ethernet standard<\/li>\n<li>Une large gamme d&#8217;applicateurs standard permet d&#8217;\u00e9tiqueter presque tous les produits<\/li>\n<\/ul>\n","protected":false},"excerpt":{"rendered":"<p>Syst\u00e8mes d&#8217;impression et de distribution 1:1 puissants avec des vitesses  [&#8230;]<\/p>\n","protected":false},"featured_media":6725,"comment_status":"closed","ping_status":"closed","template":"","meta":[],"product_brand":[],"product_cat":[71,72,134,76],"product_tag":[],"class_list":{"0":"post-2829","1":"product","2":"type-product","3":"status-publish","4":"has-post-thumbnail","6":"product_cat-impression-pose","7":"product_cat-imprimantes","8":"product_cat-novexx-fr","9":"product_cat-rfid-fr","11":"first","12":"instock","13":"shipping-taxable","14":"product-type-external"},"_links":{"self":[{"href":"https:\/\/labeltech.ch\/fr\/wp-json\/wp\/v2\/product\/2829","targetHints":{"allow":["GET"]}}],"collection":[{"href":"https:\/\/labeltech.ch\/fr\/wp-json\/wp\/v2\/product"}],"about":[{"href":"https:\/\/labeltech.ch\/fr\/wp-json\/wp\/v2\/types\/product"}],"replies":[{"embeddable":true,"href":"https:\/\/labeltech.ch\/fr\/wp-json\/wp\/v2\/comments?post=2829"}],"wp:featuredmedia":[{"embeddable":true,"href":"https:\/\/labeltech.ch\/fr\/wp-json\/wp\/v2\/media\/6725"}],"wp:attachment":[{"href":"https:\/\/labeltech.ch\/fr\/wp-json\/wp\/v2\/media?parent=2829"}],"wp:term":[{"taxonomy":"product_brand","embeddable":true,"href":"https:\/\/labeltech.ch\/fr\/wp-json\/wp\/v2\/product_brand?post=2829"},{"taxonomy":"product_cat","embeddable":true,"href":"https:\/\/labeltech.ch\/fr\/wp-json\/wp\/v2\/product_cat?post=2829"},{"taxonomy":"product_tag","embeddable":true,"href":"https:\/\/labeltech.ch\/fr\/wp-json\/wp\/v2\/product_tag?post=2829"}],"curies":[{"name":"wp","href":"https:\/\/api.w.org\/{rel}","templated":true}]}}