{"id":2837,"date":"2019-07-29T14:52:18","date_gmt":"2019-07-29T12:52:18","guid":{"rendered":"https:\/\/labeltech.ch\/produkt\/cab-squix\/"},"modified":"2026-04-17T16:30:49","modified_gmt":"2026-04-17T14:30:49","slug":"cab-squix","status":"publish","type":"product","link":"https:\/\/labeltech.ch\/fr\/produkt\/cab-squix\/","title":{"rendered":"CAB SQUIX"},"content":{"rendered":"<p>La cab SQUIX est une imprimante d&#8217;\u00e9tiquettes industrielle performante qui a \u00e9t\u00e9 d\u00e9velopp\u00e9e comme successeur de la s\u00e9rie cab A+ et qui offre une philosophie d&#8217;utilisation moderne ainsi qu&#8217;une technologie d&#8217;impression de haute qualit\u00e9. L&#8217;appareil fonctionne au choix en transfert thermique ou en thermique direct et est disponible en version 4 pouces et 6 pouces. Pour l&#8217;impression recto-verso sur des rubans textiles, des \u00e9tiquettes en carton et des gaines, cab propose avec la <a title=\"cab XD4T Imprimante sp\u00e9ciale recto-verso\" href=\"https:\/\/labeltech.ch\/fr\/produkt\/cab-xd4t\/\">cab XD4T<\/a> une solution sp\u00e9ciale compl\u00e9mentaire de la m\u00eame ligne de produits.  <\/p>\n<blockquote>\n<p><a title=\"Vous avez des questions ? Nous vous aidons.\" href=\"https:\/\/labeltech.ch\/fr\/contact\/\">Vous avez des questions ? Nous vous aidons. <\/a><\/p>\n<\/blockquote>\n<h2>Utilisation intuitive avec un \u00e9cran tactile de 4,3 pouces<\/h2>\n<p>Au centre de la philosophie d&#8217;utilisation du cab SQUIX se trouve un \u00e9cran tactile LCD couleur de 4,3 pouces. L&#8217;interface tactile permet de configurer tous les r\u00e9glages de l&#8217;imprimante, les capteurs de support et les param\u00e8tres d&#8217;impression directement sur l&#8217;appareil, sans connexion \u00e0 un ordinateur portable ou connaissances sp\u00e9cifiques en logiciels. Cela est particuli\u00e8rement pr\u00e9cieux dans les environnements de production o\u00f9 les op\u00e9rateurs doivent passer rapidement et en toute s\u00e9curit\u00e9 d&#8217;une t\u00e2che d&#8217;\u00e9tiquetage \u00e0 une autre. Les erreurs de manipulation sont consid\u00e9rablement r\u00e9duites gr\u00e2ce \u00e0 la clart\u00e9 des menus.   <\/p>\n<p>La vitesse d&#8217;impression peut atteindre 250 mm\/s. En termes de r\u00e9solution, vous avez le choix entre 300 dpi et 600 dpi, en fonction des exigences de d\u00e9tail des codes \u00e0 barres et des polices. La version 600 dpi est particuli\u00e8rement adapt\u00e9e aux \u00e9tiquettes de petite taille, aux produits pharmaceutiques ou aux applications n\u00e9cessitant des graphiques particuli\u00e8rement fins et des tol\u00e9rances de codage serr\u00e9es.  <\/p>\n<h2>Guide de support flexible pour les supports \u00e9troits et larges<\/h2>\n<p>Le cab SQUIX est disponible en deux variantes de guidage du mat\u00e9riau. Dans la version standard, l&#8217;utilisateur introduit le mat\u00e9riau \u00e0 gauche, dans la version M, le guidage est centr\u00e9. La variante M est particuli\u00e8rement avantageuse si l&#8217;on passe r\u00e9guli\u00e8rement d&#8217;une largeur de mat\u00e9riau \u00e0 l&#8217;autre, car des broches de pression fixes rendent un r\u00e9glage manuel de la largeur superflu. M\u00eame les mat\u00e9riaux tr\u00e8s \u00e9troits, \u00e0 partir de 4 mm de largeur, peuvent \u00eatre trait\u00e9s en toute s\u00e9curit\u00e9.   <\/p>\n<p>L&#8217;imprimante accepte diff\u00e9rents types de supports, notamment les supports continus, perfor\u00e9s, marqu\u00e9s en noir et les piles de plis (accord\u00e9on). Cela en fait un outil universel pour diff\u00e9rentes t\u00e2ches d&#8217;\u00e9tiquetage dans l&#8217;industrie, la logistique et les laboratoires. <\/p>\n<p>Vous trouverez un aper\u00e7u complet de toutes les imprimantes d&#8217;\u00e9tiquettes industrielles de diff\u00e9rents fabricants dans notre <a href=\"https:\/\/labeltech.ch\/fr\/produits\/systemes-dimpression\/industriel\/\" title=\"Aper\u00e7u de toutes les imprimantes d'\u00e9tiquettes industrielles chez Labeltech AG\">aper\u00e7u des syst\u00e8mes d&#8217;impression industriels<\/a> chez Labeltech AG.<\/p>\n<h2>Connectivit\u00e9 et extensibilit\u00e9<\/h2>\n<ul>\n<li>Standard : USB 2.0, RS-232, Ethernet (10\/100 MBit)<\/li>\n<li>En option : module WLAN pour une connexion r\u00e9seau sans fil<\/li>\n<li>256 Mo de RAM pour un traitement fluide des mises en page complexes<\/li>\n<li>M\u00e9moire flash interne de 50 Mo et emplacement pour carte SD pour les extensions<\/li>\n<\/ul>\n<h2>Robustesse et long\u00e9vit\u00e9<\/h2>\n<p>cab est synonyme de technologie d&#8217;impression d\u00e9velopp\u00e9e et fabriqu\u00e9e en Allemagne avec une exigence de qualit\u00e9 \u00e9lev\u00e9e. Le ch\u00e2ssis SQUIX est constitu\u00e9 d&#8217;un bo\u00eetier m\u00e9tallique massif qui fonctionne de mani\u00e8re fiable m\u00eame dans des environnements poussi\u00e9reux, humides ou soumis \u00e0 des vibrations. La t\u00eate d&#8217;impression et le rouleau d&#8217;impression sont con\u00e7us pour \u00eatre facilement remplac\u00e9s par l&#8217;utilisateur afin de minimiser les temps d&#8217;arr\u00eat en cas de maintenance ou d&#8217;usure.  <\/p>\n<h2>Conclusion : l&#8217;imprimante d&#8217;\u00e9tiquettes cab SQUIX pour une impression pr\u00e9cise en haut volume<\/h2>\n<p>La cab SQUIX combine une utilisation innovante sur \u00e9cran tactile avec la pr\u00e9cision et la fiabilit\u00e9 habituelles de la ligne de produits cab. Elle est le bon choix pour les utilisateurs qui recherchent une imprimante d&#8217;\u00e9tiquettes industrielle robuste avec une qualit\u00e9 d&#8217;impression \u00e9lev\u00e9e et une manipulation simple. Nous nous ferons un plaisir de vous conseiller sur les diff\u00e9rentes variantes de SQUIX et de vous aider \u00e0 les configurer correctement.    <a title=\"Contacter Labeltech AG\" href=\"https:\/\/labeltech.ch\/fr\/contact\/\">Contactez-nous d\u00e8s maintenant.<\/a><\/p>\n","protected":false},"excerpt":{"rendered":"<p>La cab SQUIX est une imprimante d&#8217;\u00e9tiquettes industrielle performante qui  [&#8230;]<\/p>\n","protected":false},"featured_media":1838,"comment_status":"closed","ping_status":"closed","template":"","meta":[],"product_brand":[],"product_cat":[133,72,75],"product_tag":[],"class_list":{"0":"post-2837","1":"product","2":"type-product","3":"status-publish","4":"has-post-thumbnail","6":"product_cat-cab-fr","7":"product_cat-imprimantes","8":"product_cat-industrial","10":"first","11":"instock","12":"shipping-taxable","13":"product-type-external"},"_links":{"self":[{"href":"https:\/\/labeltech.ch\/fr\/wp-json\/wp\/v2\/product\/2837","targetHints":{"allow":["GET"]}}],"collection":[{"href":"https:\/\/labeltech.ch\/fr\/wp-json\/wp\/v2\/product"}],"about":[{"href":"https:\/\/labeltech.ch\/fr\/wp-json\/wp\/v2\/types\/product"}],"replies":[{"embeddable":true,"href":"https:\/\/labeltech.ch\/fr\/wp-json\/wp\/v2\/comments?post=2837"}],"wp:featuredmedia":[{"embeddable":true,"href":"https:\/\/labeltech.ch\/fr\/wp-json\/wp\/v2\/media\/1838"}],"wp:attachment":[{"href":"https:\/\/labeltech.ch\/fr\/wp-json\/wp\/v2\/media?parent=2837"}],"wp:term":[{"taxonomy":"product_brand","embeddable":true,"href":"https:\/\/labeltech.ch\/fr\/wp-json\/wp\/v2\/product_brand?post=2837"},{"taxonomy":"product_cat","embeddable":true,"href":"https:\/\/labeltech.ch\/fr\/wp-json\/wp\/v2\/product_cat?post=2837"},{"taxonomy":"product_tag","embeddable":true,"href":"https:\/\/labeltech.ch\/fr\/wp-json\/wp\/v2\/product_tag?post=2837"}],"curies":[{"name":"wp","href":"https:\/\/api.w.org\/{rel}","templated":true}]}}