{"id":2843,"date":"2019-07-29T14:53:31","date_gmt":"2019-07-29T12:53:31","guid":{"rendered":"https:\/\/labeltech.ch\/produkt\/cab-xd4t\/"},"modified":"2026-04-17T16:31:37","modified_gmt":"2026-04-17T14:31:37","slug":"cab-xd4t","status":"publish","type":"product","link":"https:\/\/labeltech.ch\/fr\/produkt\/cab-xd4t\/","title":{"rendered":"CAB XD4T"},"content":{"rendered":"<p>La cab XD4T est une imprimante industrielle sp\u00e9cialis\u00e9e qui a \u00e9t\u00e9 d\u00e9velopp\u00e9e pour l&#8217;impression simultan\u00e9e des deux c\u00f4t\u00e9s de rubans textiles, d&#8217;\u00e9tiquettes en carton, de tubes aplatis et de mat\u00e9riaux continus en plastique, papier ou carton. Avec deux t\u00eates d&#8217;impression simultan\u00e9es et un guidage du support optimis\u00e9 pour cette t\u00e2che, elle pose des jalons l\u00e0 o\u00f9 les imprimantes d&#8217;\u00e9tiquettes simples ou les solutions s\u00e9rielles \u00e0 t\u00eate unique \u00e9chouent. Pour l&#8217;impression industrielle simple face, la <a title=\"cab SQUIX Imprimante d'\u00e9tiquettes industrielles\" href=\"https:\/\/labeltech.ch\/fr\/produkt\/cab-squix\/\">cab SQUIX<\/a> est un compl\u00e9ment performant de la m\u00eame ligne de produits cab.  <\/p>\n<blockquote>\n<p><a title=\"Vous avez des questions ? Nous vous aidons.\" href=\"https:\/\/labeltech.ch\/fr\/contact\/\">Vous avez des questions ? Nous vous aidons. <\/a><\/p>\n<\/blockquote>\n<h2>L&#8217;impression recto-verso, un avantage d\u00e9cisif<\/h2>\n<p>Dans l&#8217;industrie textile, la confection et de nombreuses applications d&#8217;emballage, les \u00e9tiquettes et les rubans doivent \u00eatre imprim\u00e9s sur le recto et le verso. Avec les syst\u00e8mes conventionnels, cela se fait soit par un double passage, soit avec des unit\u00e9s de retournement co\u00fbteuses, ce qui ralentit le processus et le rend plus sujet aux erreurs. La cab XD4T r\u00e9sout fondamentalement ce probl\u00e8me en imprimant les deux faces en un seul passage. Cela permet de gagner du temps, d&#8217;augmenter la pr\u00e9cision de la couverture entre le recto et le verso et de r\u00e9duire la maintenance en r\u00e9duisant le nombre d&#8217;\u00e9tapes du processus.   <\/p>\n<p>La XD4T est le premier choix pour l&#8217;\u00e9tiquetage des textiles. Les \u00e9tiquettes d&#8217;entretien, les indications de taille et les ingr\u00e9dients qui doivent \u00eatre imprim\u00e9s dans le secteur de la mode ou dans les textiles de protection au travail n\u00e9cessitent souvent des informations recto verso. La XD4T les fournit en un seul passage, avec une r\u00e9solution d&#8217;impression de 300 dpi et une largeur d&#8217;impression pouvant atteindre 105,6 mm.  <\/p>\n<h2>S\u00e9paration intelligente des films gr\u00e2ce \u00e0 un rouleau de traction<\/h2>\n<p>Un d\u00e9tail souvent sous-estim\u00e9 du cab XD4T est le rouleau de traction int\u00e9gr\u00e9 apr\u00e8s la t\u00eate d&#8217;impression. Celui-ci s\u00e9pare proprement le film de transfert thermique du ruban textile ou du tube imprim\u00e9, ce qui pose habituellement des probl\u00e8mes avec les mat\u00e9riaux souples, \u00e9lastiques ou lisses. La s\u00e9paration nette du film am\u00e9liore de mani\u00e8re mesurable la pr\u00e9cision de l&#8217;impression, car le support reste positionn\u00e9 avec pr\u00e9cision apr\u00e8s l&#8217;impression et n&#8217;est pas d\u00e9form\u00e9 par la traction du film.  <\/p>\n<p>Malgr\u00e9 sa capacit\u00e9 \u00e0 traiter des supports de diff\u00e9rentes largeurs, aucun r\u00e9glage de la t\u00eate d&#8217;impression n&#8217;est n\u00e9cessaire lors du changement de largeur du support. Cela r\u00e9duit consid\u00e9rablement le temps de r\u00e9glage lors des changements de format et permet un fonctionnement sans probl\u00e8me m\u00eame si diff\u00e9rents produits sont imprim\u00e9s sur la m\u00eame ligne. <\/p>\n<p>Vous trouverez d&#8217;autres solutions d&#8217;impression sp\u00e9cialis\u00e9es pour des supports et mat\u00e9riaux particuliers dans notre <a href=\"https:\/\/labeltech.ch\/fr\/produits\/systemes-dimpression\/special\/\" title=\"Syst\u00e8mes d'impression sp\u00e9ciaux pour des exigences particuli\u00e8res chez Labeltech AG\">aper\u00e7u des syst\u00e8mes d&#8217;impression sp\u00e9cialis\u00e9s<\/a> chez Labeltech AG.<\/p>\n<h2>Domaines d&#8217;application typiques du cab XD4T<\/h2>\n<ul>\n<li>\u00c9tiquettes d&#8217;entretien et indications de taille pour les produits textiles et les v\u00eatements<\/li>\n<li>\u00c9tiquettes en carton double face pour l&#8217;emballage et l&#8217;exp\u00e9dition<\/li>\n<li>Tuyaux et identification de faisceaux de c\u00e2bles dans les secteurs \u00e9lectrique et automobile<\/li>\n<li>Mat\u00e9riaux plastiques continus pour les applications industrielles et de process<\/li>\n<\/ul>\n<h2>Donn\u00e9es techniques cl\u00e9s<\/h2>\n<p>La cab XD4T travaille avec une r\u00e9solution d&#8217;impression de 300 dpi et atteint des vitesses d&#8217;impression allant jusqu&#8217;\u00e0 125 mm\/s. La largeur d&#8217;impression maximale est de 105,6 mm. L&#8217;appareil supporte aussi bien les supports confectionn\u00e9s que les supports continus, ce qui le rend utilisable pour une large palette de sc\u00e9narios de production. Les imprimantes cab sont reconnues dans l&#8217;industrie pour leur grande qualit\u00e9 de fabrication et leur longue dur\u00e9e de vie en milieu industriel.  <\/p>\n<h2>Conclusion : cab XD4T imprimante sp\u00e9ciale pour l&#8217;impression recto-verso de haute qualit\u00e9<\/h2>\n<p>Si vous souhaitez imprimer des rubans textiles, des gaines ou des \u00e9tiquettes en carton sur les deux faces, vous trouverez dans la cab XD4T une solution techniquement sophistiqu\u00e9e qui convainc au quotidien par la s\u00e9curit\u00e9 de ses processus et son efficacit\u00e9. N&#8217;h\u00e9sitez pas \u00e0 nous contacter, nous vous conseillerons volontiers sur les possibilit\u00e9s d&#8217;utilisation et les options de configuration.   <a title=\"Contacter Labeltech AG\" href=\"https:\/\/labeltech.ch\/fr\/contact\/\">Prendre contact.<\/a><\/p>\n","protected":false},"excerpt":{"rendered":"<p>La cab XD4T est une imprimante industrielle sp\u00e9cialis\u00e9e qui a  [&#8230;]<\/p>\n","protected":false},"featured_media":1839,"comment_status":"closed","ping_status":"closed","template":"","meta":[],"product_brand":[],"product_cat":[133,72,77],"product_tag":[],"class_list":{"0":"post-2843","1":"product","2":"type-product","3":"status-publish","4":"has-post-thumbnail","6":"product_cat-cab-fr","7":"product_cat-imprimantes","8":"product_cat-special","10":"first","11":"instock","12":"shipping-taxable","13":"product-type-external"},"_links":{"self":[{"href":"https:\/\/labeltech.ch\/fr\/wp-json\/wp\/v2\/product\/2843","targetHints":{"allow":["GET"]}}],"collection":[{"href":"https:\/\/labeltech.ch\/fr\/wp-json\/wp\/v2\/product"}],"about":[{"href":"https:\/\/labeltech.ch\/fr\/wp-json\/wp\/v2\/types\/product"}],"replies":[{"embeddable":true,"href":"https:\/\/labeltech.ch\/fr\/wp-json\/wp\/v2\/comments?post=2843"}],"wp:featuredmedia":[{"embeddable":true,"href":"https:\/\/labeltech.ch\/fr\/wp-json\/wp\/v2\/media\/1839"}],"wp:attachment":[{"href":"https:\/\/labeltech.ch\/fr\/wp-json\/wp\/v2\/media?parent=2843"}],"wp:term":[{"taxonomy":"product_brand","embeddable":true,"href":"https:\/\/labeltech.ch\/fr\/wp-json\/wp\/v2\/product_brand?post=2843"},{"taxonomy":"product_cat","embeddable":true,"href":"https:\/\/labeltech.ch\/fr\/wp-json\/wp\/v2\/product_cat?post=2843"},{"taxonomy":"product_tag","embeddable":true,"href":"https:\/\/labeltech.ch\/fr\/wp-json\/wp\/v2\/product_tag?post=2843"}],"curies":[{"name":"wp","href":"https:\/\/api.w.org\/{rel}","templated":true}]}}