{"id":2855,"date":"2019-07-22T13:41:51","date_gmt":"2019-07-22T11:41:51","guid":{"rendered":"https:\/\/labeltech.ch\/produkt\/novexx-alx-734-5-6\/"},"modified":"2025-07-25T13:38:34","modified_gmt":"2025-07-25T11:38:34","slug":"novexx-alx-734-5-6","status":"publish","type":"product","link":"https:\/\/labeltech.ch\/fr\/produkt\/novexx-alx-734-5-6\/","title":{"rendered":"Novexx ALX 73x"},"content":{"rendered":"<ul>\n<li>Syst\u00e8mes d&#8217;impression et de distribution \u00e0 haut rendement avec une vitesse d&#8217;impression allant jusqu&#8217;\u00e0 50 m\/min.<\/li>\n<li>Efficacit\u00e9 de production imbattable obtenue gr\u00e2ce \u00e0 des rouleaux d&#8217;\u00e9tiquettes et de bandes de grande taille<\/li>\n<li>Une \u00e9norme fiabilit\u00e9 24h\/24 et 7j\/7<\/li>\n<li>Des pi\u00e8ces de haute qualit\u00e9 et un micrologiciel \u00e9prouv\u00e9 garantissent une longue dur\u00e9e de vie et une maintenance r\u00e9duite.<\/li>\n<li>Sp\u00e9cialement con\u00e7u pour r\u00e9pondre aux exigences les plus \u00e9lev\u00e9es des lignes de production actuelles dans tous les secteurs industriels<\/li>\n<\/ul>\n<h2>Novexx Solutions GmbH d&#8217;Eching pr\u00e8s de Munich pr\u00e9sente : la s\u00e9rie ALX 73<\/h2>\n<p>Les syst\u00e8mes d&#8217;impression-\u00e9tiquetage de la s\u00e9rie ALX 73 (ALX 73x) sont le premier choix pour ceux qui recherchent des syst\u00e8mes d&#8217;impression-\u00e9tiquetage performants et polyvalents qui r\u00e9pondent \u00e0 toutes les exigences des normes industrielles mondiales. Ils constituent une solution fiable pour tous les types d&#8217;applications d&#8217;impression et de distribution possibles et imaginables.<\/p>\n<h3>En quoi la s\u00e9rie se distingue-t-elle ?<\/h3>\n<ul>\n<li>T\u00eate d&#8217;impression facilement rempla\u00e7able<\/li>\n<li>Production 24 heures sur 24<\/li>\n<li>\u00c9tiquetage au choix par le haut ou par le c\u00f4t\u00e9<\/li>\n<li>M\u00e9canisme sp\u00e9cial d&#8217;\u00e9conomie de film<\/li>\n<li>\u00c9cran multilingue<\/li>\n<li>Adaptation \u00e0 un volume \u00e9lev\u00e9 ou faible<\/li>\n<li>\u00c9conomisez jusqu&#8217;\u00e0 50% des co\u00fbts annuels par rapport \u00e0 de nombreux concurrents<\/li>\n<li>en augmentant les heures de fonctionnement (24h\/24 et 7j\/7),<\/li>\n<li>gr\u00e2ce \u00e0 de grands rouleaux d&#8217;\u00e9tiquettes et de films,<\/li>\n<li>par une maintenance rapide gr\u00e2ce \u00e0 sa conception modulaire unique,<\/li>\n<li>par une vitesse d&#8217;impression et de distribution \u00e9lev\u00e9e, qui n&#8217;atteint sa limite qu&#8217;avec 400 \u00e9tiquettes par minute, ou autrement dit, avec cinquante m\u00e8tres par minute.<\/li>\n<\/ul>\n<h3>Les sp\u00e9cifications de la s\u00e9rie ALX 73<\/h3>\n<p>Avec une r\u00e9solution d&#8217;impression de 300 dpi (points par pouce, 1 pouce = 2,54cm), les formats graphiques tels que BMP, PCX, JPG, TIF, GIF et les logos Easy Plug sont parfaitement repr\u00e9sent\u00e9s. Avec un diam\u00e8tre de rouleau d&#8217;\u00e9tiquettes de 400 mm maximum, des longueurs de film allant jusqu&#8217;\u00e0 un kilom\u00e8tre sont possibles. Les largeurs d&#8217;impression des deux mod\u00e8les, ALX 734\/735 et ALX 736, sont diff\u00e9rentes selon le type d&#8217;application d\u00e9fini. L&#8217;ALX 734 permet de r\u00e9aliser des largeurs d&#8217;impression de 104 mm maximum et une largeur d&#8217;\u00e9tiquette maximale de 134 mm. L&#8217;ALX 735 traite des largeurs d&#8217;impression jusqu&#8217;\u00e0 127 mm et est con\u00e7ue pour des largeurs d&#8217;\u00e9tiquettes jusqu&#8217;\u00e0 134 mm. L&#8217;imprimante \u00e0 transfert thermique\/thermodirect la plus grande et la plus lourde est l&#8217;ALX 736. Avec un poids de 71 kilogrammes, elle traite des largeurs d&#8217;impression jusqu&#8217;\u00e0 160 mm et une largeur d&#8217;\u00e9tiquette jusqu&#8217;\u00e0 185 mm.<\/p>\n<h3>Les \u00e9crits<\/h3>\n<p>Les syst\u00e8mes d&#8217;\u00e9tiquetage de la s\u00e9rie ALX disposent de 17 polices, dont OCR-A et OCR-B, et de 3 polices \u00e9volutives (Speedo). La police True-Type est \u00e9galement prise en charge, tout comme Unicode. La capacit\u00e9 de rotation est de 0,90,180 et 270 degr\u00e9s. Les polices peuvent \u00eatre redimensionn\u00e9es jusqu&#8217;\u00e0 un facteur 16 dans les directions X et Y.<\/p>\n<h3>Les codes-barres<\/h3>\n<p><strong>1-dimension<\/strong>: EAN 8 et EAN 13avec code additionnel \u00e0 2 et 5 chiffres, UPC-A, UPC-E, Code 39, Code 39 ratio 3:1 et ratio 2,5:1 ; Code ITF, Code 128, Code 2\/5 1, Code 2\/5 5, Code 2\/5 entrelac\u00e9 ratio 1:3, Code 2\/5 Matrix Ratio 1:2,5 ; Code 2\/5 Matrix Ratio 1:3 ; Code MSI, Code EAN 128 ; Code postal (routage et code ID), UPS Code 128, Code 128 Pharmacy.<\/p>\n<p>Tous les codes \u00e0 barres sont disponibles en trente largeurs, la hauteur est librement modulable.<\/p>\n<p><strong>2 dimensions<\/strong>: code Data Matrix, Maxi Code, PDF 417, Codablock F, Code 49, GS1 Databar, EAN, symboles UCC compos\u00e9s<\/p>\n<h3>N&#8217;utiliser l&#8217;imprimante que conform\u00e9ment \u00e0 sa destination<\/h3>\n<p>Les distributeurs d&#8217;\u00e9tiquettes de la s\u00e9rie ALX 73X sont destin\u00e9s \u00e0 l&#8217;impression, la distribution et l&#8217;application d&#8217;\u00e9tiquettes autocollantes en mode thermique direct ou transfert thermique. Les diff\u00e9rentes versions (ALX 734, ALX 735, ALX 736) ne se distinguent que par la largeur d&#8217;impression maximale. Il est possible d&#8217;utiliser diff\u00e9rentes combinaisons de films \u00e0 transfert thermique et de mat\u00e9riaux d&#8217;\u00e9tiquettes, qui doivent se pr\u00e9senter sous forme de rouleaux. (Mat\u00e9riau thermique direct, mat\u00e9riau \u00e0 transfert thermique, film plastique : PE, PP, PVC, PA en rouleaux). Le mat\u00e9riau des \u00e9tiquettes doit \u00eatre d\u00e9coup\u00e9, c&#8217;est-\u00e0-dire que les \u00e9tiquettes autocollantes adh\u00e8rent individuellement, s\u00e9par\u00e9es par des d\u00e9coupes, sur le mat\u00e9riau de support. Les \u00e9tiquettes doivent \u00eatre suffisamment adh\u00e9rentes pour pouvoir \u00eatre d\u00e9coll\u00e9es en d\u00e9viant le mat\u00e9riau sur un bord tranchant. Toute utilisation diff\u00e9rente ou d\u00e9passant ce cadre est consid\u00e9r\u00e9e comme non conforme.<\/p>\n","protected":false},"excerpt":{"rendered":"<p>Syst\u00e8mes d&#8217;impression et de distribution \u00e0 haut rendement avec une  [&#8230;]<\/p>\n","protected":false},"featured_media":1785,"comment_status":"closed","ping_status":"closed","template":"","meta":[],"product_brand":[],"product_cat":[71,134],"product_tag":[],"class_list":{"0":"post-2855","1":"product","2":"type-product","3":"status-publish","4":"has-post-thumbnail","6":"product_cat-impression-pose","7":"product_cat-novexx-fr","9":"first","10":"instock","11":"shipping-taxable","12":"product-type-external"},"_links":{"self":[{"href":"https:\/\/labeltech.ch\/fr\/wp-json\/wp\/v2\/product\/2855","targetHints":{"allow":["GET"]}}],"collection":[{"href":"https:\/\/labeltech.ch\/fr\/wp-json\/wp\/v2\/product"}],"about":[{"href":"https:\/\/labeltech.ch\/fr\/wp-json\/wp\/v2\/types\/product"}],"replies":[{"embeddable":true,"href":"https:\/\/labeltech.ch\/fr\/wp-json\/wp\/v2\/comments?post=2855"}],"wp:featuredmedia":[{"embeddable":true,"href":"https:\/\/labeltech.ch\/fr\/wp-json\/wp\/v2\/media\/1785"}],"wp:attachment":[{"href":"https:\/\/labeltech.ch\/fr\/wp-json\/wp\/v2\/media?parent=2855"}],"wp:term":[{"taxonomy":"product_brand","embeddable":true,"href":"https:\/\/labeltech.ch\/fr\/wp-json\/wp\/v2\/product_brand?post=2855"},{"taxonomy":"product_cat","embeddable":true,"href":"https:\/\/labeltech.ch\/fr\/wp-json\/wp\/v2\/product_cat?post=2855"},{"taxonomy":"product_tag","embeddable":true,"href":"https:\/\/labeltech.ch\/fr\/wp-json\/wp\/v2\/product_tag?post=2855"}],"curies":[{"name":"wp","href":"https:\/\/api.w.org\/{rel}","templated":true}]}}