{"id":2872,"date":"2019-07-17T16:15:33","date_gmt":"2019-07-17T14:15:33","guid":{"rendered":"https:\/\/labeltech.ch\/produkt\/novexx-als-306\/"},"modified":"2025-07-25T13:38:35","modified_gmt":"2025-07-25T11:38:35","slug":"novexx-als-306","status":"publish","type":"product","link":"https:\/\/labeltech.ch\/fr\/produkt\/novexx-als-306\/","title":{"rendered":"Novexx Solutions ALS 306"},"content":{"rendered":"<h1>Novexx ALS 306 &#8211; Syst\u00e8me d&#8217;\u00e9tiquetage haute performance pour les applications industrielles<\/h1>\n<p>L&#8217;ALS 306 de Novexx Solutions est un syst\u00e8me d&#8217;\u00e9tiquetage performant et de haute qualit\u00e9, sp\u00e9cialement con\u00e7u pour r\u00e9pondre aux besoins industriels les plus exigeants. Il est id\u00e9al pour les entreprises qui souhaitent \u00e9tiqueter de grandes quantit\u00e9s avec une grande pr\u00e9cision &#8211; l&#8217;\u00e9tiqueteuse promet fiabilit\u00e9, flexibilit\u00e9 et qualit\u00e9 de travail. <\/p>\n<h2>Flexible, rapide, fiable &#8211; con\u00e7u pour r\u00e9pondre \u00e0 vos besoins<\/h2>\n<p>La s\u00e9rie ALS 306 offre une performance maximale \u00e0 une vitesse de distribution allant jusqu&#8217;\u00e0 60 m\/min et traite des \u00e9tiquettes de 25 \u00e0 160 mm de large et jusqu&#8217;\u00e0 600 mm de long. Gr\u00e2ce \u00e0 sa conception modulaire, le syst\u00e8me s&#8217;int\u00e8gre facilement dans les lignes de production existantes, ind\u00e9pendamment du fait que votre application \u00e9tiquette par le haut, par le bas ou par le c\u00f4t\u00e9. <\/p>\n<p>Avec cette solution industrielle, vous b\u00e9n\u00e9ficiez d&#8217;un temps d&#8217;arr\u00eat r\u00e9duit et d&#8217;une maintenance minimale, car les applicateurs standard de Novexx Solutions et l&#8217;unit\u00e9 d&#8217;enroulement sont facilement accessibles. Pour vos collaborateurs, cela signifie un travail plus facile, de meilleurs r\u00e9sultats &#8211; et un processus sans faille, du rouleau d&#8217;\u00e9tiquettes au produit fini. <\/p>\n<h2>Un marquage pr\u00e9cis &#8211; m\u00eame \u00e0 vitesse variable avec le Novexx ALS 306<\/h2>\n<p>Un autre point fort technique est le contr\u00f4le automatique de la vitesse du produit (APSF), qui permet un \u00e9tiquetage pr\u00e9cis et constant, m\u00eame lorsque la vitesse du convoyeur varie. La pr\u00e9cision de l&#8217;arr\u00eat de l&#8217;\u00e9tiquette est de \u00b10,5 mm \u00e0 vitesse constante, ce qui est id\u00e9al pour les applications de pr\u00e9cision dans la logistique, l&#8217;agroalimentaire ou l&#8217;\u00e9tiquetage industriel. <\/p>\n<h2>Une connectivit\u00e9 \u00e9tendue pour les environnements de production modernes<\/h2>\n<p>Qu&#8217;il s&#8217;agisse d&#8217;un port USB, Ethernet, RS232 ou d&#8217;une carte SD, l&#8217;ALS 306 est \u00e9quip\u00e9 de toutes les interfaces courantes. En option, le syst\u00e8me peut \u00eatre compl\u00e9t\u00e9 par des interfaces d&#8217;applicateur, des capteurs externes ou un affichage \u00e0 distance. Il est ainsi \u00e9quip\u00e9 pour pratiquement toutes les applications et tous les environnements de production &#8211; une solution adapt\u00e9e \u00e0 chaque exigence.  <\/p>\n<h2>Aper\u00e7u des principales caract\u00e9ristiques techniques<\/h2>\n<p>Vitesse de distribution : jusqu&#8217;\u00e0 60 m\/min<br \/>\nTaille de l&#8217;\u00e9tiquette : 25-160 mm de largeur, 20-600 mm de longueur<br \/>\nPr\u00e9cision de l&#8217;arr\u00eat de l&#8217;\u00e9tiquette : \u00b10,5 mm<br \/>\nConnectivit\u00e9 : Ethernet, USB, SD, RS232, RS485<br \/>\nDomaine d&#8217;application : application par le haut, par le bas ou sur le c\u00f4t\u00e9<br \/>\nType de construction : Design industriel robuste, indice de protection IP24 (IP54 en option)<br \/>\nCertifications : CE, T\u00dcV\/GS, FCC et autres &#8211; d\u00e9velopp\u00e9 en Allemagne<\/p>\n<h2>\nNovexx Solutions GmbH en tant que professionnel de l&#8217;ing\u00e9nierie<\/h2>\n<p>Novexx Solutions est un fournisseur exp\u00e9riment\u00e9 de syst\u00e8mes d&#8217;\u00e9tiquetage performants pour l&#8217;identification industrielle. Avec plus de 50 ans d&#8217;exp\u00e9rience, l&#8217;entreprise propose des solutions adapt\u00e9es \u00e0 presque toutes les applications &#8211; de la logistique \u00e0 la production et \u00e0 l&#8217;emballage. Gr\u00e2ce \u00e0 son savoir-faire technique, \u00e0 des syst\u00e8mes flexibles et \u00e0 un large portefeuille de consommables, Novexx Solutions aide les entreprises \u00e0 rendre leurs processus plus efficaces et plus pr\u00e9cis. Le si\u00e8ge social est situ\u00e9 en Allemagne et la soci\u00e9t\u00e9 d\u00e9veloppe et produit selon les normes de qualit\u00e9 les plus \u00e9lev\u00e9es.   <\/p>\n<h2>Plus d&#8217;efficacit\u00e9 pour votre \u00e9quipe<\/h2>\n<p>Pour vos collaborateurs, l&#8217;utilisation de la Novexx ALS 306 signifie moins d&#8217;interventions manuelles, une utilisation nettement simplifi\u00e9e et des r\u00e9sultats fiables &#8211; m\u00eame avec des vitesses de bande variables. L&#8217;ajustement automatique via les capteurs APSF assure un \u00e9tiquetage pr\u00e9cis et constant et contribue \u00e0 all\u00e9ger la charge de travail de vos \u00e9quipes. Non seulement vous r\u00e9duisez les sources d&#8217;erreur, mais vous augmentez en m\u00eame temps la satisfaction et la productivit\u00e9.  <\/p>\n<p>Gr\u00e2ce \u00e0 sa conception modulaire bien pens\u00e9e et \u00e0 ses possibilit\u00e9s de maintenance rapide, le Novexx ALS 306 est id\u00e9al pour r\u00e9pondre aux exigences et aux conditions de production changeantes. Que ce soit pour l&#8217;\u00e9tiquetage en s\u00e9rie, l&#8217;identification de produits ou les applications logistiques, ce syst\u00e8me aide vos collaborateurs et l&#8217;ensemble de l&#8217;entreprise au quotidien. <\/p>\n<p>Achetez la Novexx ALS 306 maintenant chez Labeltech, ou si vous \u00eates \u00e0 la recherche d&#8217;autre chose, parcourez notre large <a href=\"https:\/\/labeltech.ch\/fr\/produits\/\">gamme<\/a> pour diff\u00e9rents syst\u00e8mes !<\/p>\n<ul>\n<li>Syst\u00e8me d&#8217;\u00e9tiquetage performant pour des vitesses d&#8217;application extr\u00eamement \u00e9lev\u00e9es, jusqu&#8217;\u00e0 60 m\/min.<\/li>\n<li>Les composants modulaires garantissent une efficacit\u00e9 et une dur\u00e9e de production maximales<\/li>\n<li>Une flexibilit\u00e9 imbattable pour l&#8217;int\u00e9gration dans les machines et les lignes de production gr\u00e2ce \u00e0 des options variables de positionnement du rouleau d&#8217;\u00e9tiquettes et de fixation<\/li>\n<li>Syst\u00e8me id\u00e9al pour les gros volumes d&#8217;\u00e9tiquetage avec une pr\u00e9cision de distribution parfaite<\/li>\n<li>Un syst\u00e8me industriel n\u00e9cessitant peu de maintenance garantit des co\u00fbts d&#8217;exploitation r\u00e9duits<\/li>\n<\/ul>\n","protected":false},"excerpt":{"rendered":"<p>Novexx ALS 306 &#8211; Syst\u00e8me d&#8217;\u00e9tiquetage haute performance pour les  [&#8230;]<\/p>\n","protected":false},"featured_media":1783,"comment_status":"closed","ping_status":"closed","template":"","meta":[],"product_brand":[],"product_cat":[86,134],"product_tag":[],"class_list":{"0":"post-2872","1":"product","2":"type-product","3":"status-publish","4":"has-post-thumbnail","6":"product_cat-etiquetage","7":"product_cat-novexx-fr","9":"first","10":"instock","11":"shipping-taxable","12":"product-type-external"},"_links":{"self":[{"href":"https:\/\/labeltech.ch\/fr\/wp-json\/wp\/v2\/product\/2872","targetHints":{"allow":["GET"]}}],"collection":[{"href":"https:\/\/labeltech.ch\/fr\/wp-json\/wp\/v2\/product"}],"about":[{"href":"https:\/\/labeltech.ch\/fr\/wp-json\/wp\/v2\/types\/product"}],"replies":[{"embeddable":true,"href":"https:\/\/labeltech.ch\/fr\/wp-json\/wp\/v2\/comments?post=2872"}],"wp:featuredmedia":[{"embeddable":true,"href":"https:\/\/labeltech.ch\/fr\/wp-json\/wp\/v2\/media\/1783"}],"wp:attachment":[{"href":"https:\/\/labeltech.ch\/fr\/wp-json\/wp\/v2\/media?parent=2872"}],"wp:term":[{"taxonomy":"product_brand","embeddable":true,"href":"https:\/\/labeltech.ch\/fr\/wp-json\/wp\/v2\/product_brand?post=2872"},{"taxonomy":"product_cat","embeddable":true,"href":"https:\/\/labeltech.ch\/fr\/wp-json\/wp\/v2\/product_cat?post=2872"},{"taxonomy":"product_tag","embeddable":true,"href":"https:\/\/labeltech.ch\/fr\/wp-json\/wp\/v2\/product_tag?post=2872"}],"curies":[{"name":"wp","href":"https:\/\/api.w.org\/{rel}","templated":true}]}}