{"id":2883,"date":"2019-07-29T12:32:49","date_gmt":"2019-07-29T10:32:49","guid":{"rendered":"https:\/\/labeltech.ch\/produkt\/la-bo-blow-on\/"},"modified":"2026-04-17T16:57:37","modified_gmt":"2026-04-17T14:57:37","slug":"la-bo-blow-on","status":"publish","type":"product","link":"https:\/\/labeltech.ch\/fr\/produkt\/la-bo-blow-on\/","title":{"rendered":"LA-Bo Blow On"},"content":{"rendered":"<h1>Applicateur LA-Bo Blow On &#8211; \u00c9tiquetage pr\u00e9cis et sans contact pour les produits sensibles<\/h1>\n<p>L&#8217;applicateur LA-Bo Blow On de NOVEXX Solutions offre une solution exceptionnelle aux entreprises qui souhaitent \u00e9tiqueter des produits sensibles de mani\u00e8re s\u00fbre, efficace et sans contact. Id\u00e9alement compatible avec les syst\u00e8mes d&#8217;\u00e9tiquetage de la s\u00e9rie ALS (ALS 204\/206\/256\/306) et de la s\u00e9rie ALX (ALX 73x et ALX 92x), l&#8217;applicateur LA-Bo Blow On garantit une fiabilit\u00e9 et une pr\u00e9cision optimales. <\/p>\n<h2>\u00c9tiquetage sans contact &#8211; id\u00e9al pour les surfaces sensibles<\/h2>\n<p>Le LA-Bo Blow On fonctionne enti\u00e8rement sans contact et est donc parfaitement adapt\u00e9 pour \u00e9tiqueter en douceur des produits sensibles tels que les emballages alimentaires, les appareils m\u00e9dicaux ou les produits \u00e9lectroniques. La technologie sp\u00e9ciale Blow On permet d&#8217;appliquer les \u00e9tiquettes en douceur, rapidement et avec pr\u00e9cision, sans toucher la surface du produit. <\/p>\n<h2>Facilit\u00e9 d&#8217;utilisation et flexibilit\u00e9 dans le changement de mat\u00e9riau<\/h2>\n<p>L&#8217;applicateur LA-Bo Blow On est facile \u00e0 utiliser et permet de gagner du temps. Gr\u00e2ce \u00e0 sa conception pivotante, le changement de support est tr\u00e8s pratique et ne demande que peu d&#8217;efforts. Le r\u00e9glage simple et rapide des diff\u00e9rents formats d&#8217;\u00e9tiquettes s&#8217;effectue \u00e0 l&#8217;aide de broches coulissantes pratiques. Cela fait de l&#8217;applicateur une solution extr\u00eamement flexible qui peut \u00eatre rapidement adapt\u00e9e \u00e0 de nouvelles exigences.   <\/p>\n<h2>Maintenance r\u00e9duite et rentabilit\u00e9 \u00e9lev\u00e9e<\/h2>\n<p>L&#8217;un des principaux avantages de l&#8217;applicateur LA-Bo Blow On est son usure extr\u00eamement faible. Gr\u00e2ce au fonctionnement sans contact, les contraintes m\u00e9caniques sont minimis\u00e9es, ce qui garantit non seulement une dur\u00e9e de vie prolong\u00e9e, mais r\u00e9duit aussi consid\u00e9rablement les co\u00fbts de maintenance. Avec une maintenance minimale, le LA-Bo Blow On est donc une d\u00e9cision tr\u00e8s \u00e9conomique pour votre entreprise.  <\/p>\n<h2>Excellente pr\u00e9cision d&#8217;application<\/h2>\n<p>Avec une pr\u00e9cision impressionnante de +\/- 1 mm maximum, la LA-Bo Blow On garantit des r\u00e9sultats fiables \u00e0 chaque processus d&#8217;\u00e9tiquetage. Des r\u00e9sultats optimaux sont notamment obtenus avec des \u00e9tiquettes de 40 x 40 mm \u00e0 80 x 80 mm ou des \u00e9tiquettes rondes de 40 \u00e0 70 mm de diam\u00e8tre. Cette pr\u00e9cision fait de la LA-Bo Blow On un outil indispensable pour l&#8217;\u00e9tiquetage automatis\u00e9 de produits sensibles.  <\/p>\n<p>En tant que variante Swing-On de la m\u00eame gamme de produits, le <a href=\"https:\/\/labeltech.ch\/fr\/produkt\/la-so-swing-on\/\" title=\"LA-SO Swing On - Applicateur de soufflage alternatif de la s\u00e9rie LA\">LA-SO Swing On<\/a> offre une technique d&#8217;application compl\u00e9mentaire pour diff\u00e9rentes positions de produits.<\/p>\n<h2>Sp\u00e9cifications techniques pour une performance maximale<\/h2>\n<p>La LA-Bo Blow On est con\u00e7ue pour des largeurs et des longueurs d&#8217;\u00e9tiquettes de 30 \u00e0 100 mm et convient parfaitement pour le papier \u00e0 \u00e9tiquettes autocollant, le papier d\u00e9coup\u00e9 \u00e0 l&#8217;emporte-pi\u00e8ce et les mat\u00e9riaux en film. La vitesse maximale du produit peut atteindre 20 m\/min, en fonction du nombre d&#8217;\u00e9tiquettes, de la distance entre les produits et de la distance de soufflage. La distance de soufflage maximale recommand\u00e9e est de 100 mm pour les \u00e9tiquettes de 50 x 50 mm et de 50 mm pour les \u00e9tiquettes de 100 x 100 mm.  <\/p>\n<h2>Int\u00e9gration optimis\u00e9e dans les syst\u00e8mes existants<\/h2>\n<p>L&#8217;applicateur LA-Bo Blow On s&#8217;int\u00e8gre facilement et simplement dans les lignes de production existantes gr\u00e2ce \u00e0 des plaques de montage sp\u00e9cifiques \u00e0 l&#8217;appareil. L&#8217;alimentation et les signaux sont fournis par les signaux de l&#8217;applicateur sur la carte CPU (ALS\/ALX 73x) ou par la carte d&#8217;interface de l&#8217;applicateur pour l&#8217;ALX 92x. Cela garantit une int\u00e9gration et une communication en douceur avec votre technologie existante.  <\/p>\n<h2>Silencieux et s\u00fbr<\/h2>\n<p>Avec un niveau sonore de 82 dB en mode soufflage, la LA-Bo Blow On offre un environnement silencieux, particuli\u00e8rement appr\u00e9ci\u00e9 dans les zones de production sensibles. L&#8217;appareil fonctionne avec une alimentation en air de 4 \u00e0 6 bars, qui doit \u00eatre s\u00e8che et propre pour garantir des processus d&#8217;\u00e9tiquetage stables dans le temps. <\/p>\n<h2>Garantie de qualit\u00e9 de NOVEXX Solutions<\/h2>\n<p>NOVEXX Solutions est synonyme de qualit\u00e9 et de fiabilit\u00e9 optimales. L&#8217;applicateur LA-Bo Blow On est certifi\u00e9 CE et r\u00e9pond aux normes industrielles les plus strictes. Les entreprises b\u00e9n\u00e9ficient de la longue exp\u00e9rience et de l&#8217;expertise technique que NOVEXX Solutions apporte \u00e0 chacun de ses produits.  <\/p>\n<h2>Pourquoi choisir l&#8217;applicateur LA-Bo Blow On ?<\/h2>\n<p>L&#8217;applicateur LA-Bo Blow On se distingue par son \u00e9tiquetage sans contact, doux et pr\u00e9cis, sa facilit\u00e9 d&#8217;utilisation et sa maintenance \u00e9conomique. Il est id\u00e9al pour les produits sensibles dans les industries les plus diverses et garantit une efficacit\u00e9 et une fiabilit\u00e9 maximales. Investissez dans l&#8217;applicateur LA-Bo Blow On de NOVEXX Solutions et optimisez vos processus d&#8217;\u00e9tiquetage de mani\u00e8re durable.  <\/p>\n<ul>\n<li>En raison de son application sans contact, le LA-BO convient aux produits sensibles tels que les fruits, les l\u00e9gumes et le pain.<\/li>\n<li>Grande capacit\u00e9 de distribution, jusqu&#8217;\u00e0 160 produits par minute<\/li>\n<li>Pour des tailles d&#8217;\u00e9tiquettes jusqu&#8217;\u00e0 100 x 100 mm<\/li>\n<\/ul>\n","protected":false},"excerpt":{"rendered":"<h1>Applicateur LA-Bo Blow On &#8211; \u00c9tiquetage pr\u00e9cis et sans contact pour les produits sensibles<\/h1>\n<p>L&#8217;applicateur LA-Bo Blow On de NOVEXX Solutions offre une solution exceptionnelle aux entreprises qui souhaitent \u00e9tiqueter des produits sensibles de mani\u00e8re s\u00fbre, efficace et sans contact. Id\u00e9alement compatible avec les syst\u00e8mes d&#8217;\u00e9tiquetage de la s\u00e9rie ALS (ALS 204\/206\/256\/306) et de la s\u00e9rie ALX (ALX 73x et ALX 92x), l&#8217;applicateur LA-Bo Blow On garantit une fiabilit\u00e9 et une pr\u00e9cision optimales. <\/p>\n<h2>\u00c9tiquetage sans contact &#8211; id\u00e9al pour les surfaces sensibles<\/h2>\n<p>Le LA-Bo Blow On fonctionne enti\u00e8rement sans contact et est donc parfaitement adapt\u00e9 pour \u00e9tiqueter en douceur des produits sensibles tels que les emballages alimentaires, les appareils m\u00e9dicaux ou les produits \u00e9lectroniques. La technologie sp\u00e9ciale Blow On permet d&#8217;appliquer les \u00e9tiquettes en douceur, rapidement et avec pr\u00e9cision, sans toucher la surface du produit. <\/p>\n<h2>Facilit\u00e9 d&#8217;utilisation et flexibilit\u00e9 dans le changement de mat\u00e9riau<\/h2>\n<p>L&#8217;applicateur LA-Bo Blow On est facile \u00e0 utiliser et permet de gagner du temps. Gr\u00e2ce \u00e0 sa conception pivotante, le changement de support est tr\u00e8s pratique et ne demande que peu d&#8217;efforts. Le r\u00e9glage simple et rapide des diff\u00e9rents formats d&#8217;\u00e9tiquettes s&#8217;effectue \u00e0 l&#8217;aide de broches coulissantes pratiques. Cela fait de l&#8217;applicateur une solution extr\u00eamement flexible qui peut \u00eatre rapidement adapt\u00e9e \u00e0 de nouvelles exigences.   <\/p>\n<h2>Maintenance r\u00e9duite et rentabilit\u00e9 \u00e9lev\u00e9e<\/h2>\n<p>L&#8217;un des principaux avantages de l&#8217;applicateur LA-Bo Blow On est son usure extr\u00eamement faible. Gr\u00e2ce au fonctionnement sans contact, les contraintes m\u00e9caniques sont minimis\u00e9es, ce qui garantit non seulement une dur\u00e9e de vie prolong\u00e9e, mais r\u00e9duit aussi consid\u00e9rablement les co\u00fbts de maintenance. Avec une maintenance minimale, le LA-Bo Blow On est donc une d\u00e9cision tr\u00e8s \u00e9conomique pour votre entreprise.  <\/p>\n<h2>Excellente pr\u00e9cision d&#8217;application<\/h2>\n<p>Avec une pr\u00e9cision impressionnante de +\/- 1 mm maximum, la LA-Bo Blow On garantit des r\u00e9sultats fiables \u00e0 chaque processus d&#8217;\u00e9tiquetage. Des r\u00e9sultats optimaux sont notamment obtenus avec des \u00e9tiquettes de 40 x 40 mm \u00e0 80 x 80 mm ou des \u00e9tiquettes rondes de 40 \u00e0 70 mm de diam\u00e8tre. Cette pr\u00e9cision fait de la LA-Bo Blow On un outil indispensable pour l&#8217;\u00e9tiquetage automatis\u00e9 de produits sensibles.  <\/p>\n<h2>Sp\u00e9cifications techniques pour une performance maximale<\/h2>\n<p>La LA-Bo Blow On est con\u00e7ue pour des largeurs et des longueurs d&#8217;\u00e9tiquettes de 30 \u00e0 100 mm et convient parfaitement aux \u00e9tiquettes auto-adh\u00e9sives, d\u00e9coup\u00e9es \u00e0 l&#8217;emporte-pi\u00e8ce et aux films. La vitesse maximale du produit peut atteindre 20 m\/min, en fonction du nombre d&#8217;\u00e9tiquettes, de la distance entre les produits et de la distance de soufflage. La distance de soufflage maximale recommand\u00e9e est de 100 mm pour les \u00e9tiquettes de 50 x 50 mm et de 50 mm pour les \u00e9tiquettes de 100 x 100 mm.  <\/p>\n<h2>Int\u00e9gration optimis\u00e9e dans les syst\u00e8mes existants<\/h2>\n<p>L&#8217;applicateur LA-Bo Blow On s&#8217;int\u00e8gre facilement et simplement dans les lignes de production existantes gr\u00e2ce \u00e0 des plaques de montage sp\u00e9cifiques \u00e0 l&#8217;appareil. L&#8217;alimentation et les signaux sont fournis par les signaux de l&#8217;applicateur sur la carte CPU (ALS\/ALX 73x) ou par la carte d&#8217;interface de l&#8217;applicateur pour l&#8217;ALX 92x. Cela garantit une int\u00e9gration et une communication en douceur avec votre technologie existante.  <\/p>\n<h2>Silencieux et s\u00fbr<\/h2>\n<p>Avec un niveau sonore de 82 dB en mode soufflage, la LA-Bo Blow On offre un environnement silencieux, particuli\u00e8rement appr\u00e9ci\u00e9 dans les zones de production sensibles. L&#8217;appareil fonctionne avec une alimentation en air de 4 \u00e0 6 bars, qui doit \u00eatre s\u00e8che et propre pour garantir des processus d&#8217;\u00e9tiquetage stables dans le temps. <\/p>\n<h2>Garantie de qualit\u00e9 de NOVEXX Solutions<\/h2>\n<p>NOVEXX Solutions est synonyme de qualit\u00e9 et de fiabilit\u00e9 optimales. L&#8217;applicateur LA-Bo Blow On est certifi\u00e9 CE et r\u00e9pond aux normes industrielles les plus strictes. Les entreprises b\u00e9n\u00e9ficient de la longue exp\u00e9rience et de l&#8217;expertise technique que NOVEXX Solutions apporte \u00e0 chacun de ses produits.  <\/p>\n<h2>Pourquoi choisir l&#8217;applicateur LA-Bo Blow On ?<\/h2>\n<p>L&#8217;applicateur LA-Bo Blow On se distingue par son \u00e9tiquetage sans contact, doux et pr\u00e9cis, sa facilit\u00e9 d&#8217;utilisation et sa maintenance \u00e9conomique. Il est id\u00e9al pour les produits sensibles dans les industries les plus diverses et garantit une efficacit\u00e9 et une fiabilit\u00e9 maximales. Investissez dans l&#8217;applicateur LA-Bo Blow On de NOVEXX Solutions et optimisez vos processus d&#8217;\u00e9tiquetage de mani\u00e8re durable.  <\/p>\n","protected":false},"featured_media":1791,"comment_status":"closed","ping_status":"closed","template":"","meta":[],"product_brand":[],"product_cat":[70],"product_tag":[],"class_list":{"0":"post-2883","1":"product","2":"type-product","3":"status-publish","4":"has-post-thumbnail","6":"product_cat-applicateurs","8":"first","9":"instock","10":"shipping-taxable","11":"product-type-external"},"_links":{"self":[{"href":"https:\/\/labeltech.ch\/fr\/wp-json\/wp\/v2\/product\/2883","targetHints":{"allow":["GET"]}}],"collection":[{"href":"https:\/\/labeltech.ch\/fr\/wp-json\/wp\/v2\/product"}],"about":[{"href":"https:\/\/labeltech.ch\/fr\/wp-json\/wp\/v2\/types\/product"}],"replies":[{"embeddable":true,"href":"https:\/\/labeltech.ch\/fr\/wp-json\/wp\/v2\/comments?post=2883"}],"wp:featuredmedia":[{"embeddable":true,"href":"https:\/\/labeltech.ch\/fr\/wp-json\/wp\/v2\/media\/1791"}],"wp:attachment":[{"href":"https:\/\/labeltech.ch\/fr\/wp-json\/wp\/v2\/media?parent=2883"}],"wp:term":[{"taxonomy":"product_brand","embeddable":true,"href":"https:\/\/labeltech.ch\/fr\/wp-json\/wp\/v2\/product_brand?post=2883"},{"taxonomy":"product_cat","embeddable":true,"href":"https:\/\/labeltech.ch\/fr\/wp-json\/wp\/v2\/product_cat?post=2883"},{"taxonomy":"product_tag","embeddable":true,"href":"https:\/\/labeltech.ch\/fr\/wp-json\/wp\/v2\/product_tag?post=2883"}],"curies":[{"name":"wp","href":"https:\/\/api.w.org\/{rel}","templated":true}]}}