{"id":2887,"date":"2019-07-22T15:22:38","date_gmt":"2019-07-22T13:22:38","guid":{"rendered":"https:\/\/labeltech.ch\/produkt\/la-so-swing-on\/"},"modified":"2026-04-17T16:57:30","modified_gmt":"2026-04-17T14:57:30","slug":"la-so-swing-on","status":"publish","type":"product","link":"https:\/\/labeltech.ch\/fr\/produkt\/la-so-swing-on\/","title":{"rendered":"LA-SO Swing On"},"content":{"rendered":"<h1>LA-SO Swing On Applicator &#8211; Flexibilit\u00e9 et pr\u00e9cision pour votre \u00e9tiquetage<\/h1>\n<p>L&#8217;applicateur LA-SO Swing On de NOVEXX Solutions a \u00e9t\u00e9 sp\u00e9cialement con\u00e7u pour appliquer des \u00e9tiquettes de mani\u00e8re pr\u00e9cise et flexible sur une grande vari\u00e9t\u00e9 de produits. L&#8217;applicateur est un compl\u00e9ment de premier ordre pour les solutions d&#8217;\u00e9tiquetage de la s\u00e9rie ALX (en particulier ALX 92x) et se distingue par sa robustesse, sa vitesse et sa polyvalence dans les environnements de production exigeants. <\/p>\n<h2>Etiquetage flexible sur une large gamme de produits<\/h2>\n<p>La flexibilit\u00e9 de l&#8217;applicateur LA-SO Swing On est son principal atout. Il est id\u00e9al pour appliquer des \u00e9tiquettes sur une grande vari\u00e9t\u00e9 de produits, allant d&#8217;articles individuels \u00e0 des unit\u00e9s d&#8217;emballage compl\u00e8tes. Qu&#8217;il s&#8217;agisse d&#8217;appliquer des \u00e9tiquettes par le haut, par le c\u00f4t\u00e9 ou sur les bords avant, le LA-SO Swing On garantit une application uniforme et fiable.  <\/p>\n<h2>Hautes performances pour les applications sur le dessus, les c\u00f4t\u00e9s et le bord d&#8217;attaque<\/h2>\n<p>Une caract\u00e9ristique importante du LA-SO Swing On est sa haute performance pour l&#8217;\u00e9tiquetage \u00e0 partir de diff\u00e9rentes positions. L&#8217;applicateur atteint une vitesse de produit allant jusqu&#8217;\u00e0 30 m\/min pour les applications d&#8217;\u00e9tiquetage par le haut ou par le c\u00f4t\u00e9. Pour les applications sur le bord avant, la vitesse maximale peut atteindre 15 m\/min. Ces vitesses permettent une int\u00e9gration efficace dans des lignes de production rapides et r\u00e9duisent consid\u00e9rablement les temps d&#8217;arr\u00eat.   <\/p>\n<h2>Solution compl\u00e8te pour les processus d&#8217;impression et d&#8217;\u00e9tiquetage<\/h2>\n<p>En tant que solution compl\u00e8te pour le secteur de la logistique, l&#8217;applicateur LA-SO Swing On combine l&#8217;impression et l&#8217;\u00e9tiquetage en une seule \u00e9tape int\u00e9gr\u00e9e. Cela permet non seulement de r\u00e9duire la complexit\u00e9 de votre ligne de production, mais aussi de gagner du temps et de l&#8217;argent. Le LA-SO Swing On est id\u00e9al pour les applications qui requi\u00e8rent une grande pr\u00e9cision et une qualit\u00e9 constante.  <\/p>\n<h2>Conception industrielle robuste pour une utilisation fiable<\/h2>\n<p>L&#8217;applicateur LA-SO Swing On se distingue par son design industriel robuste qui le rend particuli\u00e8rement durable et r\u00e9sistant aux agressions ext\u00e9rieures. Sa conception de haute qualit\u00e9 le rend id\u00e9al pour les environnements de production exigeants. Le design industriel garantit la fiabilit\u00e9 du LA-SO Swing On et le rend moins sensible \u00e0 l&#8217;usure et aux probl\u00e8mes techniques.  <\/p>\n<p>En tant que mod\u00e8le d&#8217;application bas\u00e9 sur le toucher de la m\u00eame gamme de produits, le <a href=\"https:\/\/labeltech.ch\/fr\/produkt\/la-to-touch-on\/\" title=\"LA-TO Touch On - Applicateur tactile de la s\u00e9rie LA\">LA-TO Touch On<\/a> offre une technique d&#8217;application alternative pour d&#8217;autres surfaces de produits.<\/p>\n<h2>Application sur des produits en mouvement<\/h2>\n<p>Un autre avantage d\u00e9cisif du LA-SO Swing On est sa capacit\u00e9 \u00e0 appliquer des \u00e9tiquettes m\u00eame sur des produits en mouvement. Sa conception technique permet un positionnement pr\u00e9cis de l&#8217;\u00e9tiquette, m\u00eame sur des produits qui se trouvent sur des tapis roulants ou d&#8217;autres moyens de transport. Cette fonctionnalit\u00e9 fait du LA-SO Swing On le choix id\u00e9al pour les lignes de production dynamiques et les processus logistiques automatis\u00e9s.  <\/p>\n<h2>Aper\u00e7u des sp\u00e9cifications techniques<\/h2>\n<p>Le LA-SO Swing On applique du papier \u00e0 \u00e9tiquettes autocollant, d\u00e9coup\u00e9 \u00e0 l&#8217;emporte-pi\u00e8ce ou du mat\u00e9riel de film d&#8217;une largeur de 80 \u00e0 150 mm et d&#8217;une longueur de 80 \u00e0 210 mm. La pr\u00e9cision d&#8217;application maximale est de +\/- 2 mm, ce qui garantit une grande pr\u00e9cision dans le positionnement des \u00e9tiquettes. La distance d&#8217;application recommand\u00e9e est d&#8217;environ 100 mm par rapport au bord avant du produit et d&#8217;environ 200 mm par rapport au couvercle ou au c\u00f4t\u00e9 du produit. <\/p>\n<p>Avec une dimension de plaque de montage de 240 x 355 x 500 mm et un poids d&#8217;environ 6,5 kg, le LA-SO Swing On s&#8217;int\u00e8gre facilement dans les syst\u00e8mes de production existants. L&#8217;applicateur fonctionne avec une alimentation en air de 4 \u00e0 6 bars, qui doit \u00eatre s\u00e8che et propre. Le fonctionnement est silencieux et inf\u00e9rieur \u00e0 75 dB(A).  <\/p>\n<h2>Utilisation s\u00fbre et certifi\u00e9e<\/h2>\n<p>L&#8217;applicateur LA-SO Swing On est conforme \u00e0 la classe de protection IP 21 et est bien entendu certifi\u00e9 CE. Vous pouvez donc \u00eatre s\u00fbr que l&#8217;applicateur est conforme \u00e0 toutes les normes de s\u00e9curit\u00e9 et industrielles pertinentes et qu&#8217;il rend vos processus de production non seulement efficaces, mais aussi s\u00fbrs. <\/p>\n<h2>Raisons pour lesquelles vous devriez investir dans l&#8217;applicateur LA-SO Swing On<\/h2>\n<p>La LA-SO Swing On de NOVEXX Solutions vous offre une solution robuste, flexible et de haute pr\u00e9cision pour vos besoins d&#8217;\u00e9tiquetage. Sa combinaison de vitesse \u00e9lev\u00e9e, de pr\u00e9cision et de polyvalence en fait un \u00e9l\u00e9ment indispensable des lignes de production modernes. Faites confiance \u00e0 la qualit\u00e9 \u00e9prouv\u00e9e de NOVEXX Solutions et optimisez durablement vos processus d&#8217;\u00e9tiquetage avec le LA-SO Swing On.  <\/p>\n<ul>\n<li>Pour une fixation sur des produits mobiles dans diff\u00e9rentes positions<\/li>\n<li>Pour des tailles d&#8217;\u00e9tiquettes jusqu&#8217;\u00e0 150 x 210 mm<\/li>\n<li>Sortie d\u00e9pendante de la position de l&#8217;\u00e9tiquette<\/li>\n<li>Applicateur solide et robuste<\/li>\n<\/ul>\n","protected":false},"excerpt":{"rendered":"<p>LA-SO Swing On Applicator &#8211; Flexibilit\u00e9 et pr\u00e9cision pour votre  [&#8230;]<\/p>\n","protected":false},"featured_media":1789,"comment_status":"closed","ping_status":"closed","template":"","meta":[],"product_brand":[],"product_cat":[70],"product_tag":[],"class_list":{"0":"post-2887","1":"product","2":"type-product","3":"status-publish","4":"has-post-thumbnail","6":"product_cat-applicateurs","8":"first","9":"instock","10":"shipping-taxable","11":"product-type-external"},"_links":{"self":[{"href":"https:\/\/labeltech.ch\/fr\/wp-json\/wp\/v2\/product\/2887","targetHints":{"allow":["GET"]}}],"collection":[{"href":"https:\/\/labeltech.ch\/fr\/wp-json\/wp\/v2\/product"}],"about":[{"href":"https:\/\/labeltech.ch\/fr\/wp-json\/wp\/v2\/types\/product"}],"replies":[{"embeddable":true,"href":"https:\/\/labeltech.ch\/fr\/wp-json\/wp\/v2\/comments?post=2887"}],"wp:featuredmedia":[{"embeddable":true,"href":"https:\/\/labeltech.ch\/fr\/wp-json\/wp\/v2\/media\/1789"}],"wp:attachment":[{"href":"https:\/\/labeltech.ch\/fr\/wp-json\/wp\/v2\/media?parent=2887"}],"wp:term":[{"taxonomy":"product_brand","embeddable":true,"href":"https:\/\/labeltech.ch\/fr\/wp-json\/wp\/v2\/product_brand?post=2887"},{"taxonomy":"product_cat","embeddable":true,"href":"https:\/\/labeltech.ch\/fr\/wp-json\/wp\/v2\/product_cat?post=2887"},{"taxonomy":"product_tag","embeddable":true,"href":"https:\/\/labeltech.ch\/fr\/wp-json\/wp\/v2\/product_tag?post=2887"}],"curies":[{"name":"wp","href":"https:\/\/api.w.org\/{rel}","templated":true}]}}