{"id":2890,"date":"2019-07-22T15:25:14","date_gmt":"2019-07-22T13:25:14","guid":{"rendered":"https:\/\/labeltech.ch\/produkt\/la-to-touch-on\/"},"modified":"2026-04-17T16:57:34","modified_gmt":"2026-04-17T14:57:34","slug":"la-to-touch-on","status":"publish","type":"product","link":"https:\/\/labeltech.ch\/fr\/produkt\/la-to-touch-on\/","title":{"rendered":"LA-TO Touch On"},"content":{"rendered":"<h1>Applicateur LA-TO touch on &#8211; un \u00e9tiquetage efficace pour les besoins professionnels<\/h1>\n<p>L&#8217;applicateur LA-TO touch on est la solution \u00e9conomique pour les entreprises qui souhaitent g\u00e9rer leurs processus d&#8217;\u00e9tiquetage de mani\u00e8re efficace, fiable et flexible. Con\u00e7u pour l&#8217;application d&#8217;\u00e9tiquettes sur des produits \u00e0 hauteur fixe ou variable, le syst\u00e8me offre des performances \u00e9lev\u00e9es, une grande adaptabilit\u00e9 et un design industriel robuste. Il est id\u00e9al pour r\u00e9pondre aux besoins de l&#8217;industrie, qu&#8217;il s&#8217;agisse de petites s\u00e9ries ou de lignes de production \u00e0 forte activit\u00e9.  <\/p>\n<h2>L&#8217;applicateur la-to Flexible &#8211; adapt\u00e9 \u00e0 tout environnement de production<\/h2>\n<p>Que ce soit par le haut, par le bas ou par le c\u00f4t\u00e9, l&#8217;applicateur LA-TO Touch-On s&#8217;adapte sans effort \u00e0 chaque situation de montage. L&#8217;application pr\u00e9cise de l&#8217;\u00e9tiquette, avec une pr\u00e9cision d&#8217;application allant jusqu&#8217;\u00e0 \u00b11 mm, garantit un aspect propre sur chaque produit &#8211; un avantage que vos clients voient directement. L&#8217;applicateur est \u00e9galement parfaitement adapt\u00e9 aux emballages exigeants.  <\/p>\n<h2>Haute performance et facilit\u00e9 d&#8217;utilisation<\/h2>\n<p>Avec jusqu&#8217;\u00e0 100 \u00e9tiquettes par minute (selon le mod\u00e8le), la LA-TO Touch-On est parfaitement adapt\u00e9e \u00e0 une utilisation dans la production en s\u00e9rie ou les centres logistiques. En m\u00eame temps, gr\u00e2ce au remplacement facile des pastilles d&#8217;\u00e9tiquettes, vous obtenez une adaptation rapide aux diff\u00e9rentes tailles d&#8217;\u00e9tiquettes en mm &#8211; sans longs temps de pr\u00e9paration. Vous augmentez ainsi la productivit\u00e9 de votre ligne et r\u00e9duisez la charge de travail de vos collaborateurs.  <\/p>\n<h2>\u00c9conomie et polyvalence dans un seul syst\u00e8me<\/h2>\n<p>Le LA-TO Touch-On offre une solution compl\u00e8te pour l&#8217;impression et l&#8217;\u00e9tiquetage &#8211; m\u00eame pour les produits avec des surfaces de diff\u00e9rentes hauteurs. Gr\u00e2ce aux diff\u00e9rentes variantes de pastilles (fixes, Touch-Down ou Blow-On) et aux formats d&#8217;\u00e9tiquettes de 30 \u00e0 210 mm de long, l&#8217;applicateur est universel. Ce syst\u00e8me vous offre une flexibilit\u00e9 pr\u00e9cieuse, en particulier dans les domaines o\u00f9 les produits ou les formes d&#8217;emballage changent fr\u00e9quemment. Il est \u00e9galement possible de mettre en \u0153uvre des applications avec des appareils ALX 73x ou ALX 92x de mani\u00e8re transparente &#8211; id\u00e9al pour les parcs de machines existants.   <\/p>\n<p>Vous trouverez d&#8217;autres solutions d&#8217;application pour diff\u00e9rentes g\u00e9om\u00e9tries de produits et techniques d&#8217;application dans l&#8217;<a href=\"https:\/\/labeltech.ch\/fr\/produits\/applicateurs\/\" title=\"Applicateurs - Tous les syst\u00e8mes d'application d'\u00e9tiquettes de Labeltech\">aper\u00e7u des applicateurs<\/a>.<\/p>\n<h2>Conception robuste pour une utilisation durable<\/h2>\n<p>L&#8217;applicateur a \u00e9t\u00e9 sp\u00e9cialement con\u00e7u pour les environnements industriels. Avec une longueur de course allant jusqu&#8217;\u00e0 380 mm, un faible niveau sonore (&lt;75 dB A) et une temp\u00e9rature de fonctionnement de 5-40 \u00b0C, il est id\u00e9al pour une utilisation continue dans des secteurs tr\u00e8s vari\u00e9s &#8211; de la production alimentaire \u00e0 la logistique et au marquage industriel. La combinaison appropri\u00e9e de capteurs et de m\u00e9canismes assure un fonctionnement stable et adapt\u00e9, m\u00eame avec des mat\u00e9riaux fragiles.  <\/p>\n<h3>Aper\u00e7u des informations techniques sur le LA-TO touch on :<\/h3>\n<p>Compatible avec : ALS 204\/206\/256\/306, ALX 73x, ALX 92x<br \/>Largeur d&#8217;\u00e9tiquette : 30-160 mm<br \/>Pastilles d&#8217;\u00e9tiquettes : par ex. 80 \u00d7 80 mm, 125 \u00d7 125 mm, avec ou sans fonction Touch-Down<br \/>Pr\u00e9cision d&#8217;application : \u00b11 mm (LA-TO), jusqu&#8217;\u00e0 \u00b110 mm (LA-TO BO)<br \/>Capacit\u00e9 : jusqu&#8217;\u00e0 100 \u00e9tiquettes\/min.<br \/>Vitesse du produit : 0-15 m\/min (selon la variante)<\/p>\n<h2>\nPlus d&#8217;efficacit\u00e9 pour votre \u00e9quipe<\/h2>\n<p>Pour vos collaborateurs, l&#8217;utilisation de l&#8217;applicateur LA-TO Touch-On signifie moins d&#8217;arr\u00eats, moins de retouches manuelles et une manipulation optimis\u00e9e gr\u00e2ce \u00e0 l&#8217;\u00e9tiquetage contr\u00f4l\u00e9 par des capteurs (par ex. capteur Home et Touch-Down). La facilit\u00e9 des conditions augmente non seulement la satisfaction de l&#8217;\u00e9quipe, mais r\u00e9duit en m\u00eame temps les erreurs et les r\u00e9clamations. <\/p>\n<p>Gr\u00e2ce \u00e0 sa conception ing\u00e9nieuse, ses temps de mise en place rapides et son adaptabilit\u00e9 \u00e0 diff\u00e9rentes applications, le LA-TO Touch-On est un v\u00e9ritable soutien pour toute votre entreprise.<\/p>\n<p>Achetez l&#8217;applicateur LA-TO Touch-On d\u00e8s maintenant chez Labeltech &#8211; votre partenaire pour des syst\u00e8mes d&#8217;\u00e9tiquetage professionnels, des applicateurs et des solutions compl\u00e8tes et \u00e9conomiques, ou si vous cherchez d&#8217;autres syst\u00e8mes, comme des imprimantes, etc. vous trouverez certainement ce que vous cherchez dans notre <a href=\"https:\/\/labeltech.ch\/fr\/produits\/\">s\u00e9lection<\/a>!<\/p>\n<ul>\n<li>Pour l&#8217;application d&#8217;\u00e9tiquettes petites \u00e0 grandes (jusqu&#8217;\u00e0 160 x 210 mm) \u00e0 l&#8217;aide de pastilles d&#8217;\u00e9tiquettes facilement interchangeables.<\/li>\n<li>Rendement \u00e9lev\u00e9, jusqu&#8217;\u00e0 100 produits par minute<\/li>\n<li>Pour l&#8217;application sur des produits mobiles et immobiles<\/li>\n<\/ul>\n","protected":false},"excerpt":{"rendered":"<p>Applicateur LA-TO touch on &#8211; un \u00e9tiquetage efficace pour les  [&#8230;]<\/p>\n","protected":false},"featured_media":1790,"comment_status":"closed","ping_status":"closed","template":"","meta":[],"product_brand":[],"product_cat":[70],"product_tag":[],"class_list":{"0":"post-2890","1":"product","2":"type-product","3":"status-publish","4":"has-post-thumbnail","6":"product_cat-applicateurs","8":"first","9":"instock","10":"shipping-taxable","11":"product-type-external"},"_links":{"self":[{"href":"https:\/\/labeltech.ch\/fr\/wp-json\/wp\/v2\/product\/2890","targetHints":{"allow":["GET"]}}],"collection":[{"href":"https:\/\/labeltech.ch\/fr\/wp-json\/wp\/v2\/product"}],"about":[{"href":"https:\/\/labeltech.ch\/fr\/wp-json\/wp\/v2\/types\/product"}],"replies":[{"embeddable":true,"href":"https:\/\/labeltech.ch\/fr\/wp-json\/wp\/v2\/comments?post=2890"}],"wp:featuredmedia":[{"embeddable":true,"href":"https:\/\/labeltech.ch\/fr\/wp-json\/wp\/v2\/media\/1790"}],"wp:attachment":[{"href":"https:\/\/labeltech.ch\/fr\/wp-json\/wp\/v2\/media?parent=2890"}],"wp:term":[{"taxonomy":"product_brand","embeddable":true,"href":"https:\/\/labeltech.ch\/fr\/wp-json\/wp\/v2\/product_brand?post=2890"},{"taxonomy":"product_cat","embeddable":true,"href":"https:\/\/labeltech.ch\/fr\/wp-json\/wp\/v2\/product_cat?post=2890"},{"taxonomy":"product_tag","embeddable":true,"href":"https:\/\/labeltech.ch\/fr\/wp-json\/wp\/v2\/product_tag?post=2890"}],"curies":[{"name":"wp","href":"https:\/\/api.w.org\/{rel}","templated":true}]}}