{"id":2896,"date":"2019-07-29T12:54:25","date_gmt":"2019-07-29T10:54:25","guid":{"rendered":"https:\/\/labeltech.ch\/produkt\/evolis-avanasia\/"},"modified":"2026-04-17T16:58:06","modified_gmt":"2026-04-17T14:58:06","slug":"evolis-avansia","status":"publish","type":"product","link":"https:\/\/labeltech.ch\/fr\/produkt\/evolis-avansia\/","title":{"rendered":"EVOLIS Avansia"},"content":{"rendered":"<ul>\n<li>Module d&#8217;impression recto-verso de s\u00e9rie<\/li>\n<li>T\u00eate d&#8217;impression 600 dpi<\/li>\n<li>Compatible avec Windows (32\/64 bits) : XP SP3, Vista, W7, W8, W10<\/li>\n<li>Livraison avec cardPresso XXS pour la conception et l&#8217;impression de cartes d&#8217;identit\u00e9<\/li>\n<\/ul>\n<p>La soci\u00e9t\u00e9 Evolis, dont le site de production se trouve dans la ville fran\u00e7aise d&#8217;Angers, se distingue depuis sa cr\u00e9ation par sa qualit\u00e9 et sa fiabilit\u00e9. De nombreuses entreprises telles que des agences gouvernementales, des institutions p\u00e9dagogiques et des municipalit\u00e9s font confiance aux solutions Evolis pour la personnalisation de cartes plastiques. Quatre pour cent du chiffre d&#8217;affaires d&#8217;une ann\u00e9e est consacr\u00e9 \u00e0 la recherche et au d\u00e9veloppement afin de rester dans le peloton de t\u00eate de la concurrence. D\u00e8s sa cr\u00e9ation, Evolis s&#8217;est efforc\u00e9 de conqu\u00e9rir le march\u00e9 international, si bien que le groupe Evolis est devenu aujourd&#8217;hui le leader du march\u00e9 de l&#8217;\u00e9mission d\u00e9centralis\u00e9e de cartes plastiques. Evolis r\u00e9alise quatre-vingt-dix pour cent de son chiffre d&#8217;affaires \u00e0 l&#8217;\u00e9tranger, est pr\u00e9sent dans le monde entier et a des distributeurs dans plus de 140 pays. Pr\u00e8s de deux millions de cartes sont personnalis\u00e9es chaque jour avec les solutions Evolis.<\/p>\n<h2><strong>L&#8217;imprimante Evolis Avansia<\/strong><\/h2>\n<p>Avec l&#8217;imprimante \u00e0 retransfert Evolis Avansia, l&#8217;impression de cartes est tr\u00e8s simplifi\u00e9e. Il imprime sur toute la surface et \u00e9vite ainsi toute marge. Lors de l&#8217;impression par re-transfert, on n&#8217;imprime pas directement sur la carte plastique. Le motif choisi est d&#8217;abord imprim\u00e9 sur un film qui est ensuite transf\u00e9r\u00e9 sur la carte \u00e0 une temp\u00e9rature d&#8217;environ 200 degr\u00e9s. C&#8217;est ce qui permet l&#8217;impression sans marge. La r\u00e9solution d&#8217;impression de 600 dpi permet d&#8217;obtenir une excellente qualit\u00e9 de reproduction des images et des textes. La s\u00e9curit\u00e9 est une priorit\u00e9 absolue, en particulier pour l&#8217;impression de cartes bancaires, de cartes d&#8217;\u00e9tudiant et de cartes d&#8217;acc\u00e8s en tout genre. L&#8217;Evolis Avansia cr\u00e9e ces cartes s\u00e9curis\u00e9es. Qu&#8217;il s&#8217;agisse d&#8217;encodages, d&#8217;\u00e9l\u00e9ments UV, de microtextes ou de filigranes, tout cela ne pose aucun probl\u00e8me \u00e0 l&#8217;imprimante. L&#8217;imprimante \u00e0 cartes Evolis Avansia dispose de nombreuses possibilit\u00e9s de personnalisation graphique et \u00e9lectrique. Avec un module de laminage, la s\u00e9curit\u00e9 peut encore \u00eatre renforc\u00e9e par diff\u00e9rents types de laminage, par exemple avec un vernis, un patch ou des hologrammes g\u00e9n\u00e9riques ou sp\u00e9cifiques.<\/p>\n<p>Si vous avez besoin d&#8217;un d\u00e9bit maximal pour la production de cartes, l&#8217;<a href=\"https:\/\/labeltech.ch\/fr\/produkt\/evolis-quantum\/\" title=\"EVOLIS Quantum - Imprimante de cartes haut volume pour une utilisation professionnelle\">EVOLIS Quantum<\/a> est la solution haute performance qui vous convient dans la m\u00eame s\u00e9rie.<\/p>\n<h2><strong>Les fonctions et avantages d&#8217;Evolis Avansia<\/strong><\/h2>\n<p>En plus de la technologie de retransfert qui garantit une impression recto-verso sans marge sur les cartes, l&#8217;imprimante dispose d&#8217;un dispositif de nivellement int\u00e9gr\u00e9 qui permet d&#8217;imprimer m\u00eame sur des surfaces irr\u00e9guli\u00e8res. Pour prot\u00e9ger les consommables sensibles, l&#8217;imprimante est verrouill\u00e9e \u00e0 l&#8217;aide d&#8217;une cl\u00e9. Le r\u00e9ceptacle pr\u00e8s de 250 cartes. La suite logicielle avec syst\u00e8me de surveillance et d&#8217;alertes et le logiciel de personnalisation des cartes permettent une utilisation intuitive de l&#8217;imprimante. L&#8217;imprimante \u00e0 cartes Evolis Avansia a \u00e9t\u00e9 sp\u00e9cialement con\u00e7ue pour l&#8217;impression de grandes quantit\u00e9s. Elle est donc capable d&#8217;imprimer jusqu&#8217;\u00e0 144 cartes par heure en couleur et en recto, et ce avec une r\u00e9solution de 600 dpi (23,6 points\/mm). La robustesse de l&#8217;imprimante est \u00e9galement illustr\u00e9e par le fait que le groupe Evolis offre une garantie \u00e0 vie sur la t\u00eate d&#8217;impression et trois ans sur l&#8217;appareil lui-m\u00eame.<\/p>\n<h3><strong>La vitesse :<\/strong><\/h3>\n<ul>\n<li>144 cartes\/heure en cas d&#8217;impression sur une seule face (YMCK)<\/li>\n<li>96 cartes\/heure en cas d&#8217;impression recto-verso (YMCKK)<\/li>\n<li>133 cartes\/heure en cas d&#8217;impression sur une face avec module de laminage (YMCK)<\/li>\n<li>79 cartes\/heure en cas d&#8217;impression double face avec module de plastification (YMCKK)<\/li>\n<\/ul>\n<h3><strong>Types de cartes :<\/strong><\/h3>\n<ul>\n<li>Cartes en PVC, cartes composites en PVC, cartes en PET-F et PET-G<\/li>\n<li>Cartes en polycarbonate (PC), cartes en ABS<\/li>\n<\/ul>\n<h3><strong>Connexions et connectivit\u00e9 :<\/strong><\/h3>\n<ul>\n<li>C\u00e2ble USB (1.0, 1.1, 2.0, 3.0) inclus dans la livraison<\/li>\n<li>TCP\/IP-Ethernet 10BaseT\/100BaseT (LED de trafic)<\/li>\n<\/ul>\n<h3><strong>la s\u00e9curit\u00e9 :<\/strong><\/h3>\n<ul>\n<li>Verrouillage RFID<\/li>\n<li>Dispositif de montage pour serrure de s\u00e9curit\u00e9 Kensington<\/li>\n<li>Verrouillage centralis\u00e9 de l&#8217;acc\u00e8s aux cartes vierges<\/li>\n<\/ul>\n<h3>Modules de codage suppl\u00e9mentaires :<\/h3>\n<ul>\n<li>Encodeur de bande magn\u00e9tique selon ISO 781<\/li>\n<li>Encodeur \u00e0 double puce (avec\/sans contact)<\/li>\n<li>Les options de modules peuvent \u00eatre librement combin\u00e9es entre elles<\/li>\n<li>Installation d&#8217;encodeurs \u00e0 puce (avec\/sans contact) en usine ou sur site<\/li>\n<\/ul>\n<h2><strong>L&#8217;imprimante \u00e0 cartes haut de gamme d&#8217;Evolis<\/strong><\/h2>\n<p>Si vous recherchez une imprimante \u00e0 cartes haut de gamme, vous ne pouvez qu&#8217;opter pour l&#8217;Evolis Avansia. La fabuleuse r\u00e9solution de 600 dpi garantit des lignes d&#8217;une extr\u00eame finesse. La construction herm\u00e9tique de l&#8217;imprimante la prot\u00e8ge de la poussi\u00e8re et de la chaleur. Le chargeur de cartes est doublement prot\u00e9g\u00e9, ce qui emp\u00eache la poussi\u00e8re de s&#8217;infiltrer. Une grande importance a \u00e9galement \u00e9t\u00e9 accord\u00e9e aux mesures de s\u00e9curit\u00e9. Les utilisateurs non autoris\u00e9s ne peuvent pas imprimer de cartes ni retirer des cartes vierges de l&#8217;imprimante.<\/p>\n","protected":false},"excerpt":{"rendered":"<p>Module d&#8217;impression recto-verso de s\u00e9rie T\u00eate d&#8217;impression 600 dpi Compatible  [&#8230;]<\/p>\n","protected":false},"featured_media":1803,"comment_status":"closed","ping_status":"closed","template":"","meta":[],"product_brand":[],"product_cat":[79],"product_tag":[],"class_list":{"0":"post-2896","1":"product","2":"type-product","3":"status-publish","4":"has-post-thumbnail","6":"product_cat-imprimantes-cartes","8":"first","9":"instock","10":"shipping-taxable","11":"product-type-external"},"_links":{"self":[{"href":"https:\/\/labeltech.ch\/fr\/wp-json\/wp\/v2\/product\/2896","targetHints":{"allow":["GET"]}}],"collection":[{"href":"https:\/\/labeltech.ch\/fr\/wp-json\/wp\/v2\/product"}],"about":[{"href":"https:\/\/labeltech.ch\/fr\/wp-json\/wp\/v2\/types\/product"}],"replies":[{"embeddable":true,"href":"https:\/\/labeltech.ch\/fr\/wp-json\/wp\/v2\/comments?post=2896"}],"wp:featuredmedia":[{"embeddable":true,"href":"https:\/\/labeltech.ch\/fr\/wp-json\/wp\/v2\/media\/1803"}],"wp:attachment":[{"href":"https:\/\/labeltech.ch\/fr\/wp-json\/wp\/v2\/media?parent=2896"}],"wp:term":[{"taxonomy":"product_brand","embeddable":true,"href":"https:\/\/labeltech.ch\/fr\/wp-json\/wp\/v2\/product_brand?post=2896"},{"taxonomy":"product_cat","embeddable":true,"href":"https:\/\/labeltech.ch\/fr\/wp-json\/wp\/v2\/product_cat?post=2896"},{"taxonomy":"product_tag","embeddable":true,"href":"https:\/\/labeltech.ch\/fr\/wp-json\/wp\/v2\/product_tag?post=2896"}],"curies":[{"name":"wp","href":"https:\/\/api.w.org\/{rel}","templated":true}]}}