{"id":2900,"date":"2019-07-29T12:55:33","date_gmt":"2019-07-29T10:55:33","guid":{"rendered":"https:\/\/labeltech.ch\/produkt\/evolis-cardpresso\/"},"modified":"2026-02-26T10:02:05","modified_gmt":"2026-02-26T09:02:05","slug":"evolis-cardpresso","status":"publish","type":"product","link":"https:\/\/labeltech.ch\/fr\/produkt\/evolis-cardpresso\/","title":{"rendered":"EVOLIS Cardpresso"},"content":{"rendered":"<h2>CARDPRESSO : le logiciel pour imprimantes \u00e0 cartes pour la conception et l&#8217;impression de cartes plastiques<\/h2>\n<p>CARDPRESSO est un logiciel sp\u00e9cialement con\u00e7u pour la conception, la personnalisation et l&#8217;impression professionnelles de cartes plastiques et de badges. Ce logiciel d&#8217;impression de cartes EVOLIS offre une multitude de fonctionnalit\u00e9s pour les utilisateurs de tous les secteurs et de tous les domaines d&#8217;application, des petites entreprises aux grandes organisations ayant des besoins complexes. Con\u00e7u pour \u00eatre convivial et intuitif, le logiciel CARDPRESSO vous aide \u00e0 concevoir, imprimer et encoder efficacement des cartes plastiques sur mesure.  <\/p>\n<p>En tant que logiciel de cartographie bien \u00e9tabli, CARDPRESSO est la solution id\u00e9ale pour tous ceux qui ont besoin d&#8217;une solution fiable et flexible pour cr\u00e9er des cartes d&#8217;identit\u00e9, des badges d&#8217;employ\u00e9s, des cartes d&#8217;acc\u00e8s ou des cartes de fid\u00e9lit\u00e9. L&#8217;application CARDPRESSO se caract\u00e9rise par sa facilit\u00e9 d&#8217;utilisation, ses larges fonctionnalit\u00e9s et sa compatibilit\u00e9 exceptionnelle avec les imprimantes \u00e0 cartes les plus courantes, ce qui la rend id\u00e9ale pour les d\u00e9butants comme pour les utilisateurs professionnels. <\/p>\n<h2>Logiciel convivial pour la conception de cartes cr\u00e9atives<\/h2>\n<p>Le logiciel CARDPRESSO a \u00e9t\u00e9 con\u00e7u pour rendre l&#8217;ensemble du processus de conception et de cr\u00e9ation de cartes aussi simple que possible. Ce logiciel convivial est dot\u00e9 d&#8217;une interface clairement structur\u00e9e et d&#8217;outils de conception int\u00e9gr\u00e9s qui vous permettent de concevoir rapidement et efficacement des mises en page de cartes sans devoir suivre une formation approfondie. De nombreux mod\u00e8les pr\u00e9d\u00e9finis facilitent consid\u00e9rablement l&#8217;apprentissage de la conception de cartes.  <\/p>\n<p>De nombreux outils sont disponibles pour l&#8217;importation de graphiques. Les images peuvent \u00eatre int\u00e9gr\u00e9es directement dans les mod\u00e8les de cartes et des fonctions optionnelles telles que la d\u00e9tection automatique des visages, le recadrage et l&#8217;ajustement peuvent \u00eatre ajout\u00e9es, ce qui est particuli\u00e8rement utile pour la cr\u00e9ation de cartes d&#8217;identit\u00e9 avec photos. <\/p>\n<h2>Des \u00e9ditions CARDPRESSO flexibles pour tous les besoins : XXS, XS, XM, XL et XXL<\/h2>\n<p>CARDPRESSO est disponible en plusieurs \u00e9ditions, ce qui vous permet de choisir la version la plus adapt\u00e9e \u00e0 vos besoins. Les \u00e9ditions disponibles comprennent notamment CARDPRESSO xxs, CARDPRESSO xs, CARDPRESSO xm, CARDPRESSO xl et CARDPRESSO xxl. Elles vont des versions de base simples aux versions puissantes avec des fonctionnalit\u00e9s avanc\u00e9es pour les grandes organisations et les environnements r\u00e9seau.  <\/p>\n<p>Les \u00e9ditions peuvent \u00eatre mises \u00e0 niveau vers une \u00e9dition sup\u00e9rieure si n\u00e9cessaire, ce qui vous permet d&#8217;ajouter des fonctionnalit\u00e9s \u00e0 tout moment sans avoir \u00e0 remplacer votre logiciel existant. Cela rend le logiciel particuli\u00e8rement flexible et \u00e0 l&#8217;\u00e9preuve du temps. <\/p>\n<p>L&#8217;\u00e9dition xxs convient pour la conception et l&#8217;impression de cartes de base, tandis que la version xs offre des connexions suppl\u00e9mentaires aux bases de donn\u00e9es, telles que les fichiers CSV, XLS ou TXT, pour g\u00e9rer les donn\u00e9es cartographiques variables.<\/p>\n<p>La version xm permet d\u00e9j\u00e0 la connexion \u00e0 MS Access, une base de donn\u00e9es interne avec stockage de photos, la reconnaissance automatique des visages (FaceCrop) et la cr\u00e9ation de codes-barres 2D. Cette version est donc particuli\u00e8rement adapt\u00e9e aux projets de taille moyenne n\u00e9cessitant des impressions r\u00e9guli\u00e8res. <\/p>\n<p>Des variantes plus puissantes, comme CARDPRESSO xl, \u00e9tendent les fonctions \u00e0 des connexions \u00e9tendues \u00e0 des bases de donn\u00e9es via ODBC, ainsi qu&#8217;\u00e0 l&#8217;encodage de cartes \u00e0 puce, de transpondeurs RFID et d&#8217;autres technologies, ce qui est particuli\u00e8rement important pour les syst\u00e8mes de s\u00e9curit\u00e9 et les solutions d&#8217;acc\u00e8s.<\/p>\n<p>L&#8217;\u00e9dition xxl offre toutes les fonctionnalit\u00e9s des versions pr\u00e9c\u00e9dentes, avec en plus une prise en charge \u00e9tendue des cartes MIFARE DESFire, l&#8217;impression en r\u00e9seau jusqu&#8217;\u00e0 16 postes de travail et des fonctions de serveur d&#8217;impression Web pour les grandes organisations ayant des besoins importants.<\/p>\n<h2>Fonctionnalit\u00e9s et int\u00e9grations<\/h2>\n<p>Le logiciel de cartographie offre une large gamme de fonctionnalit\u00e9s et d&#8217;outils qui vont au-del\u00e0 de la simple mise en page. La prise en charge de bases de donn\u00e9es variables vous permet de vous connecter \u00e0 des sources de donn\u00e9es externes telles que MS Access, MySQL ou d&#8217;autres syst\u00e8mes bas\u00e9s sur SQL et de les int\u00e9grer directement dans vos conceptions de cartes. Cela s&#8217;av\u00e8re particuli\u00e8rement utile si vous produisez des cartes personnalis\u00e9es en grande quantit\u00e9.  <\/p>\n<p>Gr\u00e2ce \u00e0 la prise en charge de formats de donn\u00e9es courants tels que XLS, CSV et TXT, il est possible d&#8217;int\u00e9grer directement des donn\u00e9es clients existantes ou des informations sur les employ\u00e9s. La possibilit\u00e9 d&#8217;importer des donn\u00e9es image \u00e0 partir de sources externes contribue \u00e9galement \u00e0 l&#8217;efficacit\u00e9 et \u00e0 la flexibilit\u00e9. <\/p>\n<p>Le <a title=\"Vers nos logiciels\" href=\"https:\/\/labeltech.ch\/fr\/produits\/logiciel\/\">logiciel<\/a> facilite \u00e9galement l&#8217;encodage des cartes \u00e0 puce et des cartes \u00e0 bande magn\u00e9tique, souvent utilis\u00e9es dans les syst\u00e8mes d&#8217;acc\u00e8s, de paiement ou d&#8217;identification, et prend en charge les technologies RFID telles que MIFARE et MIFARE DESFire.<\/p>\n<p>Gr\u00e2ce \u00e0 cette fonctionnalit\u00e9 compl\u00e8te, le logiciel CARDPRESSO est adapt\u00e9 \u00e0 une grande vari\u00e9t\u00e9 d&#8217;applications, de la simple cr\u00e9ation de badges d&#8217;employ\u00e9s aux projets critiques en termes de s\u00e9curit\u00e9 pour les administrations, les universit\u00e9s ou les grandes entreprises.<\/p>\n<h2>Compatibilit\u00e9 avec les imprimantes de cartes<\/h2>\n<p>Le logiciel est parfaitement compatible avec un grand nombre d&#8217;imprimantes de cartes, notamment celles du portefeuille EVOLIS telles que Zenius, Primacy et Quantum. Cette combinaison d&#8217;un logiciel d&#8217;impression de cartes puissant et d&#8217;imprimantes robustes vous permet de produire des cartes plastiques de haute qualit\u00e9 de mani\u00e8re efficace et fiable. <\/p>\n<p>Gr\u00e2ce \u00e0 l&#8217;\u00e9troite imbrication du mat\u00e9riel et des logiciels, les travaux d&#8217;impression, la personnalisation et l&#8217;encodage sont parfaitement coordonn\u00e9s, ce qui vous permet d&#8217;obtenir des r\u00e9sultats professionnels en peu de temps.<\/p>\n<h2>Assistance, mises \u00e0 jour et activation<\/h2>\n<p>De nombreuses ressources d&#8217;assistance <a title=\"Voir le site du fabricant EVOLIS\" href=\"https:\/\/de.evolis.com\/\" target=\"_blank\" rel=\"noopener noreferrer nofollow\">EVOLIS<\/a> sont disponibles pour le logiciel, notamment une assistance technique, des manuels en ligne, des didacticiels vid\u00e9o et des questions fr\u00e9quemment pos\u00e9es (FAQ). Vous \u00eates ainsi assur\u00e9 d&#8217;obtenir une assistance rapide en cas de questions ou de d\u00e9fis. <\/p>\n<p>La version du logiciel peut \u00eatre d\u00e9verrouill\u00e9e soit par un dongle USB, soit par un code d&#8217;activation, ce qui vous offre une certaine flexibilit\u00e9 en mati\u00e8re de licences. De plus, des mises \u00e0 jour r\u00e9guli\u00e8res sont incluses pour fournir de nouvelles fonctionnalit\u00e9s et am\u00e9liorations. <\/p>\n<h2>Solution polyvalente pour la conception de cartes professionnelles<\/h2>\n<p>Combinant une interface conviviale, de larges fonctionnalit\u00e9s de personnalisation, d&#8217;encodage et d&#8217;int\u00e9gration de base de donn\u00e9es, ainsi qu&#8217;une prise en charge compl\u00e8te de diff\u00e9rentes imprimantes de cartes, CARDPRESSO est l&#8217;une des solutions logicielles de cartes leader dans le domaine de la cr\u00e9ation de cartes d&#8217;identit\u00e9. Que vous souhaitiez imprimer de petites cartes plastiques ou produire de grandes s\u00e9ries avec des exigences complexes, CARDPRESSO vous offre l&#8217;\u00e9dition et les outils ad\u00e9quats pour r\u00e9aliser efficacement vos projets. <\/p>\n","protected":false},"excerpt":{"rendered":"<p>CARDPRESSO : le logiciel pour imprimantes \u00e0 cartes pour la  [&#8230;]<\/p>\n","protected":false},"featured_media":1804,"comment_status":"closed","ping_status":"closed","template":"","meta":[],"product_brand":[],"product_cat":[79,85],"product_tag":[],"class_list":{"0":"post-2900","1":"product","2":"type-product","3":"status-publish","4":"has-post-thumbnail","6":"product_cat-imprimantes-cartes","7":"product_cat-logiciels","9":"first","10":"instock","11":"shipping-taxable","12":"product-type-external"},"_links":{"self":[{"href":"https:\/\/labeltech.ch\/fr\/wp-json\/wp\/v2\/product\/2900","targetHints":{"allow":["GET"]}}],"collection":[{"href":"https:\/\/labeltech.ch\/fr\/wp-json\/wp\/v2\/product"}],"about":[{"href":"https:\/\/labeltech.ch\/fr\/wp-json\/wp\/v2\/types\/product"}],"replies":[{"embeddable":true,"href":"https:\/\/labeltech.ch\/fr\/wp-json\/wp\/v2\/comments?post=2900"}],"wp:featuredmedia":[{"embeddable":true,"href":"https:\/\/labeltech.ch\/fr\/wp-json\/wp\/v2\/media\/1804"}],"wp:attachment":[{"href":"https:\/\/labeltech.ch\/fr\/wp-json\/wp\/v2\/media?parent=2900"}],"wp:term":[{"taxonomy":"product_brand","embeddable":true,"href":"https:\/\/labeltech.ch\/fr\/wp-json\/wp\/v2\/product_brand?post=2900"},{"taxonomy":"product_cat","embeddable":true,"href":"https:\/\/labeltech.ch\/fr\/wp-json\/wp\/v2\/product_cat?post=2900"},{"taxonomy":"product_tag","embeddable":true,"href":"https:\/\/labeltech.ch\/fr\/wp-json\/wp\/v2\/product_tag?post=2900"}],"curies":[{"name":"wp","href":"https:\/\/api.w.org\/{rel}","templated":true}]}}