{"id":2904,"date":"2019-07-29T12:45:09","date_gmt":"2019-07-29T10:45:09","guid":{"rendered":"https:\/\/labeltech.ch\/produkt\/evolis-primacy\/"},"modified":"2026-04-17T16:30:55","modified_gmt":"2026-04-17T14:30:55","slug":"evolis-primacy","status":"publish","type":"product","link":"https:\/\/labeltech.ch\/fr\/produkt\/evolis-primacy\/","title":{"rendered":"EVOLIS Primacy"},"content":{"rendered":"<p>L&#8217;imprimante Evolis Primacy est une imprimante \u00e0 cartes rapide et polyvalente pour les entreprises qui souhaitent produire des cartes plastiques de qualit\u00e9 professionnelle. Avec une r\u00e9solution d&#8217;impression de 300 dpi et une impression sur les bords, elle fournit des impressions de qualit\u00e9 photo qui repr\u00e9sentent de mani\u00e8re professionnelle les cartes d&#8217;identification, les cartes de membres, les cartes de fid\u00e9lit\u00e9 ou les badges d&#8217;acc\u00e8s. Jusqu&#8217;\u00e0 225 cartes par heure en impression simple face et 140 cartes par heure en impression double face en font le bon choix pour les projets de cartes moyens \u00e0 grands. Pour ceux qui pr\u00e9voient de grandes productions en s\u00e9rie, l&#8217;<a title=\"Imprimante \u00e0 cartes Evolis Quantum\" href=\"https:\/\/labeltech.ch\/fr\/produkt\/evolis-quantum\/\">Evolis Quantum<\/a> est une alternative encore plus performante.   <\/p>\n<blockquote>\n<p><a title=\"Vous avez des questions ? Nous vous aidons.\" href=\"https:\/\/labeltech.ch\/fr\/contact\/\">Vous avez des questions ? Nous vous aidons. <\/a><\/p>\n<\/blockquote>\n<h2>Une qualit\u00e9 d&#8217;impression professionnelle pour chaque utilisation<\/h2>\n<p>La r\u00e9solution photo de 300 ppp de Primacy permet d&#8217;obtenir des logos, des photos et du texte d&#8217;une grande nettet\u00e9 sur la surface de la carte. L&#8217;impression sur les bords permet d&#8217;imprimer jusqu&#8217;au bord de la carte sans laisser de bords blancs. C&#8217;est particuli\u00e8rement important pour les cartes d&#8217;identit\u00e9 et les cartes d&#8217;entreprise, pour lesquelles on attend une image de qualit\u00e9 et coh\u00e9rente. Chaque carte sort de l&#8217;appareil avec une qualit\u00e9 qui repr\u00e9sente votre marque et votre organisation de mani\u00e8re professionnelle.   <\/p>\n<p>Les rubans Evolis High Trust sont faciles \u00e0 ins\u00e9rer et sont reconnus automatiquement par l&#8217;imprimante. Aucune configuration manuelle n&#8217;est n\u00e9cessaire. Le progiciel Evolis Premium Suite assure un contr\u00f4le intuitif depuis l&#8217;ordinateur, incluant des alertes contextuelles sur les consommables et des messages d&#8217;\u00e9tat.  <\/p>\n<h2>Simple face, double face et encodage multiple<\/h2>\n<p>L&#8217;imprimante Evolis Primacy est configur\u00e9e en usine pour l&#8217;impression recto. La fonction d&#8217;impression recto-verso peut \u00eatre activ\u00e9e en usine ou, si vous le souhaitez, \u00eatre ajout\u00e9e sur site. Cela offre une certaine flexibilit\u00e9 aux organisations dont les besoins \u00e9voluent au fil du temps. Diff\u00e9rents modules sont disponibles pour l&#8217;encodage \u00e9lectronique : L&#8217;encodeur de bande magn\u00e9tique, l&#8217;encodeur de puce de contact et l&#8217;encodeur de carte \u00e0 puce sans contact peuvent \u00eatre ajout\u00e9s ou int\u00e9gr\u00e9s directement en usine, en fonction des exigences de s\u00e9curit\u00e9.   <\/p>\n<p>Les applications typiques sont les badges d&#8217;employ\u00e9s avec contr\u00f4le d&#8217;acc\u00e8s, les cartes de fid\u00e9lit\u00e9 pour les programmes de fid\u00e9lisation, les cartes d&#8217;\u00e9tudiants, les cartes de biblioth\u00e8que et les passes visiteurs. Pour les applications o\u00f9 les donn\u00e9es des cartes doivent \u00eatre r\u00e9guli\u00e8rement mises \u00e0 jour, <a title=\"Evolis Tattoo RW imprimante de cartes r\u00e9inscriptibles\" href=\"https:\/\/labeltech.ch\/fr\/produkt\/evolis-tattoo-rw\/\">Evolis Tattoo RW<\/a> offre un compl\u00e9ment durable et \u00e9conomique gr\u00e2ce \u00e0 sa r\u00e9inscriptibilit\u00e9. <\/p>\n<p>Pour les badges haute s\u00e9curit\u00e9 avec plastification de carte int\u00e9gr\u00e9e, nous recommandons l&#8217;<a href=\"https:\/\/labeltech.ch\/fr\/produkt\/evolis-avansia\/\" title=\"EVOLIS Avansia - Imprimante de cartes haute s\u00e9curit\u00e9 avec module de plastification chez Labeltech\">EVOLIS Avansia<\/a>, haut de gamme de la gamme Evolis, qui applique des \u00e9l\u00e9ments de s\u00e9curit\u00e9 professionnels directement lors de l&#8217;impression.<\/p>\n<h2>Grande autonomie et facilit\u00e9 d&#8217;utilisation<\/h2>\n<p>Primacy peut contenir jusqu&#8217;\u00e0 100 cartes dans le bac d&#8217;alimentation et le r\u00e9ceptacle. Cela r\u00e9duit la fr\u00e9quence des recharges et permet des impressions plus longues sans surveillance. Le bac d&#8217;alimentation et le r\u00e9ceptacle sont accessibles par l&#8217;avant de l&#8217;appareil, ce qui permet de v\u00e9rifier visuellement l&#8217;avancement de l&#8217;impression \u00e0 tout moment. La garantie standard de trois ans d&#8217;Evolis renforce l&#8217;engagement de qualit\u00e9 du fabricant.   <\/p>\n<h2>Conclusion : l&#8217;imprimante \u00e0 cartes Evolis Primacy pour la production de cartes professionnelles<\/h2>\n<p>L&#8217;imprimante Evolis Primacy est le bon choix pour les entreprises et organisations qui souhaitent produire des cartes plastiques de haute qualit\u00e9 rapidement, de mani\u00e8re fiable et en grande quantit\u00e9. Laissez-nous vous conseiller sur les options d&#8217;encodage et les configurations id\u00e9ales pour votre application.   <a title=\"Contacter Labeltech AG\" href=\"https:\/\/labeltech.ch\/fr\/contact\/\">Contactez-nous d\u00e8s maintenant.<\/a><\/p>\n","protected":false},"excerpt":{"rendered":"<p>L&#8217;imprimante Evolis Primacy est une imprimante \u00e0 cartes rapide et  [&#8230;]<\/p>\n","protected":false},"featured_media":1800,"comment_status":"closed","ping_status":"closed","template":"","meta":[],"product_brand":[],"product_cat":[79],"product_tag":[],"class_list":{"0":"post-2904","1":"product","2":"type-product","3":"status-publish","4":"has-post-thumbnail","6":"product_cat-imprimantes-cartes","8":"first","9":"instock","10":"shipping-taxable","11":"product-type-external"},"_links":{"self":[{"href":"https:\/\/labeltech.ch\/fr\/wp-json\/wp\/v2\/product\/2904","targetHints":{"allow":["GET"]}}],"collection":[{"href":"https:\/\/labeltech.ch\/fr\/wp-json\/wp\/v2\/product"}],"about":[{"href":"https:\/\/labeltech.ch\/fr\/wp-json\/wp\/v2\/types\/product"}],"replies":[{"embeddable":true,"href":"https:\/\/labeltech.ch\/fr\/wp-json\/wp\/v2\/comments?post=2904"}],"wp:featuredmedia":[{"embeddable":true,"href":"https:\/\/labeltech.ch\/fr\/wp-json\/wp\/v2\/media\/1800"}],"wp:attachment":[{"href":"https:\/\/labeltech.ch\/fr\/wp-json\/wp\/v2\/media?parent=2904"}],"wp:term":[{"taxonomy":"product_brand","embeddable":true,"href":"https:\/\/labeltech.ch\/fr\/wp-json\/wp\/v2\/product_brand?post=2904"},{"taxonomy":"product_cat","embeddable":true,"href":"https:\/\/labeltech.ch\/fr\/wp-json\/wp\/v2\/product_cat?post=2904"},{"taxonomy":"product_tag","embeddable":true,"href":"https:\/\/labeltech.ch\/fr\/wp-json\/wp\/v2\/product_tag?post=2904"}],"curies":[{"name":"wp","href":"https:\/\/api.w.org\/{rel}","templated":true}]}}