{"id":2912,"date":"2019-07-29T12:50:08","date_gmt":"2019-07-29T10:50:08","guid":{"rendered":"https:\/\/labeltech.ch\/produkt\/evolis-tattoo-rw\/"},"modified":"2026-04-17T16:30:58","modified_gmt":"2026-04-17T14:30:58","slug":"evolis-tattoo-rw","status":"publish","type":"product","link":"https:\/\/labeltech.ch\/fr\/produkt\/evolis-tattoo-rw\/","title":{"rendered":"EVOLIS tatouage RW"},"content":{"rendered":"<p>L&#8217;imprimante Evolis Tattoo RW est une imprimante \u00e0 cartes de derni\u00e8re g\u00e9n\u00e9ration bas\u00e9e sur un principe fondamentalement diff\u00e9rent des imprimantes \u00e0 cartes \u00e0 ruban traditionnelles. Elle imprime des cartes sp\u00e9ciales r\u00e9inscriptibles, qui peuvent \u00eatre effac\u00e9es et r\u00e9ins\u00e9r\u00e9es avec de nouvelles donn\u00e9es autant de fois que n\u00e9cessaire. Pas de ruban, pas de mise au rebut des anciennes cartes, pas de nouvelles commandes en cas de modification des donn\u00e9es. Cela fait de Tattoo RW une solution particuli\u00e8rement \u00e9conomique et respectueuse de l&#8217;environnement pour les entreprises qui souhaitent imprimer r\u00e9guli\u00e8rement des informations actualis\u00e9es sur des cartes. Pour les projets n\u00e9cessitant des cartes imprim\u00e9es de mani\u00e8re permanente, l&#8217;<a title=\"Imprimante \u00e0 cartes Evolis Primacy\" href=\"https:\/\/labeltech.ch\/fr\/produkt\/evolis-primacy\/\">Evolis Primacy<\/a> est recommand\u00e9e comme compl\u00e9ment \u00e9prouv\u00e9.    <\/p>\n<blockquote>\n<p><a title=\"Vous avez des questions ? Nous vous aidons.\" href=\"https:\/\/labeltech.ch\/fr\/contact\/\">Vous avez des questions ? Nous vous aidons. <\/a><\/p>\n<\/blockquote>\n<h2>R\u00e9inscriptible : la flexibilit\u00e9 plut\u00f4t que la mentalit\u00e9 du jetable<\/h2>\n<p>Le principe de base de Tattoo RW est aussi simple qu&#8217;efficace. Les cartes sont recouvertes d&#8217;un mat\u00e9riau sp\u00e9cial qui peut \u00eatre effac\u00e9 par la chaleur et imprim\u00e9 avec un nouveau contenu. En quelques secondes, une carte est enti\u00e8rement effac\u00e9e, r\u00e9encod\u00e9e et imprim\u00e9e avec les donn\u00e9es actuelles. Ce cycle peut \u00eatre r\u00e9p\u00e9t\u00e9 plusieurs fois, ce qui r\u00e9duit consid\u00e9rablement le co\u00fbt des cartes pendant toute leur dur\u00e9e de vie.   <\/p>\n<p>La vitesse d&#8217;effacement et d&#8217;impression de Tattoo RW permet un fonctionnement fluide o\u00f9 les cartes peuvent \u00eatre mises \u00e0 jour directement au contact du client ou \u00e0 la r\u00e9ception. Cela est particuli\u00e8rement pr\u00e9cieux dans les environnements o\u00f9 les cartes doivent porter de nouvelles informations chaque jour ou chaque semaine, par exemple les tickets de parking, les badges journaliers ou les cartes de points de bonus. <\/p>\n<h2>Donn\u00e9es visibles et cod\u00e9es sur une carte<\/h2>\n<p>Une caract\u00e9ristique importante de Tattoo RW est la possibilit\u00e9 de combiner sur la m\u00eame carte des donn\u00e9es imprim\u00e9es de mani\u00e8re visible et des donn\u00e9es encod\u00e9es \u00e9lectroniquement. Les bandes magn\u00e9tiques et les cartes \u00e0 puce sans contact peuvent \u00eatre encod\u00e9es parall\u00e8lement au processus d&#8217;impression. Par exemple, dans le cas d&#8217;une carte de fid\u00e9lit\u00e9, le solde actuel des points peut \u00eatre enregistr\u00e9 sur la bande magn\u00e9tique et imprim\u00e9 directement sur la surface de la carte, de mani\u00e8re lisible pour le d\u00e9tenteur de la carte. Les donn\u00e9es restent ainsi toujours transparentes et \u00e0 jour, sans avoir besoin de deux cartes ou syst\u00e8mes distincts.   <\/p>\n<p>Pour les applications cartes \u00e0 faible volume d&#8217;impression avec des donn\u00e9es imprim\u00e9es en permanence, l&#8217;<a href=\"https:\/\/labeltech.ch\/fr\/produkt\/evolis-zenius\/\" title=\"EVOLIS Zenius - Imprimante \u00e0 cartes d'entr\u00e9e de gamme pour applications simple face chez Labeltech\">EVOLIS Zenius<\/a> est une solution d&#8217;entr\u00e9e de gamme \u00e9conomique de la gamme Evolis.<\/p>\n<h2>Rentabilit\u00e9 et durabilit\u00e9<\/h2>\n<ul>\n<li>Pas de ruban n\u00e9cessaire : \u00e9conomies significatives sur les consommables<\/li>\n<li>Les cartes ne sont pas jet\u00e9es, mais r\u00e9utilis\u00e9es plusieurs fois.<\/li>\n<li>L&#8217;utilisation r\u00e9duite des ressources all\u00e8ge le budget et le bilan environnemental<\/li>\n<li>Convient pour 2 500 \u00e0 30 000 transactions par carte par an<\/li>\n<\/ul>\n<h2>Applications de l&#8217;Evolis Tattoo RW<\/h2>\n<p>Le Tattoo RW convient \u00e0 toutes les applications o\u00f9 les donn\u00e9es de la carte sont mises \u00e0 jour r\u00e9guli\u00e8rement ou en continu. Les applications typiques sont les programmes de fid\u00e9lit\u00e9 dans le commerce de d\u00e9tail, o\u00f9 des points ou des remises sont imprim\u00e9s, les badges d&#8217;acc\u00e8s temporaires pour les visiteurs, les billets d&#8217;\u00e9v\u00e9nements avec des informations actualis\u00e9es au jour le jour et les cartes de gestion du temps dans les entreprises. Partout o\u00f9 les cartes ne sont pas permanentes, le principe de r\u00e9inscription est rapidement rentable.  <\/p>\n<h2>Conclusion : l&#8217;imprimante de cartes Evolis Tattoo RW &#8211; durable et flexible<\/h2>\n<p>L&#8217;imprimante Tattoo RW d&#8217;Evolis offre une alternative d&#8217;avenir aux imprimantes cartes classiques. Si vous souhaitez r\u00e9duire vos co\u00fbts, pr\u00e9server vos ressources et gagner un maximum de flexibilit\u00e9 dans la conception de vos cartes, l&#8217;imprimante Tattoo RW est un choix judicieux. Nous nous ferons un plaisir de vous montrer, lors d&#8217;un entretien personnel, comment le syst\u00e8me s&#8217;int\u00e8gre dans votre flux de travail.    <a title=\"Contacter Labeltech AG\" href=\"https:\/\/labeltech.ch\/fr\/contact\/\">N&#8217;h\u00e9sitez pas \u00e0 nous contacter.<\/a><\/p>\n","protected":false},"excerpt":{"rendered":"<p>L&#8217;imprimante Evolis Tattoo RW est une imprimante \u00e0 cartes de  [&#8230;]<\/p>\n","protected":false},"featured_media":1802,"comment_status":"closed","ping_status":"closed","template":"","meta":[],"product_brand":[],"product_cat":[79],"product_tag":[],"class_list":{"0":"post-2912","1":"product","2":"type-product","3":"status-publish","4":"has-post-thumbnail","6":"product_cat-imprimantes-cartes","8":"first","9":"instock","10":"shipping-taxable","11":"product-type-external"},"_links":{"self":[{"href":"https:\/\/labeltech.ch\/fr\/wp-json\/wp\/v2\/product\/2912","targetHints":{"allow":["GET"]}}],"collection":[{"href":"https:\/\/labeltech.ch\/fr\/wp-json\/wp\/v2\/product"}],"about":[{"href":"https:\/\/labeltech.ch\/fr\/wp-json\/wp\/v2\/types\/product"}],"replies":[{"embeddable":true,"href":"https:\/\/labeltech.ch\/fr\/wp-json\/wp\/v2\/comments?post=2912"}],"wp:featuredmedia":[{"embeddable":true,"href":"https:\/\/labeltech.ch\/fr\/wp-json\/wp\/v2\/media\/1802"}],"wp:attachment":[{"href":"https:\/\/labeltech.ch\/fr\/wp-json\/wp\/v2\/media?parent=2912"}],"wp:term":[{"taxonomy":"product_brand","embeddable":true,"href":"https:\/\/labeltech.ch\/fr\/wp-json\/wp\/v2\/product_brand?post=2912"},{"taxonomy":"product_cat","embeddable":true,"href":"https:\/\/labeltech.ch\/fr\/wp-json\/wp\/v2\/product_cat?post=2912"},{"taxonomy":"product_tag","embeddable":true,"href":"https:\/\/labeltech.ch\/fr\/wp-json\/wp\/v2\/product_tag?post=2912"}],"curies":[{"name":"wp","href":"https:\/\/api.w.org\/{rel}","templated":true}]}}