{"id":2916,"date":"2019-07-29T12:44:15","date_gmt":"2019-07-29T10:44:15","guid":{"rendered":"https:\/\/labeltech.ch\/produkt\/evolis-zenius\/"},"modified":"2026-04-17T16:58:00","modified_gmt":"2026-04-17T14:58:00","slug":"evolis-zenius","status":"publish","type":"product","link":"https:\/\/labeltech.ch\/fr\/produkt\/evolis-zenius\/","title":{"rendered":"EVOLIS Zenius"},"content":{"rendered":"<h2>Description du produit<\/h2>\n<p style=\"font-size: medium;font-weight: 400\">Vous recherchez une imprimante de cartes qui r\u00e9ponde \u00e0 tous vos besoins ? Vous voulez investir \u00e0 long terme et en avoir pour votre argent ? Alors l&#8217;imprimante <em>Zenius <\/em>du fabricant <em>Evolis <\/em>est faite pour vous. En effet, gr\u00e2ce \u00e0 la compacit\u00e9 de la <em>Zenius<\/em>, il est possible d&#8217;imprimer rapidement et surtout de mani\u00e8re professionnelle des cartes plastiques simple face telles que des cartes de transport, des cartes cadeaux ou des badges d&#8217;association. Elle convient \u00e0 de nombreuses applications et est facile \u00e0 utiliser. Sa grande facilit\u00e9 d&#8217;utilisation et son impression professionnelle parlent en sa faveur.     <\/p>\n<p><strong>Une imprimante de cartes compacte et flexible<\/strong><\/p>\n<ul class=\"csc-bulletlist csc-bulletlist-0\">\n<li class=\"odd\">Impression : recto<\/li>\n<li class=\"even\">Encodage : bande magn\u00e9tique, Smart contact, Smart sans contact<\/li>\n<li class=\"odd\">Dur\u00e9e de vie d&#8217;une carte : 1 \u00e0 3 ans<\/li>\n<li class=\"even\">Nombre de cartes par an : entre 500 et 2500<\/li>\n<li class=\"odd\">Niveau de s\u00e9curit\u00e9 des cartes : \u00e9lev\u00e9<\/li>\n<\/ul>\n<p><em>Compact, facile \u00e0 utiliser et professionnel<\/em><\/p>\n<p style=\"font-size: medium;font-weight: 400\"><strong>Petit conseil :<\/strong> l&#8217;imprimante \u00e0 cartes <em>Evolis Zenius <\/em>est id\u00e9ale pour les applications d&#8217;entr\u00e9e de gamme.<\/p>\n<p>Pour les volumes d&#8217;impression plus importants dans le cadre de l&#8217;impression quotidienne de cartes, l&#8217;<a href=\"https:\/\/labeltech.ch\/fr\/produkt\/evolis-primacy\/\" title=\"EVOLIS Primacy - Imprimante de cartes de bureau haute performance\">EVOLIS Primacy<\/a> offre une alternative plus performante dans la m\u00eame gamme de produits.<\/p>\n<h2>Donn\u00e9es de base de l&#8217;Evolis Zenius<\/h2>\n<p style=\"font-size: medium;font-weight: 400\">Avec une r\u00e9solution de 300 dpi et son impression de bord, l&#8217;imprimante \u00e0 cartes peut reproduire \u00e0 un haut niveau l&#8217;impression souhait\u00e9e. Vos logos, photos et textes sont ainsi parfaitement mis en valeur. De plus, l&#8217;imprimante prend peu de place, puisqu&#8217;elle est \u00e0 peine plus grande qu&#8217;une feuille A4. Elle peut donc s&#8217;int\u00e9grer dans le bureau le plus petit. Le bruit fort de l&#8217;imprimante vous emp\u00eache de vous concentrer ? Ce n&#8217;est pas le cas ici, car avec ses 46 d\u00e9cibels, l&#8217;imprimante intelligente est \u00e0 peine perceptible, voire invisible. L&#8217;imprimante se distingue \u00e9galement par sa capacit\u00e9 d&#8217;impression et sa rapidit\u00e9 : Une carte couleur peut \u00eatre imprim\u00e9e en seulement 30 secondes. Cela signifie que 150 cartes peuvent \u00eatre imprim\u00e9es par heure. Le temps que vous passiez auparavant devant l&#8217;imprimante peut maintenant \u00eatre utilis\u00e9 plus efficacement car<em> Evolis Zenius<\/em> est extr\u00eamement rapide. Dans sa version Expert, la <em>Zenius<\/em> peut \u00eatre compl\u00e9t\u00e9e par des fonctions d&#8217;encodage combinables entre elles. Cela inclut l&#8217;encodage magn\u00e9tique, l&#8217;encodage de cartes \u00e0 puce ou les cartes \u00e0 puce sans contact.          <\/p>\n<h2>Comment fonctionne l&#8217;imprimante de cartes ?<\/h2>\n<p style=\"font-size: medium;font-weight: 400\">L&#8217;utilisation de l&#8217;<em> Evolis Zenius<\/em> est un jeu d&#8217;enfant. Chargez manuellement ou automatiquement les cartes que vous souhaitez imprimer dans l&#8217;imprimante, puis r\u00e9cup\u00e9rez-les. <\/p>\n<h2>Les innovations de l&#8217;imprimante<\/h2>\n<ol style=\"font-size: medium;font-weight: 400\">\n<li><em>Evolis Premium Suite\u00ae<\/em>: cette innovation vous permet de contr\u00f4ler toute l&#8217;activit\u00e9 d&#8217;impression directement depuis votre \u00e9cran. Gr\u00e2ce aux fen\u00eatres contextuelles, vous \u00eates \u00e9galement averti sur votre \u00e9cran de l&#8217;\u00e9tat de l&#8217;imprimante ou des informations sur le ruban, par exemple. <\/li>\n<li>Les rubans de<em> Zenius<\/em> se changent en un clin d&#8217;\u0153il et sont con\u00e7us pour une impression de cartes professionnelle.<\/li>\n<\/ol>\n<h2>Impression \u00e0 la demande<\/h2>\n<p>Zenius a \u00e9t\u00e9 con\u00e7u pour optimiser l&#8217;impression de cartes individuelles ou de petites s\u00e9ries. Vous imprimez ainsi vos cartes au fur et \u00e0 mesure de vos besoins. Avec une capacit\u00e9 d&#8217;impression d&#8217;une carte couleur en 30 secondes et jusqu&#8217;\u00e0 150 cartes couleur par heure, Zenius r\u00e9duit le temps d&#8217;attente et r\u00e9pond tr\u00e8s rapidement \u00e0 tous vos besoins.  <\/p>\n<h2>Le Zenius en bref<\/h2>\n<ul style=\"font-size: medium;font-weight: 400\">\n<li>compact et rapide gr\u00e2ce \u00e0 une technologie d&#8217;impression de pointe<\/li>\n<li>facile \u00e0 utiliser Impression<\/li>\n<li>peu encombrant, donc id\u00e9al pour le bureau<\/li>\n<li>a une r\u00e9solution de 300 dpi et une impression sur les bords<\/li>\n<li>se connecte \u00e0 l&#8217;ordinateur via USB<\/li>\n<li>impression par transfert thermique de r\u00e9sine<\/li>\n<li>150 cartes possibles par heure<\/li>\n<\/ul>\n","protected":false},"excerpt":{"rendered":"<p>Description du produit Vous recherchez une imprimante de cartes qui  [&#8230;]<\/p>\n","protected":false},"featured_media":1799,"comment_status":"closed","ping_status":"closed","template":"","meta":[],"product_brand":[],"product_cat":[79],"product_tag":[],"class_list":{"0":"post-2916","1":"product","2":"type-product","3":"status-publish","4":"has-post-thumbnail","6":"product_cat-imprimantes-cartes","8":"first","9":"instock","10":"shipping-taxable","11":"product-type-external"},"_links":{"self":[{"href":"https:\/\/labeltech.ch\/fr\/wp-json\/wp\/v2\/product\/2916","targetHints":{"allow":["GET"]}}],"collection":[{"href":"https:\/\/labeltech.ch\/fr\/wp-json\/wp\/v2\/product"}],"about":[{"href":"https:\/\/labeltech.ch\/fr\/wp-json\/wp\/v2\/types\/product"}],"replies":[{"embeddable":true,"href":"https:\/\/labeltech.ch\/fr\/wp-json\/wp\/v2\/comments?post=2916"}],"wp:featuredmedia":[{"embeddable":true,"href":"https:\/\/labeltech.ch\/fr\/wp-json\/wp\/v2\/media\/1799"}],"wp:attachment":[{"href":"https:\/\/labeltech.ch\/fr\/wp-json\/wp\/v2\/media?parent=2916"}],"wp:term":[{"taxonomy":"product_brand","embeddable":true,"href":"https:\/\/labeltech.ch\/fr\/wp-json\/wp\/v2\/product_brand?post=2916"},{"taxonomy":"product_cat","embeddable":true,"href":"https:\/\/labeltech.ch\/fr\/wp-json\/wp\/v2\/product_cat?post=2916"},{"taxonomy":"product_tag","embeddable":true,"href":"https:\/\/labeltech.ch\/fr\/wp-json\/wp\/v2\/product_tag?post=2916"}],"curies":[{"name":"wp","href":"https:\/\/api.w.org\/{rel}","templated":true}]}}