{"id":2920,"date":"2019-07-29T15:44:25","date_gmt":"2019-07-29T13:44:25","guid":{"rendered":"https:\/\/labeltech.ch\/produkt\/transfert-thermique\/"},"modified":"2026-04-17T17:07:48","modified_gmt":"2026-04-17T15:07:48","slug":"transfert-thermique","status":"publish","type":"product","link":"https:\/\/labeltech.ch\/fr\/produkt\/transfert-thermique\/","title":{"rendered":"Film de transfert thermique"},"content":{"rendered":"<p><strong>Film pour &#8220;toute imprimante&#8221; et &#8220;tout support&#8221;.<\/strong><\/p>\n<ul class=\"csc-bulletlist csc-bulletlist-0\">\n<li class=\"odd\">Films standard comme la cire, la cire-r\u00e9sine ou la r\u00e9sine<\/li>\n<li class=\"even\">large gamme de films sp\u00e9ciaux pour r\u00e9pondre \u00e0 des besoins particuliers<\/li>\n<li class=\"odd\">r\u00e9sistant \u00e0 l&#8217;essuyage, aux rayures et aux solvants<\/li>\n<li class=\"even\">Film de couleur disponible, y compris or et argent<\/li>\n<li class=\"odd\">Uniquement des marques de qualit\u00e9 des principaux fournisseurs AVERY, ARMOR, CALOR, DNP, DYNIC, ITW, KURZ, RICOH, etc.<\/li>\n<li class=\"even\">Des films pour chaque imprimante et chaque application<\/li>\n<li class=\"odd\">Conditionnement flexible, disponibilit\u00e9 et validation rapides<\/li>\n<\/ul>\n<h2>De quoi est compos\u00e9 un rouleau de transfert thermique ?<\/h2>\n<p>Pour l&#8217;impression d&#8217;\u00e9tiquettes, le film \u00e0 transfert thermique est aujourd&#8217;hui un \u00e9l\u00e9ment indispensable pour le commerce et l&#8217;industrie, avec <strong><a href=\"https:\/\/labeltech.ch\/fr\/produits\/transfert-thermique\/\">avec l&#8217;imprimante appropri\u00e9e<\/a><\/strong> l&#8217;encre du film \u00e0 transfert thermique est fondue sur les \u00e9tiquettes.<\/p>\n<p>Sur une face du film de transfert thermique, qui est en polyester, il y a des particules d&#8217;encre et sur l&#8217;autre face une couche de silicone. Dans le jargon, on parle de back coating. Celle-ci emp\u00eache la couche d&#8217;encre de chauffer excessivement lors de l&#8217;impression et \u00e9vite la formation de d\u00e9p\u00f4ts ind\u00e9sirables. Cette couche prot\u00e8ge la t\u00eate d&#8217;impression et \u00e9vite l&#8217;accumulation d&#8217;\u00e9lectricit\u00e9 statique.   <\/p>\n<h3>L&#8217;embarras du choix<\/h3>\n<p>L&#8217;offre de films de transfert thermique est tr\u00e8s vaste. Ils existent en diff\u00e9rentes qualit\u00e9s, en diff\u00e9rentes longueurs et largeurs et en une infinit\u00e9 de couleurs, y compris des couleurs dor\u00e9es et argent\u00e9es. De m\u00eame que l&#8217;on ne peut pas utiliser n&#8217;importe quel film \u00e0 transfert thermique pour n&#8217;importe quelle imprimante thermique, il en va de m\u00eame pour les films et les \u00e9tiquettes \u00e0 imprimer. Diff\u00e9rents films \u00e0 transfert thermique sont n\u00e9cessaires pour le papier lisse ou le papier rugueux, pour les \u00e9tiquettes en film ou en plastique. Le mat\u00e9riau de l&#8217;\u00e9tiquette joue un r\u00f4le d\u00e9cisif dans le choix du film transfert thermique.    <\/p>\n<h2><strong>Quelle est la diff\u00e9rence entre une imprimante thermique directe et une imprimante thermique<\/strong><\/h2>\n<p>Dans le cas de l&#8217;impression thermique directe, la t\u00eate d&#8217;impression passe directement sur un papier sensible \u00e0 la chaleur qui se d\u00e9colore lorsqu&#8217;il est chauff\u00e9. Toutes les parties qui ont \u00e9t\u00e9 chauff\u00e9es deviennent noires. (Exemple : appareil Tele Cash)  <\/p>\n<h2><strong>Imprimante thermique avec t\u00eate d&#8217;impression \u00e0 plat<\/strong><\/h2>\n<p style=\"margin-bottom: 12.0pt;line-height: normal;background: white\">La forme typique des t\u00eates d&#8217;impression thermiques est la forme dite &#8220;\u00e0 t\u00eate plate&#8221;. Les \u00e9l\u00e9ments chauffants et le dissipateur thermique sont pos\u00e9s \u00e0 plat sur le film thermique. Le ruban et le papier sont parall\u00e8les sur 3 \u00e0 5 mm et ne se s\u00e9parent que lentement. Cela garantit une bonne image d&#8217;impression. Cette m\u00e9thode limite la vitesse d&#8217;impression \u00e0 environ 300 mm\/sec.    <\/p>\n<p><span style=\"font-family: arial, helvetica, sans-serif\"><strong>Imprimante thermique avec t\u00eate d&#8217;impression Near-Edge<\/strong><\/span><\/p>\n<p style=\"margin-bottom: 12.0pt;line-height: normal;background: white\">Avec la t\u00eate d&#8217;impression Near-Edge, les \u00e9l\u00e9ments chauffants sont situ\u00e9s sur le bord de la t\u00eate d&#8217;impression et l&#8217;ensemble de la t\u00eate d&#8217;impression est inclin\u00e9 (environ 20\u00b0-30\u00b0). Le support d&#8217;impression et le ruban sont s\u00e9par\u00e9s beaucoup plus rapidement et ne sont plus parall\u00e8les que d&#8217;environ 1 mm. Cela augmente les besoins en ruban et permet d&#8217;utiliser uniquement des encres \u00e0 durcissement rapide. Ce proc\u00e9d\u00e9 permet d&#8217;atteindre des vitesses d&#8217;impression de 900 mm\/sec.    <\/p>\n<p>Vous trouverez des imprimantes d&#8217;\u00e9tiquettes compatibles avec ce film \u00e0 transfert thermique de qualit\u00e9 bureau ou industrielle dans notre <a href=\"https:\/\/labeltech.ch\/fr\/produits\/systemes-dimpression\/\" title=\"Imprimantes d'\u00e9tiquettes - Toutes les imprimantes compatibles avec le film \u00e0 transfert thermique\">aper\u00e7u des imprimantes d&#8217;\u00e9tiquettes<\/a>.<\/p>\n<p style=\"margin-bottom: 12.0pt;line-height: normal;background: white\">Comme on peut le lire dans le texte &#8220;Imprimante thermique avec t\u00eate d&#8217;impression Near-Edge&#8221;, seuls des films de transfert thermique tr\u00e8s sp\u00e9ciaux, avec des encres \u00e0 s\u00e9chage rapide, sont n\u00e9cessaires pour obtenir un r\u00e9sultat d&#8217;impression convaincant. Les films de transfert thermique Near-Edge sont utilis\u00e9s pour des volumes d&#8217;impression \u00e9lev\u00e9s, se distinguent par une grande densit\u00e9 d&#8217;impression et garantissent une lisibilit\u00e9 optimale gr\u00e2ce \u00e0 une grande nettet\u00e9 des bords. Domaine d&#8217;application : marquage d&#8217;emballages alimentaires  <\/p>\n<h2><strong>La sp\u00e9cification des films \u00e0 transfert thermique<\/strong><\/h2>\n<p style=\"margin-bottom: 12.0pt;line-height: normal;background: white\">Les films de transfert thermique sont disponibles en trois niveaux de qualit\u00e9. Cela n&#8217;a cependant rien \u00e0 voir avec une \u00e9valuation des films, comme le premier, le deuxi\u00e8me et le troisi\u00e8me choix. Comme nous l&#8217;avons d\u00e9j\u00e0 mentionn\u00e9, le type de film d\u00e9pend presque symbiotiquement du mat\u00e9riau \u00e0 imprimer. Pour chaque pi\u00e8ce \u00e0 imprimer, qu&#8217;il s&#8217;agisse de plastique, de papier ou de quoi que ce soit d&#8217;autre, seuls certains films doivent \u00eatre utilis\u00e9s pour obtenir un r\u00e9sultat d&#8217;impression optimal.   <\/p>\n<h3><strong>Les niveaux de qualit\u00e9 sont les suivants :  <\/strong><\/h3>\n<ul>\n<li>Qualit\u00e9 de la cire<\/li>\n<li>Qualit\u00e9 cire-r\u00e9sine<\/li>\n<li>Qualit\u00e9 de la r\u00e9sine<\/li>\n<\/ul>\n<h3><strong>Qualit\u00e9 de la cire<\/strong><\/h3>\n<p style=\"margin-bottom: 12.0pt;line-height: normal;background: white\">Les films \u00e0 transfert thermique de qualit\u00e9 cire sont les moins chers. Ils sont utilis\u00e9s de pr\u00e9f\u00e9rence pour l&#8217;impression d&#8217;\u00e9tiquettes en papier. Comme le nom &#8220;qualit\u00e9 cire&#8221; l&#8217;indique, il n&#8217;est pas n\u00e9cessaire d&#8217;appliquer une chaleur importante pour obtenir une impression satisfaisante. Cela permet \u00e9galement de travailler \u00e0 grande vitesse pour l&#8217;impression d&#8217;\u00e9tiquettes papier.   <\/p>\n<p style=\"margin-bottom: 12.0pt;line-height: normal;background: white\"><strong>Domaines d&#8217;application entre autres :<\/strong><\/p>\n<ul>\n<li>Commerce de d\u00e9tail<\/li>\n<li>Exp\u00e9dition<\/li>\n<li>Logistique<\/li>\n<\/ul>\n<h3><strong>Qualit\u00e9 cire-r\u00e9sine<\/strong><\/h3>\n<p>Les films \u00e0 transfert thermique de qualit\u00e9 cire-r\u00e9sine n&#8217;offrent pas une vitesse d&#8217;impression aussi \u00e9lev\u00e9e. Ces films sont utilis\u00e9s pour l&#8217;impression d&#8217;\u00e9tiquettes en plastique. Ce type de film peut \u00e9galement \u00eatre utilis\u00e9 pour l&#8217;impression sur des surfaces de papier parfaitement lisses. L&#8217;image imprim\u00e9e est tr\u00e8s r\u00e9sistante aux rayures et au maculage.   <\/p>\n<p><strong>Domaine d&#8217;application entre autres :<\/strong><\/p>\n<ul>\n<li>Commerce de d\u00e9tail<\/li>\n<li>\u00c9tiquetage des produits (\u00e9tiquettes de prix)<\/li>\n<li>\u00e9galement \u00e0 l&#8217;ext\u00e9rieur<\/li>\n<\/ul>\n<h3>Qualit\u00e9 de la r\u00e9sine<\/h3>\n<p>Ce type de film est utilis\u00e9 pour l&#8217;impression d&#8217;\u00e9tiquettes en plastique. Une fois termin\u00e9es, les \u00e9tiquettes sont r\u00e9sistantes aux rayures, \u00e0 l&#8217;essuyage et aux solvants (t\u00e9r\u00e9benthine, essence, alcool). <\/p>\n<p><strong>Domaines d&#8217;application entre autres :<\/strong><\/p>\n<ul>\n<li>\u00c9tiquettes de type et de danger<\/li>\n<li>Avertissements<\/li>\n<li>\u00e9galement \u00e0 l&#8217;ext\u00e9rieur<\/li>\n<\/ul>\n<h2>L&#8217;origine du mot film \u00e0 transfert thermique<\/h2>\n<ul>\n<li>thermos est du grec ancien et se traduit par : chaud, chaud<\/li>\n<li>trans est un mot latin qui signifie &#8220;traverser&#8221;.<\/li>\n<li>ferre est un mot latin qui signifie &#8220;porter&#8221;, &#8220;apporter&#8221;.<\/li>\n<li>folium est un mot latin qui signifie &#8220;feuille&#8221; : feuille<\/li>\n<\/ul>\n<p>&nbsp;<\/p>\n","protected":false},"excerpt":{"rendered":"<p>Film pour &#8220;toute imprimante&#8221; et &#8220;tout support&#8221;. Films standard comme  [&#8230;]<\/p>\n","protected":false},"featured_media":1877,"comment_status":"closed","ping_status":"closed","template":"","meta":[],"product_brand":[],"product_cat":[87],"product_tag":[],"class_list":{"0":"post-2920","1":"product","2":"type-product","3":"status-publish","4":"has-post-thumbnail","6":"product_cat-transfert-thermique","8":"first","9":"instock","10":"shipping-taxable","11":"product-type-simple"},"_links":{"self":[{"href":"https:\/\/labeltech.ch\/fr\/wp-json\/wp\/v2\/product\/2920","targetHints":{"allow":["GET"]}}],"collection":[{"href":"https:\/\/labeltech.ch\/fr\/wp-json\/wp\/v2\/product"}],"about":[{"href":"https:\/\/labeltech.ch\/fr\/wp-json\/wp\/v2\/types\/product"}],"replies":[{"embeddable":true,"href":"https:\/\/labeltech.ch\/fr\/wp-json\/wp\/v2\/comments?post=2920"}],"wp:featuredmedia":[{"embeddable":true,"href":"https:\/\/labeltech.ch\/fr\/wp-json\/wp\/v2\/media\/1877"}],"wp:attachment":[{"href":"https:\/\/labeltech.ch\/fr\/wp-json\/wp\/v2\/media?parent=2920"}],"wp:term":[{"taxonomy":"product_brand","embeddable":true,"href":"https:\/\/labeltech.ch\/fr\/wp-json\/wp\/v2\/product_brand?post=2920"},{"taxonomy":"product_cat","embeddable":true,"href":"https:\/\/labeltech.ch\/fr\/wp-json\/wp\/v2\/product_cat?post=2920"},{"taxonomy":"product_tag","embeddable":true,"href":"https:\/\/labeltech.ch\/fr\/wp-json\/wp\/v2\/product_tag?post=2920"}],"curies":[{"name":"wp","href":"https:\/\/api.w.org\/{rel}","templated":true}]}}