{"id":2924,"date":"2019-07-29T16:00:17","date_gmt":"2019-07-29T14:00:17","guid":{"rendered":"https:\/\/labeltech.ch\/produkt\/enrouleur-detiquettes-mc-10\/"},"modified":"2026-04-17T17:07:59","modified_gmt":"2026-04-17T15:07:59","slug":"rewinder-mc-10","status":"publish","type":"product","link":"https:\/\/labeltech.ch\/fr\/produkt\/rewinder-mc-10\/","title":{"rendered":"Enrouleur MC-10"},"content":{"rendered":"<ul>\n<li class=\"odd\">Enrouleur d&#8217;\u00e9tiquettes<\/li>\n<li class=\"even\">Sans ou avec un noyau de 3<\/li>\n<li class=\"odd\">Simplicit\u00e9 d&#8217;utilisation<\/li>\n<li class=\"even\">vitesse jusqu&#8217;\u00e0 500mm\/s<\/li>\n<li class=\"odd\">Capacit\u00e9 d&#8217;\u00e9tiquetage jusqu&#8217;\u00e0 \u00d8-220mm<\/li>\n<li class=\"even\">Largeur d&#8217;\u00e9tiquette jusqu&#8217;\u00e0 125mm<\/li>\n<li class=\"odd\">Rouleau d&#8217;\u00e9tiquettes jusqu&#8217;\u00e0 4kg<\/li>\n<\/ul>\n<p>&nbsp;<\/p>\n<blockquote>\n<p>Cliquez ici pour le mod\u00e8le suivant <a href=\"https:\/\/labeltech.ch\/produkt\/etikettenaufroller-mc-11-apg\/\"><br \/>\n  <strong>Enrouleur d&#8217;\u00e9tiquettes MC-11 APG<\/strong><br \/>\n<\/a><\/p>\n<\/blockquote>\n<p>&nbsp;<\/p>\n<h2><strong>Qu&#8217;est-ce qui rend le r\u00e9enrouleur MC-10 sp\u00e9cial ?<\/strong><\/h2>\n<p>Il existe des syst\u00e8mes d&#8217;impression qui, dans une premi\u00e8re \u00e9tape, cr\u00e9ent des \u00e9tiquettes et, dans une deuxi\u00e8me \u00e9tape, reforment les \u00e9tiquettes d\u00e9crites en rouleau. Mais pour remettre sous forme de rouleau les \u00e9tiquettes \u00e9crites par d&#8217;autres imprimantes, la soci\u00e9t\u00e9 Labeltech a ajout\u00e9 \u00e0 son assortiment des enrouleurs d&#8217;\u00e9tiquettes qui peuvent \u00eatre install\u00e9s s\u00e9par\u00e9ment de l&#8217;imprimante et qui prennent ou enroulent ses \u00e9tiquettes \u00e9crites. L&#8217;enrouleur d&#8217;\u00e9tiquettes Labelmate MC-10, avec support de mandrin non flexible pour mandrin de 76mm pour des \u00e9tiquettes jusqu&#8217;\u00e0 125mm de large \/ mandrin de rouleau:76mm<\/p>\n<h3><strong>Le petit enrouleur d&#8217;une fiabilit\u00e9 maximale<\/strong><\/h3>\n<p>Il s&#8217;agit d&#8217;un enrouleur d&#8217;\u00e9tiquettes simple mais robuste, sans options co\u00fbteuses, \u00e0 un prix d&#8217;entr\u00e9e de gamme C&#8217;est exactement ce que vous obtenez en achetant le MC-10 de la s\u00e9rie \u00e0 succ\u00e8s Labelmate MINI-CAT &#8211; ni plus ni moins L&#8217;enrouleur est \u00e0 la fois tr\u00e8s compact et peu encombrant. La compacit\u00e9 est un \u00e9norme avantage, car les imprimantes \u00e0 \u00e9lectrodes elles-m\u00eames n\u00e9cessitent g\u00e9n\u00e9ralement un espace important.<\/p>\n<p>Pour une compensation automatique de la tension du papier et une plus grande capacit\u00e9 de bobines, nous recommandons le <a href=\"https:\/\/labeltech.ch\/fr\/produkt\/rewinder-mc-11-apg\/\" title=\"Rewinder MC-11 APG - R\u00e9enrouleur avec ajustement automatique du papier\">r\u00e9enrouleur MC-11 APG<\/a> comme mod\u00e8le d&#8217;extension.<\/p>\n<p>En une seule \u00e9tape, les \u00e9tiquettes sont imprim\u00e9es \u00e0 partir du rouleau \u00e0 l&#8217;aide d&#8217;une imprimante d&#8217;\u00e9tiquettes et le mat\u00e9riau d&#8217;\u00e9tiquette fini est enroul\u00e9 sur un rouleau avec un mandrin de 76 mm pour la suite du traitement \u00e0 l&#8217;aide de l&#8217;enrouleur. En outre, l&#8217;enroulement sans mandrin du rouleau d&#8217;\u00e9tiquettes sur le support est possible. Les \u00e9tiquettes d&#8217;une largeur de bande allant jusqu&#8217;\u00e0 125 millim\u00e8tres et d&#8217;un diam\u00e8tre ext\u00e9rieur de rouleau de 220 millim\u00e8tres maximum peuvent \u00eatre trait\u00e9es sans effort.<\/p>\n<p>L&#8217;enrouleur d&#8217;\u00e9tiquettes fonctionne de mani\u00e8re bidirectionnelle. Ainsi, la MC-10 peut enrouler aussi bien des rouleaux d&#8217;\u00e9tiquettes enroul\u00e9s \u00e0 l&#8217;int\u00e9rieur qu&#8217;\u00e0 l&#8217;ext\u00e9rieur. Le MC-10 est con\u00e7u pour une utilisation \u00e0 court terme et n&#8217;est pas adapt\u00e9 \u00e0 une utilisation continue.<\/p>\n<h3><strong>Garantie de 5 ans<\/strong><\/h3>\n<p>La MC-10 de Labelmate est garantie cinq ans et convient \u00e0 diff\u00e9rentes imprimantes d&#8217;\u00e9tiquettes. Le filet inclus dans la livraison est garanti un an. Entre-temps, il existe un mod\u00e8le successeur, si vous avez d&#8217;autres questions sur la <a href=\"https:\/\/labeltech.ch\/produkt\/etikettenaufroller-mc-11-apg\/\"><br \/>\n  <strong>Enrouleur d&#8217;\u00e9tiquettes MC-11 APG<\/strong><br \/>\n<\/a> nous nous tenons \u00e0 votre disposition.<\/p>\n<h3><strong>Options suppl\u00e9mentaires<\/strong><\/h3>\n<ul>\n<li>L&#8217;enrouleur peut \u00eatre \u00e9quip\u00e9 pour r\u00e9pondre \u00e0 des besoins sp\u00e9cifiques<\/li>\n<li>Un guide-papier r\u00e9glable, un jeu de flasques, emp\u00eache la bande d&#8217;\u00e9tiquettes de glisser du mandrin du rouleau<\/li>\n<li>Une p\u00e9dale avec un syst\u00e8me de d\u00e9marrage\/arr\u00eat peut \u00e9galement \u00eatre int\u00e9gr\u00e9e.<\/li>\n<\/ul>\n<h2><strong>Sp\u00e9cification de l&#8217;enrouleur d&#8217;\u00e9tiquettes<\/strong><\/h2>\n<ul>\n<li><strong>Marque : <\/strong>Labelmate<\/li>\n<li><strong>Nom du mod\u00e8le :<\/strong> MC-10<\/li>\n<li><strong>Entra\u00eenement :<\/strong> \u00e9lectrique<\/li>\n<li><strong>Fonction :<\/strong> enrouler<\/li>\n<li><strong>Vitesse :<\/strong> 500mm\/sec<\/li>\n<li><strong>poids :<\/strong> 7,3kg<\/li>\n<li><strong>Enroulement :<\/strong> Bidirectionnel<\/li>\n<li><strong>Sp\u00e9cification des rouleaux d&#8217;\u00e9tiquettes<\/strong><\/li>\n<li><strong>Largeur maximale de l&#8217;\u00e9tiquette : <\/strong>125mm<\/li>\n<li><strong>Noyau du rouleau :<\/strong> 76mm<\/li>\n<li><strong>Diam\u00e8tre maximal des rouleaux :<\/strong> 220mm<\/li>\n<li><strong>Poids maximal du rouleau<\/strong>: 4kg<\/li>\n<\/ul>\n","protected":false},"excerpt":{"rendered":"<p>Enrouleur d&#8217;\u00e9tiquettes Sans ou avec un noyau de 3 Simplicit\u00e9  [&#8230;]<\/p>\n","protected":false},"featured_media":1882,"comment_status":"closed","ping_status":"closed","template":"","meta":[],"product_brand":[],"product_cat":[88],"product_tag":[],"class_list":{"0":"post-2924","1":"product","2":"type-product","3":"status-publish","4":"has-post-thumbnail","6":"product_cat-accessoires","8":"first","9":"instock","10":"shipping-taxable","11":"product-type-simple"},"_links":{"self":[{"href":"https:\/\/labeltech.ch\/fr\/wp-json\/wp\/v2\/product\/2924","targetHints":{"allow":["GET"]}}],"collection":[{"href":"https:\/\/labeltech.ch\/fr\/wp-json\/wp\/v2\/product"}],"about":[{"href":"https:\/\/labeltech.ch\/fr\/wp-json\/wp\/v2\/types\/product"}],"replies":[{"embeddable":true,"href":"https:\/\/labeltech.ch\/fr\/wp-json\/wp\/v2\/comments?post=2924"}],"wp:featuredmedia":[{"embeddable":true,"href":"https:\/\/labeltech.ch\/fr\/wp-json\/wp\/v2\/media\/1882"}],"wp:attachment":[{"href":"https:\/\/labeltech.ch\/fr\/wp-json\/wp\/v2\/media?parent=2924"}],"wp:term":[{"taxonomy":"product_brand","embeddable":true,"href":"https:\/\/labeltech.ch\/fr\/wp-json\/wp\/v2\/product_brand?post=2924"},{"taxonomy":"product_cat","embeddable":true,"href":"https:\/\/labeltech.ch\/fr\/wp-json\/wp\/v2\/product_cat?post=2924"},{"taxonomy":"product_tag","embeddable":true,"href":"https:\/\/labeltech.ch\/fr\/wp-json\/wp\/v2\/product_tag?post=2924"}],"curies":[{"name":"wp","href":"https:\/\/api.w.org\/{rel}","templated":true}]}}