{"id":2932,"date":"2019-07-29T15:53:48","date_gmt":"2019-07-29T13:53:48","guid":{"rendered":"https:\/\/labeltech.ch\/produkt\/distributeur-detiquettes-ld-100-rs\/"},"modified":"2023-04-17T15:47:32","modified_gmt":"2023-04-17T13:47:32","slug":"distributeur-detiquettes-ld-100-rs","status":"publish","type":"product","link":"https:\/\/labeltech.ch\/fr\/produkt\/distributeur-detiquettes-ld-100-rs\/","title":{"rendered":"Distributeur d&#8217;\u00e9tiquettes LD-100-RS"},"content":{"rendered":"<ul class=\"csc-bulletlist csc-bulletlist-0\">\n<li class=\"odd\">Distributeur automatique d&#8217;\u00e9tiquettes<\/li>\n<li class=\"even\">Simplicit\u00e9 d&#8217;utilisation<\/li>\n<li class=\"odd\">Pas pour les \u00e9tiquettes transparentes<\/li>\n<li class=\"even\">vitesse de distribution jusqu&#8217;\u00e0 110mm\/s<\/li>\n<li class=\"odd\">Capacit\u00e9 d&#8217;\u00e9tiquetage jusqu&#8217;\u00e0 \u00d8-220mm<\/li>\n<li class=\"even\">hauteur d&#8217;\u00e9tiquette 6-150mm<\/li>\n<li class=\"odd\">Largeur d&#8217;\u00e9tiquette jusqu&#8217;\u00e0 115mm<\/li>\n<li class=\"even\">Rouleau d&#8217;\u00e9tiquettes jusqu&#8217;\u00e0 6kg<\/li>\n<\/ul>\n","protected":false},"excerpt":{"rendered":"<p>Distributeur automatique d&#8217;\u00e9tiquettes Simplicit\u00e9 d&#8217;utilisation Pas pour les \u00e9tiquettes transparentes  [&#8230;]<\/p>\n","protected":false},"featured_media":1879,"comment_status":"closed","ping_status":"closed","template":"","meta":[],"product_brand":[],"product_cat":[],"product_tag":[],"class_list":{"0":"post-2932","1":"product","2":"type-product","3":"status-publish","4":"has-post-thumbnail","7":"first","8":"instock","9":"shipping-taxable","10":"product-type-simple"},"_links":{"self":[{"href":"https:\/\/labeltech.ch\/fr\/wp-json\/wp\/v2\/product\/2932","targetHints":{"allow":["GET"]}}],"collection":[{"href":"https:\/\/labeltech.ch\/fr\/wp-json\/wp\/v2\/product"}],"about":[{"href":"https:\/\/labeltech.ch\/fr\/wp-json\/wp\/v2\/types\/product"}],"replies":[{"embeddable":true,"href":"https:\/\/labeltech.ch\/fr\/wp-json\/wp\/v2\/comments?post=2932"}],"wp:featuredmedia":[{"embeddable":true,"href":"https:\/\/labeltech.ch\/fr\/wp-json\/wp\/v2\/media\/1879"}],"wp:attachment":[{"href":"https:\/\/labeltech.ch\/fr\/wp-json\/wp\/v2\/media?parent=2932"}],"wp:term":[{"taxonomy":"product_brand","embeddable":true,"href":"https:\/\/labeltech.ch\/fr\/wp-json\/wp\/v2\/product_brand?post=2932"},{"taxonomy":"product_cat","embeddable":true,"href":"https:\/\/labeltech.ch\/fr\/wp-json\/wp\/v2\/product_cat?post=2932"},{"taxonomy":"product_tag","embeddable":true,"href":"https:\/\/labeltech.ch\/fr\/wp-json\/wp\/v2\/product_tag?post=2932"}],"curies":[{"name":"wp","href":"https:\/\/api.w.org\/{rel}","templated":true}]}}