{"id":2952,"date":"2019-07-29T15:53:01","date_gmt":"2019-07-29T13:53:01","guid":{"rendered":"https:\/\/labeltech.ch\/produkt\/primera-ap360e-und-ap362e\/"},"modified":"2026-04-17T17:07:50","modified_gmt":"2026-04-17T15:07:50","slug":"lapplicateur-detiquettes-dtm-ap380e","status":"publish","type":"product","link":"https:\/\/labeltech.ch\/fr\/produkt\/lapplicateur-detiquettes-dtm-ap380e\/","title":{"rendered":"DTM AP380e \u00c9tiqueteuse"},"content":{"rendered":"<p>L&#8217;\u00e9tiqueteuse AP380e est notre machine d&#8217;\u00e9tiquetage la plus avanc\u00e9e pour l&#8217;\u00e9tiquetage semi-automatique de pr\u00e9cision de r\u00e9cipients cylindriques et de nombreux r\u00e9cipients coniques, y compris les bouteilles, les bo\u00eetes, les bocaux et les tubes.<\/p>\n<p>Ce mod\u00e8le est dot\u00e9 d&#8217;un enrouleur int\u00e9gr\u00e9 pour le support, d&#8217;un bouton de d\u00e9clenchement pour une utilisation manuelle plus facile et d&#8217;une vitesse accrue pour une application pr\u00e9cise et efficace des \u00e9tiquettes.<\/p>\n<div class=\"promo_container\">\n<div class=\"promo2\">\n<p>La meilleure fa\u00e7on d&#8217;utiliser une \u00e9tiqueteuse d\u00e9pend de l&#8217;environnement de travail et de la m\u00e9thode de travail pr\u00e9f\u00e9r\u00e9e. Cela varie d&#8217;une application \u00e0 l&#8217;autre. Parfois, il est plus pratique de d\u00e9marrer l&#8217;\u00e9tiquetage \u00e0 la main, parfois il est pr\u00e9f\u00e9rable de le faire au pied. C&#8217;est pourquoi l&#8217;AP380e int\u00e8gre d\u00e9sormais un bouton de d\u00e9marrage sur le dessus de l&#8217;appareil, en plus de la p\u00e9dale de commande qui a d\u00e9j\u00e0 fait ses preuves. L&#8217;AP380e peut ainsi \u00eatre command\u00e9e en appuyant sur un bouton.    <\/p>\n<\/div>\n<p><strong>Comme service suppl\u00e9mentaire, DTM Print propose l&#8217;adaptation des galets de guidage pour des conteneurs sp\u00e9cifiques au client. N&#8217;h\u00e9sitez pas \u00e0 nous contacter pour toute question. <\/strong><\/p>\n<p>En tant que successeur actualis\u00e9, la <a href=\"https:\/\/labeltech.ch\/fr\/?post_type=product&#038;p=11311\" title=\"DTM CLP2200e - Successeur modernis\u00e9 de l'AP380e\">DTM CLP2200e<\/a> offre une qualit\u00e9 d&#8217;impression am\u00e9lior\u00e9e et un guidage des supports modernis\u00e9 pour un \u00e9tiquetage couleur professionnel.<\/p>\n<h2>Caract\u00e9ristiques :<\/h2>\n<ul>\n<li>Configuration rapide et utilisation facile<\/li>\n<li>Enrouleur int\u00e9gr\u00e9 pour le support<\/li>\n<li>Commande par bouton ou par p\u00e9dale<\/li>\n<li>30% plus rapide que les mod\u00e8les pr\u00e9c\u00e9dents &#8211; pose jusqu&#8217;\u00e0 1500 \u00e9tiquettes par heure<\/li>\n<li>Application pr\u00e9cise des \u00e9tiquettes au recto et au verso avec un espacement variable<\/li>\n<li>5 positions de rouleaux de bacs offrent une position id\u00e9ale pour chaque bac<\/li>\n<\/ul>\n<\/div>\n<h2>La configuration et l&#8217;utilisation sont rapides et faciles :<\/h2>\n<ol>\n<li>R\u00e9glage des guides<\/li>\n<li>Placez votre r\u00e9cipient dans la machine<\/li>\n<li>Appuyez sur la p\u00e9dale de commande ou sur le bouton de d\u00e9clenchement et votre \u00e9tiquette sera appliqu\u00e9e.<\/li>\n<li>Ins\u00e9rez le support dans l&#8217;enrouleur.<\/li>\n<\/ol>\n<h2>Application rapide et pr\u00e9cise d&#8217;\u00e9tiquettes sur tous les types de r\u00e9cipients ronds<\/h2>\n<p>Le bras d&#8217;impression \u00e0 ressort int\u00e9gr\u00e9 garantit que les \u00e9tiquettes sont appliqu\u00e9es fermement et sans plis. Avec une \u00e9tiqueteuse de la s\u00e9rie AP, vous pouvez appliquer des \u00e9tiquettes plus rapidement et plus pr\u00e9cis\u00e9ment, acc\u00e9l\u00e9rer votre production et, au final, vendre plus de produits. La s\u00e9rie AP comprend trois mod\u00e8les. L&#8217;AP360e est le mod\u00e8le de base qui permet d&#8217;appliquer rapidement et efficacement des \u00e9tiquettes individuelles en une seule fois. L&#8217;AP380e est notre mod\u00e8le le plus avanc\u00e9. Il applique une ou deux \u00e9tiquettes diff\u00e9rentes sur un seul r\u00e9cipient et dispose d&#8217;un compteur int\u00e9gr\u00e9 avec indicateur LED ainsi que d&#8217;un enrouleur int\u00e9gr\u00e9 pour le support. Il est \u00e9galement beaucoup plus rapide que les mod\u00e8les pr\u00e9c\u00e9dents, ce qui garantit une application rapide et efficace des \u00e9tiquettes. Ces deux mod\u00e8les sont destin\u00e9s aux conteneurs ronds. La s\u00e9rie comprend \u00e9galement l&#8217;AP550e, qui est destin\u00e9e aux surfaces plates.        <\/p>\n","protected":false},"excerpt":{"rendered":"<p>L&#8217;\u00e9tiqueteuse AP380e est notre machine d&#8217;\u00e9tiquetage la plus avanc\u00e9e pour  [&#8230;]<\/p>\n","protected":false},"featured_media":10707,"comment_status":"closed","ping_status":"closed","template":"","meta":[],"product_brand":[],"product_cat":[88],"product_tag":[],"class_list":{"0":"post-2952","1":"product","2":"type-product","3":"status-publish","4":"has-post-thumbnail","6":"product_cat-accessoires","8":"first","9":"instock","10":"shipping-taxable","11":"product-type-external"},"_links":{"self":[{"href":"https:\/\/labeltech.ch\/fr\/wp-json\/wp\/v2\/product\/2952","targetHints":{"allow":["GET"]}}],"collection":[{"href":"https:\/\/labeltech.ch\/fr\/wp-json\/wp\/v2\/product"}],"about":[{"href":"https:\/\/labeltech.ch\/fr\/wp-json\/wp\/v2\/types\/product"}],"replies":[{"embeddable":true,"href":"https:\/\/labeltech.ch\/fr\/wp-json\/wp\/v2\/comments?post=2952"}],"wp:featuredmedia":[{"embeddable":true,"href":"https:\/\/labeltech.ch\/fr\/wp-json\/wp\/v2\/media\/10707"}],"wp:attachment":[{"href":"https:\/\/labeltech.ch\/fr\/wp-json\/wp\/v2\/media?parent=2952"}],"wp:term":[{"taxonomy":"product_brand","embeddable":true,"href":"https:\/\/labeltech.ch\/fr\/wp-json\/wp\/v2\/product_brand?post=2952"},{"taxonomy":"product_cat","embeddable":true,"href":"https:\/\/labeltech.ch\/fr\/wp-json\/wp\/v2\/product_cat?post=2952"},{"taxonomy":"product_tag","embeddable":true,"href":"https:\/\/labeltech.ch\/fr\/wp-json\/wp\/v2\/product_tag?post=2952"}],"curies":[{"name":"wp","href":"https:\/\/api.w.org\/{rel}","templated":true}]}}