{"id":2956,"date":"2019-07-29T16:04:58","date_gmt":"2019-07-29T14:04:58","guid":{"rendered":"https:\/\/labeltech.ch\/produkt\/towa-ap-100\/"},"modified":"2026-04-17T17:01:31","modified_gmt":"2026-04-17T15:01:31","slug":"towa-ap-100","status":"publish","type":"product","link":"https:\/\/labeltech.ch\/fr\/produkt\/towa-ap-100\/","title":{"rendered":"Towa AP-100"},"content":{"rendered":"<h1>Distributeur d&#8217;\u00e9tiquettes Towa AP-100 &#8211; pour un \u00e9tiquetage pr\u00e9cis et efficace en milieu professionnel<\/h1>\n<p>Le distributeur d&#8217;\u00e9tiquettes Towa AP-100 est la solution id\u00e9ale pour les entreprises qui souhaitent imprimer des \u00e9tiquettes rectangulaires en rouleau de mani\u00e8re rapide, pr\u00e9cise et confortable. Gr\u00e2ce \u00e0 sa facilit\u00e9 d&#8217;utilisation et \u00e0 sa construction robuste, il est parfaitement adapt\u00e9 \u00e0 une utilisation quotidienne dans l&#8217;industrie, le commerce ou la production. <\/p>\n<h2>Rapide, efficace et flexible &#8211; l&#8217;\u00e9tiquetage en toute simplicit\u00e9<\/h2>\n<p>Le distributeur d&#8217;\u00e9tiquettes Towa AP-100 convainc par sa capacit\u00e9 \u00e0 alimenter automatiquement les \u00e9tiquettes \u00e0 la bonne longueur. Il est ainsi possible de traiter facilement des autocollants ou des codes-barres d&#8217;une hauteur d&#8217;\u00e9tiquette de 20 \u00e0 60 mm et d&#8217;une largeur de 50 \u00e0 100 mm. L&#8217;appareil se montre \u00e9galement flexible en ce qui concerne le diam\u00e8tre du rouleau d&#8217;\u00e9tiquettes &#8211; jusqu&#8217;\u00e0 10 cm sont possibles sans probl\u00e8meTOWA_Distributeur d&#8217;\u00e9tiquettes.<\/p>\n<p>Le distributeur d&#8217;\u00e9tiquettes est donc id\u00e9al pour les applications qui exigent rapidit\u00e9 et pr\u00e9cision. Les \u00e9tiquettes sont d\u00e9coll\u00e9es avec pr\u00e9cision et peuvent \u00eatre appliqu\u00e9es directement sur le produit, sans perte inutile de mat\u00e9riau ni r\u00e9ajustement manuel. <\/p>\n<h2>Le distributeur d&#8217;\u00e9tiquettes towa ap-100 permet de travailler confortablement dans tous les secteurs d&#8217;activit\u00e9<\/h2>\n<p>La Towa AP-100 facilite consid\u00e9rablement le travail quotidien. Gr\u00e2ce \u00e0 sa forme compacte, elle est l\u00e9g\u00e8re, fiable et rapidement op\u00e9rationnelle, m\u00eame lorsque les formats d&#8217;\u00e9tiquettes ou les tailles de produits changent. Elle est donc particuli\u00e8rement adapt\u00e9e \u00e0 l&#8217;industrie, \u00e0 l&#8217;exp\u00e9dition ou \u00e0 l&#8217;\u00e9tiquetage manuel dans le commerce de d\u00e9tail.  <\/p>\n<p>Pour les processus d&#8217;\u00e9tiquetage automatis\u00e9s, Labeltech propose une large gamme de <a href=\"https:\/\/labeltech.ch\/fr\/produits\/systemes-de-distribution\/\" title=\"Syst\u00e8mes de distribution - Solutions automatis\u00e9es pour l'\u00e9tiquetage\">syst\u00e8mes de distribution<\/a> comme prochaine \u00e9tape de l&#8217;automatisation de l&#8217;\u00e9tiquetage.<\/p>\n<p>Autre avantage : le distributeur d&#8217;\u00e9tiquettes s&#8217;ajuste automatiquement \u00e0 la longueur de l&#8217;\u00e9tiquette d\u00e9coup\u00e9e. Vous faites l&#8217;\u00e9conomie de r\u00e9glages complexes et r\u00e9duisez le temps de formation de votre \u00e9quipe &#8211; ce qui signifie plus d&#8217;efficacit\u00e9 au quotidien. <\/p>\n<h2>Aper\u00e7u des caract\u00e9ristiques techniques du distributeur d&#8217;\u00e9tiquettes towa<\/h2>\n<p>Hauteur d&#8217;\u00e9tiquette : 20-60 mm<br \/>Largeur d&#8217;\u00e9tiquette : 50-100 mm<br \/>Max. Diam\u00e8tre du rouleau : 10 cm<br \/>Convient pour : \u00e9tiquettes rectangulaires sur rouleau<br \/>Id\u00e9al pour : autocollants, \u00e9tiquettes de prix, codes \u00e0 barres, identification de produits <\/p>\n<p>Achetez la Towa AP-100 maintenant chez Labeltech &#8211; votre partenaire de confiance pour les distributeurs d&#8217;\u00e9tiquettes, les imprimantes d&#8217;\u00e9tiquettes et les \u00e9quipements \u00e0 bas prix pour les applications professionnelles. Ou si vous cherchez d&#8217;autres syst\u00e8mes, comme des imprimantes, etc., vous trouverez certainement ce qu&#8217;il vous faut \u00e0 un prix raisonnable dans notre boutique ! <\/p>\n<ul>\n<li>Distributeur d&#8217;\u00e9tiquettes manuel professionnel avec capteur qui d\u00e9tecte automatiquement la longueur des \u00e9tiquettes<\/li>\n<li>Il suffit d&#8217;ins\u00e9rer le rouleau d&#8217;\u00e9tiquettes et c&#8217;est parti !<\/li>\n<li>Vous n&#8217;avez probablement jamais \u00e9tiquet\u00e9 de mani\u00e8re aussi rapide, simple et pr\u00e9cise !<\/li>\n<li>Pour des largeurs d&#8217;\u00e9tiquettes de 55 \u00e0 100 mm<\/li>\n<li>Hauteur des \u00e9tiquettes 20 &#8211; 60mm,<\/li>\n<li>Diam\u00e8tre du noyau min. 20mm, y compris adaptateur pour noyaux \u00e0 partir de \u00d8 40mm  <\/li>\n<li>Diam\u00e8tre des rouleaux max. 100mm <\/li>\n<\/ul>\n","protected":false},"excerpt":{"rendered":"<p>Distributeur d&#8217;\u00e9tiquettes Towa AP-100 &#8211; pour un \u00e9tiquetage pr\u00e9cis et  [&#8230;]<\/p>\n","protected":false},"featured_media":1886,"comment_status":"closed","ping_status":"closed","template":"","meta":[],"product_brand":[],"product_cat":[88],"product_tag":[],"class_list":{"0":"post-2956","1":"product","2":"type-product","3":"status-publish","4":"has-post-thumbnail","6":"product_cat-accessoires","8":"first","9":"instock","10":"shipping-taxable","11":"product-type-external"},"_links":{"self":[{"href":"https:\/\/labeltech.ch\/fr\/wp-json\/wp\/v2\/product\/2956","targetHints":{"allow":["GET"]}}],"collection":[{"href":"https:\/\/labeltech.ch\/fr\/wp-json\/wp\/v2\/product"}],"about":[{"href":"https:\/\/labeltech.ch\/fr\/wp-json\/wp\/v2\/types\/product"}],"replies":[{"embeddable":true,"href":"https:\/\/labeltech.ch\/fr\/wp-json\/wp\/v2\/comments?post=2956"}],"wp:featuredmedia":[{"embeddable":true,"href":"https:\/\/labeltech.ch\/fr\/wp-json\/wp\/v2\/media\/1886"}],"wp:attachment":[{"href":"https:\/\/labeltech.ch\/fr\/wp-json\/wp\/v2\/media?parent=2956"}],"wp:term":[{"taxonomy":"product_brand","embeddable":true,"href":"https:\/\/labeltech.ch\/fr\/wp-json\/wp\/v2\/product_brand?post=2956"},{"taxonomy":"product_cat","embeddable":true,"href":"https:\/\/labeltech.ch\/fr\/wp-json\/wp\/v2\/product_cat?post=2956"},{"taxonomy":"product_tag","embeddable":true,"href":"https:\/\/labeltech.ch\/fr\/wp-json\/wp\/v2\/product_tag?post=2956"}],"curies":[{"name":"wp","href":"https:\/\/api.w.org\/{rel}","templated":true}]}}