{"id":2959,"date":"2019-07-29T16:03:04","date_gmt":"2019-07-29T14:03:04","guid":{"rendered":"https:\/\/labeltech.ch\/produkt\/towa-ap-30\/"},"modified":"2026-04-17T17:01:18","modified_gmt":"2026-04-17T15:01:18","slug":"towa-ap-30","status":"publish","type":"product","link":"https:\/\/labeltech.ch\/fr\/produkt\/towa-ap-30\/","title":{"rendered":"Towa AP-30"},"content":{"rendered":"<h1>Towa AP-30 &#8211; distributeur d&#8217;\u00e9tiquettes manuel compact pour un travail pr\u00e9cis<\/h1>\n<p>Le Towa AP-30 est un distributeur d&#8217;\u00e9tiquettes manuel robuste, sp\u00e9cialement con\u00e7u pour les \u00e9tiquettes rectangulaires en rouleau d&#8217;une largeur d&#8217;\u00e9tiquette de 20-30 mm et d&#8217;une hauteur de 20-60 mm. Avec un diam\u00e8tre de rouleau maximal de 10 cm, ce mod\u00e8le est parfaitement adapt\u00e9 \u00e0 une utilisation en production, commerce, entrep\u00f4t ou exp\u00e9ditionTOWA_Distributeur d&#8217;\u00e9tiquettes (&#8230;. <\/p>\n<h2>Le Towa AP-30 est flexible, fiable et simple d&#8217;utilisation<\/h2>\n<p>Le distributeur d&#8217;\u00e9tiquettes Towa APN 30 fonctionne m\u00e9caniquement, sans \u00e9lectricit\u00e9 ni piles, ce qui le rend particuli\u00e8rement fiable et durable. Gr\u00e2ce \u00e0 sa simplicit\u00e9 d&#8217;utilisation, il permet un \u00e9tiquetage rapide et propre &#8211; automatiquement positionn\u00e9 correctement, sans r\u00e9glages compliqu\u00e9s. Vos collaborateurs peuvent se mettre imm\u00e9diatement au travail, sans formation ni connaissances techniques pr\u00e9alables. Cela permet de gagner du temps, de r\u00e9duire les taux d&#8217;erreur et d&#8217;augmenter l&#8217;efficacit\u00e9 du travail quotidien.   <\/p>\n<p>Pour des \u00e9tiquettes plus grandes ou des cadences d&#8217;\u00e9tiquetage plus \u00e9lev\u00e9es, nous recommandons la <a href=\"https:\/\/labeltech.ch\/fr\/produkt\/towa-ap-60\/\" title=\"Towa AP-60 - Applicateur manuel avec un magasin d'\u00e9tiquettes plus grand\">Towa AP-60<\/a> comme extension compatible au sein de la gamme des applicateurs manuels Towa.<\/p>\n<h2>Compact et polyvalent &#8211; id\u00e9al pour les applications B2B<\/h2>\n<p>Qu&#8217;il s&#8217;agisse d&#8217;emballage, d&#8217;identification de produits, d&#8217;\u00e9tiquettes de rayon ou de logistique : le distributeur d&#8217;\u00e9tiquettes Towa AP 30 est adapt\u00e9 \u00e0 de multiples applications. C&#8217;est surtout l\u00e0 o\u00f9 des petits formats d&#8217;\u00e9tiquettes doivent \u00eatre trait\u00e9s r\u00e9guli\u00e8rement que le distributeur montre ses points forts. Il est l\u00e9ger, peu co\u00fbteux, mobile et peut \u00eatre command\u00e9 en ligne directement aupr\u00e8s du fabricant ou dans un magasin sp\u00e9cialis\u00e9. M\u00eame en combinaison avec des produits similaires de la s\u00e9rie APN, il est possible de diff\u00e9rencier de mani\u00e8re flexible la largeur d&#8217;\u00e9tiquette maximale et de choisir le distributeur d&#8217;\u00e9tiquettes manuel adapt\u00e9 \u00e0 chaque utilisation.   <\/p>\n<p>Achetez la Towa AP-30 maintenant chez Labeltech &#8211; votre partenaire pour les syst\u00e8mes d&#8217;\u00e9tiquetage manuels, les solutions d&#8217;\u00e9tiquetage et les distributeurs d&#8217;\u00e9tiquettes manuels fiables pour chaque industrie. Nous vous <a href=\"https:\/\/labeltech.ch\/fr\/contact\/\">conseillons<\/a> volontiers sur l&#8217;application individuelle ou vous fournissons directement des mod\u00e8les comparables ! <\/p>\n<ul class=\"csc-bulletlist csc-bulletlist-0\">\n<li class=\"odd\">Distributeur d&#8217;\u00e9tiquettes manuel professionnel avec capteur qui d\u00e9tecte automatiquement la longueur des \u00e9tiquettes<\/li>\n<li class=\"even\">Il suffit d&#8217;ins\u00e9rer le rouleau d&#8217;\u00e9tiquettes et c&#8217;est parti !<\/li>\n<li class=\"odd\">Vous n&#8217;avez probablement jamais \u00e9tiquet\u00e9 de mani\u00e8re aussi rapide, simple et pr\u00e9cise !<\/li>\n<li class=\"even\">Pour des largeurs d&#8217;\u00e9tiquettes de 20 \u00e0 30 mm<\/li>\n<li class=\"odd\">Hauteur des \u00e9tiquettes 20 &#8211; 60mm,<\/li>\n<li class=\"even\">Diam\u00e8tre du noyau min. 20mm, y compris adaptateur pour noyaux \u00e0 partir de \u00d8 40mm  <\/li>\n<li class=\"odd\">Diam\u00e8tre des rouleaux max. 100mm <\/li>\n<\/ul>\n","protected":false},"excerpt":{"rendered":"<p>Towa AP-30 &#8211; distributeur d&#8217;\u00e9tiquettes manuel compact pour un travail  [&#8230;]<\/p>\n","protected":false},"featured_media":1884,"comment_status":"closed","ping_status":"closed","template":"","meta":[],"product_brand":[],"product_cat":[88],"product_tag":[],"class_list":{"0":"post-2959","1":"product","2":"type-product","3":"status-publish","4":"has-post-thumbnail","6":"product_cat-accessoires","8":"first","9":"instock","10":"shipping-taxable","11":"product-type-external"},"_links":{"self":[{"href":"https:\/\/labeltech.ch\/fr\/wp-json\/wp\/v2\/product\/2959","targetHints":{"allow":["GET"]}}],"collection":[{"href":"https:\/\/labeltech.ch\/fr\/wp-json\/wp\/v2\/product"}],"about":[{"href":"https:\/\/labeltech.ch\/fr\/wp-json\/wp\/v2\/types\/product"}],"replies":[{"embeddable":true,"href":"https:\/\/labeltech.ch\/fr\/wp-json\/wp\/v2\/comments?post=2959"}],"wp:featuredmedia":[{"embeddable":true,"href":"https:\/\/labeltech.ch\/fr\/wp-json\/wp\/v2\/media\/1884"}],"wp:attachment":[{"href":"https:\/\/labeltech.ch\/fr\/wp-json\/wp\/v2\/media?parent=2959"}],"wp:term":[{"taxonomy":"product_brand","embeddable":true,"href":"https:\/\/labeltech.ch\/fr\/wp-json\/wp\/v2\/product_brand?post=2959"},{"taxonomy":"product_cat","embeddable":true,"href":"https:\/\/labeltech.ch\/fr\/wp-json\/wp\/v2\/product_cat?post=2959"},{"taxonomy":"product_tag","embeddable":true,"href":"https:\/\/labeltech.ch\/fr\/wp-json\/wp\/v2\/product_tag?post=2959"}],"curies":[{"name":"wp","href":"https:\/\/api.w.org\/{rel}","templated":true}]}}