{"id":2962,"date":"2019-07-29T16:03:48","date_gmt":"2019-07-29T14:03:48","guid":{"rendered":"https:\/\/labeltech.ch\/produkt\/towa-ap-60\/"},"modified":"2026-04-17T17:01:28","modified_gmt":"2026-04-17T15:01:28","slug":"towa-ap-60","status":"publish","type":"product","link":"https:\/\/labeltech.ch\/fr\/produkt\/towa-ap-60\/","title":{"rendered":"Towa AP-60"},"content":{"rendered":"<h1>Towa AP-60 &#8211; Distributeur d&#8217;\u00e9tiquettes pour applications professionnelles jusqu&#8217;\u00e0 60 mm de large<\/h1>\n<p>Le Towa APN-60 est un distributeur d&#8217;\u00e9tiquettes manuel qui applique rapidement et facilement des \u00e9tiquettes rectangulaires sur les produits. Avec une hauteur d&#8217;\u00e9tiquette de 20 \u00e0 60 mm et une largeur d&#8217;\u00e9tiquette allant jusqu&#8217;\u00e0 60 mm, ce mod\u00e8le est parfaitement adapt\u00e9 \u00e0 une utilisation quotidienne dans le commerce de d\u00e9tail, l&#8217;entrep\u00f4t, l&#8217;exp\u00e9dition ou directement dans le magasin. Le diam\u00e8tre maximal du rouleau est de 10 cm, ce qui en fait l&#8217;appareil id\u00e9al pour les \u00e9tiquettes en rouleau courantesTOWA_Distributeur d&#8217;\u00e9tiquettes (&#8230;.  <\/p>\n<h2>\u00c9tiquetage facile sans \u00e9lectricit\u00e9 &#8211; rapide, pr\u00e9cis, robuste avec la Towa AP-60<\/h2>\n<p>Le distributeur d&#8217;\u00e9tiquettes Towa AP-60 fonctionne m\u00e9caniquement, sans \u00e9lectricit\u00e9 ni batterie, et convainc par son utilisation pr\u00e9cise, son faible taux d&#8217;erreur et sa grande qualit\u00e9 de fabrication. Vos collaborateurs peuvent facilement coller des \u00e9tiquettes &#8211; automatiquement positionn\u00e9es correctement, ind\u00e9pendamment de l&#8217;imprimante d&#8217;\u00e9tiquettes utilis\u00e9e. L&#8217;utilisation intuitive r\u00e9duit les besoins de formation, fait gagner du temps et augmente l&#8217;efficacit\u00e9 de l&#8217;application.  <\/p>\n<p>Mod\u00e8le haute performance de la gamme de clips manuels Towa, le <a href=\"https:\/\/labeltech.ch\/fr\/produkt\/towa-ap-100\/\" title=\"Towa AP-100 - Applicateur manuel haute performance de la gamme Towa\">Towa AP-100<\/a> offre un magasin d&#8217;\u00e9tiquettes plus grand et une cadence plus \u00e9lev\u00e9e.<\/p>\n<h2>Id\u00e9al pour les entreprises dont les besoins en \u00e9tiquettes varient<\/h2>\n<p>Que ce soit dans le domaine de la vente, de l&#8217;exp\u00e9dition ou de l&#8217;entreposage, le d\u00e9rouleur d&#8217;\u00e9tiquettes de Towa offre une solution pratique aux entreprises qui souhaitent traiter manuellement et de mani\u00e8re fiable des \u00e9tiquettes d&#8217;une largeur maximale de 60 mm. Sa construction robuste, son faible poids et son utilisation sans entretien en font un compagnon id\u00e9al pour les t\u00e2ches quotidiennes. M\u00eame pour les petites s\u00e9ries d&#8217;\u00e9tiquettes ou les produits qui changent fr\u00e9quemment, les \u00e9quipes b\u00e9n\u00e9ficient de la flexibilit\u00e9 et de la vitesse de l&#8217;APN-60 de Towa.  <\/p>\n<p>Achetez la Towa APN-60 maintenant chez Labeltech &#8211; votre partenaire exp\u00e9riment\u00e9 pour les distributeurs d&#8217;\u00e9tiquettes, les imprimantes d&#8217;\u00e9tiquettes et les solutions manuelles pour l&#8217;\u00e9tiquetage. Notre <a href=\"https:\/\/labeltech.ch\/fr\/contact\/\">\u00e9quipe d&#8217;assistance<\/a> se fera un plaisir de vous conseiller personnellement &#8211; et le produit ad\u00e9quat est g\u00e9n\u00e9ralement disponible rapidement ! <\/p>\n<ul>\n<li class=\"odd\">Distributeur d&#8217;\u00e9tiquettes manuel professionnel avec capteur qui d\u00e9tecte automatiquement la longueur des \u00e9tiquettes<\/li>\n<li class=\"even\">Il suffit d&#8217;ins\u00e9rer le rouleau d&#8217;\u00e9tiquettes et c&#8217;est parti !<\/li>\n<li class=\"odd\">Vous n&#8217;avez probablement jamais \u00e9tiquet\u00e9 de mani\u00e8re aussi rapide, simple et pr\u00e9cise !<\/li>\n<li class=\"even\">Pour des largeurs d&#8217;\u00e9tiquettes de 25 \u00e0 60 mm<\/li>\n<li class=\"odd\">Hauteur des \u00e9tiquettes 20 &#8211; 60mm,<\/li>\n<li class=\"even\">Diam\u00e8tre du noyau min. 20mm, y compris adaptateur pour noyaux \u00e0 partir de \u00d8 40mm  <\/li>\n<li class=\"odd\">Diam\u00e8tre des rouleaux max. 100mm <\/li>\n<\/ul>\n<p>&nbsp;<\/p>\n","protected":false},"excerpt":{"rendered":"<p>Towa AP-60 &#8211; Distributeur d&#8217;\u00e9tiquettes pour applications professionnelles jusqu&#8217;\u00e0 60  [&#8230;]<\/p>\n","protected":false},"featured_media":1885,"comment_status":"closed","ping_status":"closed","template":"","meta":[],"product_brand":[],"product_cat":[88],"product_tag":[],"class_list":{"0":"post-2962","1":"product","2":"type-product","3":"status-publish","4":"has-post-thumbnail","6":"product_cat-accessoires","8":"first","9":"instock","10":"shipping-taxable","11":"product-type-external"},"_links":{"self":[{"href":"https:\/\/labeltech.ch\/fr\/wp-json\/wp\/v2\/product\/2962","targetHints":{"allow":["GET"]}}],"collection":[{"href":"https:\/\/labeltech.ch\/fr\/wp-json\/wp\/v2\/product"}],"about":[{"href":"https:\/\/labeltech.ch\/fr\/wp-json\/wp\/v2\/types\/product"}],"replies":[{"embeddable":true,"href":"https:\/\/labeltech.ch\/fr\/wp-json\/wp\/v2\/comments?post=2962"}],"wp:featuredmedia":[{"embeddable":true,"href":"https:\/\/labeltech.ch\/fr\/wp-json\/wp\/v2\/media\/1885"}],"wp:attachment":[{"href":"https:\/\/labeltech.ch\/fr\/wp-json\/wp\/v2\/media?parent=2962"}],"wp:term":[{"taxonomy":"product_brand","embeddable":true,"href":"https:\/\/labeltech.ch\/fr\/wp-json\/wp\/v2\/product_brand?post=2962"},{"taxonomy":"product_cat","embeddable":true,"href":"https:\/\/labeltech.ch\/fr\/wp-json\/wp\/v2\/product_cat?post=2962"},{"taxonomy":"product_tag","embeddable":true,"href":"https:\/\/labeltech.ch\/fr\/wp-json\/wp\/v2\/product_tag?post=2962"}],"curies":[{"name":"wp","href":"https:\/\/api.w.org\/{rel}","templated":true}]}}