{"id":2965,"date":"2019-11-18T10:04:44","date_gmt":"2019-11-18T09:04:44","guid":{"rendered":"https:\/\/labeltech.ch\/?post_type=product&#038;p=2965"},"modified":"2024-10-10T04:19:23","modified_gmt":"2024-10-10T02:19:23","slug":"novexx-xpu","status":"publish","type":"product","link":"https:\/\/labeltech.ch\/fr\/produkt\/novexx-xpu\/","title":{"rendered":"Novexx XPU"},"content":{"rendered":"<p>Solution d&#8217;\u00e9tiquetage pour les palettes.<\/p>\n<p><strong>Identification facile &#8211; distribution s\u00e9curis\u00e9e<\/strong><\/p>\n<p>L&#8217;\u00e9tiqueteuse de palettes XPU offre une fiabilit\u00e9, une efficacit\u00e9 et une facilit\u00e9 d&#8217;utilisation in\u00e9gal\u00e9es pour les applications exigeantes 24 heures sur 24, 7 jours sur 7, et fournit une qualit\u00e9 d&#8217;impression exceptionnelle m\u00eame dans des environnements logistiques difficiles<\/p>\n<ul>\n<li>Applique des \u00e9tiquettes DIN A5 conformes \u00e0 la norme GS1<\/li>\n<li>\u00c9tiquette optionnelle sur 2 c\u00f4t\u00e9s avec un seul arr\u00eat de palette<\/li>\n<li>Identifie jusqu&#8217;\u00e0 180 palettes par heure<\/li>\n<li>Code \u00e0 barres 100% lisible gr\u00e2ce \u00e0 un scanner optionnel<\/li>\n<li>Options : Scanner pour la validation des codes \u00e0 barres, capacit\u00e9 RFID, \u00e9tiquetage sur trois faces<\/li>\n<\/ul>\n<p class=\"m_4348974308288081656MsoNoSpacing\">\n","protected":false},"excerpt":{"rendered":"<p>Solution d&#8217;\u00e9tiquetage pour les palettes. Identification facile &#8211; distribution s\u00e9curis\u00e9e  [&#8230;]<\/p>\n","protected":false},"featured_media":6567,"comment_status":"closed","ping_status":"closed","template":"","meta":[],"product_brand":[],"product_cat":[86],"product_tag":[],"class_list":{"0":"post-2965","1":"product","2":"type-product","3":"status-publish","4":"has-post-thumbnail","6":"product_cat-etiquetage","8":"first","9":"instock","10":"shipping-taxable","11":"product-type-external"},"_links":{"self":[{"href":"https:\/\/labeltech.ch\/fr\/wp-json\/wp\/v2\/product\/2965","targetHints":{"allow":["GET"]}}],"collection":[{"href":"https:\/\/labeltech.ch\/fr\/wp-json\/wp\/v2\/product"}],"about":[{"href":"https:\/\/labeltech.ch\/fr\/wp-json\/wp\/v2\/types\/product"}],"replies":[{"embeddable":true,"href":"https:\/\/labeltech.ch\/fr\/wp-json\/wp\/v2\/comments?post=2965"}],"wp:featuredmedia":[{"embeddable":true,"href":"https:\/\/labeltech.ch\/fr\/wp-json\/wp\/v2\/media\/6567"}],"wp:attachment":[{"href":"https:\/\/labeltech.ch\/fr\/wp-json\/wp\/v2\/media?parent=2965"}],"wp:term":[{"taxonomy":"product_brand","embeddable":true,"href":"https:\/\/labeltech.ch\/fr\/wp-json\/wp\/v2\/product_brand?post=2965"},{"taxonomy":"product_cat","embeddable":true,"href":"https:\/\/labeltech.ch\/fr\/wp-json\/wp\/v2\/product_cat?post=2965"},{"taxonomy":"product_tag","embeddable":true,"href":"https:\/\/labeltech.ch\/fr\/wp-json\/wp\/v2\/product_tag?post=2965"}],"curies":[{"name":"wp","href":"https:\/\/api.w.org\/{rel}","templated":true}]}}