{"id":3010,"date":"2019-07-29T14:20:24","date_gmt":"2019-07-29T12:20:24","guid":{"rendered":"https:\/\/labeltech.ch\/produkt\/toshiba-b-852\/"},"modified":"2026-04-17T16:58:58","modified_gmt":"2026-04-17T14:58:58","slug":"toshiba-b-852","status":"publish","type":"product","link":"https:\/\/labeltech.ch\/fr\/produkt\/toshiba-b-852\/","title":{"rendered":"Toshiba B-852"},"content":{"rendered":"<h1>Toshiba B-852 &#8211; Une imprimante de milieu de gamme efficace pour les exigences les plus \u00e9lev\u00e9es<\/h1>\n<p>La Toshiba B-852 est une imprimante industrielle de milieu de gamme innovante, sp\u00e9cialement con\u00e7ue pour offrir aux entreprises une solution optimale pour l&#8217;impression d&#8217;\u00e9tiquettes grand format. Gr\u00e2ce \u00e0 sa vitesse d&#8217;impression \u00e9lev\u00e9e et \u00e0 ses options d&#8217;interface compl\u00e8tes, la Toshiba B-852 est id\u00e9ale pour une grande vari\u00e9t\u00e9 d&#8217;environnements et d&#8217;applications industrielles. <\/p>\n<h2>Une qualit\u00e9 d&#8217;impression \u00e9lev\u00e9e pour des r\u00e9sultats convaincants<\/h2>\n<p>Avec une r\u00e9solution impressionnante de 300 dpi, la Toshiba B-852 garantit des \u00e9tiquettes d&#8217;une grande nettet\u00e9 et clairement lisibles. La t\u00eate d&#8217;impression de 216 mm de large permet d&#8217;imprimer facilement des \u00e9tiquettes de conformit\u00e9 et des codes \u00e0 barres de grande taille, garantissant ainsi que toutes les exigences de qualit\u00e9 et de lisibilit\u00e9 sont satisfaites. Qu&#8217;il s&#8217;agisse de graphiques complexes, de codes \u00e0 barres ou de texte, la qualit\u00e9 d&#8217;impression \u00e9lev\u00e9e de la Toshiba B-852 garantit des r\u00e9sultats professionnels dans toutes les situations.  <\/p>\n<h2>Des performances rapides et fiables<\/h2>\n<p>La Toshiba B-852 se caract\u00e9rise par une vitesse d&#8217;impression \u00e9lev\u00e9e pouvant atteindre 101,6 mm par seconde. Elle offre ainsi aux entreprises la possibilit\u00e9 de produire de grandes quantit\u00e9s d&#8217;\u00e9tiquettes de mani\u00e8re efficace et fiable. La Toshiba B-852 est une solution fiable et \u00e9conomique, en particulier dans les environnements industriels o\u00f9 une productivit\u00e9 \u00e9lev\u00e9e est requise.  <\/p>\n<h2>Connectivit\u00e9 et flexibilit\u00e9 compl\u00e8tes<\/h2>\n<p>L&#8217;un des principaux avantages de la Toshiba B-852 r\u00e9side dans sa connectivit\u00e9 \u00e9tendue. \u00c9quip\u00e9e en standard d&#8217;un port USB 2.0, d&#8217;un port LAN 10\/100 Base et d&#8217;un port parall\u00e8le, cette imprimante offre une flexibilit\u00e9 maximale. Des ports s\u00e9rie suppl\u00e9mentaires sont disponibles en option, ce qui augmente encore l&#8217;adaptabilit\u00e9 aux diff\u00e9rents besoins. Gr\u00e2ce \u00e0 ses puissantes fonctionnalit\u00e9s r\u00e9seau et \u00e0 la prise en charge des outils r\u00e9seau SNMP, la Toshiba B-852 s&#8217;int\u00e8gre en toute transparence dans les infrastructures informatiques existantes.   <\/p>\n<h2>Une utilisation conviviale et une manipulation confortable<\/h2>\n<p>La Toshiba B-852 est dot\u00e9e d&#8217;un \u00e9cran LCD clair (16 caract\u00e8res), de trois LED et de trois touches de fonction pour une utilisation simple et intuitive. L&#8217;interface conviviale permet aux collaborateurs sans connaissances techniques approfondies d&#8217;utiliser l&#8217;imprimante de mani\u00e8re efficace. De plus, des fonctionnalit\u00e9s pratiques telles que la grande m\u00e9moire interne et des outils de contr\u00f4le pratiques facilitent consid\u00e9rablement l&#8217;utilisation quotidienne.  <\/p>\n<h2>Robustesse et fiabilit\u00e9 en milieu industriel<\/h2>\n<p>Con\u00e7u pour les environnements industriels les plus exigeants, le Toshiba B-852 r\u00e9siste \u00e0 des charges \u00e9lev\u00e9es. Son bo\u00eetier robuste de 385 x 181 x 243 mm (429 x 427 x 265 mm avec le support) et son poids de 15,6 kg en font un partenaire fiable pour les environnements de production difficiles. Gr\u00e2ce \u00e0 sa fabrication robuste, le Toshiba B-852 garantit des performances stables \u00e0 long terme et une maintenance minimale.  <\/p>\n<p>Successeur direct de la B-852, la <a href=\"https:\/\/labeltech.ch\/fr\/produkt\/toshiba-ba410t\/\" title=\"Toshiba BA410T - Successeur actuel du Toshiba B-852\">Toshiba BA410T<\/a> offre une connectivit\u00e9 modernis\u00e9e, une vitesse d&#8217;impression plus \u00e9lev\u00e9e et un bo\u00eetier plus compact.<\/p>\n<h2>Compatibilit\u00e9 polyvalente avec les m\u00e9dias<\/h2>\n<p>La compatibilit\u00e9 de la Toshiba B-852 couvre des largeurs de support de 100 \u00e0 242 mm et des \u00e9paisseurs de 0,13 \u00e0 0,18 mm. L&#8217;imprimante prend en charge \u00e0 la fois les supports en rouleau et les supports en paravent, ce qui \u00e9largit encore les possibilit\u00e9s d&#8217;application. Sa grande capacit\u00e9 de support, avec un diam\u00e8tre de rouleau maximal de 230 mm, minimise les interruptions de production. <\/p>\n<h2>Prise en charge \u00e9tendue des codes \u00e0 barres et des codes 2D<\/h2>\n<p>Un autre avantage de la Toshiba B-852 r\u00e9side dans la prise en charge de nombreux formats de codes \u00e0 barres tels que UPC\/EAN\/JAN, Code 39, Code 93, Code 128, EAN 128 et bien d&#8217;autres encore. Les codes 2D tels que Data Matrix, PDF417, QR Code et Maxi Code peuvent \u00e9galement \u00eatre imprim\u00e9s sans probl\u00e8me. Cette polyvalence rend l&#8217;imprimante particuli\u00e8rement attrayante pour les applications de logistique, d&#8217;entreposage et de production.  <\/p>\n<h2>Utilisation efficace des consommables<\/h2>\n<p>Avec une longueur de ruban maximale de 300 m et une largeur de ruban comprise entre 120 et 220 mm, la Toshiba B-852 garantit une longue dur\u00e9e de fonctionnement, ce qui r\u00e9duit les co\u00fbts d&#8217;exploitation et minimise les intervalles de remplacement. La facilit\u00e9 d&#8217;utilisation des consommables contribue \u00e9galement \u00e0 la productivit\u00e9. <\/p>\n<h2>Int\u00e9gration logicielle pour un flux de travail fluide<\/h2>\n<p>La Toshiba B-852 est livr\u00e9e avec le logiciel d&#8217;\u00e9tiquetage \u00e9prouv\u00e9 BarTender UltraLite, qui permet de cr\u00e9er des \u00e9tiquettes rapidement et facilement. Le pilote d&#8217;impression prend en charge les syst\u00e8mes d&#8217;exploitation Windows les plus courants, tels que Windows 10, 8, 7 et les versions 2012 et 2008 de Server, en 32 et 64 bits. <\/p>\n<p>Possibilit\u00e9s d&#8217;extension suppl\u00e9mentaires<\/p>\n<p>Un module cutter, une carte E\/S d&#8217;extension et une horloge en temps r\u00e9el (RTC) sont disponibles en option pour la Toshiba B-852. Ces extensions augmentent la capacit\u00e9 d&#8217;adaptation et permettent \u00e0 l&#8217;imprimante de r\u00e9pondre \u00e0 des besoins sp\u00e9cifiques dans le domaine industriel. <\/p>\n<h2>Toshiba B-852 &#8211; le choix id\u00e9al pour l&#8217;\u00e9tiquetage industriel<\/h2>\n<p>Avec la Toshiba B-852, vous optez pour une imprimante industrielle de milieu de gamme robuste, puissante et polyvalente. Une qualit\u00e9 d&#8217;impression \u00e9lev\u00e9e, des options d&#8217;interface \u00e9tendues et une gestion efficace des consommables en font la solution id\u00e9ale pour les t\u00e2ches d&#8217;impression exigeantes dans les secteurs les plus divers. <\/p>\n<ul class=\"csc-bulletlist csc-bulletlist-0\">\n<li class=\"odd\">Largeur d&#8217;impression maximale 216,8 mm<\/li>\n<li class=\"even\">Vitesse d&#8217;impression jusqu&#8217;\u00e0 101,6 mm\/s<\/li>\n<li class=\"odd\">R\u00e9solution 300dpi<\/li>\n<li class=\"even\">Capacit\u00e9 du film 300m<\/li>\n<li class=\"odd\">Capacit\u00e9 d&#8217;\u00e9tiquetage jusqu&#8217;\u00e0 \u00d8-230mm<\/li>\n<li class=\"even\">Interfaces : Parall\u00e8le, Ethernet 10\/100 BaseT, USB 2.0<\/li>\n<\/ul>\n<p>&nbsp;<\/p>\n<div>\n<p class=\"bodytext\">\n<\/div>\n","protected":false},"excerpt":{"rendered":"<p>Toshiba B-852 &#8211; Une imprimante de milieu de gamme efficace  [&#8230;]<\/p>\n","protected":false},"featured_media":1829,"comment_status":"closed","ping_status":"closed","template":"","meta":[],"product_brand":[],"product_cat":[72,75,135],"product_tag":[],"class_list":{"0":"post-3010","1":"product","2":"type-product","3":"status-publish","4":"has-post-thumbnail","6":"product_cat-imprimantes","7":"product_cat-industrial","8":"product_cat-toshiba-fr","10":"first","11":"instock","12":"shipping-taxable","13":"product-type-external"},"_links":{"self":[{"href":"https:\/\/labeltech.ch\/fr\/wp-json\/wp\/v2\/product\/3010","targetHints":{"allow":["GET"]}}],"collection":[{"href":"https:\/\/labeltech.ch\/fr\/wp-json\/wp\/v2\/product"}],"about":[{"href":"https:\/\/labeltech.ch\/fr\/wp-json\/wp\/v2\/types\/product"}],"replies":[{"embeddable":true,"href":"https:\/\/labeltech.ch\/fr\/wp-json\/wp\/v2\/comments?post=3010"}],"wp:featuredmedia":[{"embeddable":true,"href":"https:\/\/labeltech.ch\/fr\/wp-json\/wp\/v2\/media\/1829"}],"wp:attachment":[{"href":"https:\/\/labeltech.ch\/fr\/wp-json\/wp\/v2\/media?parent=3010"}],"wp:term":[{"taxonomy":"product_brand","embeddable":true,"href":"https:\/\/labeltech.ch\/fr\/wp-json\/wp\/v2\/product_brand?post=3010"},{"taxonomy":"product_cat","embeddable":true,"href":"https:\/\/labeltech.ch\/fr\/wp-json\/wp\/v2\/product_cat?post=3010"},{"taxonomy":"product_tag","embeddable":true,"href":"https:\/\/labeltech.ch\/fr\/wp-json\/wp\/v2\/product_tag?post=3010"}],"curies":[{"name":"wp","href":"https:\/\/api.w.org\/{rel}","templated":true}]}}