{"id":3015,"date":"2019-07-29T14:12:31","date_gmt":"2019-07-29T12:12:31","guid":{"rendered":"https:\/\/labeltech.ch\/produkt\/tsc-mb240-serie\/"},"modified":"2026-04-17T16:58:47","modified_gmt":"2026-04-17T14:58:47","slug":"serie-tsc-mb241","status":"publish","type":"product","link":"https:\/\/labeltech.ch\/fr\/produkt\/serie-tsc-mb241\/","title":{"rendered":"TSC S\u00e9rie MB241"},"content":{"rendered":"<h2>Imprimante d&#8217;\u00e9tiquettes rapide et peu encombrante<\/h2>\n<ul class=\"csc-bulletlist csc-bulletlist-0\">\n<li class=\"odd\">Largeur d&#8217;impression maximale 105.7mm<\/li>\n<li class=\"even\">Vitesse d&#8217;impression jusqu&#8217;\u00e0 203mm\/s<\/li>\n<li class=\"odd\">R\u00e9solution 203 et 300dpi<\/li>\n<li class=\"even\">Capacit\u00e9 du film 450m<\/li>\n<li class=\"odd\">Capacit\u00e9 d&#8217;\u00e9tiquetage jusqu&#8217;\u00e0 \u00d8-203mm<\/li>\n<li class=\"even\">Interfaces : S\u00e9rie et USB 2.0<\/li>\n<li class=\"odd\">LCD tactile HVGA couleur de 3,5 pouces<\/li>\n<li class=\"even\">Options disponibles : Ethernet interne, 10\/100 Mbps, h\u00f4te USB pour utilisation avec scanner ou clavier, module Bluetooth, module WIFI externe 802.11 b\/g\/n, module de distribution et couteau guillotine.<\/li>\n<\/ul>\n<p class=\"bodytext\">La s\u00e9rie TSC MB241 d&#8217;imprimantes thermiques d&#8217;\u00e9tiquettes industrielles est le nouveau leader en mati\u00e8re de rapport qualit\u00e9\/prix pour l&#8217;impression d&#8217;\u00e9tiquettes industrielles de 4&#8243; de large. La s\u00e9rie MB241 a \u00e9t\u00e9 con\u00e7ue pour compl\u00e9ter le portefeuille d&#8217;imprimantes industrielles plus grandes de TSC, y compris les s\u00e9ries MH240 et MX240P. La MB241 se caract\u00e9rise par son faible encombrement, son interface utilisateur facile \u00e0 comprendre et une s\u00e9rie d&#8217;options qui permettent de r\u00e9aliser presque toutes les applications d&#8217;impression.  <\/p>\n<p>Succ\u00e9dant \u00e0 la ligne MB241, la <a href=\"https:\/\/labeltech.ch\/fr\/produkt\/serie-tsc-mh241\/\" title=\"S\u00e9rie TSC MH241 - Successeur industriel de la TSC MB241\">s\u00e9rie TSC MH241<\/a> offre un bo\u00eetier m\u00e9tallique redessin\u00e9, un m\u00e9canisme TPH autonettoyant et des options de connectivit\u00e9 \u00e9tendues.<\/p>\n","protected":false},"excerpt":{"rendered":"<p>Imprimante d&#8217;\u00e9tiquettes rapide et peu encombrante Largeur d&#8217;impression maximale 105.7mm  [&#8230;]<\/p>\n","protected":false},"featured_media":1825,"comment_status":"closed","ping_status":"closed","template":"","meta":[],"product_brand":[],"product_cat":[72,75,99],"product_tag":[],"class_list":{"0":"post-3015","1":"product","2":"type-product","3":"status-publish","4":"has-post-thumbnail","6":"product_cat-imprimantes","7":"product_cat-industrial","8":"product_cat-tsc-fr","10":"first","11":"instock","12":"shipping-taxable","13":"product-type-external"},"_links":{"self":[{"href":"https:\/\/labeltech.ch\/fr\/wp-json\/wp\/v2\/product\/3015","targetHints":{"allow":["GET"]}}],"collection":[{"href":"https:\/\/labeltech.ch\/fr\/wp-json\/wp\/v2\/product"}],"about":[{"href":"https:\/\/labeltech.ch\/fr\/wp-json\/wp\/v2\/types\/product"}],"replies":[{"embeddable":true,"href":"https:\/\/labeltech.ch\/fr\/wp-json\/wp\/v2\/comments?post=3015"}],"wp:featuredmedia":[{"embeddable":true,"href":"https:\/\/labeltech.ch\/fr\/wp-json\/wp\/v2\/media\/1825"}],"wp:attachment":[{"href":"https:\/\/labeltech.ch\/fr\/wp-json\/wp\/v2\/media?parent=3015"}],"wp:term":[{"taxonomy":"product_brand","embeddable":true,"href":"https:\/\/labeltech.ch\/fr\/wp-json\/wp\/v2\/product_brand?post=3015"},{"taxonomy":"product_cat","embeddable":true,"href":"https:\/\/labeltech.ch\/fr\/wp-json\/wp\/v2\/product_cat?post=3015"},{"taxonomy":"product_tag","embeddable":true,"href":"https:\/\/labeltech.ch\/fr\/wp-json\/wp\/v2\/product_tag?post=3015"}],"curies":[{"name":"wp","href":"https:\/\/api.w.org\/{rel}","templated":true}]}}