{"id":3045,"date":"2019-07-29T14:55:34","date_gmt":"2019-07-29T12:55:34","guid":{"rendered":"https:\/\/labeltech.ch\/produkt\/labelmax-sp3\/"},"modified":"2026-04-17T16:59:10","modified_gmt":"2026-04-17T14:59:10","slug":"labelmax-sp3","status":"publish","type":"product","link":"https:\/\/labeltech.ch\/fr\/produkt\/labelmax-sp3\/","title":{"rendered":"LabelMax SP3"},"content":{"rendered":"<ul class=\"csc-bulletlist csc-bulletlist-0\">\n<li class=\"odd\">Syst\u00e8me d&#8217;\u00e9tiquetage de qualit\u00e9 professionnelle facile \u00e0 utiliser<\/li>\n<li class=\"even\">Utilisez LabelMax en combinaison avec notre logiciel SignMax facile \u00e0 utiliser.<\/li>\n<li class=\"odd\">Faites votre choix dans notre vaste biblioth\u00e8que de mod\u00e8les ou cr\u00e9ez vous-m\u00eame votre enseigne personnalis\u00e9e.<\/li>\n<li class=\"even\">Marquage industriel<\/li>\n<li class=\"odd\">Marquage des installations<\/li>\n<li class=\"even\">Marquage de la tuyauterie<\/li>\n<li class=\"odd\">Panneaux de s\u00e9curit\u00e9<\/li>\n<li class=\"even\">\u00c9tiquettes de danger<\/li>\n<li class=\"odd\">Code \u00e0 barres<\/li>\n<li class=\"even\">Marquage \u00e9lectrique<\/li>\n<li class=\"odd\">Panneaux de signalisation<\/li>\n<\/ul>\n<p>Ce syst\u00e8me d&#8217;\u00e9tiquetage compact pour la cr\u00e9ation de panneaux se distingue par sa convivialit\u00e9, sa rapidit\u00e9, sa simplicit\u00e9 d&#8217;utilisation et son excellente qualit\u00e9 d&#8217;impression. LabelMax SP3 trouve sa place sur n&#8217;importe quel bureau. Connectez facilement LabelMax \u00e0 votre PC \u00e0 l&#8217;aide du c\u00e2ble USB fourni. Notre logiciel SignMax, facile \u00e0 utiliser, vous permet d&#8217;imprimer rapidement et facilement la plaque que vous souhaitez. Utilisez la vaste biblioth\u00e8que de mod\u00e8les avec des plaquettes de contr\u00f4le, des signaux d&#8217;obligation, d&#8217;interdiction, d&#8217;avertissement, de protection contre l&#8217;incendie et d&#8217;\u00e9vacuation, ainsi que des marquages de produits dangereux, de mati\u00e8res dangereuses et de tuyauteries. Ou cr\u00e9ez facilement votre propre panneau personnalis\u00e9. Un grand choix de rubans encreurs haute performance et de rubans en film de qualit\u00e9 ainsi qu&#8217;une s\u00e9lection vari\u00e9e d&#8217;\u00e9tiquettes de diff\u00e9rentes formes, couleurs et formats compl\u00e8tent l&#8217;offre de Max Systems. Les panneaux durables et autocollants sont r\u00e9sistants aux UV, \u00e0 l&#8217;eau de mer et offrent une r\u00e9sistance \u00e0 de nombreux solvants (par ex. t\u00e9r\u00e9benthine et essence), ainsi qu&#8217;\u00e0 diverses bases et acides. Avec ce syst\u00e8me d&#8217;\u00e9tiquetage, vous \u00eates toujours en mesure de r\u00e9aliser vous-m\u00eame votre signal\u00e9tique dans les diff\u00e9rentes parties de l&#8217;am\u00e9nagement de votre entreprise, de mani\u00e8re flexible, rapide et \u00e9conomique.<\/p>\n<p>Cette imprimante polyvalente de 3,70 kg seulement est le partenaire id\u00e9al pour le bureau, l&#8217;industrie, l&#8217;atelier ou le laboratoire. Avec une largeur de seulement 22 centim\u00e8tres, une profondeur de 33 centim\u00e8tres et une hauteur d&#8217;\u00e0 peine 20 cm, LabelMax SP3 a une taille qui le rend presque invisible sur n&#8217;importe quel bureau, banc d&#8217;atelier ou table de laboratoire.<\/p>\n<p>Le changement des rubans et des cassettes de film est tr\u00e8s simple et le logiciel SignMax v10 vous permet de concevoir vos propres panneaux et de les imprimer ensuite. La version Basic contient toutes les fonctions que l&#8217;on peut attendre d&#8217;un logiciel professionnel. La cr\u00e9ation de textes ne demande pas beaucoup d&#8217;efforts et il est \u00e9galement possible de modifier des objets ult\u00e9rieurement \u00e0 tout moment. Ceux qui n&#8217;attachent pas d&#8217;importance \u00e0 leur propre cr\u00e9ativit\u00e9 peuvent choisir parmi de nombreux mod\u00e8les. La vaste biblioth\u00e8que de mod\u00e8les comprend des plaquettes de contr\u00f4le courantes, des signaux d&#8217;interdiction, d&#8217;obligation, d&#8217;avertissement et de protection contre l&#8217;incendie, ainsi que des pictogrammes pour les produits et substances dangereux.<\/p>\n<p>Pour des t\u00e2ches d&#8217;\u00e9tiquetage encore plus polyvalentes, <a href=\"https:\/\/labeltech.ch\/fr\/produkt\/labelmax-vs1\/\" title=\"LabelMax VS1 - Syst\u00e8me d'\u00e9tiquetage polyvalent de Labelmax\">LabelMax VS1<\/a>, qui vient compl\u00e9ter la gamme LabelMax, offre une largeur d&#8217;impression et une compatibilit\u00e9 mat\u00e9rielle \u00e9tendues.<\/p>\n<h2>La qualit\u00e9 d&#8217;impression constante de LabelMax SP3<\/h2>\n<p>Avec une r\u00e9solution d&#8217;impression de 300 dpi et une largeur d&#8217;impression maximale de 106 mm et une longueur d&#8217;impression maximale de 2.540 mm, LabelMax SP3 cr\u00e9e des \u00e9tiquettes et des marquages particuli\u00e8rement r\u00e9sistants. Ils sont r\u00e9sistants \u00e0 de nombreux solvants, bases et acides utilis\u00e9s dans de nombreux laboratoires, ainsi qu&#8217;aux intemp\u00e9ries auxquelles la logistique doit faire face dans de nombreux domaines. Si les panneaux devaient \u00e9ventuellement voyager sur un conteneur, ils seraient encore lisibles \u00e0 destination, car ils r\u00e9sistent \u00e9galement \u00e0 l&#8217;eau de mer. LabelMax SP3 traite aussi bien les cartouches de mat\u00e9riaux continus que les \u00e9tiquettes pr\u00e9d\u00e9coup\u00e9es. Vous appr\u00e9cierez le d\u00e9bit \u00e9lev\u00e9 pour la sortie des \u00e9tiquettes, car sa vitesse d&#8217;impression est de six pouces par seconde. Cela correspond \u00e0 152,4 mm par seconde.<\/p>\n<h2>Les caract\u00e9ristiques du produit en d\u00e9tail :<\/h2>\n<ul>\n<li>Impression par transfert thermique<\/li>\n<li>\u00e9cran TFT LCD de 3,5 pouces avec 6 touches<\/li>\n<li>Processeur RISC 32 bits haute performance<\/li>\n<li>coupe-plat pour une coupe compl\u00e8te<\/li>\n<li>Capteur de lumi\u00e8re transmise \u00e0 espacement<\/li>\n<li>Marquage noir<\/li>\n<li>Capteur encodeur de ruban<\/li>\n<li>120 Mo de m\u00e9moire flash<\/li>\n<li>128 MB DDR2-DRAM<\/li>\n<li>Lecteur de carte microSD pour une extension de la m\u00e9moire jusqu&#8217;\u00e0 SDHC 32 Go<\/li>\n<li>Interface RS-232<\/li>\n<li>Interface USB 2.0 (mode full-speed)<\/li>\n<li>Interface interne de serveur d&#8217;impression en r\u00e9seau (10\/100 Mbps)<\/li>\n<li>H\u00f4te USB<\/li>\n<li>Horloge en temps r\u00e9el et buzzer<\/li>\n<li>\u00c9mulations industrielles standard, y compris la prise en charge des langues Eltron et Zebra<\/li>\n<li>polices alphanum\u00e9riques internes en bitmap<\/li>\n<li>Polices t\u00e9l\u00e9chargeables du PC vers la m\u00e9moire de l&#8217;imprimante<\/li>\n<li>Rappel de nettoyage de la t\u00eate d&#8217;impression<\/li>\n<\/ul>\n<h2>L&#8217;entretien et le nettoyage de LabelMax SP3<\/h2>\n<p>Le fabricant de l&#8217;imprimante, la soci\u00e9t\u00e9 Max Systems, recommande de nettoyer la t\u00eate d&#8217;impression chaque fois que l&#8217;on charge de nouvelles \u00e9tiquettes. Pour cela, il faut laisser la t\u00eate d&#8217;impression refroidir pendant au moins 1 minute. La surface de la t\u00eate d&#8217;impression doit \u00eatre nettoy\u00e9e exclusivement avec un coton-tige et de l&#8217;\u00e9thanol. Il est fortement d\u00e9conseill\u00e9 d&#8217;utiliser de l&#8217;alcool m\u00e9dical, car cela pourrait endommager la t\u00eate d&#8217;impression. Pour le nettoyage des rouleaux de transport et des surfaces ext\u00e9rieures, il est conseill\u00e9 d&#8217;utiliser un chiffon humidifi\u00e9. Pour les capteurs et l&#8217;int\u00e9rieur, Max Systems conseille d&#8217;utiliser de l&#8217;air comprim\u00e9 ou une pression n\u00e9gative. Ainsi, les performances de votre LabelMax sont maintenues pendant longtemps.<\/p>\n<h2>Ce qui vous attend \u00e0 l&#8217;achat d&#8217;un LabelMax SP3<\/h2>\n<p>La petite imprimante polyvalente LabelMax SP3 est livr\u00e9e avec un guide d&#8217;installation rapide, un c\u00e2ble d&#8217;alimentation, une alimentation \u00e0 d\u00e9coupage et l&#8217;indispensable c\u00e2ble USB pour la connexion \u00e0 votre ordinateur. Dans le mode d&#8217;emploi, vous trouverez la d\u00e9claration de conformit\u00e9 UE, qui classe l&#8217;appareil au sens des directives UE 2014\/30\/UE, certifie que toutes les directives prescrites ont \u00e9t\u00e9 respect\u00e9es et que l&#8217;appareil peut \u00e0 juste titre porter le marquage CE.<\/p>\n<p>&nbsp;<\/p>\n","protected":false},"excerpt":{"rendered":"<p>Syst\u00e8me d&#8217;\u00e9tiquetage de qualit\u00e9 professionnelle facile \u00e0 utiliser Utilisez LabelMax  [&#8230;]<\/p>\n","protected":false},"featured_media":8398,"comment_status":"closed","ping_status":"closed","template":"","meta":[],"product_brand":[],"product_cat":[130],"product_tag":[],"class_list":{"0":"post-3045","1":"product","2":"type-product","3":"status-publish","4":"has-post-thumbnail","6":"product_cat-beschriftungssysteme-fr","8":"first","9":"instock","10":"shipping-taxable","11":"product-type-external"},"_links":{"self":[{"href":"https:\/\/labeltech.ch\/fr\/wp-json\/wp\/v2\/product\/3045","targetHints":{"allow":["GET"]}}],"collection":[{"href":"https:\/\/labeltech.ch\/fr\/wp-json\/wp\/v2\/product"}],"about":[{"href":"https:\/\/labeltech.ch\/fr\/wp-json\/wp\/v2\/types\/product"}],"replies":[{"embeddable":true,"href":"https:\/\/labeltech.ch\/fr\/wp-json\/wp\/v2\/comments?post=3045"}],"wp:featuredmedia":[{"embeddable":true,"href":"https:\/\/labeltech.ch\/fr\/wp-json\/wp\/v2\/media\/8398"}],"wp:attachment":[{"href":"https:\/\/labeltech.ch\/fr\/wp-json\/wp\/v2\/media?parent=3045"}],"wp:term":[{"taxonomy":"product_brand","embeddable":true,"href":"https:\/\/labeltech.ch\/fr\/wp-json\/wp\/v2\/product_brand?post=3045"},{"taxonomy":"product_cat","embeddable":true,"href":"https:\/\/labeltech.ch\/fr\/wp-json\/wp\/v2\/product_cat?post=3045"},{"taxonomy":"product_tag","embeddable":true,"href":"https:\/\/labeltech.ch\/fr\/wp-json\/wp\/v2\/product_tag?post=3045"}],"curies":[{"name":"wp","href":"https:\/\/api.w.org\/{rel}","templated":true}]}}