{"id":3049,"date":"2019-07-29T14:57:17","date_gmt":"2019-07-29T12:57:17","guid":{"rendered":"https:\/\/labeltech.ch\/produkt\/printronix-odv-2d\/"},"modified":"2026-04-17T16:59:15","modified_gmt":"2026-04-17T14:59:15","slug":"printronix-odv-2d","status":"publish","type":"product","link":"https:\/\/labeltech.ch\/fr\/produkt\/printronix-odv-2d\/","title":{"rendered":"Printronix ODV-2D"},"content":{"rendered":"<h1>Solution int\u00e9gr\u00e9e d&#8217;impression et de validation des codes \u00e0 barres<\/h1>\n<h2>Introduction : Fini les erreurs co\u00fbteuses gr\u00e2ce \u00e0 Printronix ODV-2D<\/h2>\n<p>Dans un monde de plus en plus num\u00e9ris\u00e9, o\u00f9 les codes-barres jouent un r\u00f4le central dans les op\u00e9rations logistiques, il est essentiel que le marquage soit sans erreur. Le Printronix ODV-2D garantit que seuls des codes \u00e0 barres lisibles \u00e0 100 % entrent dans votre cha\u00eene d&#8217;approvisionnement. Gr\u00e2ce \u00e0 ce syst\u00e8me, les entreprises \u00e9vitent les rejets de d\u00e9bit et les p\u00e9nalit\u00e9s \u00e9lev\u00e9es, tout en garantissant une production efficace.  <\/p>\n<h2>Qu&#8217;est-ce que le Printronix ODV-2D ?<\/h2>\n<p>Le Printronix ODV-2D est une solution d&#8217;impression et de validation enti\u00e8rement int\u00e9gr\u00e9e pour les codes \u00e0 barres 1D et 2D. Bas\u00e9 sur la plate-forme d&#8217;impression robuste T8000, le syst\u00e8me se caract\u00e9rise par une vitesse et une pr\u00e9cision exceptionnelles. Le validateur de donn\u00e9es int\u00e9gr\u00e9 v\u00e9rifie automatiquement chaque code \u00e0 barres selon les normes ISO et garantit la qualit\u00e9.  <\/p>\n<h2>Validation conforme aux normes et productivit\u00e9 maximale<\/h2>\n<p>La force du Printronix ODV-2D r\u00e9side dans sa capacit\u00e9 \u00e0 valider rapidement et de mani\u00e8re fiable jusqu&#8217;\u00e0 50 codes \u00e0 barres par \u00e9tiquette. Elle prend en compte non seulement les codes \u00e0 barres 1D, mais aussi les codes \u00e0 barres 2D complexes tels que les codes QR et les codes DataMatrix. La vitesse d&#8217;impression atteint le niveau impressionnant de 8 pouces par seconde (ips), y compris la validation compl\u00e8te et la g\u00e9n\u00e9ration de rapports de conformit\u00e9. Les codes \u00e0 barres erron\u00e9s sont imm\u00e9diatement identifi\u00e9s, barr\u00e9s et remplac\u00e9s automatiquement par une \u00e9tiquette sans erreur, sans aucune intervention manuelle.   <\/p>\n<h2>Communication intelligente et int\u00e9gration facile<\/h2>\n<p>La communication et la mise en r\u00e9seau de l&#8217;ODV-2D de Printronix sont de premi\u00e8re classe et polyvalentes. L&#8217;appareil prend en charge Ethernet et le WiFi de pointe (802.11ac), ce qui garantit une connexion rapide et stable. PrintNet Enterprise Auto ID est un outil de gestion globale qui offre un acc\u00e8s r\u00e9seau, un contr\u00f4le, des mises \u00e0 jour et des fonctions de reporting \u00e9tendues. Les entreprises peuvent ainsi surveiller et g\u00e9rer toutes leurs imprimantes \u00e0 partir d&#8217;un emplacement central.   <\/p>\n<h2>Conception robuste pour les environnements exigeants<\/h2>\n<p>Gr\u00e2ce \u00e0 son bo\u00eetier robuste en aluminium moul\u00e9 sous pression et \u00e0 son syst\u00e8me \u00e0 double moteur pour l&#8217;entra\u00eenement du ruban, la Printronix ODV-2D garantit une fiabilit\u00e9 et une durabilit\u00e9 particuli\u00e8rement \u00e9lev\u00e9es. Le syst\u00e8me intelligent de gestion de la temp\u00e9rature assure \u00e9galement une longue dur\u00e9e de vie de la t\u00eate d&#8217;impression et une excellente qualit\u00e9 d&#8217;impression, m\u00eame aux vitesses les plus \u00e9lev\u00e9es. <\/p>\n<p>Comme Printronix a \u00e9t\u00e9 int\u00e9gr\u00e9e en tant que marque dans le portefeuille Auto-ID de TSC, nous recommandons la <a href=\"https:\/\/labeltech.ch\/fr\/produkt\/tsc-mh261-serie\/\" title=\"S\u00e9rie TSC MH261 - Successeur de la ligne Printronix sous TSC Auto ID\">s\u00e9rie TSC MH261<\/a> comme solution de remplacement direct pour les nouveaux achats.<\/p>\n<h2>Aper\u00e7u des points forts techniques<\/h2>\n<h3>L&#8217;imprimante Printronix ODV-2D offre des performances techniques de pointe telles que<\/h3>\n<ul>\n<li>Processeur ARM Cortex-A9 haute performance<\/li>\n<li>Disponible en r\u00e9solution 203 dpi et 300 dpi<\/li>\n<li>512 Mo de RAM et 128 Mo de m\u00e9moire flash<\/li>\n<li>Certification ENERGY STAR<\/li>\n<li>Prend en charge diff\u00e9rents types de supports et de rubans<\/li>\n<li>Ces caract\u00e9ristiques font de la Printronix ODV-2D la solution id\u00e9ale pour les applications industrielles exigeantes.<\/li>\n<li>Facilit\u00e9 d&#8217;utilisation et de gestion<\/li>\n<\/ul>\n<p>Gr\u00e2ce \u00e0 son grand \u00e9cran couleur de 3,4 pouces et \u00e0 ses menus intuitifs, la Printronix ODV-2D est rapide et facile \u00e0 utiliser. Parall\u00e8lement, PrintNet Enterprise Suite permet de g\u00e9rer \u00e0 distance le parc d&#8217;imprimantes. Vous avez acc\u00e8s \u00e0 tout moment aux informations sur l&#8217;\u00e9tat de l&#8217;imprimante, ce qui vous permet de d\u00e9tecter et de r\u00e9soudre les probl\u00e8mes \u00e0 un stade pr\u00e9coce.  <\/p>\n<h2>Validation versus v\u00e9rification &#8211; L&#8217;avantage de Printronix ODV-2D<\/h2>\n<p>Printronix ODV-2D combine de mani\u00e8re unique les fonctions d&#8217;un v\u00e9rificateur de codes \u00e0 barres et d&#8217;un validateur. Contrairement aux solutions traditionnelles qui n\u00e9cessitent des \u00e9quipements externes et des investissements importants, le Printronix ODV-2D effectue ces t\u00e2ches de mani\u00e8re efficace et peu encombrante dans une solution int\u00e9gr\u00e9e. Gr\u00e2ce \u00e0 la technologie avanc\u00e9e de la cam\u00e9ra 5 MP, les codes \u00e0 barres sont \u00e9valu\u00e9s avec pr\u00e9cision selon les normes ISO imm\u00e9diatement apr\u00e8s l&#8217;impression.  <\/p>\n<h2>Compatibilit\u00e9 totale avec les codes \u00e0 barres<\/h2>\n<h3>L&#8217;ODV-2D de Printronix valide une grande vari\u00e9t\u00e9 de types de codes \u00e0 barres, notamment<\/h3>\n<ul>\n<li>Codes \u00e0 barres 1D tels que Code 39, Code 128, EAN, UPC<\/li>\n<li>Codes \u00e0 barres 2D tels que PDF417, DataMatrix ECC 200, code QR, AZTEC<\/li>\n<li>L&#8217;appareil r\u00e9pond ainsi \u00e0 toutes les exigences des processus de production et de logistique modernes d&#8217;aujourd&#8217;hui.<\/li>\n<li>Durabilit\u00e9 et conscience environnementale<\/li>\n<\/ul>\n<p>Avec les certifications RoHS et WEEE et le label ENERGY STAR, la Printronix ODV-2D soutient les processus de production \u00e9cologiques et durables. Les entreprises b\u00e9n\u00e9ficient ainsi non seulement de performances et d&#8217;une fiabilit\u00e9 \u00e9lev\u00e9es, mais apportent \u00e9galement une contribution pr\u00e9cieuse \u00e0 la protection de l&#8217;environnement. <\/p>\n<h2>Printronix ODV-2D pour une qualit\u00e9 de code \u00e0 barres parfaite<\/h2>\n<p>La Printronix ODV-2D est la solution optimale pour les entreprises qui exigent les normes les plus \u00e9lev\u00e9es en mati\u00e8re de qualit\u00e9, de productivit\u00e9 et de fiabilit\u00e9 des codes \u00e0 barres. \u00c9vitez les p\u00e9nalit\u00e9s, optimisez vos processus logistiques et obtenez un avantage concurrentiel d\u00e9cisif avec le Printronix ODV-2D &#8211; la solution tout-en-un d&#8217;impression et de validation de codes \u00e0 barres. <\/p>\n<ul class=\"csc-bulletlist csc-bulletlist-0\">\n<li class=\"odd\">Imprime et valide une large gamme de codes \u00e0 barres 1D et 2D, jusqu&#8217;\u00e0 50 codes \u00e0 barres par \u00e9tiquette.<\/li>\n<li class=\"even\">Vitesse d&#8217;impression jusqu&#8217;\u00e0 200 mm\/s, y compris la validation, l&#8217;\u00e9valuation et le rapport de conformit\u00e9<\/li>\n<li class=\"odd\">R\u00e9solution 203dpi &amp; 300dpi<\/li>\n<li class=\"even\">Capacit\u00e9 d&#8217;\u00e9tiquetage jusqu&#8217;\u00e0 \u00d8-203mm<\/li>\n<li class=\"odd\">Interfaces : Port parall\u00e8le, USB 2.0 &amp; Ethernet interne<\/li>\n<\/ul>\n","protected":false},"excerpt":{"rendered":"<p>Solution int\u00e9gr\u00e9e d&#8217;impression et de validation des codes \u00e0 barres  [&#8230;]<\/p>\n","protected":false},"featured_media":1841,"comment_status":"closed","ping_status":"closed","template":"","meta":[],"product_brand":[],"product_cat":[72,77],"product_tag":[],"class_list":{"0":"post-3049","1":"product","2":"type-product","3":"status-publish","4":"has-post-thumbnail","6":"product_cat-imprimantes","7":"product_cat-special","9":"first","10":"instock","11":"shipping-taxable","12":"product-type-external"},"_links":{"self":[{"href":"https:\/\/labeltech.ch\/fr\/wp-json\/wp\/v2\/product\/3049","targetHints":{"allow":["GET"]}}],"collection":[{"href":"https:\/\/labeltech.ch\/fr\/wp-json\/wp\/v2\/product"}],"about":[{"href":"https:\/\/labeltech.ch\/fr\/wp-json\/wp\/v2\/types\/product"}],"replies":[{"embeddable":true,"href":"https:\/\/labeltech.ch\/fr\/wp-json\/wp\/v2\/comments?post=3049"}],"wp:featuredmedia":[{"embeddable":true,"href":"https:\/\/labeltech.ch\/fr\/wp-json\/wp\/v2\/media\/1841"}],"wp:attachment":[{"href":"https:\/\/labeltech.ch\/fr\/wp-json\/wp\/v2\/media?parent=3049"}],"wp:term":[{"taxonomy":"product_brand","embeddable":true,"href":"https:\/\/labeltech.ch\/fr\/wp-json\/wp\/v2\/product_brand?post=3049"},{"taxonomy":"product_cat","embeddable":true,"href":"https:\/\/labeltech.ch\/fr\/wp-json\/wp\/v2\/product_cat?post=3049"},{"taxonomy":"product_tag","embeddable":true,"href":"https:\/\/labeltech.ch\/fr\/wp-json\/wp\/v2\/product_tag?post=3049"}],"curies":[{"name":"wp","href":"https:\/\/api.w.org\/{rel}","templated":true}]}}