{"id":3053,"date":"2019-10-29T14:33:59","date_gmt":"2019-10-29T13:33:59","guid":{"rendered":"https:\/\/labeltech.ch\/produkt\/cab-hermes-q\/"},"modified":"2026-04-17T17:02:30","modified_gmt":"2026-04-17T15:02:30","slug":"cab-hermes-q","status":"publish","type":"product","link":"https:\/\/labeltech.ch\/fr\/produkt\/cab-hermes-q\/","title":{"rendered":"CAB Hermes Q"},"content":{"rendered":"<p>L&#8217;Hermes Q est disponible en plusieurs mod\u00e8les (l&#8217;\u00e9troit, l&#8217;universel, le large). Les imprimantes\/distributeurs d&#8217;\u00e9tiquettes de Hermes Q sont robustes et rapides, optimales pour l&#8217;industrie. \u00c9quip\u00e9 pour l&#8217;\u00e9tiquetage semi-automatique et enti\u00e8rement automatique de diff\u00e9rents emballages, directement sur les lignes de conditionnement.<\/p>\n<h3>D\u00e9tails techniques :<\/h3>\n<ul>\n<li>vitesses \u00e9lev\u00e9es jusqu&#8217;\u00e0 300mm\/sec.<\/li>\n<li>\u00c9cran tactile<\/li>\n<li>logiciel am\u00e9lior\u00e9<\/li>\n<li>\u00c9mulateur ZPL \/ Compatible OPC UA<\/li>\n<li>Pi\u00e8ces moul\u00e9es en plastique \/ m\u00e9tal, circuits imprim\u00e9s<\/li>\n<\/ul>\n<h2>\u00c0 propos de cab<\/h2>\n<p>La soci\u00e9t\u00e9 cab Produktionstechnik GmbH &amp; Co KG a son si\u00e8ge \u00e0 Karlsruhe et a \u00e9t\u00e9 fond\u00e9e en mai 1975. Ses activit\u00e9s sont le d\u00e9veloppement, la fabrication, le marketing et la vente de composants et de produits pour l&#8217;\u00e9lectronique ainsi que d&#8217;appareils dans le domaine du marquage de production et de l&#8217;identification par code-barres. En d\u00e9cembre 1991, la soci\u00e9t\u00e9 Cab Produktechnik S\u00f6mmerda GmbH a \u00e9t\u00e9 fond\u00e9e \u00e0 S\u00f6mmerda. Cab emploie 400 personnes et travaille avec 820 partenaires de distribution dans plus de quatre-vingts pays.<\/p>\n<h2>Hermes Q, pour l&#8217;impression et l&#8217;\u00e9tiquetage automatiques sur les lignes de production<\/h2>\n<h3>La plus \u00e9troite : Hermes Q2, l&#8217;imprimante d&#8217;\u00e9tiquettes pour les petites \u00e9tiquettes<\/h3>\n<p>Pour des \u00e9tiquettes d&#8217;une largeur maximale de 58 mm avec une vitesse d&#8217;impression de 300 mm par seconde pour une r\u00e9solution d&#8217;impression de 300 dpi et une vitesse d&#8217;impression de 150 mm par seconde pour une r\u00e9solution d&#8217;impression de 600 dpi. La largeur d&#8217;impression maximale est de 56 mm pour ce mod\u00e8le.<\/p>\n<h3>Le plus universel : Hermes Q4.3 et Q4, les appareils industriels les plus vendus avec de nombreux accessoires<\/h3>\n<p>L&#8217;Hermes Q4.3 et l&#8217;Hermes Q4 peuvent toutes deux traiter des \u00e9tiquettes d&#8217;une largeur allant jusqu&#8217;\u00e0 114 mm. Avec une r\u00e9solution d&#8217;impression de 300 dpi, des vitesses d&#8217;impression maximales de 300 mm par seconde sont possibles. Avec un diam\u00e8tre ext\u00e9rieur maximal du rouleau d&#8217;\u00e9tiquettes de 305 mm, l&#8217;impression est possible longtemps sans interruption.<\/p>\n<h3>La largeur<strong>:<\/strong> Hermes Q6.3 pour les \u00e9tiquettes Odette, UCC et GS1 dans les applications logistiques<\/h3>\n<p>La largeur d&#8217;impression de la Q6.3 peut atteindre 168 mm. La largeur maximale de l&#8217;\u00e9tiquette est de 174 mm. La r\u00e9solution d&#8217;impression r\u00e9glable de 200 dpi \u00e0 300 dpi n&#8217;a aucune influence sur la vitesse d&#8217;impression de 250 mm par seconde.<\/p>\n<h2>D\u00e9tails sur Hermes Q<\/h2>\n<h3>1. panneau de commande<\/h3>\n<p>Utilisation intuitive et simple avec des ic\u00f4nes explicites pour configurer les param\u00e8tres de l&#8217;appareil.<\/p>\n<h3>2. support du film transfert<\/h3>\n<p>Les axes de serrage en trois parties permettent un changement rapide et facile du film transfert.<\/p>\n<h3>3. bo\u00eetier m\u00e9tallique stable<\/h3>\n<p>Le bo\u00eetier sur lequel sont mont\u00e9s tous les sous-ensembles est en fonte d&#8217;aluminium.<\/p>\n<h3>4. montage des applicateurs<\/h3>\n<p>Ils sont mont\u00e9s sur des axes de charni\u00e8re et peuvent \u00eatre pivot\u00e9s lors du changement de mat\u00e9riau ou de l&#8217;entretien.<\/p>\n<p>Vous trouverez d&#8217;autres solutions d&#8217;impression et de distribution enti\u00e8rement int\u00e9gr\u00e9es pour les lignes de production automatis\u00e9es dans la cat\u00e9gorie <a href=\"https:\/\/labeltech.ch\/fr\/produits\/imprimer-et-faire-un-don\/\" title=\"Imprimer et donner - Solutions int\u00e9gr\u00e9es d'impression-application\">Syst\u00e8mes d&#8217;impression et de distribution<\/a>.<\/p>\n<h3>5. poussoir de pression<\/h3>\n<p>Un poussoir est mont\u00e9 de mani\u00e8re fixe pr\u00e8s de la paroi du bo\u00eetier. Un deuxi\u00e8me poussoir est positionn\u00e9 en direction du bord de l&#8217;\u00e9tiquette jusqu&#8217;\u00e0 ce qu&#8217;une bonne image d&#8217;impression soit garantie.<\/p>\n<h3>6. t\u00eate d&#8217;impression<\/h3>\n<p>Toutes les t\u00eates d&#8217;impression sont interchangeables \u00e0 volont\u00e9 pour une m\u00eame largeur et peuvent \u00eatre chang\u00e9es en un tour de main.<\/p>\n<h3>7. d\u00e9monter le rouleau d&#8217;impression<\/h3>\n<p>Le rouleau d&#8217;impression est facile \u00e0 monter et \u00e0 d\u00e9monter pour le nettoyage ou le remplacement pour cause d&#8217;usure.<\/p>\n<p>Les rouleaux d&#8217;impression existent en deux versions :<\/p>\n<ul>\n<li>Caoutchouc : caoutchouc synth\u00e9tique (standard)<\/li>\n<li>Gommage : silicone (tr\u00e8s longue dur\u00e9e de vie)<\/li>\n<\/ul>\n<h3>8. bord de distribution pivotant<\/h3>\n<p>Aide \u00e0 l&#8217;\u00e9tiquetage des emballages.<\/p>\n<h3>9. d\u00e9rouleur d&#8217;\u00e9tiquettes<\/h3>\n<p>Gr\u00e2ce \u00e0 un bras oscillant et un frein int\u00e9gr\u00e9, les \u00e9tiquettes sont d\u00e9roul\u00e9es avec une force constante.<\/p>\n<h3>10. enrouleur de bande support<\/h3>\n<p>La bande support est compl\u00e8tement enroul\u00e9e apr\u00e8s la distribution des \u00e9tiquettes.<\/p>\n<h3>11. syst\u00e8me de trains<\/h3>\n<p>Le support est tendu entre le rouleau de traction et le rouleau de pression. Le transport synchronis\u00e9 avec le rouleau d&#8217;impression permet de distribuer les \u00e9tiquettes.<\/p>\n<h3>12. barri\u00e8re lumineuse d&#8217;\u00e9tiquette<\/h3>\n<p>Le capteur de lumi\u00e8re transmise ou r\u00e9fl\u00e9chie permet de positionner pr\u00e9cis\u00e9ment l&#8217;empreinte sur l&#8217;\u00e9tiquette et de d\u00e9tecter la fin du mat\u00e9riau.<\/p>\n<h3>Interfaces :<\/h3>\n<ul>\n<li>Emplacement pour carte m\u00e9moire SD<\/li>\n<li>2xUSB h\u00f4te<\/li>\n<li>P\u00e9riph\u00e9rique USB 2.0 Hi-Speed<\/li>\n<li>Ethernet 10\/100 Mbit\/s<\/li>\n<li>RS232C<\/li>\n<li>interface num\u00e9rique I\/O<\/li>\n<li>Entr\u00e9es PNP<\/li>\n<li>Sorties PNP \/ NPN<\/li>\n<\/ul>\n<p>Toutes les imprimantes d&#8217;\u00e9tiquettes Hermes Q peuvent \u00eatre tourn\u00e9es verticalement jusqu&#8217;\u00e0 360 degr\u00e9s ou utilis\u00e9es en position de montage horizontale. Si la position de montage emp\u00eache de voir le panneau de commande, il est possible de connecter un panneau de commande externe ayant les m\u00eames fonctionnalit\u00e9s \u00e0 l&#8217;aide d&#8217;un c\u00e2ble de connexion USB. Les imprimantes cab de la g\u00e9n\u00e9ration actuelle sont pr\u00e9par\u00e9es pour interagir avec des machines et des composants de diff\u00e9rents fabricants. C&#8217;est pourquoi un serveur et un client OPC UA ont d\u00e9j\u00e0 \u00e9t\u00e9 int\u00e9gr\u00e9s dans le firmware. Si le logiciel d&#8217;impression d&#8217;\u00e9tiquettes caplabel S3 n&#8217;est pas utilis\u00e9 pour la commande de l&#8217;imprimante, des pilotes Windows, MAC et Linux sont disponibles pour la commande de l&#8217;imprimante. Demandez d\u00e8s maintenant un <a href=\"https:\/\/labeltech.ch\/fr\/contact\/\">devis personnalis\u00e9<\/a>!<\/p>\n","protected":false},"excerpt":{"rendered":"<p>L&#8217;Hermes Q est disponible en plusieurs mod\u00e8les (l&#8217;\u00e9troit, l&#8217;universel, le  [&#8230;]<\/p>\n","protected":false},"featured_media":3054,"comment_status":"closed","ping_status":"closed","template":"","meta":[],"product_brand":[],"product_cat":[133,71],"product_tag":[],"class_list":{"0":"post-3053","1":"product","2":"type-product","3":"status-publish","4":"has-post-thumbnail","6":"product_cat-cab-fr","7":"product_cat-impression-pose","9":"first","10":"instock","11":"shipping-taxable","12":"product-type-external"},"_links":{"self":[{"href":"https:\/\/labeltech.ch\/fr\/wp-json\/wp\/v2\/product\/3053","targetHints":{"allow":["GET"]}}],"collection":[{"href":"https:\/\/labeltech.ch\/fr\/wp-json\/wp\/v2\/product"}],"about":[{"href":"https:\/\/labeltech.ch\/fr\/wp-json\/wp\/v2\/types\/product"}],"replies":[{"embeddable":true,"href":"https:\/\/labeltech.ch\/fr\/wp-json\/wp\/v2\/comments?post=3053"}],"wp:featuredmedia":[{"embeddable":true,"href":"https:\/\/labeltech.ch\/fr\/wp-json\/wp\/v2\/media\/3054"}],"wp:attachment":[{"href":"https:\/\/labeltech.ch\/fr\/wp-json\/wp\/v2\/media?parent=3053"}],"wp:term":[{"taxonomy":"product_brand","embeddable":true,"href":"https:\/\/labeltech.ch\/fr\/wp-json\/wp\/v2\/product_brand?post=3053"},{"taxonomy":"product_cat","embeddable":true,"href":"https:\/\/labeltech.ch\/fr\/wp-json\/wp\/v2\/product_cat?post=3053"},{"taxonomy":"product_tag","embeddable":true,"href":"https:\/\/labeltech.ch\/fr\/wp-json\/wp\/v2\/product_tag?post=3053"}],"curies":[{"name":"wp","href":"https:\/\/api.w.org\/{rel}","templated":true}]}}