{"id":3060,"date":"2019-10-29T14:12:19","date_gmt":"2019-10-29T13:12:19","guid":{"rendered":"https:\/\/labeltech.ch\/produkt\/novexx-solutions-xpa934\/"},"modified":"2026-04-17T17:01:41","modified_gmt":"2026-04-17T15:01:41","slug":"novexx-solutions-xpa93x","status":"publish","type":"product","link":"https:\/\/labeltech.ch\/fr\/produkt\/novexx-solutions-xpa93x\/","title":{"rendered":"Novexx XPA 93x"},"content":{"rendered":"<h2>Novexx XPA 93x &#8211; Syst\u00e8me d&#8217;impression et d&#8217;\u00e9tiquetage intelligent, automatique et en temps r\u00e9el pour les produits, les cartons et les palettes<\/h2>\n<p>La s\u00e9rie Novexx XPA 93x est un syst\u00e8me moderne d&#8217;impression-application (Print &amp; Apply) sp\u00e9cialement con\u00e7u pour les t\u00e2ches de marquage industriel \u00e0 donn\u00e9es variables. Elle imprime des \u00e9tiquettes en temps r\u00e9el et les applique rapidement et pr\u00e9cis\u00e9ment sur des produits, des cartons et m\u00eame &#8211; selon l&#8217;applicateur &#8211; sur des palettes. Gr\u00e2ce \u00e0 une r\u00e9solution de 300 dpi et \u00e0 l&#8217;impression thermique directe ou par transfert thermique, vous obtenez des codes \u00e0 barres, des logos et des textes d&#8217;une grande nettet\u00e9, m\u00eame \u00e0 des vitesses d&#8217;application \u00e9lev\u00e9es.  <\/p>\n<p>Avec ses diff\u00e9rentes variantes de mod\u00e8les, la s\u00e9rie XPA 93x convient \u00e0 des t\u00e2ches tr\u00e8s diverses &#8211; de l&#8217;\u00e9tiquetage de produits dans l&#8217;industrie alimentaire ou pharmaceutique \u00e0 l&#8217;\u00e9tiquetage d&#8217;exp\u00e9dition et de logistique avec des donn\u00e9es dynamiques. Le syst\u00e8me est con\u00e7u pour fonctionner 24 heures sur 24 et 7 jours sur 7, ce qui lui permet de r\u00e9pondre \u00e0 toutes les exigences des applications modernes de la cha\u00eene d&#8217;approvisionnement (applications de la cha\u00eene d&#8217;approvisionnement). <\/p>\n<h2>Mod\u00e8les de la s\u00e9rie XPA 93x : XPA 934, XPA 935, XPA 936<\/h2>\n<p>Le &#8220;x&#8221; dans XPA 93x d\u00e9signe les diff\u00e9rentes variantes de mod\u00e8les au sein de la s\u00e9rie. Il existe actuellement les mod\u00e8les XPA 934, XPA 935 et XPA 936, qui se distinguent principalement par la largeur d&#8217;impression maximale et donc par le format d&#8217;\u00e9tiquette. Pour une largeur d&#8217;impression de 4&#8243;, 5&#8243; et 6&#8243; (pouces) :  <\/p>\n<h3>XPA 934 &#8211; 4&#8243; (EN ANGLAIS)<\/h3>\n<ul>\n<li>Max. Largeur d&#8217;impression : environ 106 mm<\/li>\n<li>Largeur de l&#8217;\u00e9tiquette (papier support inclus) : environ 20-120 mm<\/li>\n<li>Vitesse d&#8217;impression : jusqu&#8217;\u00e0 300 mm\/s<\/li>\n<\/ul>\n<h3>XPA 935 &#8211; 5&#8243; (EN ANGLAIS)<\/h3>\n<ul>\n<li>Max. Largeur d&#8217;impression : environ 127 mm<\/li>\n<li>Largeur de l&#8217;\u00e9tiquette : environ 20-185 mm<\/li>\n<li>Vitesse d&#8217;impression : jusqu&#8217;\u00e0 250 mm\/s<\/li>\n<\/ul>\n<h3>XPA 936 &#8211; 6&#8243; (EN ANGLAIS)<\/h3>\n<ul>\n<li>Max. Largeur d&#8217;impression : environ 160 mm<\/li>\n<li>Largeur de l&#8217;\u00e9tiquette : jusqu&#8217;\u00e0 185 mm<\/li>\n<li>Vitesse d&#8217;impression : jusqu&#8217;\u00e0 250 mm\/s et particuli\u00e8rement adapt\u00e9e aux \u00e9tiquettes d&#8217;exp\u00e9dition ou de palettes larges ; utilis\u00e9e par exemple comme syst\u00e8me central dans les solutions d&#8217;\u00e9tiquetage de palettes int\u00e9gr\u00e9es avec applicateur \u00e0 rotor<\/li>\n<\/ul>\n<p>Tous les mod\u00e8les fonctionnent avec une r\u00e9solution de 300 dpi, utilisent la m\u00eame \u00e9lectronique, les m\u00eames interfaces et les m\u00eames fonctions logicielles (y compris l&#8217;interface web et la fonction d&#8217;\u00e9conomie de film) et sont disponibles en version gaucher ou droitier. Les diff\u00e9rences r\u00e9sident principalement dans la largeur, les formats d&#8217;\u00e9tiquettes, la longueur de la machine et le poids. <\/p>\n<h2>Cas d&#8217;utilisation typiques :<\/h2>\n<ul>\n<li>\u00c9tiquettes avec marge \/ zones non imprim\u00e9es<\/li>\n<li>\u00c9tiquettes d&#8217;exp\u00e9dition avec beaucoup d&#8217;espace blanc<\/li>\n<li>\u00c9tiquettes logistiques dont l&#8217;impression n&#8217;utilise pas toute la largeur<\/li>\n<\/ul>\n<h2>Une facilit\u00e9 d&#8217;utilisation maximale au quotidien<\/h2>\n<p>Une caract\u00e9ristique centrale de la Novexx XPA 93x est sa grande facilit\u00e9 d&#8217;utilisation. Les \u00e9tiquettes et le ruban peuvent \u00eatre chang\u00e9s en moins d&#8217;une minute &#8211; le chemin du support est clairement visible et facilement accessible. Cela r\u00e9duit les temps de pr\u00e9paration et permet de limiter au maximum les arr\u00eats de ligne.  <\/p>\n<p>Le grand \u00e9cran multicolore \u00e0 contraste \u00e9lev\u00e9 peut \u00eatre orient\u00e9 librement et offre une structure de menu intuitive, guid\u00e9e par des ic\u00f4nes. Les op\u00e9rateurs peuvent ainsi lire et contr\u00f4ler l&#8217;imprimante confortablement depuis presque toutes les positions de montage, m\u00eame lorsqu&#8217;ils sont au-dessus de la t\u00eate ou qu&#8217;ils portent des gants en production. <\/p>\n<p>Gr\u00e2ce \u00e0 une interface web int\u00e9gr\u00e9e, le XPA 93x peut \u00e9galement \u00eatre command\u00e9 \u00e0 partir de n&#8217;importe quel PC, tablette ou smartphone via un navigateur. La configuration, le diagnostic et la maintenance \u00e0 distance sont grandement facilit\u00e9s par l&#8217;acc\u00e8s \u00e0 distance. Les param\u00e8tres peuvent \u00eatre ajust\u00e9s de mani\u00e8re centralis\u00e9e, les mises \u00e0 jour du firmware peuvent \u00eatre appliqu\u00e9es et les donn\u00e9es d&#8217;assistance peuvent \u00eatre export\u00e9es pour le service technique.  <\/p>\n<h2>Int\u00e9gration flexible dans votre ligne de production<\/h2>\n<p>La Novexx XPA 93x est consid\u00e9r\u00e9e comme l&#8217;un des syst\u00e8mes d&#8217;impression-application les plus compacts du march\u00e9. Gr\u00e2ce \u00e0 sa compacit\u00e9, l&#8217;appareil n\u00e9cessite tr\u00e8s peu d&#8217;espace au sol, est relativement l\u00e9ger (moins de 30 kg) et peut \u00eatre mont\u00e9 dans pratiquement toutes les positions &#8211; par le haut, le c\u00f4t\u00e9 ou le bas. Le rouleau d&#8217;\u00e9tiquettes et les accessoires tels que le d\u00e9rouleur peuvent \u00eatre positionn\u00e9s de mani\u00e8re flexible.  <\/p>\n<p>Le syst\u00e8me peut ainsi \u00eatre int\u00e9gr\u00e9 de mani\u00e8re flexible dans n&#8217;importe quelle ligne de production, sans n\u00e9cessiter de modifications importantes. Selon l&#8217;application, diff\u00e9rents applicateurs (par exemple, applicateur lin\u00e9aire, blow-on, corner edge, swing ou palette) sont disponibles pour appliquer des \u00e9tiquettes sur des surfaces lisses, rugueuses ou fragiles, \u00e0 des hauteurs variables et \u00e9galement sans contact. <\/p>\n<p>Le Novexx XPA 93x est disponible en version gauche et droite. Ainsi, le syst\u00e8me peut \u00eatre orient\u00e9 de mani\u00e8re optimale par rapport au sens de convoyage et \u00e0 la situation de montage &#8211; un avantage d\u00e9cisif dans les espaces restreints ou les implantations complexes d&#8217;installations. <\/p>\n<h2>Haute disponibilit\u00e9 et maintenance \u00e0 100 % sans outils<\/h2>\n<p>Les temps d&#8217;arr\u00eat co\u00fbtent cher en production. C&#8217;est pourquoi le XPA 93x a \u00e9t\u00e9 syst\u00e9matiquement con\u00e7u pour une dur\u00e9e de fonctionnement maximale. Un bo\u00eetier robuste avec un cadre m\u00e9tallique solide, des composants de haute qualit\u00e9 et une construction sans ventilateur garantissent une longue dur\u00e9e de vie et r\u00e9duisent l&#8217;accumulation de poussi\u00e8re dans l&#8217;appareil.  <\/p>\n<p>Pour un aper\u00e7u complet de toutes les solutions d&#8217;application et d&#8217;\u00e9tiquetage, consultez la cat\u00e9gorie <a href=\"https:\/\/labeltech.ch\/fr\/produits\/applicateurs\/\" title=\"Applicateurs - Tous les syst\u00e8mes d'\u00e9tiquetage de Labeltech\">Aper\u00e7u des applicateurs<\/a>.<\/p>\n<p>Le remplacement des pi\u00e8ces d&#8217;usure, telles que la t\u00eate d&#8217;impression ou les rouleaux en silicone, ne n\u00e9cessite aucun outil. Le module d&#8217;impression ouvert facilite \u00e9galement le nettoyage et l&#8217;inspection. Associ\u00e9 au changement rapide de support, cela r\u00e9duit consid\u00e9rablement les temps d&#8217;arr\u00eat et augmente la productivit\u00e9 de votre ligne.  <\/p>\n<h2>Une technologie d&#8217;\u00e9tiquetage intelligente. Impression et \u00e9tiquetage enti\u00e8rement automatis\u00e9s &#8211; pr\u00eats pour l&#8217;industrie 4.0 <\/h2>\n<p>Le Novexx XPA 93x r\u00e9pond aux exigences num\u00e9riques modernes : un grand nombre d&#8217;interfaces (entre autres Ethernet, USB, interface s\u00e9rielle et M12 I\/O pour les capteurs et les signaux d&#8217;\u00e9tat) permet l&#8217;int\u00e9gration dans des syst\u00e8mes sup\u00e9rieurs et des environnements d&#8217;automatisation. Les donn\u00e9es en temps r\u00e9el sur l&#8217;\u00e9tat et les erreurs sont disponibles \u00e0 tout moment gr\u00e2ce \u00e0 une solution logicielle intelligente accessible \u00e0 distance via n&#8217;importe quel PC ou appareil mobile. <\/p>\n<p>La fonction d&#8217;\u00e9conomie de ruban est un point fort particulier. Elle permet d&#8217;arr\u00eater l&#8217;avance du ruban \u00e0 chaque fois qu&#8217;il n&#8217;est pas n\u00e9cessaire d&#8217;imprimer des donn\u00e9es sur l&#8217;\u00e9tiquette. Cela permet de r\u00e9duire la consommation de film \u00e0 transfert thermique, de prolonger la dur\u00e9e de vie de la t\u00eate d&#8217;impression et de r\u00e9duire vos frais courants &#8211; tout en produisant moins de d\u00e9chets, ce qui est bon pour l&#8217;environnement.  <\/p>\n<p>Les ajustements automatiques de la tension du support et du film, ainsi que la prise en compte automatique des param\u00e8tres de la t\u00eate d&#8217;impression (par exemple, pression de contact, contraste) apr\u00e8s un changement de support ou de t\u00eate d&#8217;impression, minimisent les interventions manuelles et donc le risque d&#8217;erreur.<\/p>\n<h2>Applications typiques de la XPA 93x<\/h2>\n<p>La Novexx XPA 93x a \u00e9t\u00e9 con\u00e7ue pour une large gamme de t\u00e2ches de marquage et convient entre autres pour :<\/p>\n<ul>\n<li>\u00c9tiquetage de produits dans l&#8217;industrie alimentaire et des boissons<\/li>\n<li>Marquage de bo\u00eetes pliantes, de cartons d&#8217;exp\u00e9dition et de plateaux<\/li>\n<li>\u00c9tiquetage dans le secteur pharmaceutique et m\u00e9dical<\/li>\n<li>Produits chimiques, cosm\u00e9tiques et m\u00e9nagers<\/li>\n<li>\u00c9tiquettes logistiques, de stockage et d&#8217;exp\u00e9dition \u00e0 donn\u00e9es variables<\/li>\n<li>Marquage de palettes en combinaison avec des applicateurs appropri\u00e9s<\/li>\n<\/ul>\n<p>La s\u00e9rie offre des largeurs d&#8217;impression jusqu&#8217;\u00e0 160 mm et la possibilit\u00e9 d&#8217;une largeur maximale de support d&#8217;environ 185 mm, ce qui permet de traiter des formats d&#8217;\u00e9tiquettes plus larges avec des surfaces partiellement imprim\u00e9es. La solution d&#8217;\u00e9tiquetage couvre donc aussi bien les petites \u00e9tiquettes de produits que les grandes \u00e9tiquettes d&#8217;exp\u00e9dition et de logistique. <\/p>\n<h2>Le fabricant de solutions de marquage et d&#8217;\u00e9tiquetage industriel : Novexx Solutions<\/h2>\n<p>La s\u00e9rie XPA 93x provient de <a title=\"Voir le site de Novexx\" href=\"https:\/\/www.novexx.de\/\" target=\"_blank\" rel=\"noopener noreferrer nofollow\">Novexx Solutions<\/a>, un sp\u00e9cialiste de l&#8217;\u00e9tiquetage industriel bas\u00e9 en Allemagne et fort de plus de 55 ans d&#8217;exp\u00e9rience. L&#8217;entreprise d\u00e9veloppe et produit ses syst\u00e8mes d&#8217;impression et d&#8217;\u00e9tiquetage \u00e0 Eching, pr\u00e8s de Munich, et propose une gamme compl\u00e8te de mat\u00e9riel, de logiciels de gestion de donn\u00e9es (par exemple TRACE-it \/ PID 3SIXTY), de mat\u00e9riaux d&#8217;\u00e9tiquetage et de films \u00e0 transfert thermique. Novexx Solutions est pr\u00e9sent dans le monde entier avec ses propres sites et un large r\u00e9seau de partenaires et se concentre sur des solutions d&#8217;\u00e9tiquetage fiables et adapt\u00e9es \u00e0 l&#8217;industrie pour les produits, les cartons et les palettes.  <\/p>\n<h2>Labeltech AG : votre partenaire pour le marquage industriel et les solutions d&#8217;\u00e9tiquetage<\/h2>\n<p>Chez nous, Labeltech SA, vous ne recevez pas les syst\u00e8mes Novexx XPA 93x comme du simple mat\u00e9riel, mais comme partie d&#8217;une solution globale bien pens\u00e9e. Nous vous assistons depuis l&#8217;analyse de votre t\u00e2che de marquage jusqu&#8217;\u00e0 l&#8217;int\u00e9gration dans votre ligne de production, en passant par le choix de la variante XPA appropri\u00e9e (934, 935 ou 936) et de l&#8217;applicateur ad\u00e9quat &#8211; formation et service continu compris. <\/p>\n<p>En tant que sp\u00e9cialiste des solutions d&#8217;impression et d&#8217;\u00e9tiquetage individuelles, nous connaissons les exigences des secteurs les plus divers &#8211; de l&#8217;alimentaire et du pharmaceutique \u00e0 la logistique, au m\u00e9tal, \u00e0 l&#8217;\u00e9lectronique et \u00e0 l&#8217;automobile, en passant par la chimie et la construction. Outre les syst\u00e8mes de Novexx, nous vous fournissons \u00e9galement les \u00e9tiquettes et les films \u00e0 transfert thermique appropri\u00e9s, afin que l&#8217;image imprim\u00e9e, l&#8217;adh\u00e9rence et le mat\u00e9riau soient parfaitement adapt\u00e9s. <\/p>\n<p>Si vous souhaitez v\u00e9rifier quel mod\u00e8le XPA 93x convient le mieux \u00e0 votre application ou si vous cherchez une solution d&#8217;impression-application sur mesure pour votre ligne :<br \/><a title=\"Vers notre page de contact\" href=\"https:\/\/labeltech.ch\/fr\/contact\/\">Cliquez ici<\/a> pour acc\u00e9der \u00e0 notre page de contact &#8211; nous serons heureux de vous conseiller personnellement et de trouver avec vous la solution optimale pour votre t\u00e2che de marquage.<\/p>\n","protected":false},"excerpt":{"rendered":"<p>Novexx XPA 93x &#8211; Syst\u00e8me d&#8217;impression et d&#8217;\u00e9tiquetage intelligent, automatique  [&#8230;]<\/p>\n","protected":false},"featured_media":3061,"comment_status":"closed","ping_status":"closed","template":"","meta":[],"product_brand":[],"product_cat":[71,134],"product_tag":[],"class_list":{"0":"post-3060","1":"product","2":"type-product","3":"status-publish","4":"has-post-thumbnail","6":"product_cat-impression-pose","7":"product_cat-novexx-fr","9":"first","10":"instock","11":"shipping-taxable","12":"product-type-external"},"_links":{"self":[{"href":"https:\/\/labeltech.ch\/fr\/wp-json\/wp\/v2\/product\/3060","targetHints":{"allow":["GET"]}}],"collection":[{"href":"https:\/\/labeltech.ch\/fr\/wp-json\/wp\/v2\/product"}],"about":[{"href":"https:\/\/labeltech.ch\/fr\/wp-json\/wp\/v2\/types\/product"}],"replies":[{"embeddable":true,"href":"https:\/\/labeltech.ch\/fr\/wp-json\/wp\/v2\/comments?post=3060"}],"wp:featuredmedia":[{"embeddable":true,"href":"https:\/\/labeltech.ch\/fr\/wp-json\/wp\/v2\/media\/3061"}],"wp:attachment":[{"href":"https:\/\/labeltech.ch\/fr\/wp-json\/wp\/v2\/media?parent=3060"}],"wp:term":[{"taxonomy":"product_brand","embeddable":true,"href":"https:\/\/labeltech.ch\/fr\/wp-json\/wp\/v2\/product_brand?post=3060"},{"taxonomy":"product_cat","embeddable":true,"href":"https:\/\/labeltech.ch\/fr\/wp-json\/wp\/v2\/product_cat?post=3060"},{"taxonomy":"product_tag","embeddable":true,"href":"https:\/\/labeltech.ch\/fr\/wp-json\/wp\/v2\/product_tag?post=3060"}],"curies":[{"name":"wp","href":"https:\/\/api.w.org\/{rel}","templated":true}]}}